{"id":472,"date":"2023-08-25T14:08:45","date_gmt":"2023-08-25T17:08:45","guid":{"rendered":"https:\/\/cajamar.sp.gov.br\/carta-de-servicos\/?page_id=472"},"modified":"2023-08-25T14:26:54","modified_gmt":"2023-08-25T17:26:54","slug":"educacao","status":"publish","type":"page","link":"https:\/\/cajamar.sp.gov.br\/carta-de-servicos\/educacao\/","title":{"rendered":"Educa\u00e7\u00e3o"},"content":{"rendered":"<ul class=\"wp-block-page-list\"><li class=\"wp-block-pages-list__item\"><a class=\"wp-block-pages-list__item__link\" href=\"https:\/\/cajamar.sp.gov.br\/carta-de-servicos\/educacao\/alimentacao-escolar\/\">Alimenta\u00e7\u00e3o Escolar<\/a><\/li><li class=\"wp-block-pages-list__item\"><a class=\"wp-block-pages-list__item__link\" href=\"https:\/\/cajamar.sp.gov.br\/carta-de-servicos\/educacao\/alimentacao-escolar-diferenciada\/\">Alimenta\u00e7\u00e3o Escolar Diferenciada<\/a><\/li><li class=\"wp-block-pages-list__item\"><a class=\"wp-block-pages-list__item__link\" href=\"https:\/\/cajamar.sp.gov.br\/carta-de-servicos\/educacao\/cadastro-em-vagas-para-creche\/\">Cadastro em Vagas para Creche<\/a><\/li><li class=\"wp-block-pages-list__item\"><a class=\"wp-block-pages-list__item__link\" href=\"https:\/\/cajamar.sp.gov.br\/carta-de-servicos\/educacao\/historico-escolar\/\">Hist\u00f3rico Escolar<\/a><\/li><li class=\"wp-block-pages-list__item\"><a class=\"wp-block-pages-list__item__link\" href=\"https:\/\/cajamar.sp.gov.br\/carta-de-servicos\/educacao\/matriculas-em-vagas-de-educacao-infantil-pre-escola\/\">Matr\u00edculas em Vagas de Educa\u00e7\u00e3o Infantil (Pr\u00e9-Escola)<\/a><\/li><li class=\"wp-block-pages-list__item\"><a class=\"wp-block-pages-list__item__link\" href=\"https:\/\/cajamar.sp.gov.br\/carta-de-servicos\/educacao\/matriculas-em-vagas-na-eja\/\">Matr\u00edculas em Vagas na EJA<\/a><\/li><li class=\"wp-block-pages-list__item\"><a class=\"wp-block-pages-list__item__link\" href=\"https:\/\/cajamar.sp.gov.br\/carta-de-servicos\/educacao\/matriculas-em-vagas-no-ensino-fundamental\/\">Matr\u00edculas em Vagas no Ensino Fundamental<\/a><\/li><li class=\"wp-block-pages-list__item\"><a class=\"wp-block-pages-list__item__link\" href=\"https:\/\/cajamar.sp.gov.br\/carta-de-servicos\/educacao\/reclassificacao-por-distorcao-ano-serie\/\">Reclassifica\u00e7\u00e3o por Distor\u00e7\u00e3o Ano\/S\u00e9rie<\/a><\/li><li class=\"wp-block-pages-list__item\"><a class=\"wp-block-pages-list__item__link\" href=\"https:\/\/cajamar.sp.gov.br\/carta-de-servicos\/educacao\/transferencia-de-escola\/\">Transfer\u00eancia de Escola<\/a><\/li><li class=\"wp-block-pages-list__item\"><a class=\"wp-block-pages-list__item__link\" href=\"https:\/\/cajamar.sp.gov.br\/carta-de-servicos\/educacao\/transporte-escolar\/\">Transporte Escolar<\/a><\/li><li class=\"wp-block-pages-list__item\"><a class=\"wp-block-pages-list__item__link\" href=\"https:\/\/cajamar.sp.gov.br\/carta-de-servicos\/educacao\/transporte-estadual\/\">Transporte Estadual<\/a><\/li><\/ul>","protected":false},"excerpt":{"rendered":"","protected":false},"author":40,"featured_media":0,"parent":0,"menu_order":0,"comment_status":"closed","ping_status":"closed","template":"","meta":{"footnotes":""},"class_list":["post-472","page","type-page","status-publish","hentry"],"_links":{"self":[{"href":"https:\/\/cajamar.sp.gov.br\/carta-de-servicos\/wp-json\/wp\/v2\/pages\/472","targetHints":{"allow":["GET"]}}],"collection":[{"href":"https:\/\/cajamar.sp.gov.br\/carta-de-servicos\/wp-json\/wp\/v2\/pages"}],"about":[{"href":"https:\/\/cajamar.sp.gov.br\/carta-de-servicos\/wp-json\/wp\/v2\/types\/page"}],"author":[{"embeddable":true,"href":"https:\/\/cajamar.sp.gov.br\/carta-de-servicos\/wp-json\/wp\/v2\/users\/40"}],"replies":[{"embeddable":true,"href":"https:\/\/cajamar.sp.gov.br\/carta-de-servicos\/wp-json\/wp\/v2\/comments?post=472"}],"version-history":[{"count":2,"href":"https:\/\/cajamar.sp.gov.br\/carta-de-servicos\/wp-json\/wp\/v2\/pages\/472\/revisions"}],"predecessor-version":[{"id":546,"href":"https:\/\/cajamar.sp.gov.br\/carta-de-servicos\/wp-json\/wp\/v2\/pages\/472\/revisions\/546"}],"wp:attachment":[{"href":"https:\/\/cajamar.sp.gov.br\/carta-de-servicos\/wp-json\/wp\/v2\/media?parent=472"}],"curies":[{"name":"wp","href":"https:\/\/api.w.org\/{rel}","templated":true}]}}