{"id":584,"date":"2023-08-25T15:51:45","date_gmt":"2023-08-25T18:51:45","guid":{"rendered":"https:\/\/cajamar.sp.gov.br\/carta-de-servicos\/?page_id=584"},"modified":"2024-06-20T10:23:36","modified_gmt":"2024-06-20T13:23:36","slug":"alimentacao-escolar-diferenciada","status":"publish","type":"page","link":"https:\/\/cajamar.sp.gov.br\/carta-de-servicos\/educacao\/alimentacao-escolar-diferenciada\/","title":{"rendered":"Alimenta\u00e7\u00e3o Escolar Diferenciada"},"content":{"rendered":"\n<p><strong>Servi\u00e7o oferecido<\/strong><\/p>\n\n\n\n<p>Alimenta\u00e7\u00e3o diferenciada para alunos em estado ou condi\u00e7\u00e3o de sa\u00fade espec\u00edfica, conforme a Lei n\u00ba 12.982 de 24 de maio de 2014.<\/p>\n\n\n\n<p><strong>Requisitos, documentos, informa\u00e7\u00f5es e formas de acessar o servi\u00e7o<\/strong><\/p>\n\n\n\n<p>Para ter direito ao atendimento de alimenta\u00e7\u00e3o escolar diferenciada garantido, qualquer aluno da rede de ensino municipal poder\u00e1 apresentar \u00e0 sua respectiva Unidade Escolar o laudo m\u00e9dico com o diagn\u00f3stico da condi\u00e7\u00e3o de sa\u00fade e a descri\u00e7\u00e3o da restri\u00e7\u00e3o alimentar da crian\u00e7a. Al\u00e9m disso, \u00e9 importante que o laudo seja produzido em receitu\u00e1rio pr\u00f3prio com o nome completo do aluno, data de nascimento, data do atendimento, carimbo e assinatura do profissional m\u00e9dico.<\/p>\n\n\n\n<p><strong>Etapas do servi\u00e7o<\/strong><\/p>\n\n\n\n<ul class=\"wp-block-list\">\n<li>Consulta m\u00e9dica e emiss\u00e3o de laudo.<\/li>\n<\/ul>\n\n\n\n<ul class=\"wp-block-list\">\n<li>Encaminhamento do laudo \u00e0 dire\u00e7\u00e3o da Unidade Escolar.<\/li>\n<\/ul>\n\n\n\n<ul class=\"wp-block-list\">\n<li>Dire\u00e7\u00e3o da Unidade Escolar encaminha o laudo \u00e0 Divis\u00e3o de Nutri\u00e7\u00e3o Escolar.<\/li>\n<\/ul>\n\n\n\n<ul class=\"wp-block-list\">\n<li>A Divis\u00e3o de Nutri\u00e7\u00e3o Escolar avalia o laudo e produz orienta\u00e7\u00e3o espec\u00edfica para a alimenta\u00e7\u00e3o diferenciada do referido aluno.<\/li>\n<\/ul>\n\n\n\n<ul class=\"wp-block-list\">\n<li>A Divis\u00e3o de Nutri\u00e7\u00e3o Escolar envia a orienta\u00e7\u00e3o da alimenta\u00e7\u00e3o diferenciada para a dire\u00e7\u00e3o da Unidade Escolar.<\/li>\n<\/ul>\n\n\n\n<ul class=\"wp-block-list\">\n<li>Aquisi\u00e7\u00e3o de produtos alimentares espec\u00edficos para a condi\u00e7\u00e3o de sa\u00fade do aluno.<\/li>\n<\/ul>\n\n\n\n<ul class=\"wp-block-list\">\n<li>Merendeiras recebem e executam a orienta\u00e7\u00e3o da alimenta\u00e7\u00e3o diferenciada do respectivo aluno.<\/li>\n<\/ul>\n\n\n\n<ul class=\"wp-block-list\">\n<li>Renova\u00e7\u00e3o anual dos laudos m\u00e9dicos.<\/li>\n<\/ul>\n\n\n\n<p><strong>Prazo para realiza\u00e7\u00e3o<\/strong><\/p>\n\n\n\n<p>05 dias \u00fateis.<\/p>\n\n\n\n<p><strong>Forma e locais de presta\u00e7\u00e3o<\/strong><\/p>\n\n\n\n<p>Apresenta\u00e7\u00e3o do laudo m\u00e9dico \u00e0 respectiva Unidade Escolar do aluno em dias \u00fateis durante o hor\u00e1rio de funcionamento da escola.<\/p>\n\n\n\n<p><strong>Prioridades de atendimento<\/strong><\/p>\n\n\n\n<p>Os laudos m\u00e9dicos ser\u00e3o avaliados por ordem de envio \u00e0 Divis\u00e3o de Nutri\u00e7\u00e3o Escolar, sendo respeitadas as legisla\u00e7\u00f5es vigentes sobre prioridades no atendimento.<\/p>\n\n\n\n<p><strong>Previs\u00e3o de espera para o atendimento<\/strong><\/p>\n\n\n\n<p>At\u00e9 05 dias.<\/p>\n\n\n\n<p><strong>Meios de contato<\/strong><\/p>\n\n\n\n<p>Presencial, ou por telefone, na Unidade Escolar.<\/p>\n\n\n\n<p>Por telefone &#8211; Secretaria Municipal de Educa\u00e7\u00e3o: (11) 4446-0040.<\/p>\n\n\n\n<p>E-mail: <a href=\"mailto:joao.andrade@cajamar.sp.gov.br\">joao.andrade@cajamar.sp.gov.br<\/a> ou <a href=\"mailto:carolina.fonseca@cajamar.sp.gov.br\">carolina.fonseca@cajamar.sp.gov.br<\/a><\/p>\n\n\n\n<p><strong>Manifesta\u00e7\u00e3o sobre o servi\u00e7o<\/strong><\/p>\n\n\n\n<p>Ouvidoria Geral da Prefeitura: para registrar elogios, sugest\u00f5es, den\u00fancias ou reclama\u00e7\u00f5es sobre a presta\u00e7\u00e3o deste servi\u00e7o, entre em contato atrav\u00e9s dos nossos canais de atendimento:<\/p>\n\n\n\n<ul class=\"wp-block-list\">\n<li>Sistema de Ouvidoria: https:\/\/e-ouvidoria.cajamar.sp.gov.br\/.<\/li>\n<\/ul>\n\n\n\n<ul class=\"wp-block-list\">\n<li>APP Cajamar: Dispon\u00edvel para Apple Store e Google Play &#8211; Direcionamento para o Sistema de ouvidoria.<\/li>\n<\/ul>\n\n\n\n<ul class=\"wp-block-list\">\n<li>E-mail: ouvidoria@cajamar.sp.gov.br.<\/li>\n<\/ul>\n\n\n\n<ul class=\"wp-block-list\">\n<li>Telefone: 0800 771 1223, op\u00e7\u00e3o 1 (expediente: das 8 \u00e0s 17h de Segunda \u00e0 Sexta-feira &#8211; exceto feriados).<\/li>\n<\/ul>\n\n\n\n<ul class=\"wp-block-list\">\n<li>Presencial e Carta: Pa\u00e7o Municipal &#8211; End.: Pra\u00e7a Jos\u00e9 Rodrigues do Nascimento, 30 &#8211; Bairro \u00c1gua Fria &#8211; Distrito Sede &#8211; Cajamar\/SP &#8211; CEP 07752-060 (expediente: das 8 \u00e0s 17h de Segunda \u00e0 Sexta-feira &#8211; exceto feriados).<\/li>\n<\/ul>\n\n\n\n<p><strong>Secretaria Municipal \/ Departamento<\/strong><\/p>\n\n\n\n<p>Secretaria Municipal de Educa\u00e7\u00e3o \/ Departamento de Apoio Educacional.<\/p>\n\n\n\n<p><\/p>\n","protected":false},"excerpt":{"rendered":"<p>Servi\u00e7o oferecido Alimenta\u00e7\u00e3o diferenciada para alunos em estado ou condi\u00e7\u00e3o de sa\u00fade espec\u00edfica, conforme a Lei n\u00ba 12.982 de 24 de maio de 2014. Requisitos, documentos, informa\u00e7\u00f5es e formas de acessar o servi\u00e7o Para ter direito ao atendimento de alimenta\u00e7\u00e3o escolar diferenciada garantido, qualquer aluno da rede de ensino municipal poder\u00e1 apresentar \u00e0 sua respectiva [&hellip;]<\/p>\n","protected":false},"author":40,"featured_media":0,"parent":472,"menu_order":0,"comment_status":"closed","ping_status":"closed","template":"","meta":{"footnotes":""},"class_list":["post-584","page","type-page","status-publish","hentry"],"_links":{"self":[{"href":"https:\/\/cajamar.sp.gov.br\/carta-de-servicos\/wp-json\/wp\/v2\/pages\/584","targetHints":{"allow":["GET"]}}],"collection":[{"href":"https:\/\/cajamar.sp.gov.br\/carta-de-servicos\/wp-json\/wp\/v2\/pages"}],"about":[{"href":"https:\/\/cajamar.sp.gov.br\/carta-de-servicos\/wp-json\/wp\/v2\/types\/page"}],"author":[{"embeddable":true,"href":"https:\/\/cajamar.sp.gov.br\/carta-de-servicos\/wp-json\/wp\/v2\/users\/40"}],"replies":[{"embeddable":true,"href":"https:\/\/cajamar.sp.gov.br\/carta-de-servicos\/wp-json\/wp\/v2\/comments?post=584"}],"version-history":[{"count":11,"href":"https:\/\/cajamar.sp.gov.br\/carta-de-servicos\/wp-json\/wp\/v2\/pages\/584\/revisions"}],"predecessor-version":[{"id":915,"href":"https:\/\/cajamar.sp.gov.br\/carta-de-servicos\/wp-json\/wp\/v2\/pages\/584\/revisions\/915"}],"up":[{"embeddable":true,"href":"https:\/\/cajamar.sp.gov.br\/carta-de-servicos\/wp-json\/wp\/v2\/pages\/472"}],"wp:attachment":[{"href":"https:\/\/cajamar.sp.gov.br\/carta-de-servicos\/wp-json\/wp\/v2\/media?parent=584"}],"curies":[{"name":"wp","href":"https:\/\/api.w.org\/{rel}","templated":true}]}}