{"id":864,"date":"2024-06-20T09:36:13","date_gmt":"2024-06-20T12:36:13","guid":{"rendered":"https:\/\/cajamar.sp.gov.br\/carta-de-servicos\/?page_id=864"},"modified":"2024-06-20T09:36:44","modified_gmt":"2024-06-20T12:36:44","slug":"cadastro-em-vagas-para-creche","status":"publish","type":"page","link":"https:\/\/cajamar.sp.gov.br\/carta-de-servicos\/educacao\/cadastro-em-vagas-para-creche\/","title":{"rendered":"Cadastro em Vagas para Creche"},"content":{"rendered":"\n<p><strong>Servi\u00e7o oferecido<\/strong><\/p>\n\n\n\n<p>Cadastro a interessados em vagas de Educa\u00e7\u00e3o Infantil &#8211; modalidade Creche.<\/p>\n\n\n\n<p><strong>Requisitos, documentos, informa\u00e7\u00f5es e formas de acessar o servi\u00e7o<\/strong><\/p>\n\n\n\n<p>Crian\u00e7as de 06 meses at\u00e9 03 anos e 11 meses, moradoras de Cajamar.<\/p>\n\n\n\n<p><strong>Etapas do servi\u00e7o<\/strong><\/p>\n\n\n\n<ul class=\"wp-block-list\">\n<li>Baixar o APP Cajamar, ou acessar o sistema pelo site.<\/li>\n<\/ul>\n\n\n\n<ul class=\"wp-block-list\">\n<li>Preencher o formul\u00e1rio.<\/li>\n<\/ul>\n\n\n\n<ul class=\"wp-block-list\">\n<li>Gerar e salvar o protocolo.<\/li>\n<\/ul>\n\n\n\n<p><strong>Prazo para realiza\u00e7\u00e3o<\/strong><\/p>\n\n\n\n<p>De acordo com disponibilidade de vagas na Unidade Escolar.<\/p>\n\n\n\n<p><strong>Forma e locais de presta\u00e7\u00e3o<\/strong><\/p>\n\n\n\n<p>Atendimento via Plataforma Col\u00e9gio do Futuro ou pelo Site.<\/p>\n\n\n\n<p><strong>Prioridades de atendimento<\/strong><\/p>\n\n\n\n<p>O atendimento \u00e9 realizado de acordo com a ordem de classifica\u00e7\u00e3o no ato da inscri\u00e7\u00e3o, sendo respeitadas as legisla\u00e7\u00f5es vigentes sobre prioridades no atendimento<\/p>\n\n\n\n<p><strong>Previs\u00e3o de espera para o atendimento<\/strong><\/p>\n\n\n\n<p>Indeterminado.<\/p>\n\n\n\n<p><strong>Meios de contato<\/strong><\/p>\n\n\n\n<p>Presencial: Secretaria Municipal de Educa\u00e7\u00e3o &#8211; Pa\u00e7o Municipal &#8211; Pra\u00e7a Jos\u00e9 Rodrigues do Nascimento, n.\u00ba 30 \u2013 Centro, de segunda \u00e0 sexta-feira, das 8:00 \u00e0s 17:00 horas.<\/p>\n\n\n\n<p>Por telefone: (11) 4446-0040.<\/p>\n\n\n\n<p>E-mail: <a href=\"mailto:vidaescolar@cajamar.sp.gov.br\">vidaescolar@cajamar.sp.gov.br<\/a><\/p>\n\n\n\n<p>Site: https:\/\/www.colegiodofuturo.com\/cajamar\/#\/inscricao<\/p>\n\n\n\n<p><strong>Manifesta\u00e7\u00e3o sobre o servi\u00e7o<\/strong><\/p>\n\n\n\n<p>Ouvidoria Geral da Prefeitura: para registrar elogios, sugest\u00f5es, den\u00fancias ou reclama\u00e7\u00f5es sobre a presta\u00e7\u00e3o deste servi\u00e7o, entre em contato atrav\u00e9s dos nossos canais de atendimento:<\/p>\n\n\n\n<ul class=\"wp-block-list\">\n<li>Sistema de Ouvidoria: https:\/\/e-ouvidoria.cajamar.sp.gov.br\/.<\/li>\n<\/ul>\n\n\n\n<ul class=\"wp-block-list\">\n<li>APP Cajamar: Dispon\u00edvel para Apple Store e Google Play &#8211; Direcionamento para o Sistema de ouvidoria.<\/li>\n<\/ul>\n\n\n\n<ul class=\"wp-block-list\">\n<li>E-mail: ouvidoria@cajamar.sp.gov.br.<\/li>\n<\/ul>\n\n\n\n<ul class=\"wp-block-list\">\n<li>Telefone: 0800 771 1223, op\u00e7\u00e3o 1 (expediente: das 8 \u00e0s 17h de Segunda \u00e0 Sexta-feira &#8211; exceto feriados).<\/li>\n<\/ul>\n\n\n\n<ul class=\"wp-block-list\">\n<li>Presencial e Carta: Pa\u00e7o Municipal &#8211; End.: Pra\u00e7a Jos\u00e9 Rodrigues do Nascimento, 30 &#8211; Bairro \u00c1gua Fria &#8211; Distrito Sede &#8211; Cajamar\/SP &#8211; CEP 07752-060 (expediente: das 8 \u00e0s 17h de Segunda \u00e0 Sexta-feira &#8211; exceto feriados).<\/li>\n<\/ul>\n\n\n\n<p><strong>Secretaria Municipal \/ Departamento<\/strong><\/p>\n\n\n\n<p>Secretaria Municipal de Educa\u00e7\u00e3o \/ Departamento de Planejamento Educacional e Forma\u00e7\u00e3o Profissional.<\/p>\n","protected":false},"excerpt":{"rendered":"<p>Servi\u00e7o oferecido Cadastro a interessados em vagas de Educa\u00e7\u00e3o Infantil &#8211; modalidade Creche. Requisitos, documentos, informa\u00e7\u00f5es e formas de acessar o servi\u00e7o Crian\u00e7as de 06 meses at\u00e9 03 anos e 11 meses, moradoras de Cajamar. Etapas do servi\u00e7o Prazo para realiza\u00e7\u00e3o De acordo com disponibilidade de vagas na Unidade Escolar. Forma e locais de presta\u00e7\u00e3o [&hellip;]<\/p>\n","protected":false},"author":40,"featured_media":0,"parent":472,"menu_order":0,"comment_status":"closed","ping_status":"closed","template":"","meta":{"footnotes":""},"class_list":["post-864","page","type-page","status-publish","hentry"],"_links":{"self":[{"href":"https:\/\/cajamar.sp.gov.br\/carta-de-servicos\/wp-json\/wp\/v2\/pages\/864","targetHints":{"allow":["GET"]}}],"collection":[{"href":"https:\/\/cajamar.sp.gov.br\/carta-de-servicos\/wp-json\/wp\/v2\/pages"}],"about":[{"href":"https:\/\/cajamar.sp.gov.br\/carta-de-servicos\/wp-json\/wp\/v2\/types\/page"}],"author":[{"embeddable":true,"href":"https:\/\/cajamar.sp.gov.br\/carta-de-servicos\/wp-json\/wp\/v2\/users\/40"}],"replies":[{"embeddable":true,"href":"https:\/\/cajamar.sp.gov.br\/carta-de-servicos\/wp-json\/wp\/v2\/comments?post=864"}],"version-history":[{"count":1,"href":"https:\/\/cajamar.sp.gov.br\/carta-de-servicos\/wp-json\/wp\/v2\/pages\/864\/revisions"}],"predecessor-version":[{"id":865,"href":"https:\/\/cajamar.sp.gov.br\/carta-de-servicos\/wp-json\/wp\/v2\/pages\/864\/revisions\/865"}],"up":[{"embeddable":true,"href":"https:\/\/cajamar.sp.gov.br\/carta-de-servicos\/wp-json\/wp\/v2\/pages\/472"}],"wp:attachment":[{"href":"https:\/\/cajamar.sp.gov.br\/carta-de-servicos\/wp-json\/wp\/v2\/media?parent=864"}],"curies":[{"name":"wp","href":"https:\/\/api.w.org\/{rel}","templated":true}]}}