{"id":866,"date":"2024-06-20T09:37:46","date_gmt":"2024-06-20T12:37:46","guid":{"rendered":"https:\/\/cajamar.sp.gov.br\/carta-de-servicos\/?page_id=866"},"modified":"2024-06-20T09:37:46","modified_gmt":"2024-06-20T12:37:46","slug":"historico-escolar","status":"publish","type":"page","link":"https:\/\/cajamar.sp.gov.br\/carta-de-servicos\/educacao\/historico-escolar\/","title":{"rendered":"Hist\u00f3rico Escolar"},"content":{"rendered":"\n<p><strong>Servi\u00e7o oferecido<\/strong><\/p>\n\n\n\n<p>Documenta\u00e7\u00e3o atualizada na Unidade Escolar.<\/p>\n\n\n\n<p><strong>Requisitos, documentos, informa\u00e7\u00f5es e formas de acessar o servi\u00e7o<\/strong><\/p>\n\n\n\n<p>Crian\u00e7as de 06 meses at\u00e9 03 anos e 11 meses, moradoras de Cajamar.<\/p>\n\n\n\n<p><strong>Etapas do servi\u00e7o<\/strong><\/p>\n\n\n\n<ul class=\"wp-block-list\">\n<li>Solicita\u00e7\u00e3o presencial do Hist\u00f3rico Escolar no ato da Transfer\u00eancia na Unidade Escolar.<\/li>\n<\/ul>\n\n\n\n<ul class=\"wp-block-list\">\n<li>Documentos atualizados no prontu\u00e1rio escolar, a saber: Certid\u00e3o de Nascimento, RG, CPF e Hist\u00f3ricos anteriores.<\/li>\n<\/ul>\n\n\n\n<p><strong>Prazo para realiza\u00e7\u00e3o<\/strong><\/p>\n\n\n\n<p>5 dias \u00fateis a partir da solicita\u00e7\u00e3o, desde que os documentos estejam completos e atualizados.<\/p>\n\n\n\n<p><strong>Forma e locais de presta\u00e7\u00e3o<\/strong><\/p>\n\n\n\n<p>Presencialmente \u2013 a solicita\u00e7\u00e3o deve ser feita pelo respons\u00e1vel legal, se menor, ou pelo pr\u00f3prio aluno se maior.<\/p>\n\n\n\n<p><strong>Prioridades de atendimento<\/strong><\/p>\n\n\n\n<p>Por solicita\u00e7\u00e3o, sendo respeitadas as legisla\u00e7\u00f5es vigentes sobre prioridades no atendimento.<\/p>\n\n\n\n<p><strong>Previs\u00e3o de espera para o atendimento<\/strong><\/p>\n\n\n\n<p>5 dias.<\/p>\n\n\n\n<p><strong>Meios de contato<\/strong><\/p>\n\n\n\n<p>Presencial: na pr\u00f3pria Unidade Escolar.<\/p>\n\n\n\n<p>Por telefone: (11) 4446-0040 \u2013 Secretaria Municipal de Educa\u00e7\u00e3o.<\/p>\n\n\n\n<p><strong>Manifesta\u00e7\u00e3o sobre o servi\u00e7o<\/strong><\/p>\n\n\n\n<p>Ouvidoria Geral da Prefeitura: para registrar elogios, sugest\u00f5es, den\u00fancias ou reclama\u00e7\u00f5es sobre a presta\u00e7\u00e3o deste servi\u00e7o, entre em contato atrav\u00e9s dos nossos canais de atendimento:<\/p>\n\n\n\n<ul class=\"wp-block-list\">\n<li>Sistema de Ouvidoria: <a href=\"https:\/\/e-ouvidoria.cajamar.sp.gov.br\/\">https:\/\/e-ouvidoria.cajamar.sp.gov.br\/<\/a>.<\/li>\n<\/ul>\n\n\n\n<ul class=\"wp-block-list\">\n<li>APP Cajamar: Dispon\u00edvel para Apple Store e Google Play &#8211; Direcionamento para o Sistema de ouvidoria.<\/li>\n<\/ul>\n\n\n\n<ul class=\"wp-block-list\">\n<li>E-mail: <a href=\"mailto:ouvidoria@cajamar.sp.gov.br\">ouvidoria@cajamar.sp.gov.br<\/a>.<\/li>\n<\/ul>\n\n\n\n<ul class=\"wp-block-list\">\n<li>Telefone: 0800 771 1223, op\u00e7\u00e3o 1 (expediente: das 8 \u00e0s 17h de Segunda \u00e0 Sexta-feira &#8211; exceto feriados).<\/li>\n<\/ul>\n\n\n\n<ul class=\"wp-block-list\">\n<li>Presencial e Carta: Pa\u00e7o Municipal &#8211; End.: Pra\u00e7a Jos\u00e9 Rodrigues do Nascimento, 30 &#8211; Bairro \u00c1gua Fria &#8211; Distrito Sede &#8211; Cajamar\/SP &#8211; CEP 07752-060 (expediente: das 8 \u00e0s 17h de Segunda \u00e0 Sexta-feira &#8211; exceto feriados).<\/li>\n<\/ul>\n\n\n\n<p><strong>Secretaria Municipal \/ Departamento<\/strong><\/p>\n\n\n\n<p>Secretaria Municipal de Educa\u00e7\u00e3o \/ Departamento de Pedag\u00f3gico.<\/p>\n","protected":false},"excerpt":{"rendered":"<p>Servi\u00e7o oferecido Documenta\u00e7\u00e3o atualizada na Unidade Escolar. Requisitos, documentos, informa\u00e7\u00f5es e formas de acessar o servi\u00e7o Crian\u00e7as de 06 meses at\u00e9 03 anos e 11 meses, moradoras de Cajamar. Etapas do servi\u00e7o Prazo para realiza\u00e7\u00e3o 5 dias \u00fateis a partir da solicita\u00e7\u00e3o, desde que os documentos estejam completos e atualizados. Forma e locais de presta\u00e7\u00e3o [&hellip;]<\/p>\n","protected":false},"author":40,"featured_media":0,"parent":472,"menu_order":0,"comment_status":"closed","ping_status":"closed","template":"","meta":{"footnotes":""},"class_list":["post-866","page","type-page","status-publish","hentry"],"_links":{"self":[{"href":"https:\/\/cajamar.sp.gov.br\/carta-de-servicos\/wp-json\/wp\/v2\/pages\/866","targetHints":{"allow":["GET"]}}],"collection":[{"href":"https:\/\/cajamar.sp.gov.br\/carta-de-servicos\/wp-json\/wp\/v2\/pages"}],"about":[{"href":"https:\/\/cajamar.sp.gov.br\/carta-de-servicos\/wp-json\/wp\/v2\/types\/page"}],"author":[{"embeddable":true,"href":"https:\/\/cajamar.sp.gov.br\/carta-de-servicos\/wp-json\/wp\/v2\/users\/40"}],"replies":[{"embeddable":true,"href":"https:\/\/cajamar.sp.gov.br\/carta-de-servicos\/wp-json\/wp\/v2\/comments?post=866"}],"version-history":[{"count":1,"href":"https:\/\/cajamar.sp.gov.br\/carta-de-servicos\/wp-json\/wp\/v2\/pages\/866\/revisions"}],"predecessor-version":[{"id":867,"href":"https:\/\/cajamar.sp.gov.br\/carta-de-servicos\/wp-json\/wp\/v2\/pages\/866\/revisions\/867"}],"up":[{"embeddable":true,"href":"https:\/\/cajamar.sp.gov.br\/carta-de-servicos\/wp-json\/wp\/v2\/pages\/472"}],"wp:attachment":[{"href":"https:\/\/cajamar.sp.gov.br\/carta-de-servicos\/wp-json\/wp\/v2\/media?parent=866"}],"curies":[{"name":"wp","href":"https:\/\/api.w.org\/{rel}","templated":true}]}}