{"id":876,"date":"2024-06-20T09:44:02","date_gmt":"2024-06-20T12:44:02","guid":{"rendered":"https:\/\/cajamar.sp.gov.br\/carta-de-servicos\/?page_id=876"},"modified":"2024-06-20T09:44:02","modified_gmt":"2024-06-20T12:44:02","slug":"transferencia-de-escola","status":"publish","type":"page","link":"https:\/\/cajamar.sp.gov.br\/carta-de-servicos\/educacao\/transferencia-de-escola\/","title":{"rendered":"Transfer\u00eancia de Escola"},"content":{"rendered":"\n<p><strong>Servi\u00e7o oferecido<\/strong><\/p>\n\n\n\n<p>Transfer\u00eancia entre escolas do Munic\u00edpio de Cajamar.<\/p>\n\n\n\n<p><strong>Requisitos, documentos, informa\u00e7\u00f5es e formas de acessar o servi\u00e7o<\/strong><\/p>\n\n\n\n<p>Documentos necess\u00e1rios: Declara\u00e7\u00e3o de vaga expedida pela Unidade Escolar que ir\u00e1 receber o aluno.<\/p>\n\n\n\n<p><strong>Etapas do servi\u00e7o<\/strong><\/p>\n\n\n\n<ul class=\"wp-block-list\">\n<li>Dirigir-se a Unidade Escolar de prefer\u00eancia e solicitar a vaga.<\/li>\n<\/ul>\n\n\n\n<ul class=\"wp-block-list\">\n<li>Tendo a vaga, a unidade ir\u00e1 expedir documento de garantia de vaga (declara\u00e7\u00e3o).<\/li>\n<\/ul>\n\n\n\n<ul class=\"wp-block-list\">\n<li>Esse documento deve ser apresentado na Unidade Escolar em que o aluno estuda, para receber a transfer\u00eancia.<\/li>\n<\/ul>\n\n\n\n<ul class=\"wp-block-list\">\n<li>A transfer\u00eancia ser\u00e1 expedida caso a documenta\u00e7\u00e3o para o hist\u00f3rico escolar esteja regular e atualizada.<\/li>\n<\/ul>\n\n\n\n<p><strong>Prazo para realiza\u00e7\u00e3o<\/strong><\/p>\n\n\n\n<p>A partir da entrega da documenta\u00e7\u00e3o solicitada.<\/p>\n\n\n\n<p><strong>Forma e locais de presta\u00e7\u00e3o<\/strong><\/p>\n\n\n\n<p>Na Unidade Escolar de segunda a sexta-feira das 08:00 \u00e0s 18h00 horas.<\/p>\n\n\n\n<p><strong>Prioridades de atendimento<\/strong><\/p>\n\n\n\n<p>Conforme chegada, sendo respeitadas as legisla\u00e7\u00f5es vigentes sobre prioridades no atendimento.<\/p>\n\n\n\n<p><strong>Previs\u00e3o de espera para o atendimento<\/strong><\/p>\n\n\n\n<p>Indeterminado.<\/p>\n\n\n\n<p><strong>Meios de contato<\/strong><\/p>\n\n\n\n<p>Presencialmente: na pr\u00f3pria Unidade Escolar.<\/p>\n\n\n\n<p>Por telefone: (11) 4446-0040 &#8211; Secretaria Municipal de Educa\u00e7\u00e3o.<\/p>\n\n\n\n<p><strong>Manifesta\u00e7\u00e3o sobre o servi\u00e7o<\/strong><\/p>\n\n\n\n<p>Ouvidoria Geral da Prefeitura: para registrar elogios, sugest\u00f5es, den\u00fancias ou reclama\u00e7\u00f5es sobre a presta\u00e7\u00e3o deste servi\u00e7o, entre em contato atrav\u00e9s dos nossos canais de atendimento:<\/p>\n\n\n\n<ul class=\"wp-block-list\">\n<li>Sistema de Ouvidoria: <a href=\"https:\/\/e-ouvidoria.cajamar.sp.gov.br\/\">https:\/\/e-ouvidoria.cajamar.sp.gov.br\/<\/a>.<\/li>\n<\/ul>\n\n\n\n<ul class=\"wp-block-list\">\n<li>APP Cajamar: Dispon\u00edvel para Apple Store e Google Play &#8211; Direcionamento para o Sistema de ouvidoria.<\/li>\n<\/ul>\n\n\n\n<ul class=\"wp-block-list\">\n<li>E-mail: <a href=\"mailto:ouvidoria@cajamar.sp.gov.br\">ouvidoria@cajamar.sp.gov.br<\/a>.<\/li>\n<\/ul>\n\n\n\n<ul class=\"wp-block-list\">\n<li>Telefone: 0800 771 1223, op\u00e7\u00e3o 1 (expediente: das 8 \u00e0s 17h de Segunda \u00e0 Sexta-feira &#8211; exceto feriados).<\/li>\n<\/ul>\n\n\n\n<ul class=\"wp-block-list\">\n<li>Presencial e Carta: Pa\u00e7o Municipal &#8211; End.: Pra\u00e7a Jos\u00e9 Rodrigues do Nascimento, 30 &#8211; Bairro \u00c1gua Fria &#8211; Distrito Sede &#8211; Cajamar\/SP &#8211; CEP 07752-060 (expediente: das 8 \u00e0s 17h de Segunda \u00e0 Sexta-feira &#8211; exceto feriados).<\/li>\n<\/ul>\n\n\n\n<p><strong>Secretaria Municipal \/ Departamento<\/strong><\/p>\n\n\n\n<p>Secretaria Municipal de Educa\u00e7\u00e3o \/ Departamento Pedag\u00f3gico.<\/p>\n","protected":false},"excerpt":{"rendered":"<p>Servi\u00e7o oferecido Transfer\u00eancia entre escolas do Munic\u00edpio de Cajamar. Requisitos, documentos, informa\u00e7\u00f5es e formas de acessar o servi\u00e7o Documentos necess\u00e1rios: Declara\u00e7\u00e3o de vaga expedida pela Unidade Escolar que ir\u00e1 receber o aluno. Etapas do servi\u00e7o Prazo para realiza\u00e7\u00e3o A partir da entrega da documenta\u00e7\u00e3o solicitada. Forma e locais de presta\u00e7\u00e3o Na Unidade Escolar de segunda [&hellip;]<\/p>\n","protected":false},"author":40,"featured_media":0,"parent":472,"menu_order":0,"comment_status":"closed","ping_status":"closed","template":"","meta":{"footnotes":""},"class_list":["post-876","page","type-page","status-publish","hentry"],"_links":{"self":[{"href":"https:\/\/cajamar.sp.gov.br\/carta-de-servicos\/wp-json\/wp\/v2\/pages\/876","targetHints":{"allow":["GET"]}}],"collection":[{"href":"https:\/\/cajamar.sp.gov.br\/carta-de-servicos\/wp-json\/wp\/v2\/pages"}],"about":[{"href":"https:\/\/cajamar.sp.gov.br\/carta-de-servicos\/wp-json\/wp\/v2\/types\/page"}],"author":[{"embeddable":true,"href":"https:\/\/cajamar.sp.gov.br\/carta-de-servicos\/wp-json\/wp\/v2\/users\/40"}],"replies":[{"embeddable":true,"href":"https:\/\/cajamar.sp.gov.br\/carta-de-servicos\/wp-json\/wp\/v2\/comments?post=876"}],"version-history":[{"count":1,"href":"https:\/\/cajamar.sp.gov.br\/carta-de-servicos\/wp-json\/wp\/v2\/pages\/876\/revisions"}],"predecessor-version":[{"id":877,"href":"https:\/\/cajamar.sp.gov.br\/carta-de-servicos\/wp-json\/wp\/v2\/pages\/876\/revisions\/877"}],"up":[{"embeddable":true,"href":"https:\/\/cajamar.sp.gov.br\/carta-de-servicos\/wp-json\/wp\/v2\/pages\/472"}],"wp:attachment":[{"href":"https:\/\/cajamar.sp.gov.br\/carta-de-servicos\/wp-json\/wp\/v2\/media?parent=876"}],"curies":[{"name":"wp","href":"https:\/\/api.w.org\/{rel}","templated":true}]}}