{"id":878,"date":"2024-06-20T09:44:34","date_gmt":"2024-06-20T12:44:34","guid":{"rendered":"https:\/\/cajamar.sp.gov.br\/carta-de-servicos\/?page_id=878"},"modified":"2024-06-20T09:44:34","modified_gmt":"2024-06-20T12:44:34","slug":"transporte-escolar","status":"publish","type":"page","link":"https:\/\/cajamar.sp.gov.br\/carta-de-servicos\/educacao\/transporte-escolar\/","title":{"rendered":"Transporte Escolar"},"content":{"rendered":"\n<p><strong>Servi\u00e7o oferecido<\/strong><\/p>\n\n\n\n<p>Atender os alunos que necessitam de transporte escolar para frequentar as Unidades Escolares de educa\u00e7\u00e3o b\u00e1sica regular no munic\u00edpio de Cajamar.<\/p>\n\n\n\n<p>Alunos com defici\u00eancia ter\u00e3o direito ao atendimento adaptado.<\/p>\n\n\n\n<p><strong>Requisitos, documentos, informa\u00e7\u00f5es e formas de acessar o servi\u00e7o<\/strong><\/p>\n\n\n\n<p>O transporte escolar \u00e9 gratuito. Todos os alunos regularmente matriculados na Rede de Ensino de Cajamar, que residam no munic\u00edpio e necessite de transporte. Para acessar o servi\u00e7o, basta que um dos respons\u00e1veis (ou o pr\u00f3prio aluno quando maior de 18 anos) solicite na escola em que o aluno esteja matriculado.<\/p>\n\n\n\n<p>Alunos com defici\u00eancia precisam apresentar o laudo no momento da solicita\u00e7\u00e3o.<\/p>\n\n\n\n<p><strong>Etapas do servi\u00e7o<\/strong><\/p>\n\n\n\n<ul class=\"wp-block-list\">\n<li>Preencher a solicita\u00e7\u00e3o para o atendimento na Unidade Escolar.<\/li>\n<\/ul>\n\n\n\n<ul class=\"wp-block-list\">\n<li>Unidade escolar providencia a indica\u00e7\u00e3o no SED &#8211; Secretaria Escolar Digital.<\/li>\n<\/ul>\n\n\n\n<ul class=\"wp-block-list\">\n<li>Setor de Transporte Escolar homologa a indica\u00e7\u00e3o.<\/li>\n<\/ul>\n\n\n\n<ul class=\"wp-block-list\">\n<li>Empresa respons\u00e1vel pelo transporte escolar recebe a solicita\u00e7\u00e3o e inicia o atendimento.<\/li>\n<\/ul>\n\n\n\n<p><strong>Prazo para realiza\u00e7\u00e3o<\/strong><\/p>\n\n\n\n<p>10 dias.<\/p>\n\n\n\n<p><strong>Forma e locais de presta\u00e7\u00e3o<\/strong><\/p>\n\n\n\n<p>O atendimento sempre \u00e9 solicitado na Unidade Escolar e todas as informa\u00e7\u00f5es s\u00e3o fornecidas no mesmo local no ato da solicita\u00e7\u00e3o. Posteriormente, poder\u00e1 entrar em contato com a Unidade Escolar por telefone ou pessoalmente para esclarecimentos.<\/p>\n\n\n\n<p><strong>Prioridades de atendimento<\/strong><\/p>\n\n\n\n<p>O atendimento \u00e9 para todos os alunos matriculados na Rede de Ensino Municipal de Cajamar que necessitam de transporte escolar para :1 frequentar as unidades escolares: Educa\u00e7\u00e3o Infantil, Ensino Fundamental Regular e EJA (Educa\u00e7\u00e3o de Jovens e Adultos), sendo respeitadas as legisla\u00e7\u00f5es vigentes sobre prioridades no atendimento.<\/p>\n\n\n\n<p><strong>Previs\u00e3o de espera para o atendimento<\/strong><\/p>\n\n\n\n<p>Ap\u00f3s a solicita\u00e7\u00e3o do servi\u00e7o na escola, o in\u00edcio do atendimento ocorre em at\u00e9 10 dias.<\/p>\n\n\n\n<p><strong>Meios de contato<\/strong><\/p>\n\n\n\n<ul class=\"wp-block-list\">\n<li>Na pr\u00f3pria Unidade Escolar.<\/li>\n<\/ul>\n\n\n\n<ul class=\"wp-block-list\">\n<li>Por telefone, ou pessoalmente: Secretaria Municipal de Educa\u00e7\u00e3o &#8211; (11) 4446-0040.<\/li>\n<\/ul>\n\n\n\n<p><strong>Manifesta\u00e7\u00e3o sobre o servi\u00e7o<\/strong><\/p>\n\n\n\n<p>Ouvidoria Geral da Prefeitura: para registrar elogios, sugest\u00f5es, den\u00fancias ou reclama\u00e7\u00f5es sobre a presta\u00e7\u00e3o deste servi\u00e7o, entre em contato atrav\u00e9s dos nossos canais de atendimento:<\/p>\n\n\n\n<ul class=\"wp-block-list\">\n<li>Sistema de Ouvidoria: <a href=\"https:\/\/e-ouvidoria.cajamar.sp.gov.br\/\">https:\/\/e-ouvidoria.cajamar.sp.gov.br\/<\/a>.<\/li>\n<\/ul>\n\n\n\n<ul class=\"wp-block-list\">\n<li>APP Cajamar: Dispon\u00edvel para Apple Store e Google Play &#8211; Direcionamento para o Sistema de ouvidoria.<\/li>\n<\/ul>\n\n\n\n<ul class=\"wp-block-list\">\n<li>E-mail: <a href=\"mailto:ouvidoria@cajamar.sp.gov.br\">ouvidoria@cajamar.sp.gov.br<\/a>.<\/li>\n<\/ul>\n\n\n\n<ul class=\"wp-block-list\">\n<li>Telefone: 0800 771 1223, op\u00e7\u00e3o 1 (expediente: das 8 \u00e0s 17h de Segunda \u00e0 Sexta-feira &#8211; exceto feriados).<\/li>\n<\/ul>\n\n\n\n<ul class=\"wp-block-list\">\n<li>Presencial e Carta: Pa\u00e7o Municipal &#8211; End.: Pra\u00e7a Jos\u00e9 Rodrigues do Nascimento, 30 &#8211; Bairro \u00c1gua Fria &#8211; Distrito Sede &#8211; Cajamar\/SP &#8211; CEP 07752-060 (expediente: das 8 \u00e0s 17h de Segunda \u00e0 Sexta-feira &#8211; exceto feriados).<\/li>\n<\/ul>\n\n\n\n<p><strong>Secretaria Municipal \/ Departamento<\/strong><\/p>\n\n\n\n<p>Secretaria Municipal de Educa\u00e7\u00e3o \/ Subdivis\u00e3o Transporte Escolar.<\/p>\n","protected":false},"excerpt":{"rendered":"<p>Servi\u00e7o oferecido Atender os alunos que necessitam de transporte escolar para frequentar as Unidades Escolares de educa\u00e7\u00e3o b\u00e1sica regular no munic\u00edpio de Cajamar. Alunos com defici\u00eancia ter\u00e3o direito ao atendimento adaptado. Requisitos, documentos, informa\u00e7\u00f5es e formas de acessar o servi\u00e7o O transporte escolar \u00e9 gratuito. Todos os alunos regularmente matriculados na Rede de Ensino de [&hellip;]<\/p>\n","protected":false},"author":40,"featured_media":0,"parent":472,"menu_order":0,"comment_status":"closed","ping_status":"closed","template":"","meta":{"footnotes":""},"class_list":["post-878","page","type-page","status-publish","hentry"],"_links":{"self":[{"href":"https:\/\/cajamar.sp.gov.br\/carta-de-servicos\/wp-json\/wp\/v2\/pages\/878","targetHints":{"allow":["GET"]}}],"collection":[{"href":"https:\/\/cajamar.sp.gov.br\/carta-de-servicos\/wp-json\/wp\/v2\/pages"}],"about":[{"href":"https:\/\/cajamar.sp.gov.br\/carta-de-servicos\/wp-json\/wp\/v2\/types\/page"}],"author":[{"embeddable":true,"href":"https:\/\/cajamar.sp.gov.br\/carta-de-servicos\/wp-json\/wp\/v2\/users\/40"}],"replies":[{"embeddable":true,"href":"https:\/\/cajamar.sp.gov.br\/carta-de-servicos\/wp-json\/wp\/v2\/comments?post=878"}],"version-history":[{"count":1,"href":"https:\/\/cajamar.sp.gov.br\/carta-de-servicos\/wp-json\/wp\/v2\/pages\/878\/revisions"}],"predecessor-version":[{"id":879,"href":"https:\/\/cajamar.sp.gov.br\/carta-de-servicos\/wp-json\/wp\/v2\/pages\/878\/revisions\/879"}],"up":[{"embeddable":true,"href":"https:\/\/cajamar.sp.gov.br\/carta-de-servicos\/wp-json\/wp\/v2\/pages\/472"}],"wp:attachment":[{"href":"https:\/\/cajamar.sp.gov.br\/carta-de-servicos\/wp-json\/wp\/v2\/media?parent=878"}],"curies":[{"name":"wp","href":"https:\/\/api.w.org\/{rel}","templated":true}]}}