{"id":882,"date":"2024-06-20T09:57:11","date_gmt":"2024-06-20T12:57:11","guid":{"rendered":"https:\/\/cajamar.sp.gov.br\/carta-de-servicos\/?page_id=882"},"modified":"2024-06-25T09:39:25","modified_gmt":"2024-06-25T12:39:25","slug":"atendimento-clinico-animal-e-castracao","status":"publish","type":"page","link":"https:\/\/cajamar.sp.gov.br\/carta-de-servicos\/meio-ambiente-e-protecao-animal\/atendimento-clinico-animal-e-castracao\/","title":{"rendered":"Atendimento Cl\u00ednico Animal e Castra\u00e7\u00e3o"},"content":{"rendered":"\n<p><strong>Servi\u00e7o oferecido<\/strong><\/p>\n\n\n\n<p>O Departamento de Bem-Estar Animal oferece atendimento cl\u00ednico veterin\u00e1rio de baixa e m\u00e9dia complexidade, mutir\u00f5es de castra\u00e7\u00f5es, transporte para os atendimentos, assist\u00eancia \u00e0s ONGs semanalmente, e a\u00e7\u00f5es de conscientiza\u00e7\u00e3o sobre cuidados com os animais.<\/p>\n\n\n\n<p><strong>Requisitos, documentos, informa\u00e7\u00f5es e formas de acessar o servi\u00e7o<\/strong><\/p>\n\n\n\n<p>Apresenta\u00e7\u00e3o dos documentos pessoais (CPF, RG, comprovante de endere\u00e7o e t\u00edtulo de eleitor) e dados dos animais para que seja feito o cadastro tanto do atendimento, quanto da castra\u00e7\u00e3o.<\/p>\n\n\n\n<p><strong>Etapas do servi\u00e7o<\/strong><\/p>\n\n\n\n<p>O mun\u00edcipe pode ligar ou comparecer pessoalmente no setor de UBS Animal para agendar a consulta do seu animal de estima\u00e7\u00e3o. Referente \u00e0s castra\u00e7\u00f5es, as inscri\u00e7\u00f5es poder\u00e3o ser feitas atrav\u00e9s do site da prefeitura, e-mail ou presencialmente, na UBS Animal.<\/p>\n\n\n\n<p><strong>Prazo para realiza\u00e7\u00e3o<\/strong><\/p>\n\n\n\n<p>N\u00e3o h\u00e1.<\/p>\n\n\n\n<p><strong>Forma e locais de presta\u00e7\u00e3o<\/strong><\/p>\n\n\n\n<p>Na UBS Animal &#8211; Av. Deovair Cruz de Oliveira, 466 &#8211; de segunda \u00e0 sexta-feira das 8:00 \u00e0s 17:00 horas.<\/p>\n\n\n\n<p>Com exce\u00e7\u00e3o \u00e0s castra\u00e7\u00f5es, que ser\u00e3o \u00e0s ter\u00e7as-feiras, quinzenalmente, na UBS Animal.<\/p>\n\n\n\n<p><a href=\"https:\/\/cajamar.sp.gov.br\/meio-ambiente\/castracao-de-animais\/.\">https:\/\/cajamar.sp.gov.br\/meio-ambiente\/castracao-de-animais\/.<\/a><\/p>\n\n\n\n<p><strong>Prioridades de atendimento<\/strong><\/p>\n\n\n\n<p>Casos de urg\u00eancia e emerg\u00eancia, aos mun\u00edcipes que comprovarem baixa renda, aos protetores de animais e ONGs do munic\u00edpio, sendo respeitadas as legisla\u00e7\u00f5es vigentes sobre prioridades no atendimento.<\/p>\n\n\n\n<p><strong>Previs\u00e3o de espera para o atendimento<\/strong><\/p>\n\n\n\n<p>De 7 a 15 dias.<\/p>\n\n\n\n<p><strong>Meios de contato<\/strong><\/p>\n\n\n\n<p>Presencial: UBS Animal &#8211; Av. Deovair Cruz de Oliveira, 466 &#8211; de segunda \u00e0 sexta-feira, das 8:00 \u00e0s 17:00 horas.<\/p>\n\n\n\n<p>Por telefone: (11) 4446-0035.<\/p>\n\n\n\n<p>E-mail: <a href=\"mailto:castracao.cajamar@cajamar.sp.gov.br\">castracao.cajamar@cajamar.sp.gov.br<\/a><\/p>\n\n\n\n<p><strong>Manifesta\u00e7\u00e3o sobre o servi\u00e7o<\/strong><\/p>\n\n\n\n<p>Ouvidoria Geral da Prefeitura: para registrar elogios, sugest\u00f5es, den\u00fancias ou reclama\u00e7\u00f5es sobre a presta\u00e7\u00e3o deste servi\u00e7o, entre em contato atrav\u00e9s dos nossos canais de atendimento:<\/p>\n\n\n\n<ul class=\"wp-block-list\">\n<li>Sistema de Ouvidoria: <a href=\"https:\/\/e-ouvidoria.cajamar.sp.gov.br\/\">https:\/\/e-ouvidoria.cajamar.sp.gov.br\/<\/a>.<\/li>\n<\/ul>\n\n\n\n<ul class=\"wp-block-list\">\n<li>APP Cajamar: Dispon\u00edvel para Apple Store e Google Play &#8211; Direcionamento para o Sistema de ouvidoria.<\/li>\n<\/ul>\n\n\n\n<ul class=\"wp-block-list\">\n<li>E-mail: <a href=\"mailto:ouvidoria@cajamar.sp.gov.br\">ouvidoria@cajamar.sp.gov.br<\/a>.<\/li>\n<\/ul>\n\n\n\n<ul class=\"wp-block-list\">\n<li>Telefone: 0800 771 1223, op\u00e7\u00e3o 1 (expediente: das 8 \u00e0s 17h de Segunda \u00e0 Sexta-feira &#8211; exceto feriados).<\/li>\n<\/ul>\n\n\n\n<ul class=\"wp-block-list\">\n<li>Presencial e Carta: Pa\u00e7o Municipal &#8211; End.: Pra\u00e7a Jos\u00e9 Rodrigues do Nascimento, 30 &#8211; Bairro \u00c1gua Fria &#8211; Distrito Sede &#8211; Cajamar\/SP &#8211; CEP 07752-060 (expediente: das 8 \u00e0s 17h de Segunda \u00e0 Sexta-feira &#8211; exceto feriados).<\/li>\n<\/ul>\n\n\n\n<p><strong>Secretaria Municipal \/ Departamento<\/strong><\/p>\n\n\n\n<p>Secretaria Municipal de Meio Ambiente e Prote\u00e7\u00e3o Animal \/ Departamento de Bem-Estar Animal (UBS Animal).<\/p>\n","protected":false},"excerpt":{"rendered":"<p>Servi\u00e7o oferecido O Departamento de Bem-Estar Animal oferece atendimento cl\u00ednico veterin\u00e1rio de baixa e m\u00e9dia complexidade, mutir\u00f5es de castra\u00e7\u00f5es, transporte para os atendimentos, assist\u00eancia \u00e0s ONGs semanalmente, e a\u00e7\u00f5es de conscientiza\u00e7\u00e3o sobre cuidados com os animais. Requisitos, documentos, informa\u00e7\u00f5es e formas de acessar o servi\u00e7o Apresenta\u00e7\u00e3o dos documentos pessoais (CPF, RG, comprovante de endere\u00e7o e [&hellip;]<\/p>\n","protected":false},"author":40,"featured_media":0,"parent":974,"menu_order":0,"comment_status":"closed","ping_status":"closed","template":"","meta":{"footnotes":""},"class_list":["post-882","page","type-page","status-publish","hentry"],"_links":{"self":[{"href":"https:\/\/cajamar.sp.gov.br\/carta-de-servicos\/wp-json\/wp\/v2\/pages\/882","targetHints":{"allow":["GET"]}}],"collection":[{"href":"https:\/\/cajamar.sp.gov.br\/carta-de-servicos\/wp-json\/wp\/v2\/pages"}],"about":[{"href":"https:\/\/cajamar.sp.gov.br\/carta-de-servicos\/wp-json\/wp\/v2\/types\/page"}],"author":[{"embeddable":true,"href":"https:\/\/cajamar.sp.gov.br\/carta-de-servicos\/wp-json\/wp\/v2\/users\/40"}],"replies":[{"embeddable":true,"href":"https:\/\/cajamar.sp.gov.br\/carta-de-servicos\/wp-json\/wp\/v2\/comments?post=882"}],"version-history":[{"count":1,"href":"https:\/\/cajamar.sp.gov.br\/carta-de-servicos\/wp-json\/wp\/v2\/pages\/882\/revisions"}],"predecessor-version":[{"id":883,"href":"https:\/\/cajamar.sp.gov.br\/carta-de-servicos\/wp-json\/wp\/v2\/pages\/882\/revisions\/883"}],"up":[{"embeddable":true,"href":"https:\/\/cajamar.sp.gov.br\/carta-de-servicos\/wp-json\/wp\/v2\/pages\/974"}],"wp:attachment":[{"href":"https:\/\/cajamar.sp.gov.br\/carta-de-servicos\/wp-json\/wp\/v2\/media?parent=882"}],"curies":[{"name":"wp","href":"https:\/\/api.w.org\/{rel}","templated":true}]}}