{"id":886,"date":"2024-06-20T09:58:08","date_gmt":"2024-06-20T12:58:08","guid":{"rendered":"https:\/\/cajamar.sp.gov.br\/carta-de-servicos\/?page_id=886"},"modified":"2024-06-25T09:39:25","modified_gmt":"2024-06-25T12:39:25","slug":"doacao-de-mudas","status":"publish","type":"page","link":"https:\/\/cajamar.sp.gov.br\/carta-de-servicos\/meio-ambiente-e-protecao-animal\/doacao-de-mudas\/","title":{"rendered":"Doa\u00e7\u00e3o de Mudas"},"content":{"rendered":"\n<p><strong>Servi\u00e7o oferecido<\/strong><\/p>\n\n\n\n<p>Doa\u00e7\u00e3o de mudas nativas, como incentivo e manuten\u00e7\u00e3o da arboriza\u00e7\u00e3o urbana.<\/p>\n\n\n\n<p><strong>Requisitos, documentos, informa\u00e7\u00f5es e formas de acessar o servi\u00e7o<\/strong><\/p>\n\n\n\n<p>A doa\u00e7\u00e3o de mudas fica condicionada \u00e0 05 (cinco) unidades por mun\u00edcipe. Necess\u00e1rio n\u00famero de CPF, telefone do requerente o endere\u00e7o que ser\u00e1 realizado o plantio. O servi\u00e7o \u00e9 gratuito.<\/p>\n\n\n\n<p><strong>Etapas do servi\u00e7o<\/strong><\/p>\n\n\n\n<ul class=\"wp-block-list\">\n<li>O requerente deve informar os dados solicitados.<\/li>\n<\/ul>\n\n\n\n<ul class=\"wp-block-list\">\n<li>Aguardar a libera\u00e7\u00e3o de mudas no viveiro municipal.<\/li>\n<\/ul>\n\n\n\n<ul class=\"wp-block-list\">\n<li>Fazer a retirada das mudas no viveiro municipal, portando o documento de libera\u00e7\u00e3o em data e hor\u00e1rio informado pela Secretaria.<\/li>\n<\/ul>\n\n\n\n<p><strong>Prazo para realiza\u00e7\u00e3o<\/strong><\/p>\n\n\n\n<p>10 dias \u00fateis ou conforme a disponibilidade de mudas.<\/p>\n\n\n\n<p><strong>Forma e locais de presta\u00e7\u00e3o<\/strong><\/p>\n\n\n\n<p>Realizar a solicita\u00e7\u00e3o atrav\u00e9s do e-mail <a href=\"smma@cajamar.sp.gov.br\">smma@cajamar.sp.gov.br<\/a> ou pessoalmente na Secretaria de Meio Ambiente e Prote\u00e7\u00e3o Animal.<\/p>\n\n\n\n<p><strong>Prioridades de atendimento<\/strong><\/p>\n\n\n\n<p>Por ordem de solicita\u00e7\u00e3o, sendo respeitadas as legisla\u00e7\u00f5es vigentes sobre prioridades no atendimento.<\/p>\n\n\n\n<p><strong>Previs\u00e3o de espera para o atendimento<\/strong><\/p>\n\n\n\n<p>Imediato.<\/p>\n\n\n\n<p><strong>Meios de contato<\/strong><\/p>\n\n\n\n<p>Pessoalmente na Secretaria Municipal de Meio Ambiente e Prote\u00e7\u00e3o Animal &#8211; Av. Deovair Cruz de Oliveira,&nbsp; Jordan\u00e9sia \u2013 (Centro de Eventos Boi\u00f3dromo), por telefone (11) 4446-0034 ou e-mail <a href=\"mailto:smma@cajamar.sp.gov.br\">smma@cajamar.sp.gov.br<\/a>.<\/p>\n\n\n\n<p><strong>Manifesta\u00e7\u00e3o sobre o servi\u00e7o<\/strong><\/p>\n\n\n\n<p>Para registrar elogios, sugest\u00f5es, den\u00fancias ou reclama\u00e7\u00f5es sobre a presta\u00e7\u00e3o deste servi\u00e7o, entre em contato com a Ouvidoria Geral da Prefeitura, atrav\u00e9s dos nossos canais de atendimento:<\/p>\n\n\n\n<ul class=\"wp-block-list\">\n<li>Sistema de ouvidoria: <a href=\"https:\/\/e-ouvidoria.cajamar.sp.gov.br\/\">https:\/\/e-ouvidoria.cajamar.sp.gov.br\/<\/a><\/li>\n<\/ul>\n\n\n\n<ul class=\"wp-block-list\">\n<li>APP Cajamar: Dispon\u00edvel para Apple Store e Google Play &#8211; Direcionamento para o Sistema de Ouvidoria<\/li>\n<\/ul>\n\n\n\n<ul class=\"wp-block-list\">\n<li>E-mail: <a href=\"mailto:ouvidoria@cajamar.sp.gov.br\">ouvidoria@cajamar.sp.gov.br<\/a><\/li>\n<\/ul>\n\n\n\n<ul class=\"wp-block-list\">\n<li>Telefone: 0800 771 1223, op\u00e7\u00e3o 1 (expediente: das 8 \u00e0s 17h de Segunda \u00e0 Sexta-feira &#8211; exceto feriados)<\/li>\n<\/ul>\n\n\n\n<ul class=\"wp-block-list\">\n<li>Presencial e Carta: Pa\u00e7o Municipal &#8211; End.: Pra\u00e7a Jos\u00e9 Rodrigues do Nascimento, 30 &#8211; Bairro \u00c1gua Fria &#8211; Distrito Sede &#8211; Cajamar\/SP &#8211; CEP 07752-060 (expediente: das 8 \u00e0s 17h de Segunda \u00e0 Sexta-feira &#8211; exceto feriados).<\/li>\n<\/ul>\n\n\n\n<p><strong>Secretaria Municipal \/ Departamento<\/strong><\/p>\n\n\n\n<p>Secretaria Municipal de Meio Ambiente e Prote\u00e7\u00e3o Animal \/ Departamento de Gest\u00e3o Ambiental.<\/p>\n","protected":false},"excerpt":{"rendered":"<p>Servi\u00e7o oferecido Doa\u00e7\u00e3o de mudas nativas, como incentivo e manuten\u00e7\u00e3o da arboriza\u00e7\u00e3o urbana. Requisitos, documentos, informa\u00e7\u00f5es e formas de acessar o servi\u00e7o A doa\u00e7\u00e3o de mudas fica condicionada \u00e0 05 (cinco) unidades por mun\u00edcipe. Necess\u00e1rio n\u00famero de CPF, telefone do requerente o endere\u00e7o que ser\u00e1 realizado o plantio. O servi\u00e7o \u00e9 gratuito. Etapas do servi\u00e7o [&hellip;]<\/p>\n","protected":false},"author":40,"featured_media":0,"parent":974,"menu_order":0,"comment_status":"closed","ping_status":"closed","template":"","meta":{"footnotes":""},"class_list":["post-886","page","type-page","status-publish","hentry"],"_links":{"self":[{"href":"https:\/\/cajamar.sp.gov.br\/carta-de-servicos\/wp-json\/wp\/v2\/pages\/886","targetHints":{"allow":["GET"]}}],"collection":[{"href":"https:\/\/cajamar.sp.gov.br\/carta-de-servicos\/wp-json\/wp\/v2\/pages"}],"about":[{"href":"https:\/\/cajamar.sp.gov.br\/carta-de-servicos\/wp-json\/wp\/v2\/types\/page"}],"author":[{"embeddable":true,"href":"https:\/\/cajamar.sp.gov.br\/carta-de-servicos\/wp-json\/wp\/v2\/users\/40"}],"replies":[{"embeddable":true,"href":"https:\/\/cajamar.sp.gov.br\/carta-de-servicos\/wp-json\/wp\/v2\/comments?post=886"}],"version-history":[{"count":1,"href":"https:\/\/cajamar.sp.gov.br\/carta-de-servicos\/wp-json\/wp\/v2\/pages\/886\/revisions"}],"predecessor-version":[{"id":887,"href":"https:\/\/cajamar.sp.gov.br\/carta-de-servicos\/wp-json\/wp\/v2\/pages\/886\/revisions\/887"}],"up":[{"embeddable":true,"href":"https:\/\/cajamar.sp.gov.br\/carta-de-servicos\/wp-json\/wp\/v2\/pages\/974"}],"wp:attachment":[{"href":"https:\/\/cajamar.sp.gov.br\/carta-de-servicos\/wp-json\/wp\/v2\/media?parent=886"}],"curies":[{"name":"wp","href":"https:\/\/api.w.org\/{rel}","templated":true}]}}