{"id":890,"date":"2024-06-20T09:58:56","date_gmt":"2024-06-20T12:58:56","guid":{"rendered":"https:\/\/cajamar.sp.gov.br\/carta-de-servicos\/?page_id=890"},"modified":"2024-06-25T09:39:25","modified_gmt":"2024-06-25T12:39:25","slug":"licenciamento-ambiental","status":"publish","type":"page","link":"https:\/\/cajamar.sp.gov.br\/carta-de-servicos\/meio-ambiente-e-protecao-animal\/licenciamento-ambiental\/","title":{"rendered":"Licenciamento Ambiental"},"content":{"rendered":"\n<p><strong>Servi\u00e7o oferecido<\/strong><\/p>\n\n\n\n<p>Licenciamento Ambiental \u2013 Licen\u00e7a Pr\u00e9via, Licen\u00e7a de Instala\u00e7\u00e3o, Licen\u00e7a de Opera\u00e7\u00e3o, Licen\u00e7a de Opera\u00e7\u00e3o de Regulariza\u00e7\u00e3o, Renova\u00e7\u00e3o da Licen\u00e7a de Opera\u00e7\u00e3o e Certificado de Dispensa de Licen\u00e7a.<\/p>\n\n\n\n<p><strong>Requisitos, documentos, informa\u00e7\u00f5es e formas de acessar o servi\u00e7o<\/strong><\/p>\n\n\n\n<p>Para solicitar as Licen\u00e7as emitidas pela Secretaria de Meio Ambiente e Prote\u00e7\u00e3o Animal, o interessado dever\u00e1 protocolar o pedido pelo site de servi\u00e7os da Secretaria, em cajamar.aprova.com.br. Ap\u00f3s criar um login e uma senha, fazer a solicita\u00e7\u00e3o do servi\u00e7o pretendido pelo portal.<\/p>\n\n\n\n<p><strong>Etapas do servi\u00e7o<\/strong><\/p>\n\n\n\n<p>Preencher as informa\u00e7\u00f5es e inserir os documentos solicitados no site, de acordo com o documento desejado.<\/p>\n\n\n\n<p><strong>Prazo para realiza\u00e7\u00e3o<\/strong><\/p>\n\n\n\n<p>At\u00e9 120 dias, a depender do prazo de resposta do comunique-se enviado.<\/p>\n\n\n\n<p><strong>Forma e locais de presta\u00e7\u00e3o<\/strong><\/p>\n\n\n\n<p>As solicita\u00e7\u00f5es poder\u00e3o ser protocoladas 24h por dia atrav\u00e9s do site, cajamar.aprova.com.br.<\/p>\n\n\n\n<p><strong>Prioridades de atendimento<\/strong><\/p>\n\n\n\n<p>Prioridade por ordem de protocolo dos documentos no portal de servi\u00e7os, sendo respeitadas as legisla\u00e7\u00f5es vigentes sobre prioridades no atendimento.<\/p>\n\n\n\n<p><strong>Previs\u00e3o de espera para o atendimento<\/strong><\/p>\n\n\n\n<p>Atendimento imediato atrav\u00e9s do site.<\/p>\n\n\n\n<p><strong>Meios de contato<\/strong><\/p>\n\n\n\n<p>Em caso de d\u00favidas o requerente poder\u00e1 entrar em contato com a Secretaria de Meio Ambiente e Prote\u00e7\u00e3o Animal pelo telefone (11) 4446-0034 ou pelo e-mail <a href=\"mailto:smma@cajamar.sp.gov.br\">smma@cajamar.sp.gov.br<\/a>.<\/p>\n\n\n\n<p>Acompanhamento e consulta dos pedidos ser\u00e3o feitos diretamente pelo portal de servi\u00e7os.<\/p>\n\n\n\n<p><strong>Manifesta\u00e7\u00e3o sobre o servi\u00e7o<\/strong><\/p>\n\n\n\n<p>Ouvidoria Geral da Prefeitura: para registrar elogios, sugest\u00f5es, den\u00fancias ou reclama\u00e7\u00f5es sobre a presta\u00e7\u00e3o deste servi\u00e7o, entre em contato atrav\u00e9s dos canais de atendimento:<\/p>\n\n\n\n<ul class=\"wp-block-list\">\n<li>Sistema de ouvidoria: <a href=\"https:\/\/e-ouvidoria.cajamar.sp.gov.br\/\">https:\/\/e-ouvidoria.cajamar.sp.gov.br\/<\/a>.<\/li>\n<\/ul>\n\n\n\n<ul class=\"wp-block-list\">\n<li>APP Cajamar: Dispon\u00edvel para Apple Store e Google Play &#8211; Direcionamento para o Sistema de Ouvidoria.<\/li>\n<\/ul>\n\n\n\n<ul class=\"wp-block-list\">\n<li>E-mail: <a href=\"mailto:ouvidoria@cajamar.sp.gov.br\">ouvidoria@cajamar.sp.gov.br<\/a>.<\/li>\n<\/ul>\n\n\n\n<ul class=\"wp-block-list\">\n<li>Telefone: 0800 771 1223, op\u00e7\u00e3o 1 (expediente: das 8 \u00e0s 17h de Segunda \u00e0 Sexta-feira &#8211; exceto feriados).<\/li>\n<\/ul>\n\n\n\n<ul class=\"wp-block-list\">\n<li>Presencial e Carta: Pa\u00e7o Municipal &#8211; End.: Pra\u00e7a Jos\u00e9 Rodrigues do Nascimento, 30 &#8211; Bairro \u00c1gua Fria &#8211; Distrito Sede &#8211; Cajamar\/SP &#8211; CEP 07752-060 (expediente: das 8 \u00e0s 17h de Segunda \u00e0 Sexta-feira &#8211; exceto feriados).<\/li>\n<\/ul>\n\n\n\n<p><strong>Secretaria Municipal \/ Departamento<\/strong><\/p>\n\n\n\n<p>Secretaria de Meio Ambiente e Prote\u00e7\u00e3o Animal \/ Departamento de Gest\u00e3o Ambiental.<\/p>\n","protected":false},"excerpt":{"rendered":"<p>Servi\u00e7o oferecido Licenciamento Ambiental \u2013 Licen\u00e7a Pr\u00e9via, Licen\u00e7a de Instala\u00e7\u00e3o, Licen\u00e7a de Opera\u00e7\u00e3o, Licen\u00e7a de Opera\u00e7\u00e3o de Regulariza\u00e7\u00e3o, Renova\u00e7\u00e3o da Licen\u00e7a de Opera\u00e7\u00e3o e Certificado de Dispensa de Licen\u00e7a. Requisitos, documentos, informa\u00e7\u00f5es e formas de acessar o servi\u00e7o Para solicitar as Licen\u00e7as emitidas pela Secretaria de Meio Ambiente e Prote\u00e7\u00e3o Animal, o interessado dever\u00e1 protocolar [&hellip;]<\/p>\n","protected":false},"author":40,"featured_media":0,"parent":974,"menu_order":0,"comment_status":"closed","ping_status":"closed","template":"","meta":{"footnotes":""},"class_list":["post-890","page","type-page","status-publish","hentry"],"_links":{"self":[{"href":"https:\/\/cajamar.sp.gov.br\/carta-de-servicos\/wp-json\/wp\/v2\/pages\/890","targetHints":{"allow":["GET"]}}],"collection":[{"href":"https:\/\/cajamar.sp.gov.br\/carta-de-servicos\/wp-json\/wp\/v2\/pages"}],"about":[{"href":"https:\/\/cajamar.sp.gov.br\/carta-de-servicos\/wp-json\/wp\/v2\/types\/page"}],"author":[{"embeddable":true,"href":"https:\/\/cajamar.sp.gov.br\/carta-de-servicos\/wp-json\/wp\/v2\/users\/40"}],"replies":[{"embeddable":true,"href":"https:\/\/cajamar.sp.gov.br\/carta-de-servicos\/wp-json\/wp\/v2\/comments?post=890"}],"version-history":[{"count":1,"href":"https:\/\/cajamar.sp.gov.br\/carta-de-servicos\/wp-json\/wp\/v2\/pages\/890\/revisions"}],"predecessor-version":[{"id":891,"href":"https:\/\/cajamar.sp.gov.br\/carta-de-servicos\/wp-json\/wp\/v2\/pages\/890\/revisions\/891"}],"up":[{"embeddable":true,"href":"https:\/\/cajamar.sp.gov.br\/carta-de-servicos\/wp-json\/wp\/v2\/pages\/974"}],"wp:attachment":[{"href":"https:\/\/cajamar.sp.gov.br\/carta-de-servicos\/wp-json\/wp\/v2\/media?parent=890"}],"curies":[{"name":"wp","href":"https:\/\/api.w.org\/{rel}","templated":true}]}}