{"id":898,"date":"2024-06-20T10:10:30","date_gmt":"2024-06-20T13:10:30","guid":{"rendered":"https:\/\/cajamar.sp.gov.br\/carta-de-servicos\/?page_id=898"},"modified":"2024-06-25T09:39:56","modified_gmt":"2024-06-25T12:39:56","slug":"processo-de-recursos","status":"publish","type":"page","link":"https:\/\/cajamar.sp.gov.br\/carta-de-servicos\/mobilidade-e-desenvolvimento-urbano\/processo-de-recursos\/","title":{"rendered":"Processo de Recursos"},"content":{"rendered":"\n<p><strong>Servi\u00e7o oferecido<\/strong><\/p>\n\n\n\n<p>Processo de recursos.<\/p>\n\n\n\n<p><strong>Requisitos, documentos, informa\u00e7\u00f5es e formas de acessar o servi\u00e7o<\/strong><\/p>\n\n\n\n<p>Comparecer ao Departamento de Mobilidade Urbana e Tr\u00e2nsito (Rua Vereador Jo\u00e3o Cardoso, 28 \u2013 Polvilho) munido dos documentos: CNH, Comprovante de Resid\u00eancia, CRV e Notifica\u00e7\u00e3o de Autua\u00e7\u00e3o de Infra\u00e7\u00e3o ou atrav\u00e9s do site: <a href=\"https:\/\/cajamar.sp.gov.br\/mobilidade\/\">https:\/\/cajamar.sp.gov.br\/mobilidade\/<\/a>. Todos os servi\u00e7os s\u00e3o gratuitos.&nbsp;<\/p>\n\n\n\n<p><strong>Etapas do servi\u00e7o<\/strong><\/p>\n\n\n\n<ul class=\"wp-block-list\">\n<li>Cadastro.<\/li>\n<\/ul>\n\n\n\n<ul class=\"wp-block-list\">\n<li>An\u00e1lise.<\/li>\n<\/ul>\n\n\n\n<ul class=\"wp-block-list\">\n<li>Resultado (enviada via Correio ou SMS).<\/li>\n<\/ul>\n\n\n\n<p><strong>Prazo para realiza\u00e7\u00e3o<\/strong><\/p>\n\n\n\n<p>10 dias \u00fateis.<\/p>\n\n\n\n<p><strong>Forma e local de presta\u00e7\u00e3o<\/strong><\/p>\n\n\n\n<p>Na sede do Departamento de Mobilidade Urbana e Tr\u00e2nsito.<\/p>\n\n\n\n<p><strong>Prioridades de atendimento<\/strong><\/p>\n\n\n\n<p>Por ordem de chegada, sendo respeitadas as legisla\u00e7\u00f5es vigentes sobre prioridades no atendimento.<\/p>\n\n\n\n<p><strong>Previs\u00e3o de espera para o atendimento<\/strong><\/p>\n\n\n\n<p>Imediato.<\/p>\n\n\n\n<p><strong>Meios de contato<\/strong><\/p>\n\n\n\n<p>Em caso de d\u00favidas, o requerente poder\u00e1 entrar em contato com o Departamento de Mobilidade Urbana e Tr\u00e2nsito pelo telefone (11) 4408-5212.<\/p>\n\n\n\n<p><strong>Manifesta\u00e7\u00e3o sobre o servi\u00e7o<\/strong><\/p>\n\n\n\n<p>Ouvidoria Geral da Prefeitura: para registrar elogios, sugest\u00f5es, den\u00fancias ou reclama\u00e7\u00f5es sobre a presta\u00e7\u00e3o deste servi\u00e7o, entre em contato atrav\u00e9s dos nossos canais de atendimento:<\/p>\n\n\n\n<ul class=\"wp-block-list\">\n<li>Sistema de ouvidoria: <a href=\"https:\/\/e-ouvidoria.cajamar.sp.gov.br\/\">https:\/\/e-ouvidoria.cajamar.sp.gov.br\/<\/a>.<\/li>\n<\/ul>\n\n\n\n<ul class=\"wp-block-list\">\n<li>APP Cajamar: Dispon\u00edvel para Apple Store e Google Play &#8211; Direcionamento para o Sistema de ouvidoria<\/li>\n<\/ul>\n\n\n\n<ul class=\"wp-block-list\">\n<li>E-mail: <a href=\"mailto:ouvidoria@cajamar.sp.gov.br\">ouvidoria@cajamar.sp.gov.br<\/a>.<\/li>\n<\/ul>\n\n\n\n<ul class=\"wp-block-list\">\n<li>Telefone: 0800 771 1223, op\u00e7\u00e3o 1 (expediente: das 8 \u00e0s 17h de Segunda \u00e0 Sexta-feira &#8211; exceto feriados).<\/li>\n<\/ul>\n\n\n\n<ul class=\"wp-block-list\">\n<li>Presencial e Carta: Pa\u00e7o Municipal &#8211; End.: Pra\u00e7a Jos\u00e9 Rodrigues do Nascimento, 30 &#8211; Bairro \u00c1gua Fria &#8211; Distrito Sede &#8211; Cajamar\/SP &#8211; CEP 07752-060 (expediente: das 8 \u00e0s 17h de Segunda \u00e0 Sexta-feira &#8211; exceto feriados).<\/li>\n<\/ul>\n\n\n\n<p><strong>Secretaria Municipal \/ Departamento<\/strong> Secretaria de Mobilidade e Desenvolvimento Urbano \/ Departamento de Mobilidade Urbana e Tr\u00e2nsito.<\/p>\n","protected":false},"excerpt":{"rendered":"<p>Servi\u00e7o oferecido Processo de recursos. Requisitos, documentos, informa\u00e7\u00f5es e formas de acessar o servi\u00e7o Comparecer ao Departamento de Mobilidade Urbana e Tr\u00e2nsito (Rua Vereador Jo\u00e3o Cardoso, 28 \u2013 Polvilho) munido dos documentos: CNH, Comprovante de Resid\u00eancia, CRV e Notifica\u00e7\u00e3o de Autua\u00e7\u00e3o de Infra\u00e7\u00e3o ou atrav\u00e9s do site: https:\/\/cajamar.sp.gov.br\/mobilidade\/. Todos os servi\u00e7os s\u00e3o gratuitos.&nbsp; Etapas do [&hellip;]<\/p>\n","protected":false},"author":40,"featured_media":0,"parent":960,"menu_order":0,"comment_status":"closed","ping_status":"closed","template":"","meta":{"footnotes":""},"class_list":["post-898","page","type-page","status-publish","hentry"],"_links":{"self":[{"href":"https:\/\/cajamar.sp.gov.br\/carta-de-servicos\/wp-json\/wp\/v2\/pages\/898","targetHints":{"allow":["GET"]}}],"collection":[{"href":"https:\/\/cajamar.sp.gov.br\/carta-de-servicos\/wp-json\/wp\/v2\/pages"}],"about":[{"href":"https:\/\/cajamar.sp.gov.br\/carta-de-servicos\/wp-json\/wp\/v2\/types\/page"}],"author":[{"embeddable":true,"href":"https:\/\/cajamar.sp.gov.br\/carta-de-servicos\/wp-json\/wp\/v2\/users\/40"}],"replies":[{"embeddable":true,"href":"https:\/\/cajamar.sp.gov.br\/carta-de-servicos\/wp-json\/wp\/v2\/comments?post=898"}],"version-history":[{"count":2,"href":"https:\/\/cajamar.sp.gov.br\/carta-de-servicos\/wp-json\/wp\/v2\/pages\/898\/revisions"}],"predecessor-version":[{"id":914,"href":"https:\/\/cajamar.sp.gov.br\/carta-de-servicos\/wp-json\/wp\/v2\/pages\/898\/revisions\/914"}],"up":[{"embeddable":true,"href":"https:\/\/cajamar.sp.gov.br\/carta-de-servicos\/wp-json\/wp\/v2\/pages\/960"}],"wp:attachment":[{"href":"https:\/\/cajamar.sp.gov.br\/carta-de-servicos\/wp-json\/wp\/v2\/media?parent=898"}],"curies":[{"name":"wp","href":"https:\/\/api.w.org\/{rel}","templated":true}]}}