{"id":922,"date":"2024-06-20T10:41:02","date_gmt":"2024-06-20T13:41:02","guid":{"rendered":"https:\/\/cajamar.sp.gov.br\/carta-de-servicos\/?page_id=922"},"modified":"2024-06-25T09:38:56","modified_gmt":"2024-06-25T12:38:56","slug":"limpeza-e-manutencao-de-areas-publicas","status":"publish","type":"page","link":"https:\/\/cajamar.sp.gov.br\/carta-de-servicos\/infraestrutura-e-servicos-publicos\/limpeza-e-manutencao-de-areas-publicas\/","title":{"rendered":"Limpeza e Manuten\u00e7\u00e3o de \u00c1reas P\u00fablicas"},"content":{"rendered":"\n<p><strong>Servi\u00e7o oferecido<\/strong><\/p>\n\n\n\n<ul class=\"wp-block-list\">\n<li>Ro\u00e7agem de \u00e1reas p\u00fablicas.<\/li>\n<\/ul>\n\n\n\n<ul class=\"wp-block-list\">\n<li>Limpeza de bocas de lobo.<\/li>\n<\/ul>\n\n\n\n<ul class=\"wp-block-list\">\n<li>Capinar guias, sarjetas e canaletas.<\/li>\n<\/ul>\n\n\n\n<ul class=\"wp-block-list\">\n<li>Manuten\u00e7\u00e3o em ruas de terra.<\/li>\n<\/ul>\n\n\n\n<ul class=\"wp-block-list\">\n<li>Manuten\u00e7\u00e3o de espa\u00e7os p\u00fablicos.<\/li>\n<\/ul>\n\n\n\n<p><strong>Requisitos, documentos, informa\u00e7\u00f5es e formas de acessar o servi\u00e7o<\/strong><\/p>\n\n\n\n<p>As solicita\u00e7\u00f5es de servi\u00e7os devem ser realizadas preferencialmente atrav\u00e9s do APP Cajamar, por telefone, ou pessoalmente nas Secretarias Regionais e na Sede da Secretaria de Infraestrutura e Servi\u00e7os P\u00fablicos.<\/p>\n\n\n\n<p><strong>Etapas do servi\u00e7o<\/strong><\/p>\n\n\n\n<ul class=\"wp-block-list\">\n<li>Pelo APP Cajamar:<\/li>\n<\/ul>\n\n\n\n<ol class=\"wp-block-list\">\n<li>Acolhimento da solicita\u00e7\u00e3o.<\/li>\n\n\n\n<li>Direcionamento para a \u00e1rea respons\u00e1vel.<\/li>\n\n\n\n<li>Programa\u00e7\u00e3o do servi\u00e7o.<\/li>\n\n\n\n<li>Execu\u00e7\u00e3o.<\/li>\n\n\n\n<li>Devolutiva da \u00e1rea respons\u00e1vel.<\/li>\n\n\n\n<li>Finaliza\u00e7\u00e3o do atendimento.<\/li>\n<\/ol>\n\n\n\n<ul class=\"wp-block-list\">\n<li>Telefone ou presencial:<\/li>\n<\/ul>\n\n\n\n<ol class=\"wp-block-list\">\n<li>Acolhimento da solicita\u00e7\u00e3o.<\/li>\n\n\n\n<li>Elabora\u00e7\u00e3o de ordem de servi\u00e7o.<\/li>\n\n\n\n<li>Direcionamento para a \u00e1rea respons\u00e1vel.<\/li>\n\n\n\n<li>Programa\u00e7\u00e3o do servi\u00e7o.<\/li>\n\n\n\n<li>Execu\u00e7\u00e3o.<\/li>\n\n\n\n<li>Devolutiva da \u00e1rea respons\u00e1vel.<\/li>\n\n\n\n<li>Finaliza\u00e7\u00e3o e arquivamento do atendimento.<\/li>\n<\/ol>\n\n\n\n<p><strong>Prazo para realiza\u00e7\u00e3o<\/strong><\/p>\n\n\n\n<p>At\u00e9 30 dias \u00fateis.<\/p>\n\n\n\n<p><strong>Forma e locais de presta\u00e7\u00e3o<\/strong><\/p>\n\n\n\n<p>Link para baixar o APP Cajamar nos celulares com sistema Android:<\/p>\n\n\n\n<p><a href=\"https:\/\/play.google.com\/store\/apps\/details?id=br.gov.sp.cijun.appsol.cajamar\">https:\/\/play.google.com\/store\/apps\/details?id=br.gov.sp.cijun.appsol.cajamar<\/a><\/p>\n\n\n\n<p>Link para baixar \u201cAPP Cajamar\u201d no celular com sistema IOS:<\/p>\n\n\n\n<p><a href=\"https:\/\/apps.apple.com\/br\/app\/prefeitura-de-cajamar\/id1497554782\">https:\/\/apps.apple.com\/br\/app\/prefeitura-de-cajamar\/id1497554782<\/a><\/p>\n\n\n\n<p>Regional de Jordan\u00e9sia: Rua Dr. Antonio Lemes Nunes Galv\u00e3o, 60 \u2013 Jordan\u00e9sia. Telefone (11) 4446-0000 \u2013 Ramal 7257 \u2013 Expediente das 08h \u00e0s 17h.<\/p>\n\n\n\n<p>Regional do Polvilho: Rua Am\u00e9rico Brasiliense, 01 \u2013 Polvilho. Telefone: (11) 4446-0000 \u2013 Ramal 7256 \u2013 Expediente das 08h \u00e0s 17h.<\/p>\n\n\n\n<p>Regional do Ponunduva: Rua Jos\u00e9 Rodrigues Ponte, 80 \u2013 Ponunduva. Telefone: (11) 4446-0000 \u2013 Ramal 7255 \u2013 Expediente das 08h \u00e0s 17h.<\/p>\n\n\n\n<p>Sede da Secretaria: Pra\u00e7a Jos\u00e9 Rodrigues do Nascimento, 30 \u2013 Cajamar Centro (Pa\u00e7o Municipal). Telefone: (11) 4446-0018 \u2013 Expediente das 08h \u00e0s 17h.<\/p>\n\n\n\n<p><strong>Prioridades de atendimento<\/strong><\/p>\n\n\n\n<p>Por ordem de chegada, sendo respeitadas as legisla\u00e7\u00f5es vigentes sobre prioridades no atendimento.<\/p>\n\n\n\n<p><strong>Previs\u00e3o de espera para o atendimento<\/strong><\/p>\n\n\n\n<p>Imediato.<\/p>\n\n\n\n<p><strong>Meios de contato<\/strong><\/p>\n\n\n\n<p>Via aplicativo o usu\u00e1rio do servi\u00e7o p\u00fablico recebe atualiza\u00e7\u00f5es a cada movimenta\u00e7\u00e3o da solicita\u00e7\u00e3o. A mesma pode ser consultada tamb\u00e9m presencialmente ou por telefone.<\/p>\n\n\n\n<p>Regional de Jordan\u00e9sia: Rua Dr. Antonio Lemes Nunes Galv\u00e3o, 60 \u2013 Jordan\u00e9sia. Telefone: (11) 4446-0000 \u2013 Ramal 7257 \u2013 Expediente das 08h \u00e0s 17h<\/p>\n\n\n\n<p>Regional do Polvilho: Rua Am\u00e9rico Brasiliense, 01 \u2013 Polvilho. Telefone: (11) 4446-0000 \u2013 Ramal 7256 \u2013 Expediente das 08h \u00e0s 17h.<\/p>\n\n\n\n<p>Regional do Ponunduva: Rua Jos\u00e9 Rodrigues Ponte, 80 \u2013 Ponunduva. Telefone: (11) 4446-0000 \u2013 Ramal 7255 \u2013 Expediente das 08h \u00e0s 17h.<\/p>\n\n\n\n<p>Sede Secretaria: Pra\u00e7a Jos\u00e9 Rodrigues do Nascimento, 30 \u2013 Cajamar Centro (Pa\u00e7o Municipal). Telefone: (11) 4446-0018 \u2013 Expediente das 08h \u00e0s 17h<\/p>\n\n\n\n<p><strong>Manifesta\u00e7\u00e3o sobre o servi\u00e7o<\/strong><\/p>\n\n\n\n<p>Ouvidoria Geral da Prefeitura: para registrar elogios, sugest\u00f5es, den\u00fancias ou reclama\u00e7\u00f5es sobre a presta\u00e7\u00e3o deste servi\u00e7o, entre em contato atrav\u00e9s dos nossos canais de atendimento:<\/p>\n\n\n\n<ul class=\"wp-block-list\">\n<li>Sistema de ouvidoria: <a href=\"https:\/\/e-ouvidoria.cajamar.sp.gov.br\/\">https:\/\/e-ouvidoria.cajamar.sp.gov.br\/<\/a>.<\/li>\n<\/ul>\n\n\n\n<ul class=\"wp-block-list\">\n<li>APP Cajamar: Dispon\u00edvel para Apple Store e Google Play &#8211; Direcionamento para o Sistema de ouvidoria<\/li>\n<\/ul>\n\n\n\n<ul class=\"wp-block-list\">\n<li>E-mail: <a href=\"mailto:ouvidoria@cajamar.sp.gov.br\">ouvidoria@cajamar.sp.gov.br<\/a>.<\/li>\n<\/ul>\n\n\n\n<ul class=\"wp-block-list\">\n<li>Telefone: 0800 771 1223, op\u00e7\u00e3o 1 (expediente: das 8 \u00e0s 17h de Segunda \u00e0 Sexta-feira &#8211; exceto feriados).<\/li>\n<\/ul>\n\n\n\n<ul class=\"wp-block-list\">\n<li>Presencial e Carta: Pa\u00e7o Municipal &#8211; End.: Pra\u00e7a Jos\u00e9 Rodrigues do Nascimento, 30 &#8211; Bairro \u00c1gua Fria &#8211; Distrito Sede &#8211; Cajamar\/SP &#8211; CEP 07752-060 (expediente: das 8 \u00e0s 17h de Segunda \u00e0 Sexta-feira &#8211; exceto feriados).<\/li>\n<\/ul>\n\n\n\n<p><strong>Secretaria Municipal \/ Departamento<\/strong><\/p>\n\n\n\n<p>Secretaria Municipal de Infraestrutura e Servi\u00e7os P\u00fablicos \/ Departamento de Servi\u00e7os Municipais.<\/p>\n","protected":false},"excerpt":{"rendered":"<p>Servi\u00e7o oferecido Requisitos, documentos, informa\u00e7\u00f5es e formas de acessar o servi\u00e7o As solicita\u00e7\u00f5es de servi\u00e7os devem ser realizadas preferencialmente atrav\u00e9s do APP Cajamar, por telefone, ou pessoalmente nas Secretarias Regionais e na Sede da Secretaria de Infraestrutura e Servi\u00e7os P\u00fablicos. Etapas do servi\u00e7o Prazo para realiza\u00e7\u00e3o At\u00e9 30 dias \u00fateis. Forma e locais de presta\u00e7\u00e3o [&hellip;]<\/p>\n","protected":false},"author":40,"featured_media":0,"parent":964,"menu_order":0,"comment_status":"closed","ping_status":"closed","template":"","meta":{"footnotes":""},"class_list":["post-922","page","type-page","status-publish","hentry"],"_links":{"self":[{"href":"https:\/\/cajamar.sp.gov.br\/carta-de-servicos\/wp-json\/wp\/v2\/pages\/922","targetHints":{"allow":["GET"]}}],"collection":[{"href":"https:\/\/cajamar.sp.gov.br\/carta-de-servicos\/wp-json\/wp\/v2\/pages"}],"about":[{"href":"https:\/\/cajamar.sp.gov.br\/carta-de-servicos\/wp-json\/wp\/v2\/types\/page"}],"author":[{"embeddable":true,"href":"https:\/\/cajamar.sp.gov.br\/carta-de-servicos\/wp-json\/wp\/v2\/users\/40"}],"replies":[{"embeddable":true,"href":"https:\/\/cajamar.sp.gov.br\/carta-de-servicos\/wp-json\/wp\/v2\/comments?post=922"}],"version-history":[{"count":1,"href":"https:\/\/cajamar.sp.gov.br\/carta-de-servicos\/wp-json\/wp\/v2\/pages\/922\/revisions"}],"predecessor-version":[{"id":923,"href":"https:\/\/cajamar.sp.gov.br\/carta-de-servicos\/wp-json\/wp\/v2\/pages\/922\/revisions\/923"}],"up":[{"embeddable":true,"href":"https:\/\/cajamar.sp.gov.br\/carta-de-servicos\/wp-json\/wp\/v2\/pages\/964"}],"wp:attachment":[{"href":"https:\/\/cajamar.sp.gov.br\/carta-de-servicos\/wp-json\/wp\/v2\/media?parent=922"}],"curies":[{"name":"wp","href":"https:\/\/api.w.org\/{rel}","templated":true}]}}