{"id":952,"date":"2024-06-20T10:52:32","date_gmt":"2024-06-20T13:52:32","guid":{"rendered":"https:\/\/cajamar.sp.gov.br\/carta-de-servicos\/?page_id=952"},"modified":"2024-06-25T09:38:23","modified_gmt":"2024-06-25T12:38:23","slug":"licenca-premio","status":"publish","type":"page","link":"https:\/\/cajamar.sp.gov.br\/carta-de-servicos\/gestao-e-desenvolvimento-de-recursos-humanos\/licenca-premio\/","title":{"rendered":"Licen\u00e7a-Pr\u00eamio"},"content":{"rendered":"\n<p><strong>Servi\u00e7o oferecido<\/strong><\/p>\n\n\n\n<p>Benef\u00edcio concedido ao servidor ap\u00f3s completar cinco anos de efetivo exerc\u00edcio.<\/p>\n\n\n\n<p><strong>Requisitos, documentos, informa\u00e7\u00f5es e formas de acessar o servi\u00e7o<\/strong><\/p>\n\n\n\n<p>O servidor dever\u00e1 abrir um processo administrativo, sem custo, no Protocolo Geral da Prefeitura (Pa\u00e7o Municipal \u2013 Pra\u00e7a Jos\u00e9 Rodrigues do Nascimento, n\u00ba 30 \u2013 Centro).<\/p>\n\n\n\n<p><strong>Etapas do servi\u00e7o<\/strong><\/p>\n\n\n\n<ul class=\"wp-block-list\">\n<li>Requerimento da Licen\u00e7a-Pr\u00eamio por processo administrativo.<\/li>\n<\/ul>\n\n\n\n<ul class=\"wp-block-list\">\n<li>Emiss\u00e3o da certid\u00e3o se o servidor preenche os requisitos para obten\u00e7\u00e3o da benesse.<\/li>\n<\/ul>\n\n\n\n<ul class=\"wp-block-list\">\n<li>Os c\u00e1lculos referentes ao benef\u00edcio s\u00e3o efetuados.<\/li>\n<\/ul>\n\n\n\n<ul class=\"wp-block-list\">\n<li>Ci\u00eancia do servidor.<\/li>\n<\/ul>\n\n\n\n<ul class=\"wp-block-list\">\n<li>Programa\u00e7\u00e3o da Licen\u00e7a-Pr\u00eamio.<\/li>\n<\/ul>\n\n\n\n<ul class=\"wp-block-list\">\n<li>Emiss\u00e3o de decis\u00e3o pela autoridade competente e emiss\u00e3o de portaria de concess\u00e3o da Licen\u00e7a-Pr\u00eamio.<\/li>\n<\/ul>\n\n\n\n<p><strong>Prazo para realiza\u00e7\u00e3o<\/strong><\/p>\n\n\n\n<p>A Licen\u00e7a-Pr\u00eamio tem que ser requerida com sessenta dias de anteced\u00eancia da frui\u00e7\u00e3o.<\/p>\n\n\n\n<p><strong>Forma e locais de presta\u00e7\u00e3o<\/strong><\/p>\n\n\n\n<p>O servidor deve abrir um processo administrativo no Protocolo Geral da Prefeitura, sem custo para o servidor.<\/p>\n\n\n\n<p><strong>Prioridades de atendimento<\/strong><\/p>\n\n\n\n<p>Por ordem de chegada dos processos administrativos, sendo respeitadas as legisla\u00e7\u00f5es vigentes sobre prioridades no atendimento.<\/p>\n\n\n\n<p><strong>Previs\u00e3o de espera para o atendimento<\/strong><\/p>\n\n\n\n<p>A abertura de processo administrativo \u00e9 imediata, atrav\u00e9s do Protocolo Geral da Prefeitura.<\/p>\n\n\n\n<p><strong>Meios de contato<\/strong><\/p>\n\n\n\n<p>Atrav\u00e9s do Portal do Servidor:<\/p>\n\n\n\n<p><a href=\"https:\/\/portaldoservidor.cajamar.sp.gov.br\/\">https:\/\/portaldoservidor.cajamar.sp.gov.br\/<\/a><\/p>\n\n\n\n<p>Por telefone: (11) 4446-0020.<\/p>\n\n\n\n<p>Presencial: Secretaria Municipal de Gest\u00e3o e Desenvolvimento de Recursos Humanos (Pa\u00e7o Municipal \u2013 Pra\u00e7a Jos\u00e9 Rodrigues do Nascimento, n\u00ba 30 \u2013 Centro).<\/p>\n\n\n\n<p><strong>Manifesta\u00e7\u00e3o sobre o servi\u00e7o<\/strong><\/p>\n\n\n\n<p>Ouvidoria Geral da Prefeitura: para registrar elogios, sugest\u00f5es, den\u00fancias ou reclama\u00e7\u00f5es sobre a presta\u00e7\u00e3o deste servi\u00e7o, entre em contato atrav\u00e9s dos nossos canais de atendimento:<\/p>\n\n\n\n<ul class=\"wp-block-list\">\n<li>Sistema de ouvidoria: <a href=\"https:\/\/e-ouvidoria.cajamar.sp.gov.br\/\">https:\/\/e-ouvidoria.cajamar.sp.gov.br\/<\/a>.<\/li>\n<\/ul>\n\n\n\n<ul class=\"wp-block-list\">\n<li>APP Cajamar: Dispon\u00edvel para Apple Store e Google Play &#8211; Direcionamento para o Sistema de ouvidoria<\/li>\n<\/ul>\n\n\n\n<ul class=\"wp-block-list\">\n<li>E-mail: <a href=\"mailto:ouvidoria@cajamar.sp.gov.br\">ouvidoria@cajamar.sp.gov.br<\/a>.<\/li>\n<\/ul>\n\n\n\n<ul class=\"wp-block-list\">\n<li>Telefone: 0800 771 1223, op\u00e7\u00e3o 1 (expediente: das 8 \u00e0s 17h de Segunda \u00e0 Sexta-feira &#8211; exceto feriados).<\/li>\n<\/ul>\n\n\n\n<ul class=\"wp-block-list\">\n<li>Presencial e Carta: Pa\u00e7o Municipal &#8211; End.: Pra\u00e7a Jos\u00e9 Rodrigues do Nascimento, 30 &#8211; Bairro \u00c1gua Fria &#8211; Distrito Sede &#8211; Cajamar\/SP &#8211; CEP 07752-060 (expediente: das 8 \u00e0s 17h de Segunda \u00e0 Sexta-feira &#8211; exceto feriados).<\/li>\n<\/ul>\n\n\n\n<p><strong>Secretaria Municipal \/ Departamento<\/strong><\/p>\n\n\n\n<p>Secretaria Municipal de Gest\u00e3o e Desenvolvimento de Recursos Humanos \/ Departamento de Administra\u00e7\u00e3o de Pessoal.<\/p>\n","protected":false},"excerpt":{"rendered":"<p>Servi\u00e7o oferecido Benef\u00edcio concedido ao servidor ap\u00f3s completar cinco anos de efetivo exerc\u00edcio. Requisitos, documentos, informa\u00e7\u00f5es e formas de acessar o servi\u00e7o O servidor dever\u00e1 abrir um processo administrativo, sem custo, no Protocolo Geral da Prefeitura (Pa\u00e7o Municipal \u2013 Pra\u00e7a Jos\u00e9 Rodrigues do Nascimento, n\u00ba 30 \u2013 Centro). Etapas do servi\u00e7o Prazo para realiza\u00e7\u00e3o A [&hellip;]<\/p>\n","protected":false},"author":40,"featured_media":0,"parent":966,"menu_order":0,"comment_status":"closed","ping_status":"closed","template":"","meta":{"footnotes":""},"class_list":["post-952","page","type-page","status-publish","hentry"],"_links":{"self":[{"href":"https:\/\/cajamar.sp.gov.br\/carta-de-servicos\/wp-json\/wp\/v2\/pages\/952","targetHints":{"allow":["GET"]}}],"collection":[{"href":"https:\/\/cajamar.sp.gov.br\/carta-de-servicos\/wp-json\/wp\/v2\/pages"}],"about":[{"href":"https:\/\/cajamar.sp.gov.br\/carta-de-servicos\/wp-json\/wp\/v2\/types\/page"}],"author":[{"embeddable":true,"href":"https:\/\/cajamar.sp.gov.br\/carta-de-servicos\/wp-json\/wp\/v2\/users\/40"}],"replies":[{"embeddable":true,"href":"https:\/\/cajamar.sp.gov.br\/carta-de-servicos\/wp-json\/wp\/v2\/comments?post=952"}],"version-history":[{"count":1,"href":"https:\/\/cajamar.sp.gov.br\/carta-de-servicos\/wp-json\/wp\/v2\/pages\/952\/revisions"}],"predecessor-version":[{"id":953,"href":"https:\/\/cajamar.sp.gov.br\/carta-de-servicos\/wp-json\/wp\/v2\/pages\/952\/revisions\/953"}],"up":[{"embeddable":true,"href":"https:\/\/cajamar.sp.gov.br\/carta-de-servicos\/wp-json\/wp\/v2\/pages\/966"}],"wp:attachment":[{"href":"https:\/\/cajamar.sp.gov.br\/carta-de-servicos\/wp-json\/wp\/v2\/media?parent=952"}],"curies":[{"name":"wp","href":"https:\/\/api.w.org\/{rel}","templated":true}]}}