{"id":960,"date":"2024-06-20T10:55:18","date_gmt":"2024-06-20T13:55:18","guid":{"rendered":"https:\/\/cajamar.sp.gov.br\/carta-de-servicos\/?page_id=960"},"modified":"2024-06-20T11:07:52","modified_gmt":"2024-06-20T14:07:52","slug":"mobilidade-e-desenvolvimento-urbano","status":"publish","type":"page","link":"https:\/\/cajamar.sp.gov.br\/carta-de-servicos\/mobilidade-e-desenvolvimento-urbano\/","title":{"rendered":"Mobilidade e Desenvolvimento Urbano"},"content":{"rendered":"<ul class=\"wp-block-page-list\"><li class=\"wp-block-pages-list__item\"><a class=\"wp-block-pages-list__item__link\" href=\"https:\/\/cajamar.sp.gov.br\/carta-de-servicos\/mobilidade-e-desenvolvimento-urbano\/cartao-caminhao\/\">Cart\u00e3o Caminh\u00e3o<\/a><\/li><li class=\"wp-block-pages-list__item\"><a class=\"wp-block-pages-list__item__link\" href=\"https:\/\/cajamar.sp.gov.br\/carta-de-servicos\/mobilidade-e-desenvolvimento-urbano\/credencial-de-estacionamento\/\">Credencial de Estacionamento<\/a><\/li><li class=\"wp-block-pages-list__item\"><a class=\"wp-block-pages-list__item__link\" href=\"https:\/\/cajamar.sp.gov.br\/carta-de-servicos\/mobilidade-e-desenvolvimento-urbano\/educacao-para-o-transito-e-informativos\/\">Educa\u00e7\u00e3o para o Tr\u00e2nsito e Informativos<\/a><\/li><li class=\"wp-block-pages-list__item\"><a class=\"wp-block-pages-list__item__link\" href=\"https:\/\/cajamar.sp.gov.br\/carta-de-servicos\/mobilidade-e-desenvolvimento-urbano\/emissao-de-alvara-de-taxi-e-transporte-escolar\/\">Emiss\u00e3o de Alvar\u00e1 de T\u00e1xi e Transporte Escolar<\/a><\/li><li class=\"wp-block-pages-list__item\"><a class=\"wp-block-pages-list__item__link\" href=\"https:\/\/cajamar.sp.gov.br\/carta-de-servicos\/mobilidade-e-desenvolvimento-urbano\/processo-de-recursos\/\">Processo de Recursos<\/a><\/li><\/ul>","protected":false},"excerpt":{"rendered":"","protected":false},"author":40,"featured_media":0,"parent":0,"menu_order":0,"comment_status":"closed","ping_status":"closed","template":"","meta":{"footnotes":""},"class_list":["post-960","page","type-page","status-publish","hentry"],"_links":{"self":[{"href":"https:\/\/cajamar.sp.gov.br\/carta-de-servicos\/wp-json\/wp\/v2\/pages\/960","targetHints":{"allow":["GET"]}}],"collection":[{"href":"https:\/\/cajamar.sp.gov.br\/carta-de-servicos\/wp-json\/wp\/v2\/pages"}],"about":[{"href":"https:\/\/cajamar.sp.gov.br\/carta-de-servicos\/wp-json\/wp\/v2\/types\/page"}],"author":[{"embeddable":true,"href":"https:\/\/cajamar.sp.gov.br\/carta-de-servicos\/wp-json\/wp\/v2\/users\/40"}],"replies":[{"embeddable":true,"href":"https:\/\/cajamar.sp.gov.br\/carta-de-servicos\/wp-json\/wp\/v2\/comments?post=960"}],"version-history":[{"count":3,"href":"https:\/\/cajamar.sp.gov.br\/carta-de-servicos\/wp-json\/wp\/v2\/pages\/960\/revisions"}],"predecessor-version":[{"id":995,"href":"https:\/\/cajamar.sp.gov.br\/carta-de-servicos\/wp-json\/wp\/v2\/pages\/960\/revisions\/995"}],"wp:attachment":[{"href":"https:\/\/cajamar.sp.gov.br\/carta-de-servicos\/wp-json\/wp\/v2\/media?parent=960"}],"curies":[{"name":"wp","href":"https:\/\/api.w.org\/{rel}","templated":true}]}}