{"id":966,"date":"2024-06-20T10:58:13","date_gmt":"2024-06-20T13:58:13","guid":{"rendered":"https:\/\/cajamar.sp.gov.br\/carta-de-servicos\/?page_id=966"},"modified":"2024-06-20T11:06:53","modified_gmt":"2024-06-20T14:06:53","slug":"gestao-e-desenvolvimento-de-recursos-humanos","status":"publish","type":"page","link":"https:\/\/cajamar.sp.gov.br\/carta-de-servicos\/gestao-e-desenvolvimento-de-recursos-humanos\/","title":{"rendered":"Gest\u00e3o e Desenvolvimento de Recursos Humanos"},"content":{"rendered":"<ul class=\"wp-block-page-list\"><li class=\"wp-block-pages-list__item\"><a class=\"wp-block-pages-list__item__link\" href=\"https:\/\/cajamar.sp.gov.br\/carta-de-servicos\/gestao-e-desenvolvimento-de-recursos-humanos\/adesao-ao-plano-de-saude\/\">Ades\u00e3o ao Plano de Sa\u00fade<\/a><\/li><li class=\"wp-block-pages-list__item\"><a class=\"wp-block-pages-list__item__link\" href=\"https:\/\/cajamar.sp.gov.br\/carta-de-servicos\/gestao-e-desenvolvimento-de-recursos-humanos\/anexo-ii\/\">Anexo II<\/a><\/li><li class=\"wp-block-pages-list__item\"><a class=\"wp-block-pages-list__item__link\" href=\"https:\/\/cajamar.sp.gov.br\/carta-de-servicos\/gestao-e-desenvolvimento-de-recursos-humanos\/anexo-iii\/\">Anexo III<\/a><\/li><li class=\"wp-block-pages-list__item\"><a class=\"wp-block-pages-list__item__link\" href=\"https:\/\/cajamar.sp.gov.br\/carta-de-servicos\/gestao-e-desenvolvimento-de-recursos-humanos\/antecipacao-de-decimo-terceiro-salario\/\">Antecipa\u00e7\u00e3o de D\u00e9cimo Terceiro Sal\u00e1rio<\/a><\/li><li class=\"wp-block-pages-list__item\"><a class=\"wp-block-pages-list__item__link\" href=\"https:\/\/cajamar.sp.gov.br\/carta-de-servicos\/gestao-e-desenvolvimento-de-recursos-humanos\/certidao-de-averbacao-de-tempo-de-servico\/\">Certid\u00e3o de Averba\u00e7\u00e3o de Tempo de Servi\u00e7o<\/a><\/li><li class=\"wp-block-pages-list__item\"><a class=\"wp-block-pages-list__item__link\" href=\"https:\/\/cajamar.sp.gov.br\/carta-de-servicos\/gestao-e-desenvolvimento-de-recursos-humanos\/certidao-de-tempo-liquido\/\">Certid\u00e3o de Tempo L\u00edquido<\/a><\/li><li class=\"wp-block-pages-list__item\"><a class=\"wp-block-pages-list__item__link\" href=\"https:\/\/cajamar.sp.gov.br\/carta-de-servicos\/gestao-e-desenvolvimento-de-recursos-humanos\/composicao-de-remuneracao\/\">Composi\u00e7\u00e3o de Remunera\u00e7\u00e3o<\/a><\/li><li class=\"wp-block-pages-list__item\"><a class=\"wp-block-pages-list__item__link\" href=\"https:\/\/cajamar.sp.gov.br\/carta-de-servicos\/gestao-e-desenvolvimento-de-recursos-humanos\/declaracao-de-vinculo-e-regime\/\">Declara\u00e7\u00e3o de V\u00ednculo e Regime<\/a><\/li><li class=\"wp-block-pages-list__item\"><a class=\"wp-block-pages-list__item__link\" href=\"https:\/\/cajamar.sp.gov.br\/carta-de-servicos\/gestao-e-desenvolvimento-de-recursos-humanos\/documentos-para-aposentadoria-ipssc\/\">Documentos para Aposentadoria IPSSC<\/a><\/li><li class=\"wp-block-pages-list__item\"><a class=\"wp-block-pages-list__item__link\" href=\"https:\/\/cajamar.sp.gov.br\/carta-de-servicos\/gestao-e-desenvolvimento-de-recursos-humanos\/licenca-premio\/\">Licen\u00e7a-Pr\u00eamio<\/a><\/li><li class=\"wp-block-pages-list__item\"><a class=\"wp-block-pages-list__item__link\" href=\"https:\/\/cajamar.sp.gov.br\/carta-de-servicos\/gestao-e-desenvolvimento-de-recursos-humanos\/processos-administrativos\/\">Processos Administrativos<\/a><\/li><li class=\"wp-block-pages-list__item\"><a class=\"wp-block-pages-list__item__link\" href=\"https:\/\/cajamar.sp.gov.br\/carta-de-servicos\/gestao-e-desenvolvimento-de-recursos-humanos\/vale-transporte\/\">Vale Transporte<\/a><\/li><\/ul>","protected":false},"excerpt":{"rendered":"","protected":false},"author":40,"featured_media":0,"parent":0,"menu_order":0,"comment_status":"closed","ping_status":"closed","template":"","meta":{"footnotes":""},"class_list":["post-966","page","type-page","status-publish","hentry"],"_links":{"self":[{"href":"https:\/\/cajamar.sp.gov.br\/carta-de-servicos\/wp-json\/wp\/v2\/pages\/966","targetHints":{"allow":["GET"]}}],"collection":[{"href":"https:\/\/cajamar.sp.gov.br\/carta-de-servicos\/wp-json\/wp\/v2\/pages"}],"about":[{"href":"https:\/\/cajamar.sp.gov.br\/carta-de-servicos\/wp-json\/wp\/v2\/types\/page"}],"author":[{"embeddable":true,"href":"https:\/\/cajamar.sp.gov.br\/carta-de-servicos\/wp-json\/wp\/v2\/users\/40"}],"replies":[{"embeddable":true,"href":"https:\/\/cajamar.sp.gov.br\/carta-de-servicos\/wp-json\/wp\/v2\/comments?post=966"}],"version-history":[{"count":3,"href":"https:\/\/cajamar.sp.gov.br\/carta-de-servicos\/wp-json\/wp\/v2\/pages\/966\/revisions"}],"predecessor-version":[{"id":992,"href":"https:\/\/cajamar.sp.gov.br\/carta-de-servicos\/wp-json\/wp\/v2\/pages\/966\/revisions\/992"}],"wp:attachment":[{"href":"https:\/\/cajamar.sp.gov.br\/carta-de-servicos\/wp-json\/wp\/v2\/media?parent=966"}],"curies":[{"name":"wp","href":"https:\/\/api.w.org\/{rel}","templated":true}]}}