{"id":974,"date":"2024-06-20T11:02:52","date_gmt":"2024-06-20T14:02:52","guid":{"rendered":"https:\/\/cajamar.sp.gov.br\/carta-de-servicos\/?page_id=974"},"modified":"2024-06-20T11:07:33","modified_gmt":"2024-06-20T14:07:33","slug":"meio-ambiente-e-protecao-animal","status":"publish","type":"page","link":"https:\/\/cajamar.sp.gov.br\/carta-de-servicos\/meio-ambiente-e-protecao-animal\/","title":{"rendered":"Meio Ambiente e Prote\u00e7\u00e3o Animal"},"content":{"rendered":"<ul class=\"wp-block-page-list\"><li class=\"wp-block-pages-list__item\"><a class=\"wp-block-pages-list__item__link\" href=\"https:\/\/cajamar.sp.gov.br\/carta-de-servicos\/meio-ambiente-e-protecao-animal\/atendimento-clinico-animal-e-castracao\/\">Atendimento Cl\u00ednico Animal e Castra\u00e7\u00e3o<\/a><\/li><li class=\"wp-block-pages-list__item\"><a class=\"wp-block-pages-list__item__link\" href=\"https:\/\/cajamar.sp.gov.br\/carta-de-servicos\/meio-ambiente-e-protecao-animal\/certidao-ambiental-e-certidao-de-debitos-ambientais\/\">Certid\u00e3o Ambiental e Certid\u00e3o de D\u00e9bitos Ambientais<\/a><\/li><li class=\"wp-block-pages-list__item\"><a class=\"wp-block-pages-list__item__link\" href=\"https:\/\/cajamar.sp.gov.br\/carta-de-servicos\/meio-ambiente-e-protecao-animal\/doacao-de-mudas\/\">Doa\u00e7\u00e3o de Mudas<\/a><\/li><li class=\"wp-block-pages-list__item\"><a class=\"wp-block-pages-list__item__link\" href=\"https:\/\/cajamar.sp.gov.br\/carta-de-servicos\/meio-ambiente-e-protecao-animal\/fiscalizacao-ambiental\/\">Fiscaliza\u00e7\u00e3o Ambiental<\/a><\/li><li class=\"wp-block-pages-list__item\"><a class=\"wp-block-pages-list__item__link\" href=\"https:\/\/cajamar.sp.gov.br\/carta-de-servicos\/meio-ambiente-e-protecao-animal\/licenciamento-ambiental\/\">Licenciamento Ambiental<\/a><\/li><li class=\"wp-block-pages-list__item\"><a class=\"wp-block-pages-list__item__link\" href=\"https:\/\/cajamar.sp.gov.br\/carta-de-servicos\/meio-ambiente-e-protecao-animal\/parecer-tecnico-ambiental\/\">Parecer T\u00e9cnico Ambiental<\/a><\/li><li class=\"wp-block-pages-list__item\"><a class=\"wp-block-pages-list__item__link\" href=\"https:\/\/cajamar.sp.gov.br\/carta-de-servicos\/meio-ambiente-e-protecao-animal\/poda-e-supressao-arborea\/\">Poda e Supress\u00e3o Arb\u00f3rea<\/a><\/li><\/ul>","protected":false},"excerpt":{"rendered":"","protected":false},"author":40,"featured_media":0,"parent":0,"menu_order":0,"comment_status":"closed","ping_status":"closed","template":"","meta":{"footnotes":""},"class_list":["post-974","page","type-page","status-publish","hentry"],"_links":{"self":[{"href":"https:\/\/cajamar.sp.gov.br\/carta-de-servicos\/wp-json\/wp\/v2\/pages\/974","targetHints":{"allow":["GET"]}}],"collection":[{"href":"https:\/\/cajamar.sp.gov.br\/carta-de-servicos\/wp-json\/wp\/v2\/pages"}],"about":[{"href":"https:\/\/cajamar.sp.gov.br\/carta-de-servicos\/wp-json\/wp\/v2\/types\/page"}],"author":[{"embeddable":true,"href":"https:\/\/cajamar.sp.gov.br\/carta-de-servicos\/wp-json\/wp\/v2\/users\/40"}],"replies":[{"embeddable":true,"href":"https:\/\/cajamar.sp.gov.br\/carta-de-servicos\/wp-json\/wp\/v2\/comments?post=974"}],"version-history":[{"count":3,"href":"https:\/\/cajamar.sp.gov.br\/carta-de-servicos\/wp-json\/wp\/v2\/pages\/974\/revisions"}],"predecessor-version":[{"id":994,"href":"https:\/\/cajamar.sp.gov.br\/carta-de-servicos\/wp-json\/wp\/v2\/pages\/974\/revisions\/994"}],"wp:attachment":[{"href":"https:\/\/cajamar.sp.gov.br\/carta-de-servicos\/wp-json\/wp\/v2\/media?parent=974"}],"curies":[{"name":"wp","href":"https:\/\/api.w.org\/{rel}","templated":true}]}}