{"id":25,"date":"2020-02-27T14:57:25","date_gmt":"2020-02-27T17:57:25","guid":{"rendered":"https:\/\/cajamar.sp.gov.br\/cidade\/?page_id=25"},"modified":"2020-04-23T15:37:50","modified_gmt":"2020-04-23T18:37:50","slug":"brasao","status":"publish","type":"page","link":"https:\/\/cajamar.sp.gov.br\/cidade\/brasao\/","title":{"rendered":"S\u00edmbolos"},"content":{"rendered":"\n<h2 class=\"wp-block-heading\" id=\"mce_11\">A Bandeira<\/h2>\n\n\n\n<div class=\"wp-block-image\"><figure class=\"alignleft is-resized\"><img decoding=\"async\" src=\"https:\/\/cajamar.sp.gov.br\/cidade\/wp-content\/uploads\/sites\/8\/2020\/04\/bandeira.jpg\" alt=\"\" class=\"wp-image-301\" width=\"266\" height=\"172\"\/><figcaption>Bandeira de Cajamar<\/figcaption><\/figure><\/div>\n\n\n\n<p>A Bandeira do munic\u00edpio de Cajamar tem as oitava de branco, com o ret\u00e2ngulo central da mesma cor, onde se aplica o bras\u00e3o, e de onde partem oito faixas vermelhas e carregadas de sobre-faixa azul, que servem de separa\u00e7\u00e3o das oitavas. As faixas s\u00e3o dispostas duas a duas, sendo verticais, horizontais, em banda e em barra.<\/p>\n\n\n\n<p>Para a confec\u00e7\u00e3o da Bandeira s\u00e3o necess\u00e1rios os seguintes m\u00f3dulos: altura, nove m\u00f3dulos; comprimento, treze m\u00f3dulos, seguindo-se as propor\u00e7\u00f5es do desenho abaixo:<br><\/p>\n\n\n\n<h2 class=\"wp-block-heading\"><strong>O Bras\u00e3o<\/strong><\/h2>\n\n\n\n<div class=\"wp-block-image\"><figure class=\"alignleft is-resized\"><img fetchpriority=\"high\" decoding=\"async\" src=\"https:\/\/cajamar.sp.gov.br\/cidade\/wp-content\/uploads\/sites\/8\/2020\/04\/brasao-1.gif\" alt=\"\" class=\"wp-image-305\" width=\"239\" height=\"216\"\/><figcaption>Bras\u00e3o Municipal (Art. 4 da Lei Org\u00e2nica do Munic\u00edpio de Cajamar)<\/figcaption><\/figure><\/div>\n\n\n\n<p>O Bras\u00e3o de Cajamar apresenta Escudo San\u00edtico, em campo de prata uma cruz do cristo, acontonada de 04 ara\u00e7\u00e1s de sinople manchados de sable; chefe de blau carregado de duas estrelas de ouro coroa mural de prata de quatro torres fenestradas de sable, ladeando o escudo, como suportes, dois ramos de ara\u00e7azeiros floridos e frutados, de sua cor-listel de golpes com a legenda JUSTITIA ET FIDE CONSERVABITUR, de prata. A forma san\u00edtica do escudo \u00e9 a forma tradicional dos bras\u00f5es brasileiros de dom\u00ednio. O campo de prata representa a lealdade e a lisura dos habitantes de Cajamar. A cruz da ordem de Cristo, de goles (vermelhos) vazia de prata, \u00e9 o s\u00edmbolo dos portugueses colonizados, dos bandeirantes paulistas que arvoraram em suas bandeiras essa mesma cruz, por tal raz\u00e3o tomada por s\u00edmbolo no bras\u00e3o de dom\u00ednio do Munic\u00edpio de S\u00e3o Paulo, a cujo territ\u00f3rio pertenceu Cajamar.<\/p>\n\n\n\n<p>Os quatros ara\u00e7\u00e1s de sinople (verde) manchado de sable (preto) acantonados, outrora abundante em ara\u00e7\u00e1s e s\u00edmbolo parlante da topon\u00edmia Municipal, cai-a-mar. Cai, manchado tostado; a, fruto, mar, colorido pintado.<\/p>\n\n\n\n<p>O ara\u00e7\u00e1 \u00e9 fruto com essas caracter\u00edsticas. O chefe do blau (azul) representa o idealismo do povo de Cajamar e a cor campo do bras\u00e3o de dom\u00ednio do Munic\u00edpio de Parna\u00edba e cujo territ\u00f3rio pertenceu a Cajamar.<\/p>\n\n\n\n<p>As duas estrelas de ouro representam as duas soberanias a Estadual e a Federal, sendo que a Estadual \u00e9 seu pr\u00f3prio timbre e a Federal, o seu ornamento exterior. A coroa mural de prata, de quatro torres, \u00e9 o s\u00edmbolo da soberania Municipal, com suporte dos ramos de ara\u00e7azeiros floridos e frutados de sua cor.<\/p>\n\n\n\n<p>Listel de goles, com a legenda de prata JUSTITIA ET FIDE CONSERVABITUR (conserva-se-\u00e0 com f\u00e9 e justi\u00e7a).<\/p>\n\n\n\n<p><em><strong><a href=\"https:\/\/cajamar.sp.gov.br\/cidade\/wp-content\/uploads\/sites\/8\/2020\/04\/brasao.pdf\">Fa\u00e7a aqui o download do Bras\u00e3o de Cajamar em PDF.<\/a><\/strong><\/em><\/p>\n\n\n\n<h2 class=\"wp-block-heading\"><strong>Imagotipo<\/strong><\/h2>\n\n\n\n<div class=\"wp-block-image\"><figure class=\"alignleft is-resized\"><img decoding=\"async\" src=\"https:\/\/cajamar.sp.gov.br\/cidade\/wp-content\/uploads\/sites\/8\/2020\/04\/cropped-sem_titulo-1_prancheta_1.png\" alt=\"\" class=\"wp-image-365\" width=\"273\" height=\"289\"\/><figcaption>Imagotipo da Prefeitura de Cajamar (Lei n\u00ba 1.799\/2019)<\/figcaption><\/figure><\/div>\n\n\n\n<p>Ap\u00f3s a realiza\u00e7\u00e3o de concurso p\u00fablico com a participa\u00e7\u00e3o da sociedade civil, a Prefeitura de Cajamar instituiu o imagotipo do munic\u00edpio, regulamentado pela Lei n\u00ba 1.799, de 18 de dezembro de 2019.<\/p>\n\n\n\n<p>O imagotipo poder\u00e1 ser utilizado para identidade visual em materiais impressos usados pelas Secretarias, uniformes, crach\u00e1s, fachadas, folders, cartazes, pap\u00e9is timbrados, convites, envelopes, site institucional e eventos.<\/p>\n\n\n\n<p>N\u00e3o se confundem o imagotipo com os s\u00edmbolos do Munic\u00edpio constantes do Art. 4\u00ba da Lei Org\u00e2nica Municipal.<\/p>\n","protected":false},"excerpt":{"rendered":"<p>Conhe\u00e7a os s\u00edmbolos do munic\u00edpio de Cajamar.<\/p>\n","protected":false},"author":7,"featured_media":0,"parent":0,"menu_order":0,"comment_status":"closed","ping_status":"closed","template":"","meta":{"footnotes":""},"class_list":["post-25","page","type-page","status-publish","hentry"],"_links":{"self":[{"href":"https:\/\/cajamar.sp.gov.br\/cidade\/wp-json\/wp\/v2\/pages\/25","targetHints":{"allow":["GET"]}}],"collection":[{"href":"https:\/\/cajamar.sp.gov.br\/cidade\/wp-json\/wp\/v2\/pages"}],"about":[{"href":"https:\/\/cajamar.sp.gov.br\/cidade\/wp-json\/wp\/v2\/types\/page"}],"author":[{"embeddable":true,"href":"https:\/\/cajamar.sp.gov.br\/cidade\/wp-json\/wp\/v2\/users\/7"}],"replies":[{"embeddable":true,"href":"https:\/\/cajamar.sp.gov.br\/cidade\/wp-json\/wp\/v2\/comments?post=25"}],"version-history":[{"count":19,"href":"https:\/\/cajamar.sp.gov.br\/cidade\/wp-json\/wp\/v2\/pages\/25\/revisions"}],"predecessor-version":[{"id":374,"href":"https:\/\/cajamar.sp.gov.br\/cidade\/wp-json\/wp\/v2\/pages\/25\/revisions\/374"}],"wp:attachment":[{"href":"https:\/\/cajamar.sp.gov.br\/cidade\/wp-json\/wp\/v2\/media?parent=25"}],"curies":[{"name":"wp","href":"https:\/\/api.w.org\/{rel}","templated":true}]}}