{"id":29,"date":"2020-02-27T16:57:36","date_gmt":"2020-02-27T19:57:36","guid":{"rendered":"https:\/\/cajamar.sp.gov.br\/cidade\/?page_id=29"},"modified":"2020-05-12T16:28:02","modified_gmt":"2020-05-12T19:28:02","slug":"como-chegar","status":"publish","type":"page","link":"https:\/\/cajamar.sp.gov.br\/cidade\/como-chegar\/","title":{"rendered":"Como chegar at\u00e9 a cidade de Cajamar"},"content":{"rendered":"\n<p>Cajamar \u00e9 acess\u00edvel principalmente atrav\u00e9s da Rodovia Anhanguera (SP-330). A Rodovia Edgard Zamboto (SP-354) \u00e9 utilizada como liga\u00e7\u00e3o entre Cajamar e as cidades de Franco da Rocha, Campo Limpo Paulista, Jarinu e Atibaia.<\/p>\n\n\n\n<p>A Rodovia dos Bandeirantes (SP-348) corta o munic\u00edpio de Cajamar mas n\u00e3o possui acesso para a cidade. O acesso \u00e9 realizado apenas no munic\u00edpio vizinho de Jundia\u00ed (cidade esta que faz divisa com Cajamar ao norte).<\/p>\n\n\n\n<p>Vindo de Santana de Parna\u00edba, Alphaville, Barueri, Pirapora do Bom Jesus o acesso se faz pela Av. Tenente Marques &#8211; no Distrito do Polvilho.<\/p>\n\n\n\n<p>Vindo de outras \u00e1reas da regi\u00e3o metropolitana, o Rodoanel M\u00e1rio Covas (SP-21) torna-se uma alternativa \u00fatil, pois possui acesso para a Rodovia Anhanguera logo ao Sul da cidade de Cajamar (sentido capital-interior).<\/p>\n\n\n\n<p><strong>Nota:<\/strong>&nbsp;No KM 26 da Rodovia Anhanguera existe um ped\u00e1gio tarifado nos dois sentidos.<\/p>\n\n\n\n<iframe src=\"https:\/\/www.google.com\/maps\/embed?pb=!1m18!1m12!1m3!1d117214.19386045098!2d-46.95031631377725!3d-23.354059315660617!2m3!1f0!2f0!3f0!3m2!1i1024!2i768!4f13.1!3m3!1m2!1s0x94cf1e958732e083%3A0xef1224749a327978!2sCajamar%2C%20SP!5e0!3m2!1spt-PT!2sbr!4v1589311668295!5m2!1spt-PT!2sbr\" width=\"600\" height=\"450\" frameborder=\"0\" style=\"border:0;\" allowfullscreen=\"\" aria-hidden=\"false\" tabindex=\"0\"><\/iframe>\n","protected":false},"excerpt":{"rendered":"<p>Explica\u00e7\u00f5es e mapa para chegar at\u00e9 a cidade de Cajamar. <\/p>\n","protected":false},"author":7,"featured_media":0,"parent":0,"menu_order":0,"comment_status":"closed","ping_status":"closed","template":"","meta":{"footnotes":""},"class_list":["post-29","page","type-page","status-publish","hentry"],"_links":{"self":[{"href":"https:\/\/cajamar.sp.gov.br\/cidade\/wp-json\/wp\/v2\/pages\/29","targetHints":{"allow":["GET"]}}],"collection":[{"href":"https:\/\/cajamar.sp.gov.br\/cidade\/wp-json\/wp\/v2\/pages"}],"about":[{"href":"https:\/\/cajamar.sp.gov.br\/cidade\/wp-json\/wp\/v2\/types\/page"}],"author":[{"embeddable":true,"href":"https:\/\/cajamar.sp.gov.br\/cidade\/wp-json\/wp\/v2\/users\/7"}],"replies":[{"embeddable":true,"href":"https:\/\/cajamar.sp.gov.br\/cidade\/wp-json\/wp\/v2\/comments?post=29"}],"version-history":[{"count":12,"href":"https:\/\/cajamar.sp.gov.br\/cidade\/wp-json\/wp\/v2\/pages\/29\/revisions"}],"predecessor-version":[{"id":381,"href":"https:\/\/cajamar.sp.gov.br\/cidade\/wp-json\/wp\/v2\/pages\/29\/revisions\/381"}],"wp:attachment":[{"href":"https:\/\/cajamar.sp.gov.br\/cidade\/wp-json\/wp\/v2\/media?parent=29"}],"curies":[{"name":"wp","href":"https:\/\/api.w.org\/{rel}","templated":true}]}}