{"id":326,"date":"2020-04-14T11:59:34","date_gmt":"2020-04-14T14:59:34","guid":{"rendered":"https:\/\/cajamar.sp.gov.br\/cidade\/?page_id=326"},"modified":"2023-09-26T10:47:29","modified_gmt":"2023-09-26T13:47:29","slug":"hino","status":"publish","type":"page","link":"https:\/\/cajamar.sp.gov.br\/cidade\/hino\/","title":{"rendered":"Hino de Cajamar"},"content":{"rendered":"\n<p>O hino foi oficializado pela <a href=\"https:\/\/cajamar.sp.gov.br\/diariooficial\/wp-content\/uploads\/sites\/4\/Lei%201244-07.pdf\" target=\"_blank\" rel=\"noreferrer noopener\" aria-label=\"Lei n\u00ba 1.244, de 29 de mar\u00e7o de 2007 (abre numa nova aba)\">Lei n\u00ba 1.244, de 29 de mar\u00e7o de 2007<\/a>. Trata-se de parte integrante do projeto \u201cMutir\u00e3o da Mem\u00f3ria\u201d, elaborado pela Diretoria de Cultura.<\/p>\n\n\n\n<p>A lei prev\u00ea a execu\u00e7\u00e3o da m\u00fasica mensalmente nas escolas municipais, bem como nos eventos oficiais.<\/p>\n\n\n\n<figure class=\"wp-block-audio\"><audio controls src=\"https:\/\/cajamar.sp.gov.br\/cidade\/wp-content\/uploads\/sites\/8\/2020\/05\/hino-de-cajamar.mp3\"><\/audio><figcaption class=\"wp-element-caption\"><a href=\"https:\/\/cajamar.sp.gov.br\/cidade\/wp-content\/uploads\/sites\/8\/2020\/05\/hino-de-cajamar.mp3\" target=\"_blank\" rel=\"noreferrer noopener\" aria-label=\"*Baixe o Hino em \u00e1udio MP3 clicando aqui (abre numa nova aba)\">*Baixe o Hino em \u00e1udio MP3 clicando aqui<\/a><\/figcaption><\/figure>\n\n\n\n<h2 class=\"wp-block-heading\"><strong>Letra<\/strong><\/h2>\n\n\n\n<p><em>Cajamar, ber\u00e7o de bravos tenho orgulho deste ch\u00e3o<br>Nosso c\u00e9u de estrelas brilhantes dos teus montes verdejantes<br>\u00c9 t\u00e3o sublime ao vento ver nosso bras\u00e3o.<\/em><\/p>\n\n\n\n<p><em>Cajamar que tantos sonhos em teus trilhos conduziu<br>Nosso suor gerou cimento, para o desenvolvimento<br>Das divisas do Brasil.<\/em><\/p>\n\n\n\n<p><em>Do verde que renasce dos teus montes<br>Se fez papel pro mundo escrever<br>S\u00e3o de tantas riquezas suas fontes<br>Que nosso nome sempre h\u00e1 de crescer.<\/em><\/p>\n\n\n\n<p><em>A luta dos pelegos e queixadas<br>Lembran\u00e7as que n\u00e3o v\u00e3o se apagar<br>Por todos que honraram a terra amada<br>Se hasteia a bandeira de Cajamar.<\/em><\/p>\n\n\n\n<p><em>Cajamar, de um povo unido sempre pronto a servir<br>Reconstruindo a cada dia nossa hist\u00f3ria com harmonia<br>Firmes na luta de crescer e progredir.<\/em><\/p>\n\n\n\n<p><em>Cajamar, seu campo verde onde brotou o ara\u00e7\u00e1<br>Hoje \u00e9 semente do futuro e nossa gente sente orgulho<br>De viver nesse lugar.<\/em><\/p>\n\n\n\n<p><em>Seu nome \u00e9 endere\u00e7o do progresso<br>Destaque entre as cidades da na\u00e7\u00e3o<br>Receber\u00e1s do c\u00e9u eterna ben\u00e7\u00e3o<br>Do padroeiro S\u00e3o Sebasti\u00e3o.<\/em><\/p>\n\n\n\n<p><br><\/p>\n","protected":false},"excerpt":{"rendered":"<p>Letra, \u00e1udio, lei e mais informa\u00e7\u00f5es do Hino de Cajamar. <\/p>\n","protected":false},"author":7,"featured_media":0,"parent":0,"menu_order":0,"comment_status":"closed","ping_status":"closed","template":"","meta":{"footnotes":""},"class_list":["post-326","page","type-page","status-publish","hentry"],"_links":{"self":[{"href":"https:\/\/cajamar.sp.gov.br\/cidade\/wp-json\/wp\/v2\/pages\/326","targetHints":{"allow":["GET"]}}],"collection":[{"href":"https:\/\/cajamar.sp.gov.br\/cidade\/wp-json\/wp\/v2\/pages"}],"about":[{"href":"https:\/\/cajamar.sp.gov.br\/cidade\/wp-json\/wp\/v2\/types\/page"}],"author":[{"embeddable":true,"href":"https:\/\/cajamar.sp.gov.br\/cidade\/wp-json\/wp\/v2\/users\/7"}],"replies":[{"embeddable":true,"href":"https:\/\/cajamar.sp.gov.br\/cidade\/wp-json\/wp\/v2\/comments?post=326"}],"version-history":[{"count":6,"href":"https:\/\/cajamar.sp.gov.br\/cidade\/wp-json\/wp\/v2\/pages\/326\/revisions"}],"predecessor-version":[{"id":436,"href":"https:\/\/cajamar.sp.gov.br\/cidade\/wp-json\/wp\/v2\/pages\/326\/revisions\/436"}],"wp:attachment":[{"href":"https:\/\/cajamar.sp.gov.br\/cidade\/wp-json\/wp\/v2\/media?parent=326"}],"curies":[{"name":"wp","href":"https:\/\/api.w.org\/{rel}","templated":true}]}}