{"id":6,"date":"2019-10-29T18:26:14","date_gmt":"2019-10-29T20:26:14","guid":{"rendered":"https:\/\/cajamar.sp.gov.br\/cidade\/?page_id=6"},"modified":"2020-04-16T22:37:53","modified_gmt":"2020-04-17T01:37:53","slug":"cidade","status":"publish","type":"page","link":"https:\/\/cajamar.sp.gov.br\/cidade\/","title":{"rendered":"A Cidade"},"content":{"rendered":"\n<ul class=\"wp-block-list\"><li><a href=\"https:\/\/cajamar.sp.gov.br\/cidade\/historia\/\">Hist\u00f3ria<\/a><\/li><li><a href=\"https:\/\/cajamar.sp.gov.br\/cidade\/padroeiro\/\">Padroeiro<\/a><\/li><li><a href=\"https:\/\/cajamar.sp.gov.br\/cidade\/hino\/\">Hino de Cajamar<\/a><\/li><li><a href=\"https:\/\/cajamar.sp.gov.br\/cidade\/brasao\/\">S\u00edmbolos<\/a><\/li><li><a rel=\"noreferrer noopener\" target=\"_blank\" href=\"https:\/\/cajamar.sp.gov.br\/cidade\/como-chegar\/\">Como chegar<\/a><\/li><li><a href=\"https:\/\/cajamar.sp.gov.br\/servicos\/telefones-uteis\/\">Telefones \u00dateis<\/a><\/li><li><a href=\"https:\/\/www.cmdc.sp.gov.br\/\">C\u00e2mara Municipal<\/a><\/li><li><a href=\"https:\/\/cajamar.sp.gov.br\/legislacao\/lei-organica\/lei-organica\/\">Lei Org\u00e2nica<\/a><\/li><li><a href=\"https:\/\/cajamar.sp.gov.br\/cidade\/feriados\/\">Feriados e Pontos Facultativos<\/a> <\/li><\/ul>\n","protected":false},"excerpt":{"rendered":"<p>Hist\u00f3ria Padroeiro Hino de Cajamar S\u00edmbolos Como chegar Telefones \u00dateis C\u00e2mara Municipal Lei Org\u00e2nica Feriados e Pontos Facultativos<\/p>\n","protected":false},"author":2,"featured_media":0,"parent":0,"menu_order":0,"comment_status":"closed","ping_status":"closed","template":"","meta":{"footnotes":""},"class_list":["post-6","page","type-page","status-publish","hentry"],"_links":{"self":[{"href":"https:\/\/cajamar.sp.gov.br\/cidade\/wp-json\/wp\/v2\/pages\/6","targetHints":{"allow":["GET"]}}],"collection":[{"href":"https:\/\/cajamar.sp.gov.br\/cidade\/wp-json\/wp\/v2\/pages"}],"about":[{"href":"https:\/\/cajamar.sp.gov.br\/cidade\/wp-json\/wp\/v2\/types\/page"}],"author":[{"embeddable":true,"href":"https:\/\/cajamar.sp.gov.br\/cidade\/wp-json\/wp\/v2\/users\/2"}],"replies":[{"embeddable":true,"href":"https:\/\/cajamar.sp.gov.br\/cidade\/wp-json\/wp\/v2\/comments?post=6"}],"version-history":[{"count":10,"href":"https:\/\/cajamar.sp.gov.br\/cidade\/wp-json\/wp\/v2\/pages\/6\/revisions"}],"predecessor-version":[{"id":370,"href":"https:\/\/cajamar.sp.gov.br\/cidade\/wp-json\/wp\/v2\/pages\/6\/revisions\/370"}],"wp:attachment":[{"href":"https:\/\/cajamar.sp.gov.br\/cidade\/wp-json\/wp\/v2\/media?parent=6"}],"curies":[{"name":"wp","href":"https:\/\/api.w.org\/{rel}","templated":true}]}}