{"id":187,"date":"2024-02-05T15:23:10","date_gmt":"2024-02-05T18:23:10","guid":{"rendered":"https:\/\/cajamar.sp.gov.br\/comunicacao\/?page_id=187"},"modified":"2024-02-05T15:23:10","modified_gmt":"2024-02-05T18:23:10","slug":"65-entregas-cajamar","status":"publish","type":"page","link":"https:\/\/cajamar.sp.gov.br\/comunicacao\/modernizacao-e-comunicacao\/65-entregas-cajamar\/","title":{"rendered":"65 Entregas Cajamar"},"content":{"rendered":"\n<figure class=\"wp-block-image size-large\"><img fetchpriority=\"high\" decoding=\"async\" width=\"768\" height=\"960\" src=\"https:\/\/cajamar.sp.gov.br\/comunicacao\/wp-content\/uploads\/sites\/25\/2024\/02\/post_-_vem_ai_-_65_presentes-768x960.png\" alt=\"\" class=\"wp-image-188\" srcset=\"https:\/\/cajamar.sp.gov.br\/comunicacao\/wp-content\/uploads\/sites\/25\/2024\/02\/post_-_vem_ai_-_65_presentes-768x960.png 768w, https:\/\/cajamar.sp.gov.br\/comunicacao\/wp-content\/uploads\/sites\/25\/2024\/02\/post_-_vem_ai_-_65_presentes.png 1080w\" sizes=\"(max-width: 768px) 100vw, 768px\" \/><\/figure>\n\n\n\n<h2 class=\"wp-block-heading\">Secretaria Municipal de Educa\u00e7\u00e3o<\/h2>\n\n\n\n<ul class=\"wp-block-list\">\n<li><strong>05\/02\/2024<\/strong> <strong>&#8211;<\/strong> Inaugura\u00e7\u00e3o EMEB Ver. Realino da Costa Pinto Filho<\/li>\n\n\n\n<li><strong>06\/02\/2024 &#8211; <\/strong>Entrega de Materiais, Uniformes e Apostilas<\/li>\n\n\n\n<li>Entrega de 16 Vans Adaptadas para Crian\u00e7as com Defici\u00eancia<\/li>\n<\/ul>\n\n\n\n<h2 class=\"wp-block-heading\">&nbsp; &nbsp; &nbsp;Secretaria Municipal de Esportes, Lazer e Cultura<\/h2>\n\n\n\n<ul class=\"wp-block-list\">\n<li><strong>15\/02\/2024 &#8211;<\/strong> Reinaugura\u00e7\u00e3o do Gin\u00e1sio Poliesportivo Lamartine de Paula Lima<\/li>\n<\/ul>\n\n\n\n<h2 class=\"wp-block-heading\">&nbsp; &nbsp; &nbsp;Secretaria Municipal de Infraestrutura e Servi\u00e7os P\u00fablicos<\/h2>\n\n\n\n<ul class=\"wp-block-list\">\n<li><strong>16\/02\/2024<\/strong> &#8211; Pavimenta\u00e7\u00e3o &#8211; Vi\u00e1rio \/ Nova Rua &#8211; Jd. Mariana (Maxprell)<\/li>\n\n\n\n<li><strong>16\/02\/2024<\/strong> &#8211; Inaugura\u00e7\u00e3o Sala Tecnologia&nbsp; &#8211; EMEB EMERSON CRUZ<\/li>\n\n\n\n<li><strong>19\/02\/2024<\/strong> &#8211; Inaugura\u00e7\u00e3o Sala Tecnologia&nbsp; &#8211; EMEB VERA ALMEIDA<\/li>\n\n\n\n<li><strong>21\/02\/2024<\/strong> &#8211; Inaugura\u00e7\u00e3o Sala Tecnologia &#8211; EMEB LUCY APARECIDA<\/li>\n\n\n\n<li><strong>23\/02\/2024<\/strong> &#8211; Inaugura\u00e7\u00e3o Sala Tecnologia &#8211; EMEB ROSA HELENA<\/li>\n\n\n\n<li><strong>23\/02\/2024<\/strong> &#8211; Inaugura\u00e7\u00e3o Piscin\u00e3o e novo acesso &#8211; Campos do Jord\u00e3o &#8211; Polvilho<\/li>\n\n\n\n<li><strong>28\/02\/2024<\/strong> &#8211; Pavimenta\u00e7\u00e3o Obras de Drenagem e Travessias &#8211; Km 43<\/li>\n\n\n\n<li><strong>29\/02\/2024&nbsp;<\/strong> -Reinaugura\u00e7\u00e3o PAT Jordanesia<\/li>\n\n\n\n<li><strong>Inaugura\u00e7\u00e3o<\/strong> <strong>&#8211;<\/strong> In\u00edcio das Obras da Nova Avenida Jordan\u00e9sia x KM 43<\/li>\n\n\n\n<li><strong>Inaugura\u00e7\u00e3o<\/strong> <strong>&#8211;&nbsp;<\/strong> Centro M\u00e9dico &#8211; Jordan\u00e9sia<\/li>\n\n\n\n<li><strong>Inaugura\u00e7\u00e3o &#8211;<\/strong> Campus da Log\u00edstica e Tecnologia<\/li>\n\n\n\n<li><strong>Pavimenta\u00e7\u00e3o<\/strong> <strong>&#8211;<\/strong> Rua Julho Neves Moreas &#8211; KM 43<\/li>\n\n\n\n<li><strong>Pavimenta\u00e7\u00e3o &#8211;<\/strong> Rua Ad\u00e1lia Manoel Nascimento &#8211; KM 43<\/li>\n\n\n\n<li><strong>Pavimenta\u00e7\u00e3o &#8211;<\/strong> Rua Arealva &#8211; Lago Azul<\/li>\n\n\n\n<li><strong>Pavimenta\u00e7\u00e3o<\/strong> <strong>&#8211;<\/strong> Rua Bilac &#8211; Polvilho<\/li>\n\n\n\n<li><strong>Pavimenta\u00e7\u00e3o<\/strong> Rua Boa Esperan\u00e7a do Sul&nbsp; &#8211; Polvilho<\/li>\n\n\n\n<li><strong>Pavimenta\u00e7\u00e3o<\/strong> Rua Detulina &#8211; Polvilho<\/li>\n\n\n\n<li><strong>Pavimenta\u00e7\u00e3o<\/strong> Rua Bento de Abreu e Biritiba Mirim &#8211; Polvilho<\/li>\n\n\n\n<li><strong>Pavimenta\u00e7\u00e3o<\/strong> Rua Chavantes (Nova Rua) &#8211; Polvilho<\/li>\n\n\n\n<li><strong>Pavimenta\u00e7\u00e3o<\/strong> Rua Chavantes (Existente) &#8211; Polvilho<\/li>\n\n\n\n<li><strong>Pavimenta\u00e7\u00e3o<\/strong> Rua Piquete&nbsp; &#8211; Polvilho<\/li>\n\n\n\n<li><strong>Pavimenta\u00e7\u00e3o<\/strong> Rua Atilio Poleto &#8211; Polvilho<\/li>\n\n\n\n<li><strong>Pavimenta\u00e7\u00e3o<\/strong> Rua Druzolina Amud (Trecho 01 e 02) &#8211; Polvilho<\/li>\n\n\n\n<li><strong>Pavimenta\u00e7\u00e3o<\/strong> Rua Apiai &#8211; Polvilho<\/li>\n\n\n\n<li><strong>Pavimenta\u00e7\u00e3o<\/strong> Rua Altin\u00f3polis &#8211; Polvilho<\/li>\n\n\n\n<li><strong>Pavimenta\u00e7\u00e3o<\/strong> Rua Colina &#8211; Polvilho<\/li>\n\n\n\n<li><strong>Pavimenta\u00e7\u00e3o<\/strong> Rua Colina&nbsp; &#8211; Polvilho<\/li>\n\n\n\n<li><strong>Pavimenta\u00e7\u00e3o<\/strong> Viela -Rua Silverio Augusto Tavares &#8211; Polvilho<\/li>\n\n\n\n<li><strong>Pavimenta\u00e7\u00e3o<\/strong> Viela &#8211; Rua Corumbatai &#8211; Polvilho<\/li>\n\n\n\n<li><strong>Pavimenta\u00e7\u00e3o<\/strong> &#8211; Rua Zoaldo de Campos Pedroso &#8211; Polvilho<\/li>\n\n\n\n<li><strong>Pavimenta\u00e7\u00e3o<\/strong> &#8211; Rua S\u00f4nia Regina de Moraes &#8211; Jordan\u00e9sia<\/li>\n\n\n\n<li><strong>Pavimenta\u00e7\u00e3o<\/strong> &#8211; Acesso de Moradores &#8211; Rod Edgard M\u00e1ximo Zambotto &#8211; Jordan\u00e9sia<\/li>\n\n\n\n<li><strong>Pavimenta\u00e7\u00e3o<\/strong> &#8211;&nbsp; Rua Jos\u00e9 Abreu de Oliveira &#8211; Jordan\u00e9sia<\/li>\n\n\n\n<li><strong>Pavimenta\u00e7\u00e3o<\/strong> &#8211; Rua Santa isabel&nbsp; &#8211; Jordan\u00e9sia<\/li>\n\n\n\n<li><strong>Pavimenta\u00e7\u00e3o<\/strong> &#8211; Rua \u00c1guas de S\u00e3o Pedro&nbsp; &#8211; Jordan\u00e9sia<\/li>\n\n\n\n<li><strong>Pavimenta\u00e7\u00e3o<\/strong> &#8211; Rua Ant\u00f4nio Francisco de Souza&nbsp; &#8211; Jordan\u00e9sia<\/li>\n\n\n\n<li><strong>Pavimenta\u00e7\u00e3o<\/strong> &#8211; Av. Pedro Celestino Penteado &#8211; Jordan\u00e9sia<\/li>\n\n\n\n<li><strong>Pavimenta\u00e7\u00e3o<\/strong> &#8211; Rua Ant\u00f4nio de Freitas Souza &#8211; Jordan\u00e9sia<\/li>\n\n\n\n<li><strong>Pavimenta\u00e7\u00e3o<\/strong> &#8211; Estrada da Servid\u00e3o (Ros\u00e1rio) &#8211; Jordan\u00e9sia<\/li>\n\n\n\n<li><strong>Pavimenta\u00e7\u00e3o<\/strong> &#8211; Rua D\u00f3ris Moda&nbsp; &#8211;&nbsp; Jordan\u00e9sia<\/li>\n\n\n\n<li><strong>Pavimenta\u00e7\u00e3o<\/strong> &#8211; Estrada Flavio Beneducci &#8211; Ponunduva<\/li>\n\n\n\n<li><strong>Pavimenta\u00e7\u00e3o<\/strong> &#8211; Rua dos Flamingos (Trecho) &#8211; Ponunduva<\/li>\n\n\n\n<li><strong>Pavimenta\u00e7\u00e3o<\/strong> &#8211; Rua Bertioga (Subida) &#8211; Ch\u00e1caras do Rodeio &#8211; Ponunduva<\/li>\n\n\n\n<li><strong>Pavimenta\u00e7\u00e3o<\/strong> &#8211; Est. Benedito Proc\u00f3pio Miss\u00e9 &#8211; Ponunduva<\/li>\n\n\n\n<li><strong>Pavimenta\u00e7\u00e3o<\/strong> &#8211; Est. Francisco Miss\u00e9 &#8211;&nbsp; at\u00e9 o Gurudeva &#8211; Ponunduva<\/li>\n\n\n\n<li><strong>Pavimenta\u00e7\u00e3o<\/strong> &#8211; Rua Santa Helena &#8211; Ponunduva<\/li>\n\n\n\n<li><strong>Reinaugura\u00e7\u00e3o<\/strong> &#8211; Reforma e Entrega do Campo do Gato Preto<\/li>\n\n\n\n<li><strong>Pavimenta\u00e7\u00e3o<\/strong> &#8211; Gato Preto<\/li>\n\n\n\n<li><strong>Pavimenta\u00e7\u00e3o<\/strong> &#8211; Rua Armando Gomes da Silva (Florim) &#8211; Centro<\/li>\n\n\n\n<li><strong>Pavimenta\u00e7\u00e3o<\/strong> &#8211; Nova Rua &#8211; Av. Jos\u00e9 Marques Ribeiro &#8211; Guaturinho<\/li>\n\n\n\n<li><strong>Pavimenta\u00e7\u00e3o<\/strong> &#8211; Rua Vinicius de Moraes &#8211; KM43<\/li>\n<\/ul>\n\n\n\n<h2 class=\"wp-block-heading\">&nbsp; &nbsp;Secretaria Municipal de Meio Ambiente e Prote\u00e7\u00e3o Animal<\/h2>\n\n\n\n<ul class=\"wp-block-list\">\n<li><strong>23\/02\/2024 &#8211;<\/strong> Inaugura\u00e7\u00e3o da Horta da EMEB Dem\u00e9trio Rodrigues Pontes &#8211; Ponunduva<\/li>\n<\/ul>\n\n\n\n<h2 class=\"wp-block-heading\">&nbsp; &nbsp;Secretaria Municipal de Mobilidade e Desenvolvimento Urbano<\/h2>\n\n\n\n<ul class=\"wp-block-list\">\n<li><strong>T\u00edtulos&nbsp; &#8211; <\/strong>Matriculas Registradas do Loteamento Programa<strong> &#8211; Jardim Adelaide<\/strong><\/li>\n\n\n\n<li><strong>T\u00edtulos &#8211; <\/strong>Matriculas Registradas do Loteamento Programa<strong> &#8211; Vila das Am\u00e9ricas<\/strong><\/li>\n\n\n\n<li><strong>T\u00edtulos &#8211; <\/strong>Matriculas Registradas do Loteamento Programa<strong> &#8211; Residencial Cajamar<\/strong><\/li>\n\n\n\n<li><strong>T\u00edtulos &#8211; <\/strong>Matriculas Registradas do Loteamento Programa <strong>&#8211; Vila Progresso<\/strong><\/li>\n\n\n\n<li><strong>T\u00edtulos &#8211; <\/strong>Matriculas Registradas do Loteamento Programa<strong>&nbsp; &#8211; Vila Planalto&nbsp;&nbsp;<\/strong><\/li>\n\n\n\n<li><strong>T\u00edtulos &#8211; <\/strong>Matriculas Registradas do Loteamento Programa <strong>&#8211; Vila Abr\u00e3o&nbsp;<\/strong><\/li>\n<\/ul>\n\n\n\n<h2 class=\"wp-block-heading\">&nbsp; &nbsp;Secretaria Municipal de Seguran\u00e7a e Defesa Social<\/h2>\n\n\n\n<ul class=\"wp-block-list\">\n<li><strong>01\/02\/2024 &#8211;<\/strong> Formatura Novos Guardas Civis Municipais&nbsp;<strong> &#8211; Gin\u00e1sio de esportes do Polvilho<\/strong><\/li>\n<\/ul>\n\n\n\n<h2 class=\"wp-block-heading\">&nbsp; &nbsp;Secretaria Municipal de Seguran\u00e7a e Defesa Social\/ Infraestrutura e Servi\u00e7os P\u00fablicos<\/h2>\n\n\n\n<ul class=\"wp-block-list\">\n<li><strong>07\/02\/2024<\/strong> &#8211; Inaugura\u00e7\u00e3o Base Guarda Civil Municipal &#8211;&nbsp;<strong> Polvilho<\/strong><\/li>\n\n\n\n<li><strong>16\/02\/2024<\/strong> &#8211;&nbsp; Inaugura\u00e7\u00e3o Posto Avan\u00e7ado Maria Luiza&nbsp; &#8211; <strong>Maria Luiza<\/strong><\/li>\n<\/ul>\n\n\n\n<h2 class=\"wp-block-heading\">&nbsp; Secretaria Municipal de Turismo<\/h2>\n\n\n\n<ul class=\"wp-block-list\">\n<li><strong>26\/02\/2024<\/strong> &#8211; Degusta Cajamar (VOTO POPULAR)<\/li>\n<\/ul>\n","protected":false},"excerpt":{"rendered":"<p>Secretaria Municipal de Educa\u00e7\u00e3o &nbsp; &nbsp; &nbsp;Secretaria Municipal de Esportes, Lazer e Cultura &nbsp; &nbsp; &nbsp;Secretaria Municipal de Infraestrutura e Servi\u00e7os P\u00fablicos &nbsp; &nbsp;Secretaria Municipal de Meio Ambiente e Prote\u00e7\u00e3o Animal &nbsp; &nbsp;Secretaria Municipal de Mobilidade e Desenvolvimento Urbano &nbsp; &nbsp;Secretaria Municipal de Seguran\u00e7a e Defesa Social &nbsp; &nbsp;Secretaria Municipal de Seguran\u00e7a e Defesa Social\/ [&hellip;]<\/p>\n","protected":false},"author":34,"featured_media":188,"parent":6,"menu_order":0,"comment_status":"closed","ping_status":"closed","template":"","meta":{"footnotes":""},"class_list":["post-187","page","type-page","status-publish","has-post-thumbnail","hentry"],"_links":{"self":[{"href":"https:\/\/cajamar.sp.gov.br\/comunicacao\/wp-json\/wp\/v2\/pages\/187","targetHints":{"allow":["GET"]}}],"collection":[{"href":"https:\/\/cajamar.sp.gov.br\/comunicacao\/wp-json\/wp\/v2\/pages"}],"about":[{"href":"https:\/\/cajamar.sp.gov.br\/comunicacao\/wp-json\/wp\/v2\/types\/page"}],"author":[{"embeddable":true,"href":"https:\/\/cajamar.sp.gov.br\/comunicacao\/wp-json\/wp\/v2\/users\/34"}],"replies":[{"embeddable":true,"href":"https:\/\/cajamar.sp.gov.br\/comunicacao\/wp-json\/wp\/v2\/comments?post=187"}],"version-history":[{"count":1,"href":"https:\/\/cajamar.sp.gov.br\/comunicacao\/wp-json\/wp\/v2\/pages\/187\/revisions"}],"predecessor-version":[{"id":189,"href":"https:\/\/cajamar.sp.gov.br\/comunicacao\/wp-json\/wp\/v2\/pages\/187\/revisions\/189"}],"up":[{"embeddable":true,"href":"https:\/\/cajamar.sp.gov.br\/comunicacao\/wp-json\/wp\/v2\/pages\/6"}],"wp:featuredmedia":[{"embeddable":true,"href":"https:\/\/cajamar.sp.gov.br\/comunicacao\/wp-json\/wp\/v2\/media\/188"}],"wp:attachment":[{"href":"https:\/\/cajamar.sp.gov.br\/comunicacao\/wp-json\/wp\/v2\/media?parent=187"}],"curies":[{"name":"wp","href":"https:\/\/api.w.org\/{rel}","templated":true}]}}