{"id":126,"date":"2023-12-04T10:46:46","date_gmt":"2023-12-04T13:46:46","guid":{"rendered":"https:\/\/cajamar.sp.gov.br\/desenvolvimento-social\/?page_id=126"},"modified":"2025-04-03T14:50:10","modified_gmt":"2025-04-03T17:50:10","slug":"cmas","status":"publish","type":"page","link":"https:\/\/cajamar.sp.gov.br\/desenvolvimento-social\/cmas\/","title":{"rendered":"Conselho Municipal de Assist\u00eancia Social"},"content":{"rendered":"\n<div class=\"wp-block-buttons is-content-justification-center is-layout-flex wp-container-core-buttons-is-layout-5e6b19ed wp-block-buttons-is-layout-flex\">\n<div class=\"wp-block-button is-style-outline is-style-outline--1\"><a class=\"wp-block-button__link wp-element-button\" href=\"https:\/\/cajamar.sp.gov.br\/desenvolvimento-social\/cmas\/regimento-interno-cmas\/\">Regimento<br>Interno<\/a><\/div>\n\n\n\n<div class=\"wp-block-button is-style-outline is-style-outline--2\"><a class=\"wp-block-button__link wp-element-button\" href=\"https:\/\/cajamar.sp.gov.br\/desenvolvimento-social\/cmas\/composicao-cmas\/\">Composi\u00e7\u00e3o<\/a><\/div>\n\n\n\n<div class=\"wp-block-button is-style-outline is-style-outline--3\"><a class=\"wp-block-button__link wp-element-button\" href=\"https:\/\/cajamar.sp.gov.br\/desenvolvimento-social\/cmas\/reunioes-cmas\/\">Reuni\u00f5es<\/a><\/div>\n\n\n\n<div class=\"wp-block-button is-style-outline is-style-outline--4\"><a class=\"wp-block-button__link wp-element-button\" href=\"https:\/\/cajamar.sp.gov.br\/desenvolvimento-social\/cmas\/resolucoes-cmas\/\">Resolu\u00e7\u00f5es<\/a><\/div>\n\n\n\n<div class=\"wp-block-button is-style-outline is-style-outline--5\"><a class=\"wp-block-button__link wp-element-button\" href=\"https:\/\/cajamar.sp.gov.br\/desenvolvimento-social\/conferencias\">Confer\u00eancias<\/a><\/div>\n<\/div>\n\n\n\n<p><\/p>\n\n\n\n<p>O Conselho Municipal de Assist\u00eancia Social (CMAS) \u00e9 o \u00f3rg\u00e3o que re\u00fane representantes do governo e da sociedade civil para discutir, estabelecer normas e fiscalizar a presta\u00e7\u00e3o de servi\u00e7os socioassistenciais estatais e n\u00e3o estatais no Munic\u00edpio. A cria\u00e7\u00e3o dos conselhos municipais de assist\u00eancia social est\u00e1 definida na Lei Org\u00e2nica da Assist\u00eancia Social \u2013 <a href=\"https:\/\/www.planalto.gov.br\/ccivil_03\/leis\/l8742.htm\" target=\"_blank\" rel=\"noreferrer noopener\">Lei n\u00ba 8.742\/1993<\/a>.<\/p>\n\n\n\n<p>O CMAS de Cajamar est\u00e1 vinculado \u00e0 Secretaria Municipal de Desenvolvimento Social de Cajamar, que provem infraestrutura garantindo recursos materiais, humanos e financeiros, conforme estabelece o par\u00e1grafo \u00fanico do art. 16 da LOAS, com suas altera\u00e7\u00f5es.<\/p>\n\n\n\n<p>O CMAS foi criado pela Lei Municipal n\u00ba.&nbsp; 011\/1997 e reestruturado pela <a href=\"https:\/\/cajamar.sp.gov.br\/leiscomplementares\/wp-content\/uploads\/sites\/31\/2022\/02\/lei-complementar-209-22.pdf\" target=\"_blank\" rel=\"noreferrer noopener\">Lei Complementar n\u00ba 209\/2022<\/a> estabelecendo sua composi\u00e7\u00e3o, o conjunto de atribui\u00e7\u00f5es e a forma pela qual suas compet\u00eancias ser\u00e3o exercidas. A Resolu\u00e7\u00e3o CNAS n\u00ba 100\/2023, <a href=\"https:\/\/aplicacoes.mds.gov.br\/snas\/regulacao\/visualizar.php?codigo=6470#:~:text=civil%20e%20governo.-,Art.%2012\" target=\"_blank\" rel=\"noreferrer noopener\">art. 12<\/a> define que os Conselhos de Assist\u00eancia Social dever\u00e3o ser compostos por 50% de representantes do governo e 50% de representantes da sociedade civil.<\/p>\n\n\n\n<p>Nesse \u00e2mbito, s\u00e3o representantes da sociedade civil as entidades e organiza\u00e7\u00f5es da assist\u00eancia social, as entidades e organiza\u00e7\u00f5es de usu\u00e1rios, e as entidades e organiza\u00e7\u00f5es de trabalhadores do Sistema \u00danico de Assist\u00eancia Social.<\/p>\n\n\n\n<p>Os Conselhos de Assist\u00eancia Social t\u00eam como principais atribui\u00e7\u00f5es no seu respectivo \u00e2mbito de atua\u00e7\u00e3o: deliberar e fiscalizar a execu\u00e7\u00e3o da Pol\u00edtica de Assist\u00eancia Social e seu funcionamento; convocar e encaminhar as delibera\u00e7\u00f5es das confer\u00eancias de assist\u00eancia social; apreciar e aprovar o Plano da Assist\u00eancia Social; apreciar e aprovar a proposta or\u00e7ament\u00e1ria dos recursos da assist\u00eancia social a ser encaminhada ao Poder Legislativo; apreciar e aprovar a execu\u00e7\u00e3o or\u00e7ament\u00e1ria e financeira do Fundo Municipal de Assist\u00eancia Social de Cajamar a ser apresentada regularmente pelo gestor do Fundo; acompanhar os processos de pactua\u00e7\u00e3o da Comiss\u00e3o Intergestores Tripartite \u2013 CIT e Comiss\u00e3o Intergestores Bipartite \u2013 CIB; divulgar e promover a defesa dos direitos socioassistenciais; inscrever entidades de Assist\u00eancia Social, bem como servi\u00e7os, programas, projetos socioassistenciais; fiscalizar a rede socioassistencial (executada pelo poder p\u00fablico e pela rede privada) zelando pela qualidade da presta\u00e7\u00e3o de servi\u00e7os; eleger entre seus membros a sua mesa diretora (presidente e vice-presidente paritariamente); aprovar o seu regimento interno; fiscalizar e acompanhar o Benef\u00edcio de Presta\u00e7\u00e3o Continuada \u2013 BPC e o Programa Bolsa Fam\u00edlia \u2013 PBF; acompanhar a gest\u00e3o integrada de servi\u00e7os e benef\u00edcios socioassistenciais; e, exercer o controle social da gest\u00e3o do trabalho no \u00e2mbito do SUAS, conforme prescrito na NOB\/SUAS\/RH\/2006.<\/p>\n\n\n\n<p>Conselho Municipal de Assist\u00eancia Social de Cajamar<br>Rua Antonieta Pasquarelli Penteado, 245 \u2013 Jordan\u00e9sia<br>Fone: (11) 4446-0016<br>Email: <a href=\"mailto:cmas@cajamar.sp.gov.br\">cmas@cajamar.sp.gov.br<\/a><\/p>\n","protected":false},"excerpt":{"rendered":"<p>O Conselho Municipal de Assist\u00eancia Social (CMAS) \u00e9 o \u00f3rg\u00e3o que re\u00fane representantes do governo e da sociedade civil para discutir, estabelecer normas e fiscalizar a presta\u00e7\u00e3o de servi\u00e7os socioassistenciais estatais e n\u00e3o estatais no Munic\u00edpio. A cria\u00e7\u00e3o dos conselhos municipais de assist\u00eancia social est\u00e1 definida na Lei Org\u00e2nica da Assist\u00eancia Social \u2013 Lei n\u00ba [&hellip;]<\/p>\n","protected":false},"author":34,"featured_media":0,"parent":0,"menu_order":0,"comment_status":"closed","ping_status":"closed","template":"","meta":{"footnotes":""},"class_list":["post-126","page","type-page","status-publish","hentry"],"_links":{"self":[{"href":"https:\/\/cajamar.sp.gov.br\/desenvolvimento-social\/wp-json\/wp\/v2\/pages\/126","targetHints":{"allow":["GET"]}}],"collection":[{"href":"https:\/\/cajamar.sp.gov.br\/desenvolvimento-social\/wp-json\/wp\/v2\/pages"}],"about":[{"href":"https:\/\/cajamar.sp.gov.br\/desenvolvimento-social\/wp-json\/wp\/v2\/types\/page"}],"author":[{"embeddable":true,"href":"https:\/\/cajamar.sp.gov.br\/desenvolvimento-social\/wp-json\/wp\/v2\/users\/34"}],"replies":[{"embeddable":true,"href":"https:\/\/cajamar.sp.gov.br\/desenvolvimento-social\/wp-json\/wp\/v2\/comments?post=126"}],"version-history":[{"count":23,"href":"https:\/\/cajamar.sp.gov.br\/desenvolvimento-social\/wp-json\/wp\/v2\/pages\/126\/revisions"}],"predecessor-version":[{"id":574,"href":"https:\/\/cajamar.sp.gov.br\/desenvolvimento-social\/wp-json\/wp\/v2\/pages\/126\/revisions\/574"}],"wp:attachment":[{"href":"https:\/\/cajamar.sp.gov.br\/desenvolvimento-social\/wp-json\/wp\/v2\/media?parent=126"}],"curies":[{"name":"wp","href":"https:\/\/api.w.org\/{rel}","templated":true}]}}