{"id":169,"date":"2025-03-31T15:14:09","date_gmt":"2025-03-31T18:14:09","guid":{"rendered":"https:\/\/cajamar.sp.gov.br\/desenvolvimento-social\/?page_id=169"},"modified":"2025-11-07T12:17:27","modified_gmt":"2025-11-07T15:17:27","slug":"composicao-cmas","status":"publish","type":"page","link":"https:\/\/cajamar.sp.gov.br\/desenvolvimento-social\/cmas\/composicao-cmas\/","title":{"rendered":"Composi\u00e7\u00e3o do CMAS"},"content":{"rendered":"\n<h2 class=\"wp-block-heading\"><strong>Rela\u00e7\u00e3o de Membros Titulares e Suplentes<\/strong><\/h2>\n\n\n\n<figure class=\"wp-block-table aligncenter\"><table class=\"has-fixed-layout\"><tbody><tr><td class=\"has-text-align-center\" data-align=\"center\">ASSIST\u00caNCIA SOCIAL<\/td><td class=\"has-text-align-left\" data-align=\"left\">Titular &#8211;<strong> Regina C\u00e9lia Duarte<\/strong><br>Suplente &#8211;<strong> Jo\u00e3o Pedro Duarte Felipe<\/strong><\/td><\/tr><tr><td class=\"has-text-align-center\" data-align=\"center\">EDUCA\u00c7\u00c3O<\/td><td class=\"has-text-align-left\" data-align=\"left\">Titular &#8211; <strong>Marco Ant\u00f4nio de Souza Pelliciari<\/strong><br>Suplente &#8211;<strong> Glauce Virginia Mashorca Louren\u00e7on<\/strong><\/td><\/tr><tr><td class=\"has-text-align-center\" data-align=\"center\">SA\u00daDE<\/td><td class=\"has-text-align-left\" data-align=\"left\">Titular &#8211; <strong>Luciane de F\u00e1tima Dias da Silva<\/strong><br>Suplente &#8211;<strong> Gabriele Godoy dos Santos<\/strong><\/td><\/tr><tr><td class=\"has-text-align-center\" data-align=\"center\">CULTURA<\/td><td class=\"has-text-align-left\" data-align=\"left\">Titular &#8211; <strong>F\u00e1bio Luiz Machado Afonso<\/strong><br>Suplente &#8211; <strong>Cec\u00edlia Alves da Silva<\/strong><\/td><\/tr><tr><td class=\"has-text-align-center\" data-align=\"center\">FINAN\u00c7AS P\u00daBLICAS<\/td><td class=\"has-text-align-left\" data-align=\"left\">Titular &#8211;<strong> Mariane Moreira Lima Felix<\/strong><br>Suplente &#8211; <strong>Daniele F\u00e1tima de Oliveira Barreta<\/strong><\/td><\/tr><tr><td class=\"has-text-align-center\" data-align=\"center\">EMPREGABILIDADE<\/td><td class=\"has-text-align-left\" data-align=\"left\">Titular &#8211; <strong>Eliane Gon\u00e7alves da Silva<\/strong><br>Suplente &#8211; <strong>Michele Cristina de Oliveira Dias<\/strong><\/td><\/tr><\/tbody><\/table><figcaption class=\"wp-element-caption\">REPRESENTANTES DO PODER P\u00daBLICO<\/figcaption><\/figure>\n\n\n\n<figure class=\"wp-block-table aligncenter\"><table class=\"has-fixed-layout\"><tbody><tr><td class=\"has-text-align-center\" data-align=\"center\">ORGANIZA\u00c7\u00c3O DA SOCIEDADE CIVIL<\/td><td class=\"has-text-align-left\" data-align=\"left\">Titular &#8211;<strong> Elisangela Aparecida Pinheiro<\/strong><br>Suplente &#8211;<strong> Diva Aparecida Grossi<\/strong><\/td><\/tr><tr><td class=\"has-text-align-center\" data-align=\"center\">ORGANIZA\u00c7\u00c3O DA SOCIEDADE CIVIL<\/td><td class=\"has-text-align-left\" data-align=\"left\">Titular &#8211; <strong>Isabel Cristina de Oliveira Silva Icoc\u00eancio<\/strong><br>Suplente &#8211;<strong> Cleydson Nascimento Seneme Barbosa<\/strong><\/td><\/tr><tr><td class=\"has-text-align-center\" data-align=\"center\">ORGANIZA\u00c7\u00c3O DA SOCIEDADE CIVIL<\/td><td class=\"has-text-align-left\" data-align=\"left\">Titular &#8211; <strong>Ana L\u00edvia Silva Nascimento<\/strong><br>Suplente &#8211;<strong> Joelma Alves de Souza<\/strong><\/td><\/tr><tr><td class=\"has-text-align-center\" data-align=\"center\">REPRESENTANTES DE PROFISSIONAIS DA \u00c1REA<\/td><td class=\"has-text-align-left\" data-align=\"left\">Titular &#8211; <strong>Rodrigo da Rosa Pires<\/strong><br>Suplente &#8211; <strong>Tain\u00e1 Soares Pires<\/strong><\/td><\/tr><tr><td class=\"has-text-align-center\" data-align=\"center\">REPRESENTANTES DE PROFISSIONAIS DA \u00c1REA<\/td><td class=\"has-text-align-left\" data-align=\"left\">Titular &#8211;<strong> Laura Duarte dos Santos<\/strong><br>Suplente &#8211; <strong>Sabrina de Freitas Bernandes<\/strong><\/td><\/tr><tr><td class=\"has-text-align-center\" data-align=\"center\">REPRESENTANTES DOS USU\u00c1RIOS DOS SERVI\u00c7OS SOCIOASSISTENCIAIS<\/td><td class=\"has-text-align-left\" data-align=\"left\">Titular &#8211; <strong>Cristiane Rodrigues Miranda Bueno<\/strong><br>Suplente &#8211; <strong>C\u00e9lia Maria de Figueira<\/strong><\/td><\/tr><\/tbody><\/table><figcaption class=\"wp-element-caption\">REPRESENTANTES DA SOCIEDADE CIVIL<\/figcaption><\/figure>\n\n\n\n<details class=\"wp-block-details is-layout-flow wp-block-details-is-layout-flow\"><summary>Decretos de nomea\u00e7\u00e3o do bi\u00eanio atual<\/summary>\n<ul class=\"wp-block-list\">\n<li>Decreto n\u00ba <a href=\"https:\/\/cajamar.sp.gov.br\/decretos\/decretos-municipais\/decreto-7434-de-2025\/\" target=\"_blank\" rel=\"noreferrer noopener\">7434, de 31 de janeiro de 2025<\/a> &#8211; Nomea\u00e7\u00e3o dos membros com mandato at\u00e9 30\/1\/2027;<\/li>\n\n\n\n<li>Decreto n\u00ba <a href=\"https:\/\/cajamar.sp.gov.br\/decretos\/decretos-municipais\/decreto-7519-de-2025\/\" target=\"_blank\" rel=\"noreferrer noopener\">7519, de 16 de junho de 2025<\/a> &#8211; Altera\u00e7\u00e3o de suplente da Cultura e titular e suplente da Empregabilidade;<\/li>\n\n\n\n<li>Decreto n\u00ba <a href=\"https:\/\/cajamar.sp.gov.br\/decretos\/decretos-municipais\/decreto-7577-de-2025\/\" target=\"_blank\" rel=\"noreferrer noopener\">7577, de 15 de setembro de 2025<\/a> &#8211; Altera\u00e7\u00e3o de representantes da Educa\u00e7\u00e3o;<\/li>\n\n\n\n<li>Decreto n\u00ba <a href=\"https:\/\/cajamar.sp.gov.br\/decretos\/decretos-municipais\/decreto-7596-de-2025\/\" target=\"_blank\" rel=\"noreferrer noopener\">7596, de 9 de outubro de 2025<\/a> &#8211; Altera\u00e7\u00e3o de suplente da Sa\u00fade;<\/li>\n\n\n\n<li>Decreto n\u00ba <a href=\"https:\/\/cajamar.sp.gov.br\/decretos\/decretos-municipais\/decreto-7611-de-2025\/\" target=\"_blank\" rel=\"noreferrer noopener\">7611, de 5 de novembro de 2025<\/a> &#8211; Altera\u00e7\u00e3o de representante de profissionais da \u00e1rea.<\/li>\n<\/ul>\n<\/details>\n\n\n\n<details class=\"wp-block-details is-layout-flow wp-block-details-is-layout-flow\"><summary>Comiss\u00f5es Tem\u00e1ticas Permanentes<\/summary>\n<figure class=\"wp-block-table\"><table class=\"has-fixed-layout\"><tbody><tr><td>REVIS\u00c3O DO REGIMENTO INTERNO<\/td><td><\/td><\/tr><\/tbody><\/table><\/figure>\n\n\n\n<figure class=\"wp-block-table\"><table class=\"has-fixed-layout\"><tbody><tr><td>ACOMPANHAMENTO DO PROGRAMA BOLSA FAM\u00cdLIA E CADASTRO \u00daNICO<\/td><td><\/td><\/tr><\/tbody><\/table><\/figure>\n\n\n\n<figure class=\"wp-block-table\"><table class=\"has-fixed-layout\"><tbody><tr><td>MONITORAMENTO E AVALIA\u00c7\u00c3O<\/td><td><\/td><\/tr><\/tbody><\/table><\/figure>\n<\/details>\n\n\n\n<p><\/p>\n","protected":false},"excerpt":{"rendered":"<p>Rela\u00e7\u00e3o de Membros Titulares e Suplentes ASSIST\u00caNCIA SOCIAL Titular &#8211; Regina C\u00e9lia DuarteSuplente &#8211; Jo\u00e3o Pedro Duarte Felipe EDUCA\u00c7\u00c3O Titular &#8211; Marco Ant\u00f4nio de Souza PelliciariSuplente &#8211; Glauce Virginia Mashorca Louren\u00e7on SA\u00daDE Titular &#8211; Luciane de F\u00e1tima Dias da SilvaSuplente &#8211; Gabriele Godoy dos Santos CULTURA Titular &#8211; F\u00e1bio Luiz Machado AfonsoSuplente &#8211; Cec\u00edlia Alves [&hellip;]<\/p>\n","protected":false},"author":47,"featured_media":0,"parent":126,"menu_order":0,"comment_status":"closed","ping_status":"closed","template":"","meta":{"footnotes":""},"class_list":["post-169","page","type-page","status-publish","hentry"],"_links":{"self":[{"href":"https:\/\/cajamar.sp.gov.br\/desenvolvimento-social\/wp-json\/wp\/v2\/pages\/169","targetHints":{"allow":["GET"]}}],"collection":[{"href":"https:\/\/cajamar.sp.gov.br\/desenvolvimento-social\/wp-json\/wp\/v2\/pages"}],"about":[{"href":"https:\/\/cajamar.sp.gov.br\/desenvolvimento-social\/wp-json\/wp\/v2\/types\/page"}],"author":[{"embeddable":true,"href":"https:\/\/cajamar.sp.gov.br\/desenvolvimento-social\/wp-json\/wp\/v2\/users\/47"}],"replies":[{"embeddable":true,"href":"https:\/\/cajamar.sp.gov.br\/desenvolvimento-social\/wp-json\/wp\/v2\/comments?post=169"}],"version-history":[{"count":55,"href":"https:\/\/cajamar.sp.gov.br\/desenvolvimento-social\/wp-json\/wp\/v2\/pages\/169\/revisions"}],"predecessor-version":[{"id":879,"href":"https:\/\/cajamar.sp.gov.br\/desenvolvimento-social\/wp-json\/wp\/v2\/pages\/169\/revisions\/879"}],"up":[{"embeddable":true,"href":"https:\/\/cajamar.sp.gov.br\/desenvolvimento-social\/wp-json\/wp\/v2\/pages\/126"}],"wp:attachment":[{"href":"https:\/\/cajamar.sp.gov.br\/desenvolvimento-social\/wp-json\/wp\/v2\/media?parent=169"}],"curies":[{"name":"wp","href":"https:\/\/api.w.org\/{rel}","templated":true}]}}