{"id":171,"date":"2024-10-04T16:16:27","date_gmt":"2024-10-04T19:16:27","guid":{"rendered":"https:\/\/cajamar.sp.gov.br\/desenvolvimento-social\/?page_id=171"},"modified":"2026-03-10T13:04:03","modified_gmt":"2026-03-10T16:04:03","slug":"reunioes-cmas","status":"publish","type":"page","link":"https:\/\/cajamar.sp.gov.br\/desenvolvimento-social\/cmas\/reunioes-cmas\/","title":{"rendered":"Reuni\u00f5es CMAS"},"content":{"rendered":"\n<div class=\"wp-block-group is-vertical is-layout-flex wp-container-core-group-is-layout-8cf370e7 wp-block-group-is-layout-flex\">\n<details class=\"wp-block-details is-layout-flow wp-block-details-is-layout-flow\"><summary>Exerc\u00edcio de 2026<\/summary>\n<div class=\"wp-block-group is-nowrap is-layout-flex wp-container-core-group-is-layout-64989fb1 wp-block-group-is-layout-flex\">\n<details class=\"wp-block-details is-layout-flow wp-block-details-is-layout-flow\"><summary>\u3164Calend\u00e1rio das reuni\u00f5es ordin\u00e1rias<\/summary>\n<p>\u3164\u3164Toda 3\u00aa ter\u00e7a-feira do m\u00eas:<\/p>\n\n\n\n<ul class=\"wp-block-list\">\n<li>27 de janeiro de 2026<\/li>\n\n\n\n<li>24 de fevereiro de 2026<\/li>\n\n\n\n<li>17 de mar\u00e7o de 2026<\/li>\n\n\n\n<li>28 de abril de 2026<\/li>\n\n\n\n<li>19 de maio de 2026<\/li>\n\n\n\n<li>16 de junho de 2026<\/li>\n\n\n\n<li>21 de julho de 2026<\/li>\n\n\n\n<li>18 de agosto de 2026<\/li>\n\n\n\n<li>15 de setembro de 2026<\/li>\n\n\n\n<li>20 de outubro de 2026<\/li>\n\n\n\n<li>17 de novembro de 2026<\/li>\n\n\n\n<li>15 de dezembro de 2026<\/li>\n<\/ul>\n<\/details>\n\n\n\n<details class=\"wp-block-details is-layout-flow wp-block-details-is-layout-flow\"><summary>\u3164Atas de reuni\u00f5es<\/summary>\n<ol class=\"wp-block-list\">\n<li><a href=\"https:\/\/cajamar.sp.gov.br\/desenvolvimento-social\/wp-content\/uploads\/sites\/12\/2026\/03\/ata-cmas-001-2026-de-27-01-2026.pdf\" target=\"_blank\" rel=\"noreferrer noopener\">Ata CMAS n\u00ba 001\/2026 de 27\/01\/2025<\/a><\/li>\n\n\n\n<li><a href=\"https:\/\/cajamar.sp.gov.br\/desenvolvimento-social\/wp-content\/uploads\/sites\/12\/2026\/03\/ata-cmas-002-2026-de-24-02-2026.pdf\" target=\"_blank\" rel=\"noreferrer noopener\">Ata CMAS n\u00ba 002\/2026 de 24\/02\/2025<\/a><\/li>\n\n\n\n<li>Ata CMAS n\u00ba 003\/2026 de 27\/02\/2026 extraordin\u00e1ria<\/li>\n<\/ol>\n<\/details>\n<\/div>\n<\/details>\n\n\n\n<hr class=\"wp-block-separator has-alpha-channel-opacity\" \/>\n\n\n\n<details class=\"wp-block-details is-layout-flow wp-block-details-is-layout-flow\"><summary>Exerc\u00edcio de 2025<\/summary>\n<div class=\"wp-block-group is-nowrap is-layout-flex wp-container-core-group-is-layout-64989fb1 wp-block-group-is-layout-flex\">\n<details class=\"wp-block-details is-layout-flow wp-block-details-is-layout-flow\"><summary>\u3164Calend\u00e1rio das reuni\u00f5es ordin\u00e1rias<\/summary>\n<p>\u3164\u3164Toda 3\u00aa ter\u00e7a-feira do m\u00eas:<\/p>\n\n\n\n<ul class=\"wp-block-list\">\n<li>21 de janeiro de 2025<\/li>\n\n\n\n<li>11 de fevereiro de 2025<\/li>\n\n\n\n<li>18 de mar\u00e7o de 2025<\/li>\n\n\n\n<li>15 de abril de 2025<\/li>\n\n\n\n<li>20 de maio de 2025<\/li>\n\n\n\n<li>17 de junho de 2025<\/li>\n\n\n\n<li>15 de julho de 2025<\/li>\n\n\n\n<li>19 de agosto de 2025<\/li>\n\n\n\n<li>16 de setembro de 2025<\/li>\n\n\n\n<li>21 de outubro de 2025<\/li>\n\n\n\n<li>18 de novembro de 2025<\/li>\n\n\n\n<li>16 de dezembro de 2025<\/li>\n<\/ul>\n<\/details>\n\n\n\n<details class=\"wp-block-details is-layout-flow wp-block-details-is-layout-flow\"><summary>\u3164Atas de reuni\u00f5es<\/summary>\n<ol class=\"wp-block-list\">\n<li><a href=\"https:\/\/cajamar.sp.gov.br\/desenvolvimento-social\/wp-content\/uploads\/sites\/12\/2025\/01\/ata-cmas-001-2025-de-21-01-25-1.pdf\" target=\"_blank\" rel=\"noreferrer noopener\">Ata CMAS n\u00ba 001\/2025 de 21\/01\/2025<\/a><\/li>\n\n\n\n<li><a href=\"https:\/\/cajamar.sp.gov.br\/desenvolvimento-social\/wp-content\/uploads\/sites\/12\/2025\/03\/ata-cmas-002-2025-de-23-01-25-1.pdf\" target=\"_blank\" rel=\"noreferrer noopener\">Ata CMAS n\u00ba 002\/2025 de 23\/01\/2025<\/a><\/li>\n\n\n\n<li><a href=\"https:\/\/cajamar.sp.gov.br\/desenvolvimento-social\/wp-content\/uploads\/sites\/12\/2025\/03\/ata-cmas-003-2025-de-11-02-25.pdf\">Ata CMAS n\u00ba 003\/2025 de 11\/02\/2025<\/a><\/li>\n\n\n\n<li><a href=\"https:\/\/cajamar.sp.gov.br\/desenvolvimento-social\/wp-content\/uploads\/sites\/12\/2025\/06\/ata-cmas-004-2025-de-18-03-25-3.pdf\" target=\"_blank\" rel=\"noreferrer noopener\">Ata CMAS n\u00ba 004\/2025 de 18\/03\/2025<\/a><\/li>\n\n\n\n<li><a href=\"https:\/\/cajamar.sp.gov.br\/desenvolvimento-social\/wp-content\/uploads\/sites\/12\/2025\/06\/ata-cmas-005-2025-de-15-04-25-1.pdf\" target=\"_blank\" rel=\"noreferrer noopener\">Ata CMAS n\u00ba 005\/2025 de 15\/04\/2025<\/a><\/li>\n\n\n\n<li><a href=\"https:\/\/cajamar.sp.gov.br\/desenvolvimento-social\/wp-content\/uploads\/sites\/12\/2025\/06\/ata-cmas-006-2025-de-20-05-25.pdf\" target=\"_blank\" rel=\"noreferrer noopener\">Ata CMAS n\u00ba 006\/2025 de 20\/05\/2025<\/a><\/li>\n\n\n\n<li><a href=\"https:\/\/cajamar.sp.gov.br\/desenvolvimento-social\/wp-content\/uploads\/sites\/12\/2025\/08\/ata-cmas-007-2025-de-17-06-25.pdf\" target=\"_blank\" rel=\"noreferrer noopener\">Ata CMAS n\u00ba 007\/2025 de 17\/06\/2025<\/a><\/li>\n\n\n\n<li><a href=\"https:\/\/cajamar.sp.gov.br\/desenvolvimento-social\/wp-content\/uploads\/sites\/12\/2025\/08\/ata-cmas-008-2025-de-04-07-25-extra.pdf\" target=\"_blank\" rel=\"noreferrer noopener\">Ata CMAS n\u00ba 008\/2025 de 04\/07\/2025<\/a> extraordin\u00e1ria<\/li>\n\n\n\n<li><a href=\"https:\/\/cajamar.sp.gov.br\/desenvolvimento-social\/wp-content\/uploads\/sites\/12\/2025\/08\/ata-cmas-009-2025-de-15-07-2025.pdf\" target=\"_blank\" rel=\"noreferrer noopener\">Ata CMAS n\u00ba 009\/2025 de 15\/07\/2025<\/a><\/li>\n\n\n\n<li><a href=\"https:\/\/cajamar.sp.gov.br\/desenvolvimento-social\/wp-content\/uploads\/sites\/12\/2025\/11\/ata-cmas-010-2025-de-19-08-2025.pdf\" target=\"_blank\" rel=\"noreferrer noopener\">Ata CMAS n\u00ba 010\/2025 de 19\/08\/2025<\/a><\/li>\n\n\n\n<li><a href=\"https:\/\/cajamar.sp.gov.br\/desenvolvimento-social\/wp-content\/uploads\/sites\/12\/2025\/11\/ata-cmas-011-2025-de-16-09-2025-1.pdf\" target=\"_blank\" rel=\"noreferrer noopener\">Ata CMAS n\u00ba 011\/2025 de 16\/09\/2025<\/a><\/li>\n\n\n\n<li><a href=\"https:\/\/cajamar.sp.gov.br\/desenvolvimento-social\/wp-content\/uploads\/sites\/12\/2026\/02\/ata-cmas-012-2025-de-21-10-2025-1.pdf\" target=\"_blank\" rel=\"noreferrer noopener\">Ata CMAS n\u00ba 012\/2025 de 21\/10\/2025<\/a><\/li>\n\n\n\n<li><a href=\"https:\/\/cajamar.sp.gov.br\/desenvolvimento-social\/wp-content\/uploads\/sites\/12\/2026\/02\/ata-cmas-013-2025-de-18-11-2025.pdf\" target=\"_blank\" rel=\"noreferrer noopener\">Ata CMAS n\u00ba 013\/2025 de 18\/11\/2025<\/a><\/li>\n\n\n\n<li><a href=\"https:\/\/cajamar.sp.gov.br\/desenvolvimento-social\/wp-content\/uploads\/sites\/12\/2026\/02\/ata-cmas-014-2025-de-16-12-2025.pdf\" target=\"_blank\" rel=\"noreferrer noopener\">Ata CMAS n\u00ba 014\/2025 de 16\/12\/2025<\/a><\/li>\n<\/ol>\n<\/details>\n<\/div>\n<\/details>\n\n\n\n<hr class=\"wp-block-separator has-alpha-channel-opacity\" \/>\n\n\n\n<details class=\"wp-block-details is-layout-flow wp-block-details-is-layout-flow\"><summary>Exerc\u00edcio de 2024<\/summary>\n<div class=\"wp-block-group is-nowrap is-layout-flex wp-container-core-group-is-layout-64989fb1 wp-block-group-is-layout-flex\">\n<details class=\"wp-block-details is-layout-flow wp-block-details-is-layout-flow\"><summary>\u3164Calend\u00e1rio das reuni\u00f5es ordin\u00e1rias<\/summary>\n<p>\u3164\u3164Toda 3\u00aa ter\u00e7a-feira do m\u00eas:<\/p>\n\n\n\n<ul class=\"wp-block-list\">\n<li>16 de janeiro de 2024<\/li>\n\n\n\n<li>20 de fevereiro de 2024<\/li>\n\n\n\n<li>19 de mar\u00e7o de 2024<\/li>\n\n\n\n<li>16 de abril de 2024<\/li>\n\n\n\n<li>21 de maio de 2024<\/li>\n\n\n\n<li>18 de junho de 2024<\/li>\n\n\n\n<li>16 de julho de 2024<\/li>\n\n\n\n<li>20 de agosto de 2024<\/li>\n\n\n\n<li>17 de setembro de 2024<\/li>\n\n\n\n<li>15 de outubro de 2024<\/li>\n\n\n\n<li>19 de novembro de 2024<\/li>\n\n\n\n<li>17 de dezembro de 2024<\/li>\n<\/ul>\n<\/details>\n\n\n\n<details class=\"wp-block-details is-layout-flow wp-block-details-is-layout-flow\"><summary>\u3164Atas de reuni\u00f5es<\/summary>\n<ol class=\"wp-block-list\">\n<li><a href=\"https:\/\/cajamar.sp.gov.br\/desenvolvimento-social\/wp-content\/uploads\/sites\/12\/2024\/09\/ata-cmas-001-2024-de-16-01-24.pdf\" target=\"_blank\" rel=\"noreferrer noopener\">Ata CMAS n\u00ba 001\/2024 de 16\/01\/2024<\/a><\/li>\n\n\n\n<li><a href=\"https:\/\/cajamar.sp.gov.br\/desenvolvimento-social\/wp-content\/uploads\/sites\/12\/2024\/09\/ata-cmas-002-2024-de-20-02-24.pdf\" target=\"_blank\" rel=\"noreferrer noopener\">Ata CMAS n\u00ba 002\/2024 de 20\/02\/2024<\/a><\/li>\n\n\n\n<li><a href=\"https:\/\/cajamar.sp.gov.br\/desenvolvimento-social\/wp-content\/uploads\/sites\/12\/2024\/09\/ata-cmas-003-2024-de-19-03-24.pdf\" target=\"_blank\" rel=\"noreferrer noopener\">Ata CMAS n\u00ba 003\/2024 de 19\/03\/2024<\/a> <\/li>\n\n\n\n<li><a href=\"https:\/\/cajamar.sp.gov.br\/desenvolvimento-social\/wp-content\/uploads\/sites\/12\/2024\/09\/ata-cmas-004-2024-de-16-04-24.pdf\" target=\"_blank\" rel=\"noreferrer noopener\">Ata CMAS n\u00ba 004\/2024 de 16\/04\/2024<\/a><\/li>\n\n\n\n<li><a href=\"https:\/\/cajamar.sp.gov.br\/desenvolvimento-social\/wp-content\/uploads\/sites\/12\/2024\/09\/ata-cmas-005-2024-de-21-05-24.pdf\" target=\"_blank\" rel=\"noreferrer noopener\">Ata CMAS n\u00ba 005\/2024 de 21\/05\/2024<\/a><\/li>\n\n\n\n<li><a href=\"https:\/\/cajamar.sp.gov.br\/desenvolvimento-social\/wp-content\/uploads\/sites\/12\/2024\/09\/ata-cmas-006-2024-de-11-06-24-extra.pdf\" target=\"_blank\" rel=\"noreferrer noopener\">Ata CMAS n\u00ba 006\/2024 de 11\/06\/2024<\/a> extraordin\u00e1ria<\/li>\n\n\n\n<li><a href=\"https:\/\/cajamar.sp.gov.br\/desenvolvimento-social\/wp-content\/uploads\/sites\/12\/2024\/09\/ata-cmas-007-2024-de-18-06-24.pdf\" target=\"_blank\" rel=\"noreferrer noopener\">Ata CMAS n\u00ba 007\/2024 de 18\/06\/2024<\/a><\/li>\n\n\n\n<li><a href=\"https:\/\/cajamar.sp.gov.br\/desenvolvimento-social\/wp-content\/uploads\/sites\/12\/2024\/09\/ata-cmas-008-2024-de-16-07-24.pdf\" target=\"_blank\" rel=\"noreferrer noopener\">Ata CMAS n\u00ba 008\/2024 de 16\/07\/2024<\/a><\/li>\n\n\n\n<li><a href=\"https:\/\/cajamar.sp.gov.br\/desenvolvimento-social\/wp-content\/uploads\/sites\/12\/2024\/09\/ata-cmas-009-2024-de-20-08-24.pdf\" target=\"_blank\" rel=\"noreferrer noopener\">Ata CMAS n\u00ba 009\/2024 de 20\/08\/2024<\/a><\/li>\n\n\n\n<li><a href=\"https:\/\/cajamar.sp.gov.br\/desenvolvimento-social\/wp-content\/uploads\/sites\/12\/2024\/10\/ata-cmas-010-2024-de-17-09-24.pdf\">Ata CMAS n\u00ba 010\/2024 de 17\/09\/2024<\/a><\/li>\n\n\n\n<li><a href=\"https:\/\/cajamar.sp.gov.br\/desenvolvimento-social\/wp-content\/uploads\/sites\/12\/2024\/12\/ata-cmas-011-2024-de-15-10-24.pdf\">Ata CMAS n\u00ba 011\/2024 de 15\/10\/2024<\/a><\/li>\n\n\n\n<li><a href=\"https:\/\/cajamar.sp.gov.br\/desenvolvimento-social\/wp-content\/uploads\/sites\/12\/2024\/12\/ata-cmas-012-2024-de-19-11-24.pdf\">Ata CMAS n\u00ba 012\/2024 de 19\/11\/2024<\/a><\/li>\n\n\n\n<li><a href=\"https:\/\/cajamar.sp.gov.br\/desenvolvimento-social\/wp-content\/uploads\/sites\/12\/2025\/01\/ata-cmas-013-2024-de-17-12-24.pdf\" target=\"_blank\" rel=\"noreferrer noopener\">Ata CMAS n\u00ba 013\/2024 de 17\/12\/2024<\/a><\/li>\n<\/ol>\n<\/details>\n<\/div>\n<\/details>\n\n\n\n<hr class=\"wp-block-separator has-alpha-channel-opacity\" \/>\n\n\n\n<details class=\"wp-block-details is-layout-flow wp-block-details-is-layout-flow\"><summary>Exerc\u00edcio de 2023<\/summary>\n<div class=\"wp-block-group is-nowrap is-layout-flex wp-container-core-group-is-layout-64989fb1 wp-block-group-is-layout-flex\">\n<details class=\"wp-block-details is-layout-flow wp-block-details-is-layout-flow\"><summary>\u3164Atas de reuni\u00f5es<\/summary>\n<ol class=\"wp-block-list\">\n<li><a href=\"https:\/\/cajamar.sp.gov.br\/desenvolvimento-social\/wp-content\/uploads\/sites\/12\/2024\/10\/ata-cmas-001-2023-de-28-02-23.pdf\" target=\"_blank\" rel=\"noreferrer noopener\">Ata CMAS n\u00ba 001\/2023 de 28\/02\/2023<\/a><\/li>\n\n\n\n<li><a href=\"https:\/\/cajamar.sp.gov.br\/desenvolvimento-social\/wp-content\/uploads\/sites\/12\/2024\/10\/ata-cmas-002-2023-de-21-03-23.pdf\" target=\"_blank\" rel=\"noreferrer noopener\">Ata CMAS n\u00ba 002\/2023 de 21\/03\/2023<\/a><\/li>\n\n\n\n<li><a href=\"https:\/\/cajamar.sp.gov.br\/desenvolvimento-social\/wp-content\/uploads\/sites\/12\/2024\/10\/ata-cmas-003-2023-de-28-03-23.pdf\" target=\"_blank\" rel=\"noreferrer noopener\">Ata CMAS n\u00ba 003\/2023 de 28\/03\/2023<\/a> <\/li>\n\n\n\n<li><a href=\"https:\/\/cajamar.sp.gov.br\/desenvolvimento-social\/wp-content\/uploads\/sites\/12\/2024\/10\/ata-cmas-004-2023-de-19-04-23.pdf\" target=\"_blank\" rel=\"noreferrer noopener\">Ata CMAS n\u00ba 004\/2023 de 19\/04\/2023<\/a><\/li>\n\n\n\n<li><a href=\"https:\/\/cajamar.sp.gov.br\/desenvolvimento-social\/wp-content\/uploads\/sites\/12\/2024\/10\/ata-cmas-005-2023-de-16-05-23.pdf\" target=\"_blank\" rel=\"noreferrer noopener\">Ata CMAS n\u00ba 005\/2023 de 16\/05\/2023<\/a><\/li>\n\n\n\n<li><a href=\"https:\/\/cajamar.sp.gov.br\/desenvolvimento-social\/wp-content\/uploads\/sites\/12\/2024\/10\/ata-cmas-006-2023-de-20-06-23.pdf\" target=\"_blank\" rel=\"noreferrer noopener\">Ata CMAS n\u00ba 006\/2023 de 20\/06\/2023<\/a><\/li>\n\n\n\n<li><a href=\"https:\/\/cajamar.sp.gov.br\/desenvolvimento-social\/wp-content\/uploads\/sites\/12\/2024\/10\/ata-cmas-007-2023-de-18-07-23.pdf\" target=\"_blank\" rel=\"noreferrer noopener\">Ata CMAS n\u00ba 007\/2023 de 18\/07\/2023<\/a><\/li>\n\n\n\n<li><a href=\"https:\/\/cajamar.sp.gov.br\/desenvolvimento-social\/wp-content\/uploads\/sites\/12\/2024\/10\/ata-cmas-008-2023-de-15-08-23.pdf\" target=\"_blank\" rel=\"noreferrer noopener\">Ata CMAS n\u00ba 008\/2023 de 15\/08\/2023<\/a><\/li>\n\n\n\n<li><a href=\"https:\/\/cajamar.sp.gov.br\/desenvolvimento-social\/wp-content\/uploads\/sites\/12\/2024\/10\/ata-cmas-009-2023-de-19-09-23-1.pdf\" target=\"_blank\" rel=\"noreferrer noopener\">Ata CMAS n\u00ba 009\/2023 de 19\/09\/2023<\/a><\/li>\n\n\n\n<li><a href=\"https:\/\/cajamar.sp.gov.br\/desenvolvimento-social\/wp-content\/uploads\/sites\/12\/2024\/10\/ata-cmas-010-2023-de-17-10-23-1.pdf\" target=\"_blank\" rel=\"noreferrer noopener\">Ata CMAS n\u00ba 010\/2023 de 17\/10\/2023<\/a><\/li>\n\n\n\n<li><a href=\"https:\/\/cajamar.sp.gov.br\/desenvolvimento-social\/wp-content\/uploads\/sites\/12\/2024\/10\/ata-cmas-011-2023-de-31-10-23-aprovada-1.pdf\">Ata CMAS n\u00ba 011\/2023 de 31\/10\/2023<\/a> extraordin\u00e1ria<\/li>\n\n\n\n<li><a href=\"https:\/\/cajamar.sp.gov.br\/desenvolvimento-social\/wp-content\/uploads\/sites\/12\/2024\/10\/ata-cmas-012-2023-de-21-11-23-1.pdf\">Ata CMAS n\u00ba 012\/2023 de 21\/11\/2023<\/a><\/li>\n\n\n\n<li><a href=\"https:\/\/cajamar.sp.gov.br\/desenvolvimento-social\/wp-content\/uploads\/sites\/12\/2024\/10\/ata-cmas-013-2023-de-19-12-23-1.pdf\">Ata CMAS n\u00ba 013\/2023 de 12\/12\/2023<\/a><\/li>\n<\/ol>\n<\/details>\n<\/div>\n<\/details>\n\n\n\n<p><\/p>\n<\/div>\n","protected":false},"excerpt":{"rendered":"","protected":false},"author":47,"featured_media":0,"parent":126,"menu_order":0,"comment_status":"closed","ping_status":"closed","template":"","meta":{"footnotes":""},"class_list":["post-171","page","type-page","status-publish","hentry"],"_links":{"self":[{"href":"https:\/\/cajamar.sp.gov.br\/desenvolvimento-social\/wp-json\/wp\/v2\/pages\/171","targetHints":{"allow":["GET"]}}],"collection":[{"href":"https:\/\/cajamar.sp.gov.br\/desenvolvimento-social\/wp-json\/wp\/v2\/pages"}],"about":[{"href":"https:\/\/cajamar.sp.gov.br\/desenvolvimento-social\/wp-json\/wp\/v2\/types\/page"}],"author":[{"embeddable":true,"href":"https:\/\/cajamar.sp.gov.br\/desenvolvimento-social\/wp-json\/wp\/v2\/users\/47"}],"replies":[{"embeddable":true,"href":"https:\/\/cajamar.sp.gov.br\/desenvolvimento-social\/wp-json\/wp\/v2\/comments?post=171"}],"version-history":[{"count":73,"href":"https:\/\/cajamar.sp.gov.br\/desenvolvimento-social\/wp-json\/wp\/v2\/pages\/171\/revisions"}],"predecessor-version":[{"id":962,"href":"https:\/\/cajamar.sp.gov.br\/desenvolvimento-social\/wp-json\/wp\/v2\/pages\/171\/revisions\/962"}],"up":[{"embeddable":true,"href":"https:\/\/cajamar.sp.gov.br\/desenvolvimento-social\/wp-json\/wp\/v2\/pages\/126"}],"wp:attachment":[{"href":"https:\/\/cajamar.sp.gov.br\/desenvolvimento-social\/wp-json\/wp\/v2\/media?parent=171"}],"curies":[{"name":"wp","href":"https:\/\/api.w.org\/{rel}","templated":true}]}}