{"id":24,"date":"2020-04-16T22:52:35","date_gmt":"2020-04-17T01:52:35","guid":{"rendered":"https:\/\/cajamar.sp.gov.br\/desenvolvimento-social\/?page_id=24"},"modified":"2025-04-28T09:33:15","modified_gmt":"2025-04-28T12:33:15","slug":"cras","status":"publish","type":"page","link":"https:\/\/cajamar.sp.gov.br\/desenvolvimento-social\/cras\/","title":{"rendered":"CRAS"},"content":{"rendered":"\n<p>O Centro de Refer\u00eancia de Assist\u00eancia Social (CRAS) \u00e9 a porta de entrada da Assist\u00eancia Social. \u00c9 um local p\u00fablico, localizado prioritariamente em \u00e1reas de maior vulnerabilidade social, onde s\u00e3o oferecidos os servi\u00e7os de Assist\u00eancia Social, com o objetivo de fortalecer a conviv\u00eancia com a fam\u00edlia e com a comunidade. O CRAS possibilita o acesso da popula\u00e7\u00e3o aos servi\u00e7os, benef\u00edcios e projetos de assist\u00eancia social, se tornando uma refer\u00eancia para a popula\u00e7\u00e3o local e para os servi\u00e7os setoriais. O CRAS oferta o Servi\u00e7o de Prote\u00e7\u00e3o e Atendimento Integral \u00e0 Fam\u00edlia (PAIF) e o Servi\u00e7o de Conviv\u00eancia e Fortalecimento de V\u00ednculos (SCFV). No CRAS os cidad\u00e3os tamb\u00e9m s\u00e3o orientados sobre os benef\u00edcios assistenciais e podem ser inscritos no Cadastro \u00danico para Programas Sociais do Governo Federal.<\/p>\n\n\n\n<p>O servi\u00e7o atende fam\u00edlias e indiv\u00edduos em situa\u00e7\u00e3o grave de desprote\u00e7\u00e3o, pessoas com defici\u00eancia, idosos, crian\u00e7as retiradas do trabalho infantil, pessoas inseridas no Cadastro \u00danico, benefici\u00e1rios do Programa Bolsa Fam\u00edlia e do Benef\u00edcio de Presta\u00e7\u00e3o Continuada (BPC), entre outros.<\/p>\n\n\n\n<p>O Bolsa Fam\u00edlia \u00e9 um programa que contribui para o combate \u00e0 pobreza e \u00e0 desigualdade no Brasil. Ele foi criado em outubro de 2003 e possui tr\u00eas eixos principais: Complemento da renda &#8211; todos os meses, as fam\u00edlias atendidas pelo Programa recebem um benef\u00edcio em dinheiro, que \u00e9 transferido diretamente pelo governo federal. Esse eixo garante o al\u00edvio mais imediato da pobreza. Acesso a direitos &#8212; as fam\u00edlias devem cumprir alguns compromissos (condicionalidades), que t\u00eam como objetivo refor\u00e7ar o acesso \u00e0 educa\u00e7\u00e3o, \u00e0 sa\u00fade e \u00e0 assist\u00eancia social. Esse eixo oferece condi\u00e7\u00f5es para as futuras gera\u00e7\u00f5es quebrarem o ciclo da pobreza, gra\u00e7as a melhores oportunidades de inclus\u00e3o social.<\/p>\n\n\n\n<p><strong>Compete \u00e0s Divis\u00f5es de Gest\u00e3o dos CRAS<\/strong>:<\/p>\n\n\n\n<ul class=\"wp-block-list\">\n<li>prestar atendimento adequado ao mun\u00edcipe, atendendo suas necessidades e elucidando suas d\u00favidas sobre a assist\u00eancia social;<\/li>\n\n\n\n<li>realizar o recolhimento da documenta\u00e7\u00e3o do mun\u00edcipe para a concess\u00e3o de benef\u00edcios;<\/li>\n\n\n\n<li>apoiar na presta\u00e7\u00e3o dos servi\u00e7os de assist\u00eancia social no \u00e2mbito Municipal;<\/li>\n\n\n\n<li>prevenir a ocorr\u00eancia de situa\u00e7\u00f5es de vulnerabilidade social e risco social nos territ\u00f3rios de sua responsabilidade;<\/li>\n\n\n\n<li>promover a cidadania e a amplia\u00e7\u00e3o do acesso aos direitos sociais no Munic\u00edpio;<\/li>\n\n\n\n<li>realizar visita domiciliar das fam\u00edlias cadastradas ou que se encontram em vulnerabilidade social identificada e que necessitam de prote\u00e7\u00e3o social;<\/li>\n\n\n\n<li>promover o acompanhamento familiar, mantendo por meio de liga\u00e7\u00e3o, busca ativa e atualiza\u00e7\u00e3o das informa\u00e7\u00f5es socioecon\u00f4micas;<\/li>\n\n\n\n<li>promover e executar as campanhas socioeducativas nas comunidades e centros de atendimento;<\/li>\n\n\n\n<li>gerir as equipes de trabalho vinculadas ao CRAS da regi\u00e3o de sua responsabilidade no Munic\u00edpio.<\/li>\n<\/ul>\n","protected":false},"excerpt":{"rendered":"<p>O Centro de Refer\u00eancia de Assist\u00eancia Social (CRAS) \u00e9 a porta de entrada da Assist\u00eancia Social. \u00c9 um local p\u00fablico, localizado prioritariamente em \u00e1reas de maior vulnerabilidade social, onde s\u00e3o oferecidos os servi\u00e7os de Assist\u00eancia Social, com o objetivo de fortalecer a conviv\u00eancia com a fam\u00edlia e com a comunidade. O CRAS possibilita o acesso [&hellip;]<\/p>\n","protected":false},"author":7,"featured_media":0,"parent":0,"menu_order":0,"comment_status":"closed","ping_status":"closed","template":"","meta":{"footnotes":""},"class_list":["post-24","page","type-page","status-publish","hentry"],"_links":{"self":[{"href":"https:\/\/cajamar.sp.gov.br\/desenvolvimento-social\/wp-json\/wp\/v2\/pages\/24","targetHints":{"allow":["GET"]}}],"collection":[{"href":"https:\/\/cajamar.sp.gov.br\/desenvolvimento-social\/wp-json\/wp\/v2\/pages"}],"about":[{"href":"https:\/\/cajamar.sp.gov.br\/desenvolvimento-social\/wp-json\/wp\/v2\/types\/page"}],"author":[{"embeddable":true,"href":"https:\/\/cajamar.sp.gov.br\/desenvolvimento-social\/wp-json\/wp\/v2\/users\/7"}],"replies":[{"embeddable":true,"href":"https:\/\/cajamar.sp.gov.br\/desenvolvimento-social\/wp-json\/wp\/v2\/comments?post=24"}],"version-history":[{"count":8,"href":"https:\/\/cajamar.sp.gov.br\/desenvolvimento-social\/wp-json\/wp\/v2\/pages\/24\/revisions"}],"predecessor-version":[{"id":667,"href":"https:\/\/cajamar.sp.gov.br\/desenvolvimento-social\/wp-json\/wp\/v2\/pages\/24\/revisions\/667"}],"wp:attachment":[{"href":"https:\/\/cajamar.sp.gov.br\/desenvolvimento-social\/wp-json\/wp\/v2\/media?parent=24"}],"curies":[{"name":"wp","href":"https:\/\/api.w.org\/{rel}","templated":true}]}}