{"id":29,"date":"2020-04-16T22:53:14","date_gmt":"2020-04-17T01:53:14","guid":{"rendered":"https:\/\/cajamar.sp.gov.br\/desenvolvimento-social\/?page_id=29"},"modified":"2025-11-18T10:45:06","modified_gmt":"2025-11-18T13:45:06","slug":"creas","status":"publish","type":"page","link":"https:\/\/cajamar.sp.gov.br\/desenvolvimento-social\/creas\/","title":{"rendered":"CREAS"},"content":{"rendered":"\n<p>O Centro de Refer\u00eancia Especializado de Assist\u00eancia Social (CREAS) \u00e9 uma unidade p\u00fablica da pol\u00edtica de Assist\u00eancia Social onde s\u00e3o atendidas fam\u00edlias e pessoas que est\u00e3o em situa\u00e7\u00e3o de risco social ou tiveram seus direitos violados.<\/p>\n\n\n\n<p>O servi\u00e7o atende aqueles em situa\u00e7\u00e3o de risco pessoal e social, com viola\u00e7\u00e3o de direitos como: viol\u00eancia f\u00edsica, psicol\u00f3gica e neglig\u00eancia; viol\u00eancia sexual; afastamento do conv\u00edvio familiar devido \u00e0 aplica\u00e7\u00e3o de medida de prote\u00e7\u00e3o; situa\u00e7\u00e3o de rua; abandono; trabalho infantil; discrimina\u00e7\u00e3o por orienta\u00e7\u00e3o sexual e\/ou ra\u00e7a\/etnia; descumprimento de condicionalidades do Programa Bolsa Fam\u00edlia em decorr\u00eancia de viola\u00e7\u00e3o de direitos; cumprimento de medidas socioeducativas em meio aberto de Liberdade Assistida e de Presta\u00e7\u00e3o de Servi\u00e7os \u00e0 Comunidade por adolescentes, entre outras.<\/p>\n\n\n\n<p>Al\u00e9m de orientar e encaminhar os cidad\u00e3os para os servi\u00e7os da assist\u00eancia social, como o <a href=\"https:\/\/cajamar.sp.gov.br\/noticias\/2023\/02\/14\/centro-dia-do-idoso-angelina-cavalheiro-e-inaugurado-em-cajamar\/\" data-type=\"link\" data-id=\"cajamar.sp.gov.br\/desenvolvimento-social\/\" target=\"_blank\" rel=\"noreferrer noopener\">Centro Dia do Idoso<\/a>, ou demais servi\u00e7os p\u00fablicos existentes no munic\u00edpio, no CREAS tamb\u00e9m se oferece informa\u00e7\u00f5es, orienta\u00e7\u00e3o jur\u00eddica, apoio \u00e0 fam\u00edlia, apoio no acesso \u00e0 documenta\u00e7\u00e3o pessoal e estimula a mobiliza\u00e7\u00e3o comunit\u00e1ria.<\/p>\n\n\n\n<p>O CREAS oferece acompanhamento por meio de equipe t\u00e9cnica composta por assistentes sociais, psic\u00f3logos, advogado e educadores sociais, a fim de potencializar a fun\u00e7\u00e3o protetiva da fam\u00edlia e favorecer o rompimento do ciclo de viol\u00eancia ou viola\u00e7\u00e3o de direitos.<\/p>\n\n\n\n<p><strong>Compete \u00e0 Divis\u00e3o de Gest\u00e3o do CREAS:<\/strong><\/p>\n\n\n\n<ul class=\"wp-block-list\">\n<li>prestar atendimento adequado ao mun\u00edcipe, atendendo suas necessidades e elucidando suas d\u00favidas sobre a assist\u00eancia social;<\/li>\n\n\n\n<li>realizar o recolhimento da documenta\u00e7\u00e3o do mun\u00edcipe para a concess\u00e3o de benef\u00edcios;<\/li>\n\n\n\n<li>apoiar na presta\u00e7\u00e3o dos servi\u00e7os de assist\u00eancia social no \u00e2mbito Municipal;<\/li>\n\n\n\n<li>prevenir a ocorr\u00eancia de situa\u00e7\u00f5es de vulnerabilidade social e risco social nos territ\u00f3rios de sua responsabilidade;<\/li>\n\n\n\n<li>promover a cidadania e a amplia\u00e7\u00e3o do acesso aos direitos sociais no Munic\u00edpio;<\/li>\n\n\n\n<li>realizar visita domiciliar das fam\u00edlias cadastradas ou que se encontram em vulnerabilidade social identificada e que necessitam de prote\u00e7\u00e3o social;<\/li>\n\n\n\n<li>promover o acompanhamento familiar, mantendo por meio de liga\u00e7\u00e3o, busca ativa e atualiza\u00e7\u00e3o das informa\u00e7\u00f5es socioecon\u00f4micas;<\/li>\n\n\n\n<li>promover e executar as campanhas socioeducativas nas comunidades e centros de atendimento;<\/li>\n\n\n\n<li>gerir as equipes de trabalho vinculadas ao CREAS da regi\u00e3o de sua responsabilidade no Munic\u00edpio.<\/li>\n<\/ul>\n","protected":false},"excerpt":{"rendered":"<p>O Centro de Refer\u00eancia Especializado de Assist\u00eancia Social (CREAS) \u00e9 uma unidade p\u00fablica da pol\u00edtica de Assist\u00eancia Social onde s\u00e3o atendidas fam\u00edlias e pessoas que est\u00e3o em situa\u00e7\u00e3o de risco social ou tiveram seus direitos violados. O servi\u00e7o atende aqueles em situa\u00e7\u00e3o de risco pessoal e social, com viola\u00e7\u00e3o de direitos como: viol\u00eancia f\u00edsica, psicol\u00f3gica [&hellip;]<\/p>\n","protected":false},"author":7,"featured_media":0,"parent":0,"menu_order":0,"comment_status":"closed","ping_status":"closed","template":"","meta":{"footnotes":""},"class_list":["post-29","page","type-page","status-publish","hentry"],"_links":{"self":[{"href":"https:\/\/cajamar.sp.gov.br\/desenvolvimento-social\/wp-json\/wp\/v2\/pages\/29","targetHints":{"allow":["GET"]}}],"collection":[{"href":"https:\/\/cajamar.sp.gov.br\/desenvolvimento-social\/wp-json\/wp\/v2\/pages"}],"about":[{"href":"https:\/\/cajamar.sp.gov.br\/desenvolvimento-social\/wp-json\/wp\/v2\/types\/page"}],"author":[{"embeddable":true,"href":"https:\/\/cajamar.sp.gov.br\/desenvolvimento-social\/wp-json\/wp\/v2\/users\/7"}],"replies":[{"embeddable":true,"href":"https:\/\/cajamar.sp.gov.br\/desenvolvimento-social\/wp-json\/wp\/v2\/comments?post=29"}],"version-history":[{"count":6,"href":"https:\/\/cajamar.sp.gov.br\/desenvolvimento-social\/wp-json\/wp\/v2\/pages\/29\/revisions"}],"predecessor-version":[{"id":886,"href":"https:\/\/cajamar.sp.gov.br\/desenvolvimento-social\/wp-json\/wp\/v2\/pages\/29\/revisions\/886"}],"wp:attachment":[{"href":"https:\/\/cajamar.sp.gov.br\/desenvolvimento-social\/wp-json\/wp\/v2\/media?parent=29"}],"curies":[{"name":"wp","href":"https:\/\/api.w.org\/{rel}","templated":true}]}}