{"id":328,"date":"2025-04-03T14:45:24","date_gmt":"2025-04-03T17:45:24","guid":{"rendered":"https:\/\/cajamar.sp.gov.br\/desenvolvimento-social\/?page_id=328"},"modified":"2026-03-02T15:31:48","modified_gmt":"2026-03-02T18:31:48","slug":"composicao-cmdca","status":"publish","type":"page","link":"https:\/\/cajamar.sp.gov.br\/desenvolvimento-social\/cmdca\/composicao-cmdca\/","title":{"rendered":"Composi\u00e7\u00e3o CMDCA"},"content":{"rendered":"\n<h2 class=\"wp-block-heading\"><strong>Rela\u00e7\u00e3o de Membros Titulares e Suplentes<\/strong><\/h2>\n\n\n\n<figure class=\"wp-block-table aligncenter\"><table class=\"has-fixed-layout\"><tbody><tr><td class=\"has-text-align-center\" data-align=\"center\">ASSIST\u00caNCIA SOCIAL<\/td><td class=\"has-text-align-left\" data-align=\"left\">Titular &#8211;<strong> <strong>Fl\u00e1via Rodrigues dos Santos<\/strong><\/strong><br>Suplente &#8211;<strong> Rog\u00e9ria Rosa Pereira<\/strong><\/td><\/tr><tr><td class=\"has-text-align-center\" data-align=\"center\">EDUCA\u00c7\u00c3O<\/td><td class=\"has-text-align-left\" data-align=\"left\">Titular &#8211; <strong>Renata Fernandes Gomes Olaia<\/strong><br>Suplente &#8211;<strong> Vivian Sotelo de Siqueira Mesquita<\/strong><\/td><\/tr><tr><td class=\"has-text-align-center\" data-align=\"center\">SA\u00daDE<\/td><td class=\"has-text-align-left\" data-align=\"left\">Titular &#8211; <strong>Rebeca Almeida Lima<\/strong><br>Suplente &#8211; <strong>Luciene de F\u00e1tima Dias da Silva<\/strong><\/td><\/tr><tr><td class=\"has-text-align-center\" data-align=\"center\">FINAN\u00c7AS P\u00daBLICAS<\/td><td class=\"has-text-align-left\" data-align=\"left\">Titular &#8211; <strong>Marcio Alexandre Martins<\/strong><br>Suplente &#8211; <strong>Mariane Moreira Lima Felix<\/strong><\/td><\/tr><tr><td class=\"has-text-align-center\" data-align=\"center\">CULTURA<\/td><td class=\"has-text-align-left\" data-align=\"left\">Titular &#8211;<strong> Daniela Ramos Gon\u00e7alves<\/strong><br>Suplente &#8211; <strong>Marisa Nascimento Borges dos Santos<\/strong><\/td><\/tr><tr><td class=\"has-text-align-center\" data-align=\"center\">ESPORTES<\/td><td class=\"has-text-align-left\" data-align=\"left\">Titular &#8211; <strong>Vladimir Cruz Domingues<\/strong><br>Suplente &#8211; <strong>Gustavo Henrique Sassi<\/strong><\/td><\/tr><tr><td class=\"has-text-align-center\" data-align=\"center\">JUR\u00cdDICO<\/td><td class=\"has-text-align-left\" data-align=\"left\">Titular &#8211; <strong><strong>Izaira Gon\u00e7alves Carnauba<\/strong><\/strong><br>Suplente &#8211; <strong>Eliana Maria da Silva Alves<\/strong><\/td><\/tr><tr><td class=\"has-text-align-center\" data-align=\"center\">GABINETE DO PREFEITO<\/td><td class=\"has-text-align-left\" data-align=\"left\">Titular &#8211; <strong>Lidiane Martins da Costa<\/strong><br>Suplente &#8211; <strong>Carine Daniela Martins<\/strong><\/td><\/tr><\/tbody><\/table><figcaption class=\"wp-element-caption\">REPRESENTANTES DO PODER P\u00daBLICO<\/figcaption><\/figure>\n\n\n\n<figure class=\"wp-block-table aligncenter\"><table class=\"has-fixed-layout\"><tbody><tr><td class=\"has-text-align-center\" data-align=\"center\">ENTIDADES N\u00c3O GOVERNAMENTAIS<\/td><td class=\"has-text-align-left\" data-align=\"left\">Titular &#8211;<strong> \u00c1gata Catarina Ferreira da Costa Santana Silva<\/strong><br>Suplente &#8211;<strong> Peterson de Morais Costa<\/strong><\/td><\/tr><tr><td class=\"has-text-align-center\" data-align=\"center\">ENTIDADES N\u00c3O GOVERNAMENTAIS<\/td><td class=\"has-text-align-left\" data-align=\"left\">Titular &#8211; <strong>J\u00e9ssica de Oliveira Costa<\/strong><br>Suplente &#8211; <strong><strong>Raimundo de Jesus<\/strong><\/strong><\/td><\/tr><tr><td class=\"has-text-align-center\" data-align=\"center\">ENTIDADES N\u00c3O GOVERNAMENTAIS<\/td><td class=\"has-text-align-left\" data-align=\"left\">Titular &#8211; <strong>Rogger Oliveira Francisco<\/strong><br>Suplente &#8211;<strong> Elisangela Pereira das Neves Santos<\/strong><\/td><\/tr><tr><td class=\"has-text-align-center\" data-align=\"center\">ENTIDADE DA \u00c1REA DA EDUCA\u00c7\u00c3O<\/td><td class=\"has-text-align-left\" data-align=\"left\">Titular &#8211; <strong>Karem Vitoria <strong>Oliveira Cruz<\/strong><\/strong><br>Suplente &#8211; <strong><strong>Eder Silvio da Cruz<\/strong><\/strong><\/td><\/tr><tr><td class=\"has-text-align-center\" data-align=\"center\">ENTIDADE DA \u00c1REA DA SA\u00daDE<\/td><td class=\"has-text-align-left\" data-align=\"left\">Titular &#8211;<strong>Lucelia Santos Moura Zambini<\/strong><br>Suplente &#8211; <strong>Thais Rodrigues de Oliveira Sabino<\/strong><\/td><\/tr><tr><td class=\"has-text-align-center\" data-align=\"center\">ENTIDADE DA \u00c1REA DA IND\u00daSTRIA E COM\u00c9RCIO<\/td><td class=\"has-text-align-left\" data-align=\"left\">Titular &#8211; <strong><strong>Masatochi Yahiro<\/strong><\/strong><br>Suplente &#8211; <strong>Alex Marcondes<\/strong><\/td><\/tr><tr><td class=\"has-text-align-center\" data-align=\"center\">REPRESENTANTE DA OAB<\/td><td class=\"has-text-align-left\" data-align=\"left\">Titular &#8211; <strong>Renata Souza da Silva<\/strong><br>Suplente &#8211; <strong>Marta Caetano Bezerra<\/strong><\/td><\/tr><tr><td class=\"has-text-align-center\" data-align=\"center\">ENTIDADE QUE ATUA COM ATIVIDADES ESPORTIVAS<\/td><td class=\"has-text-align-left\" data-align=\"left\">Titular &#8211; <strong>Karolina Assis Oliveira Santos<\/strong><br>Suplente &#8211; <strong>Maria Eduarda Silva Souza<\/strong><\/td><\/tr><\/tbody><\/table><figcaption class=\"wp-element-caption\">REPRESENTANTES DA SOCIEDADE CIVIL<\/figcaption><\/figure>\n\n\n\n<details class=\"wp-block-details is-layout-flow wp-block-details-is-layout-flow\"><summary>Decretos de nomea\u00e7\u00e3o do bi\u00eanio atual<\/summary>\n<ul class=\"wp-block-list\">\n<li>Decreto n\u00ba <a href=\"https:\/\/cajamar.sp.gov.br\/decretos\/decretos-municipais\/decreto-7-269-de-2024\/\" target=\"_blank\" rel=\"noreferrer noopener\">7.269, de 31 de julho de 2024<\/a> &#8211; Nomea\u00e7\u00e3o dos membros com mandato at\u00e9 30\/7\/26;<\/li>\n\n\n\n<li>Decreto n\u00ba <a href=\"https:\/\/cajamar.sp.gov.br\/decretos\/decretos-municipais\/decreto-7449-de-2025\/\" target=\"_blank\" rel=\"noreferrer noopener\">7.449, de 25 de fevereiro de 2025<\/a> &#8211; Altera titular e suplente do Gabinete do Prefeito;<\/li>\n\n\n\n<li>Decreto n\u00ba <a href=\"https:\/\/cajamar.sp.gov.br\/decretos\/decretos-municipais\/decreto-7484-de-2025\/\" target=\"_blank\" rel=\"noreferrer noopener\">7.484, de 30 de abril de 2025<\/a> &#8211; Altera titular e suplente da Cultura;<\/li>\n\n\n\n<li>Decreto n\u00ba <a href=\"https:\/\/cajamar.sp.gov.br\/decretos\/decretos-municipais\/decreto-7527-de-2025\/\" target=\"_blank\" rel=\"noreferrer noopener\">7.527, de 3 de julho de 2025<\/a> &#8211; Altera suplente da OAB;<\/li>\n\n\n\n<li>Decreto n\u00ba <a href=\"https:\/\/cajamar.sp.gov.br\/decretos\/decretos-municipais\/decreto-7675-de-2026\/\" target=\"_blank\" rel=\"noreferrer noopener\">7.675, de 10 de fevereiro de 2026<\/a>&#8211; Altera representantes do Poder P\u00fablico de Finan\u00e7as, Esportes e \u00e1rea Jur\u00eddica, e da Sociedade Civil nas \u00e1reas de educa\u00e7\u00e3o, sa\u00fade e com\u00e9rcio;<\/li>\n\n\n\n<li>Decreto n\u00ba <a href=\"https:\/\/cajamar.sp.gov.br\/decretos\/decretos-municipais\/decreto-7683-de-2026\/\" target=\"_blank\" rel=\"noreferrer noopener\">7.683, de 26 de fevereiro de 2026<\/a>&#8211; Altera representantes do Poder P\u00fablico da \u00e1rea Jur\u00eddica.<\/li>\n<\/ul>\n<\/details>\n\n\n\n<details class=\"wp-block-details is-layout-flow wp-block-details-is-layout-flow\"><summary>Comiss\u00f5es Tem\u00e1ticas Permanentes<\/summary>\n<figure class=\"wp-block-table\"><table class=\"has-fixed-layout\"><tbody><tr><td><\/td><td><\/td><\/tr><\/tbody><\/table><\/figure>\n\n\n\n<figure class=\"wp-block-table\"><table class=\"has-fixed-layout\"><tbody><tr><td><\/td><td><\/td><\/tr><\/tbody><\/table><\/figure>\n\n\n\n<figure class=\"wp-block-table\"><table class=\"has-fixed-layout\"><tbody><tr><td><\/td><td><\/td><\/tr><\/tbody><\/table><\/figure>\n<\/details>\n\n\n\n<details class=\"wp-block-details is-layout-flow wp-block-details-is-layout-flow\"><summary>Entidades Registradas no CMDCA:<\/summary>\n<figure class=\"wp-block-table\"><table><tbody><tr><td>Associa\u00e7\u00e3o S\u00edtio Agar&nbsp;<\/td><\/tr><tr><td>Associa\u00e7\u00e3o de Pais e Amigos dos Excepcionais de Cajamar \u2013 APAE<\/td><\/tr><tr><td>H\u00e1cali &#8211; H\u00e1 um caminho \u00e0 Liberdade<\/td><\/tr><tr><td>Instituto \u00c1guia do Millenium<\/td><\/tr><tr><td>Juventude C\u00edvica de Cajamar<\/td><\/tr><tr><td>Projeto Bravo Jovem<\/td><\/tr><\/tbody><\/table><\/figure>\n<\/details>\n","protected":false},"excerpt":{"rendered":"<p>Rela\u00e7\u00e3o de Membros Titulares e Suplentes ASSIST\u00caNCIA SOCIAL Titular &#8211; Fl\u00e1via Rodrigues dos SantosSuplente &#8211; Rog\u00e9ria Rosa Pereira EDUCA\u00c7\u00c3O Titular &#8211; Renata Fernandes Gomes OlaiaSuplente &#8211; Vivian Sotelo de Siqueira Mesquita SA\u00daDE Titular &#8211; Rebeca Almeida LimaSuplente &#8211; Luciene de F\u00e1tima Dias da Silva FINAN\u00c7AS P\u00daBLICAS Titular &#8211; Marcio Alexandre MartinsSuplente &#8211; Mariane Moreira Lima [&hellip;]<\/p>\n","protected":false},"author":47,"featured_media":0,"parent":67,"menu_order":0,"comment_status":"closed","ping_status":"closed","template":"","meta":{"footnotes":""},"class_list":["post-328","page","type-page","status-publish","hentry"],"_links":{"self":[{"href":"https:\/\/cajamar.sp.gov.br\/desenvolvimento-social\/wp-json\/wp\/v2\/pages\/328","targetHints":{"allow":["GET"]}}],"collection":[{"href":"https:\/\/cajamar.sp.gov.br\/desenvolvimento-social\/wp-json\/wp\/v2\/pages"}],"about":[{"href":"https:\/\/cajamar.sp.gov.br\/desenvolvimento-social\/wp-json\/wp\/v2\/types\/page"}],"author":[{"embeddable":true,"href":"https:\/\/cajamar.sp.gov.br\/desenvolvimento-social\/wp-json\/wp\/v2\/users\/47"}],"replies":[{"embeddable":true,"href":"https:\/\/cajamar.sp.gov.br\/desenvolvimento-social\/wp-json\/wp\/v2\/comments?post=328"}],"version-history":[{"count":23,"href":"https:\/\/cajamar.sp.gov.br\/desenvolvimento-social\/wp-json\/wp\/v2\/pages\/328\/revisions"}],"predecessor-version":[{"id":958,"href":"https:\/\/cajamar.sp.gov.br\/desenvolvimento-social\/wp-json\/wp\/v2\/pages\/328\/revisions\/958"}],"up":[{"embeddable":true,"href":"https:\/\/cajamar.sp.gov.br\/desenvolvimento-social\/wp-json\/wp\/v2\/pages\/67"}],"wp:attachment":[{"href":"https:\/\/cajamar.sp.gov.br\/desenvolvimento-social\/wp-json\/wp\/v2\/media?parent=328"}],"curies":[{"name":"wp","href":"https:\/\/api.w.org\/{rel}","templated":true}]}}