{"id":34,"date":"2020-04-16T22:54:30","date_gmt":"2020-04-17T01:54:30","guid":{"rendered":"https:\/\/cajamar.sp.gov.br\/desenvolvimento-social\/?page_id=34"},"modified":"2025-04-28T09:29:15","modified_gmt":"2025-04-28T12:29:15","slug":"nic","status":"publish","type":"page","link":"https:\/\/cajamar.sp.gov.br\/desenvolvimento-social\/nic\/","title":{"rendered":"N\u00facleo do Idoso de Cajamar"},"content":{"rendered":"\n<p>O NIC \u2013 N\u00facleo do Idoso de Cajamar \u2013 representa a <strong>Divis\u00e3o do Espa\u00e7o de Conviv\u00eancia do Idoso<\/strong> na Secretaria Municipal de Desenvolvimento Social e oferece atividades di\u00e1rias que objetivam promover qualidade de vida e longevidade saud\u00e1vel, os frequentadores participam semanalmente das aulas de gin\u00e1stica, pilates, dan\u00e7a, yoga, circuito funcional, hidrogin\u00e1stica e muito mais.<\/p>\n\n\n\n<p>Uma equipe multidisciplinar acompanha participantes em tempo integral, nas atividades internas ou em domic\u00edlio, quando necess\u00e1rio, s\u00e3o realizados atendimento psicol\u00f3gico e fisioter\u00e1pico, al\u00e9m dos grupos de atletas da terceira idade, que competem em diferentes torneios e modalidades na regi\u00e3o.<\/p>\n\n\n\n<p><strong>Compete \u00e0 Divis\u00e3o do Espa\u00e7o de Conviv\u00eancia do Idoso:<\/strong><\/p>\n\n\n\n<ul class=\"wp-block-list\">\n<li>operacionalizar a pol\u00edtica Municipal de Idosos no \u00e2mbito de suas compet\u00eancias;<\/li>\n\n\n\n<li>promover o cadastro da pessoa idosa nos equipamentos, bem como fazer seu devido acompanhamento;<\/li>\n\n\n\n<li>gerir os equipamentos voltados ao cuidado com os idosos, assim como realizar sua respectiva manuten\u00e7\u00e3o;<\/li>\n\n\n\n<li>promover o cumprimento dos preceitos definidos no Estatuto do Idoso no \u00e2mbito de suas compet\u00eancias;<\/li>\n\n\n\n<li>realizar atendimento especializado e zeloso, prestando assist\u00eancia interdisciplinar \u00e0 pessoa idosa e \u00e0 sua fam\u00edlia, com boa orienta\u00e7\u00e3o e disponibilizando informa\u00e7\u00e3o precisa e relevante;<\/li>\n\n\n\n<li>desenvolver a\u00e7\u00f5es que fortale\u00e7am a autonomia, a inclus\u00e3o social e melhor qualidade de vida dos usu\u00e1rios;<\/li>\n\n\n\n<li>elaborar projetos e a\u00e7\u00f5es que promovam o acolhimento, a prote\u00e7\u00e3o e conviv\u00eancia dos idosos semidependentes com suas fam\u00edlias e a comunidade;<\/li>\n\n\n\n<li>zelar pelo bom estado dos equipamentos p\u00fablicos voltados ao Idoso, sob sua responsabilidade, nos quesitos de higiene, asseio, adapta\u00e7\u00e3o e acessibilidade;<\/li>\n\n\n\n<li>promover e executar atividades de apoio e suporte ao idoso nas esferas f\u00edsicas, emocionais e de sociabiliza\u00e7\u00e3o;<\/li>\n\n\n\n<li>promover e executar as campanhas socioeducativas referentes aos Idosos nas comunidades e centros de atendimento.<\/li>\n<\/ul>\n","protected":false},"excerpt":{"rendered":"<p>O NIC \u2013 N\u00facleo do Idoso de Cajamar \u2013 representa a Divis\u00e3o do Espa\u00e7o de Conviv\u00eancia do Idoso na Secretaria Municipal de Desenvolvimento Social e oferece atividades di\u00e1rias que objetivam promover qualidade de vida e longevidade saud\u00e1vel, os frequentadores participam semanalmente das aulas de gin\u00e1stica, pilates, dan\u00e7a, yoga, circuito funcional, hidrogin\u00e1stica e muito mais. Uma [&hellip;]<\/p>\n","protected":false},"author":7,"featured_media":0,"parent":0,"menu_order":0,"comment_status":"closed","ping_status":"closed","template":"","meta":{"footnotes":""},"class_list":["post-34","page","type-page","status-publish","hentry"],"_links":{"self":[{"href":"https:\/\/cajamar.sp.gov.br\/desenvolvimento-social\/wp-json\/wp\/v2\/pages\/34","targetHints":{"allow":["GET"]}}],"collection":[{"href":"https:\/\/cajamar.sp.gov.br\/desenvolvimento-social\/wp-json\/wp\/v2\/pages"}],"about":[{"href":"https:\/\/cajamar.sp.gov.br\/desenvolvimento-social\/wp-json\/wp\/v2\/types\/page"}],"author":[{"embeddable":true,"href":"https:\/\/cajamar.sp.gov.br\/desenvolvimento-social\/wp-json\/wp\/v2\/users\/7"}],"replies":[{"embeddable":true,"href":"https:\/\/cajamar.sp.gov.br\/desenvolvimento-social\/wp-json\/wp\/v2\/comments?post=34"}],"version-history":[{"count":6,"href":"https:\/\/cajamar.sp.gov.br\/desenvolvimento-social\/wp-json\/wp\/v2\/pages\/34\/revisions"}],"predecessor-version":[{"id":665,"href":"https:\/\/cajamar.sp.gov.br\/desenvolvimento-social\/wp-json\/wp\/v2\/pages\/34\/revisions\/665"}],"wp:attachment":[{"href":"https:\/\/cajamar.sp.gov.br\/desenvolvimento-social\/wp-json\/wp\/v2\/media?parent=34"}],"curies":[{"name":"wp","href":"https:\/\/api.w.org\/{rel}","templated":true}]}}