{"id":358,"date":"2025-09-11T15:32:05","date_gmt":"2025-09-11T18:32:05","guid":{"rendered":"https:\/\/cajamar.sp.gov.br\/desenvolvimento-social\/?page_id=358"},"modified":"2025-12-15T11:40:21","modified_gmt":"2025-12-15T14:40:21","slug":"resolucoes-cmi","status":"publish","type":"page","link":"https:\/\/cajamar.sp.gov.br\/desenvolvimento-social\/cmi\/resolucoes-cmi\/","title":{"rendered":"Resolu\u00e7\u00f5es CMI"},"content":{"rendered":"\n<details class=\"wp-block-details is-layout-flow wp-block-details-is-layout-flow\"><summary>2025<\/summary>\n<ul class=\"wp-block-list\">\n<li><a href=\"https:\/\/cajamar.sp.gov.br\/desenvolvimento-social\/wp-content\/uploads\/sites\/12\/2025\/09\/resolucao-cmi-2025-01-prestacao-contas-fmi.pdf\" target=\"_blank\" rel=\"noreferrer noopener\">Resolu\u00e7\u00e3o CMI 001\/2025<\/a> &#8211; Delibera Presta\u00e7\u00e3o de Contas CMI<\/li>\n\n\n\n<li><a href=\"https:\/\/cajamar.sp.gov.br\/desenvolvimento-social\/wp-content\/uploads\/sites\/12\/2025\/09\/resolucao-cmi-2025-02-comissao-disgnostico-social.pdf\" target=\"_blank\" rel=\"noreferrer noopener\">Resolu\u00e7\u00e3o CMI 002\/2025<\/a> &#8211; Constitui Comiss\u00e3o Diagn\u00f3stico Social<\/li>\n\n\n\n<li><a href=\"https:\/\/cajamar.sp.gov.br\/desenvolvimento-social\/wp-content\/uploads\/sites\/12\/2025\/09\/resolucao-cmi-2025-03-prestacao-contas-parceiro-do-idoso.pdf\" target=\"_blank\" rel=\"noreferrer noopener\">Resolu\u00e7\u00e3o CMI 003\/2025<\/a> &#8211; Aprova Presta\u00e7\u00e3o de Contas &#8220;Espa\u00e7o Vida Cajamar&#8221;<\/li>\n\n\n\n<li><a href=\"https:\/\/cajamar.sp.gov.br\/desenvolvimento-social\/wp-content\/uploads\/sites\/12\/2025\/11\/resolucao-cmi-04-2025-aprovacao-do-plano-municipal-da-pessoa-idosa.pdf\" target=\"_blank\" rel=\"noreferrer noopener\">Resolu\u00e7\u00e3o CMI 004\/2025<\/a> &#8211; Aprova\u00e7\u00e3o do plano municipal da pessoa idosa<\/li>\n\n\n\n<li><a href=\"https:\/\/cajamar.sp.gov.br\/desenvolvimento-social\/wp-content\/uploads\/sites\/12\/2025\/12\/resolucao-cmi-05-2025-renovacao-cantinho-sossego.pdf\" target=\"_blank\" rel=\"noreferrer noopener\">Resolu\u00e7\u00e3o CMI 005\/2025<\/a> &#8211; Renova\u00e7\u00e3o Cantinho do Sossego<\/li>\n\n\n\n<li><a href=\"https:\/\/cajamar.sp.gov.br\/desenvolvimento-social\/wp-content\/uploads\/sites\/12\/2025\/12\/resolucao-cmi-06-2025-renovacao-casa-louisa.pdf\" target=\"_blank\" rel=\"noreferrer noopener\">Resolu\u00e7\u00e3o CMI 006\/2025<\/a> &#8211; Renova\u00e7\u00e3o Casa Louisa<\/li>\n\n\n\n<li><a href=\"https:\/\/cajamar.sp.gov.br\/desenvolvimento-social\/wp-content\/uploads\/sites\/12\/2025\/12\/resolucao-cmi-07-2025-renovacao-casa-da-nona.pdf\" target=\"_blank\" rel=\"noreferrer noopener\">Resolu\u00e7\u00e3o CMI 007\/2025<\/a> &#8211; Renova\u00e7\u00e3o Casa da Nona<\/li>\n<\/ul>\n\n\n\n<p><\/p>\n<\/details>\n\n\n\n<details class=\"wp-block-details is-layout-flow wp-block-details-is-layout-flow\"><summary>2024<\/summary>\n<ul class=\"wp-block-list\">\n<li><a href=\"https:\/\/cajamar.sp.gov.br\/desenvolvimento-social\/wp-content\/uploads\/sites\/12\/2025\/09\/resolucao-cmi-2024-01-plano-de-aplicacao-de-recurso.pdf\" target=\"_blank\" rel=\"noreferrer noopener\">Resolu\u00e7\u00e3o CMI 001\/2024<\/a> &#8211; Aprova Plano de A\u00e7\u00e3o do projeto &#8220;Espa\u00e7o Vida Cajamar&#8221;<\/li>\n\n\n\n<li><a href=\"https:\/\/cajamar.sp.gov.br\/desenvolvimento-social\/wp-content\/uploads\/sites\/12\/2025\/09\/resolucao-cmi-2024-02-denuncia.pdf\" target=\"_blank\" rel=\"noreferrer noopener\">Resolu\u00e7\u00e3o CMI 002\/2024<\/a> &#8211; Constitui Comiss\u00e3o para den\u00fancias<\/li>\n\n\n\n<li><a href=\"https:\/\/cajamar.sp.gov.br\/desenvolvimento-social\/wp-content\/uploads\/sites\/12\/2025\/09\/resolucao-cmi-2024-03-comissao-vistoria-ilpi.pdf\" target=\"_blank\" rel=\"noreferrer noopener\">Resolu\u00e7\u00e3o CMI 003\/2024<\/a> &#8211; Constitui Comiss\u00e3o de fiscaliza\u00e7\u00e3o nas institui\u00e7\u00f5es de longa perman\u00eancia<\/li>\n\n\n\n<li><a href=\"https:\/\/cajamar.sp.gov.br\/desenvolvimento-social\/wp-content\/uploads\/sites\/12\/2025\/09\/resolucao-cmi-2024-04-comissao-projetos.pdf\" target=\"_blank\" rel=\"noreferrer noopener\">Resolu\u00e7\u00e3o CMI 004\/2024<\/a> &#8211; Constitui Comiss\u00e3o para avalia\u00e7\u00e3o de projetos<\/li>\n\n\n\n<li><a href=\"https:\/\/cajamar.sp.gov.br\/desenvolvimento-social\/wp-content\/uploads\/sites\/12\/2025\/09\/resolucao-cmi-2024-05-comissao-regimento-interno.pdf\" target=\"_blank\" rel=\"noreferrer noopener\">Resolu\u00e7\u00e3o CMI 005\/2024<\/a> &#8211; Constitui Grupo de Trabalho para revisar o Regimento Interno<\/li>\n<\/ul>\n\n\n\n<p><\/p>\n<\/details>\n\n\n\n<details class=\"wp-block-details is-layout-flow wp-block-details-is-layout-flow\"><summary>2023<\/summary>\n<ul class=\"wp-block-list\">\n<li><a href=\"https:\/\/cajamar.sp.gov.br\/desenvolvimento-social\/wp-content\/uploads\/sites\/12\/2025\/09\/resolucao-cmi-2023-01-ilpi.pdf\" target=\"_blank\" rel=\"noreferrer noopener\">Resolu\u00e7\u00e3o CMI 001\/2023<\/a> &#8211; ILPI<\/li>\n<\/ul>\n<\/details>\n","protected":false},"excerpt":{"rendered":"","protected":false},"author":47,"featured_media":0,"parent":128,"menu_order":0,"comment_status":"closed","ping_status":"closed","template":"","meta":{"footnotes":""},"class_list":["post-358","page","type-page","status-publish","hentry"],"_links":{"self":[{"href":"https:\/\/cajamar.sp.gov.br\/desenvolvimento-social\/wp-json\/wp\/v2\/pages\/358","targetHints":{"allow":["GET"]}}],"collection":[{"href":"https:\/\/cajamar.sp.gov.br\/desenvolvimento-social\/wp-json\/wp\/v2\/pages"}],"about":[{"href":"https:\/\/cajamar.sp.gov.br\/desenvolvimento-social\/wp-json\/wp\/v2\/types\/page"}],"author":[{"embeddable":true,"href":"https:\/\/cajamar.sp.gov.br\/desenvolvimento-social\/wp-json\/wp\/v2\/users\/47"}],"replies":[{"embeddable":true,"href":"https:\/\/cajamar.sp.gov.br\/desenvolvimento-social\/wp-json\/wp\/v2\/comments?post=358"}],"version-history":[{"count":6,"href":"https:\/\/cajamar.sp.gov.br\/desenvolvimento-social\/wp-json\/wp\/v2\/pages\/358\/revisions"}],"predecessor-version":[{"id":894,"href":"https:\/\/cajamar.sp.gov.br\/desenvolvimento-social\/wp-json\/wp\/v2\/pages\/358\/revisions\/894"}],"up":[{"embeddable":true,"href":"https:\/\/cajamar.sp.gov.br\/desenvolvimento-social\/wp-json\/wp\/v2\/pages\/128"}],"wp:attachment":[{"href":"https:\/\/cajamar.sp.gov.br\/desenvolvimento-social\/wp-json\/wp\/v2\/media?parent=358"}],"curies":[{"name":"wp","href":"https:\/\/api.w.org\/{rel}","templated":true}]}}