{"id":364,"date":"2025-02-14T15:51:00","date_gmt":"2025-02-14T18:51:00","guid":{"rendered":"https:\/\/cajamar.sp.gov.br\/desenvolvimento-social\/?page_id=364"},"modified":"2026-02-10T16:52:49","modified_gmt":"2026-02-10T19:52:49","slug":"reunioes-cmdm","status":"publish","type":"page","link":"https:\/\/cajamar.sp.gov.br\/desenvolvimento-social\/cmdm\/reunioes-cmdm\/","title":{"rendered":"Reuni\u00f5es CMDM"},"content":{"rendered":"\n<div class=\"wp-block-group is-vertical is-layout-flex wp-container-core-group-is-layout-8cf370e7 wp-block-group-is-layout-flex\">\n<p><\/p>\n\n\n\n<details class=\"wp-block-details is-layout-flow wp-block-details-is-layout-flow\"><summary>Exerc\u00edcio de 2026<\/summary>\n<div class=\"wp-block-group is-nowrap is-layout-flex wp-container-core-group-is-layout-64989fb1 wp-block-group-is-layout-flex\">\n<details class=\"wp-block-details is-layout-flow wp-block-details-is-layout-flow\"><summary>\u3164Calend\u00e1rio das reuni\u00f5es ordin\u00e1rias<\/summary>\n<ul class=\"wp-block-list\">\n<li>12 de fevereiro de 2026<\/li>\n\n\n\n<li>12 de mar\u00e7o de 2026<\/li>\n\n\n\n<li>09 de abril de 2026<\/li>\n\n\n\n<li>07 de maio de 2026<\/li>\n\n\n\n<li>11 de junho de 2026<\/li>\n\n\n\n<li>08 de julho de 2026<\/li>\n\n\n\n<li>13 de agosto de 2026<\/li>\n\n\n\n<li>10 de setembro de 2026<\/li>\n\n\n\n<li>08 de outubro de 2026<\/li>\n\n\n\n<li>12 de novembro de 2026<\/li>\n\n\n\n<li>10 de dezembro de 2026<\/li>\n<\/ul>\n<\/details>\n\n\n\n<details class=\"wp-block-details is-layout-flow wp-block-details-is-layout-flow\"><summary>\u3164Atas de reuni\u00f5es<\/summary>\n<ol class=\"wp-block-list\">\n<li><\/li>\n\n\n\n<li><\/li>\n<\/ol>\n<\/details>\n<\/div>\n<\/details>\n\n\n\n<p><\/p>\n\n\n\n<details class=\"wp-block-details is-layout-flow wp-block-details-is-layout-flow\"><summary>Exerc\u00edcio de 2025<\/summary>\n<ol class=\"wp-block-list\">\n<li><a href=\"https:\/\/cajamar.sp.gov.br\/desenvolvimento-social\/wp-content\/uploads\/sites\/12\/2025\/01\/ata-cmas-001-2025-de-21-01-25-1.pdf\" target=\"_blank\" rel=\"noreferrer noopener\">Ata CMAS n\u00ba 001\/2025 de 21\/01\/2025<\/a><\/li>\n\n\n\n<li><a href=\"https:\/\/cajamar.sp.gov.br\/desenvolvimento-social\/wp-content\/uploads\/sites\/12\/2025\/09\/ata-cmdm-05-de-10-07-2025.pdf\" target=\"_blank\" rel=\"noreferrer noopener\">Ata CMAS n\u00ba 005\/2025 de 10\/07\/2025<\/a><\/li>\n\n\n\n<li><a href=\"https:\/\/cajamar.sp.gov.br\/desenvolvimento-social\/wp-content\/uploads\/sites\/12\/2025\/09\/ata-cmdm-05-de-14-08-2025.pdf\" target=\"_blank\" rel=\"noreferrer noopener\">Ata CMAS n\u00ba 005\/2025 de 14\/08\/2025<\/a><\/li>\n\n\n\n<li><a href=\"https:\/\/cajamar.sp.gov.br\/desenvolvimento-social\/wp-content\/uploads\/sites\/12\/2025\/09\/ata-cmdm-06-extraordinaria-de-21-08-2025.pdf\" target=\"_blank\" rel=\"noreferrer noopener\">Ata CMAS n\u00ba 006\/2025 de 21\/08\/2025<\/a><\/li>\n\n\n\n<li><a href=\"https:\/\/cajamar.sp.gov.br\/desenvolvimento-social\/wp-content\/uploads\/sites\/12\/2026\/02\/ata-cmdm-07-25-de-11-09-25.pdf\" target=\"_blank\" rel=\"noreferrer noopener\">Ata CMAS n\u00ba 007\/2025 de 11\/09\/2025<\/a><\/li>\n\n\n\n<li><a href=\"https:\/\/cajamar.sp.gov.br\/desenvolvimento-social\/wp-content\/uploads\/sites\/12\/2026\/02\/ata-cmdm-08-25-de-16-10-25.pdf\" target=\"_blank\" rel=\"noreferrer noopener\">Ata CMAS n\u00ba 008\/2025 de 16\/10\/2025<\/a><\/li>\n\n\n\n<li><a href=\"https:\/\/cajamar.sp.gov.br\/desenvolvimento-social\/wp-content\/uploads\/sites\/12\/2026\/02\/ata-cmdm-09-25-de-13-11-25.pdf\" target=\"_blank\" rel=\"noreferrer noopener\">Ata CMAS n\u00ba 009\/2025 de 13\/11\/2025<\/a><\/li>\n\n\n\n<li><a href=\"https:\/\/cajamar.sp.gov.br\/desenvolvimento-social\/wp-content\/uploads\/sites\/12\/2026\/02\/ata-cmdm-10-25-de-11-12-25.pdf\" target=\"_blank\" rel=\"noreferrer noopener\">Ata CMAS n\u00ba 010\/2025 de 11\/12\/2025<\/a><\/li>\n<\/ol>\n<\/details>\n\n\n\n<hr class=\"wp-block-separator has-alpha-channel-opacity\" \/>\n\n\n\n<details class=\"wp-block-details is-layout-flow wp-block-details-is-layout-flow\"><summary>Exerc\u00edcio de 2024<\/summary>\n<ol class=\"wp-block-list\">\n<li><a href=\"https:\/\/cajamar.sp.gov.br\/desenvolvimento-social\/wp-content\/uploads\/sites\/12\/2025\/03\/ata-cmdm-no-001-24-de-11-01-24.pdf\">Ata CMDM n\u00ba 001\/2024 de 11\/01\/2024<\/a><\/li>\n\n\n\n<li><a href=\"https:\/\/cajamar.sp.gov.br\/desenvolvimento-social\/wp-content\/uploads\/sites\/12\/2025\/03\/ata-cmdm-no-002-24-de-08-02-24.pdf\">Ata CMDM n\u00ba 002\/2024 de 08\/02\/2024<\/a><\/li>\n\n\n\n<li><a href=\"https:\/\/cajamar.sp.gov.br\/desenvolvimento-social\/wp-content\/uploads\/sites\/12\/2025\/03\/ata-cmdm-no-003-24-de-11-04-24.pdf\">Ata CMDM n\u00ba 003\/2024 de 16\/03\/2024<\/a><\/li>\n\n\n\n<li><a href=\"https:\/\/cajamar.sp.gov.br\/desenvolvimento-social\/wp-content\/uploads\/sites\/12\/2025\/03\/ata-cmdm-no-004-24-de-16-04-24-extra.pdf\">Ata CMDM n\u00ba 004\/2024 de 16\/04\/2024<\/a> extraordin\u00e1ria<\/li>\n\n\n\n<li><a href=\"https:\/\/cajamar.sp.gov.br\/desenvolvimento-social\/wp-content\/uploads\/sites\/12\/2025\/03\/ata-cmdm-no-005-24-de-09-05-24.pdf\">Ata CMDM n\u00ba 005\/2024 de 09\/05\/2024<\/a><\/li>\n\n\n\n<li><a href=\"https:\/\/cajamar.sp.gov.br\/desenvolvimento-social\/wp-content\/uploads\/sites\/12\/2025\/03\/ata-cmdm-no-006-24-de-13-06-24.pdf\">Ata CMDM n\u00ba 006\/2024 de 13\/06\/2024<\/a><\/li>\n\n\n\n<li><a href=\"https:\/\/cajamar.sp.gov.br\/desenvolvimento-social\/wp-content\/uploads\/sites\/12\/2025\/03\/ata-cmdm-no-007-24-de-19-07-24.pdf\">Ata CMDM n\u00ba 007\/2024 de 19\/07\/2024<\/a><\/li>\n\n\n\n<li><a href=\"https:\/\/cajamar.sp.gov.br\/desenvolvimento-social\/wp-content\/uploads\/sites\/12\/2025\/02\/ata-cmdm-no-008-24-de-08-08-24.pdf\" target=\"_blank\" rel=\"noreferrer noopener\">Ata CMDM n\u00ba 008\/2024 de 08\/08\/2024<\/a><\/li>\n\n\n\n<li><a href=\"https:\/\/cajamar.sp.gov.br\/desenvolvimento-social\/wp-content\/uploads\/sites\/12\/2025\/02\/ata-cmdm-no-009-24-de-12-09-24.pdf\" target=\"_blank\" rel=\"noreferrer noopener\">Ata CMDM n\u00ba 009\/2024 de 12\/09\/2024<\/a><\/li>\n\n\n\n<li><a href=\"https:\/\/cajamar.sp.gov.br\/desenvolvimento-social\/wp-content\/uploads\/sites\/12\/2025\/02\/ata-cmdm-no-010-24-de-17-09-24-extra.pdf\" target=\"_blank\" rel=\"noreferrer noopener\">Ata CMDM n\u00ba 010\/2024 de 17\/09\/2024<\/a> extraordin\u00e1ria<\/li>\n\n\n\n<li><a href=\"https:\/\/cajamar.sp.gov.br\/desenvolvimento-social\/wp-content\/uploads\/sites\/12\/2025\/02\/ata-cmdm-no-011-24-de-10-10-24.pdf\">Ata CMDM n\u00ba 011\/2024 de 10\/10\/2024<\/a><\/li>\n\n\n\n<li><a href=\"https:\/\/cajamar.sp.gov.br\/desenvolvimento-social\/wp-content\/uploads\/sites\/12\/2025\/02\/ata-cmdm-no-012-24-de-14-11-24.pdf\" target=\"_blank\" rel=\"noreferrer noopener\">Ata CMDM n\u00ba 012\/2024 de 14\/11\/2024<\/a><\/li>\n\n\n\n<li><a href=\"https:\/\/cajamar.sp.gov.br\/desenvolvimento-social\/wp-content\/uploads\/sites\/12\/2025\/02\/ata-cmdm-no-013-24-de-12-12-24.pdf\" target=\"_blank\" rel=\"noreferrer noopener\">Ata CMDM n\u00ba 013\/2024 de 12\/12\/2024<\/a><\/li>\n<\/ol>\n<\/details>\n\n\n\n<hr class=\"wp-block-separator has-alpha-channel-opacity\" \/>\n<\/div>\n","protected":false},"excerpt":{"rendered":"","protected":false},"author":47,"featured_media":0,"parent":130,"menu_order":0,"comment_status":"closed","ping_status":"closed","template":"","meta":{"footnotes":""},"class_list":["post-364","page","type-page","status-publish","hentry"],"_links":{"self":[{"href":"https:\/\/cajamar.sp.gov.br\/desenvolvimento-social\/wp-json\/wp\/v2\/pages\/364","targetHints":{"allow":["GET"]}}],"collection":[{"href":"https:\/\/cajamar.sp.gov.br\/desenvolvimento-social\/wp-json\/wp\/v2\/pages"}],"about":[{"href":"https:\/\/cajamar.sp.gov.br\/desenvolvimento-social\/wp-json\/wp\/v2\/types\/page"}],"author":[{"embeddable":true,"href":"https:\/\/cajamar.sp.gov.br\/desenvolvimento-social\/wp-json\/wp\/v2\/users\/47"}],"replies":[{"embeddable":true,"href":"https:\/\/cajamar.sp.gov.br\/desenvolvimento-social\/wp-json\/wp\/v2\/comments?post=364"}],"version-history":[{"count":11,"href":"https:\/\/cajamar.sp.gov.br\/desenvolvimento-social\/wp-json\/wp\/v2\/pages\/364\/revisions"}],"predecessor-version":[{"id":923,"href":"https:\/\/cajamar.sp.gov.br\/desenvolvimento-social\/wp-json\/wp\/v2\/pages\/364\/revisions\/923"}],"up":[{"embeddable":true,"href":"https:\/\/cajamar.sp.gov.br\/desenvolvimento-social\/wp-json\/wp\/v2\/pages\/130"}],"wp:attachment":[{"href":"https:\/\/cajamar.sp.gov.br\/desenvolvimento-social\/wp-json\/wp\/v2\/media?parent=364"}],"curies":[{"name":"wp","href":"https:\/\/api.w.org\/{rel}","templated":true}]}}