{"id":370,"date":"2025-04-25T13:46:55","date_gmt":"2025-04-25T16:46:55","guid":{"rendered":"https:\/\/cajamar.sp.gov.br\/desenvolvimento-social\/?page_id=370"},"modified":"2026-02-10T16:41:01","modified_gmt":"2026-02-10T19:41:01","slug":"composicao-cmdm","status":"publish","type":"page","link":"https:\/\/cajamar.sp.gov.br\/desenvolvimento-social\/cmdm\/composicao-cmdm\/","title":{"rendered":"Composi\u00e7\u00e3o do CMDM"},"content":{"rendered":"\n<h2 class=\"wp-block-heading\"><strong>Rela\u00e7\u00e3o de Membros Titulares e Suplentes<\/strong><\/h2>\n\n\n\n<figure class=\"wp-block-table aligncenter\"><table class=\"has-fixed-layout\"><tbody><tr><td class=\"has-text-align-center\" data-align=\"center\">DESENVOLVIMENTO SOCIAL<\/td><td class=\"has-text-align-left\" data-align=\"left\">Titular &#8211;<strong> <strong>Elais <\/strong>P\u00e2mela do Prado Ara\u00fajo<\/strong><br>Suplente &#8211;<strong> Viviane da Silva Amorim<\/strong><\/td><\/tr><tr><td class=\"has-text-align-center\" data-align=\"center\">SA\u00daDE<\/td><td class=\"has-text-align-left\" data-align=\"left\">Titular &#8211; <strong>Luciane de F\u00e1tima Dias da Silva<\/strong><br>Suplente &#8211;<strong> Stefhanie de Souza Santos<\/strong><\/td><\/tr><tr><td class=\"has-text-align-center\" data-align=\"center\">EDUCA\u00c7\u00c3O<\/td><td class=\"has-text-align-left\" data-align=\"left\">Titular &#8211; <strong><strong>Jorcylene Rodrigues Mateus<\/strong><\/strong><br>Suplente &#8211; <strong><strong>Renata Ribeiro Rocha<\/strong><\/strong><\/td><\/tr><tr><td class=\"has-text-align-center\" data-align=\"center\">CULTURA<\/td><td class=\"has-text-align-left\" data-align=\"left\">Titular &#8211;<strong> Daniela Ramos Gon\u00e7alves<\/strong><br>Suplente &#8211; <strong>Priscila da Silva<\/strong><\/td><\/tr><tr><td class=\"has-text-align-center\" data-align=\"center\">EMPREGABILIDADE<\/td><td class=\"has-text-align-left\" data-align=\"left\">Titular &#8211; <strong>Roberta Bolliani<\/strong><br>Suplente &#8211; <strong>Ana Desire\u00e9 Cavalheiro Mendes Peixoto Soares<\/strong><\/td><\/tr><tr><td class=\"has-text-align-center\" data-align=\"center\">FUNDO SOCIAL DE SOLIDARIEDADE<\/td><td class=\"has-text-align-left\" data-align=\"left\">Titular &#8211;<strong> Lidiane Martins da Costa<\/strong><br>Suplente &#8211; <strong>Carine Daniela Martins<\/strong><\/td><\/tr><\/tbody><\/table><figcaption class=\"wp-element-caption\">REPRESENTANTES DO PODER P\u00daBLICO<\/figcaption><\/figure>\n\n\n\n<figure class=\"wp-block-table aligncenter\"><table class=\"has-fixed-layout\"><tbody><tr><td class=\"has-text-align-center\" data-align=\"center\">ORG\u00c3O DE ATENDIMENTO AO IDOSO<\/td><td class=\"has-text-align-left\" data-align=\"left\">Titular &#8211;<strong> Sheila Torquato Moreira de Souza<\/strong><br>Suplente &#8211;<strong> Sabrina de Freitas Bernardes<\/strong><\/td><\/tr><tr><td class=\"has-text-align-center\" data-align=\"center\">INSTITUI\u00c7\u00c3O DE ENSINO<\/td><td class=\"has-text-align-left\" data-align=\"left\">Titular &#8211; vac\u00e2ncia<br>Suplente &#8211;<strong> <\/strong>vac\u00e2ncia<\/td><\/tr><tr><td class=\"has-text-align-center\" data-align=\"center\">ORDEM DOS ADVOGADOS DO BRASIL &#8211; OAB<\/td><td class=\"has-text-align-left\" data-align=\"left\">Titular &#8211; <strong>Roseli Gazoli<\/strong><br>Suplente &#8211; <strong>Naomi de Paula Albertino<\/strong><\/td><\/tr><tr><td class=\"has-text-align-center\" data-align=\"center\">ORGANIZA\u00c7\u00c3O DA SOCIEDADE CIVIL DE ASSIST\u00caNCIA SOCIAL<\/td><td class=\"has-text-align-left\" data-align=\"left\">Titular &#8211; <strong>Silvia dos Santos Silva<\/strong><br>Suplente &#8211; <strong>Liliam Fabiane de Oliveira Gomes<\/strong><\/td><\/tr><tr><td class=\"has-text-align-center\" data-align=\"center\">MOVIMENTOS, GRUPOS OU ORGANISMOS DE LUTA EM DEFESA DA MULHER<\/td><td class=\"has-text-align-left\" data-align=\"left\">Titular &#8211;<strong> Maria Eduarda da Silva<\/strong><br>Suplente &#8211; <strong>Andreza Pereira da Silva<\/strong><\/td><\/tr><tr><td class=\"has-text-align-center\" data-align=\"center\">PROFISSIONAIS DA \u00c1REA SOCIOASSISTENCIAL<\/td><td class=\"has-text-align-left\" data-align=\"left\">Titular &#8211; <strong>Yara de Jesus Ferreira<\/strong><br>Suplente &#8211; <strong>Ana Laura de Almeida de Oliveira<\/strong><\/td><\/tr><\/tbody><\/table><figcaption class=\"wp-element-caption\">REPRESENTANTES DA SOCIEDADE CIVIL<\/figcaption><\/figure>\n\n\n\n<details class=\"wp-block-details is-layout-flow wp-block-details-is-layout-flow\"><summary>Decretos de nomea\u00e7\u00e3o do bi\u00eanio atual<\/summary>\n<ul class=\"wp-block-list\">\n<li><a href=\"https:\/\/cajamar.sp.gov.br\/decretos\/decretos-municipais\/decreto-7543-de-2025\/\" target=\"_blank\" rel=\"noreferrer noopener\">Decreto n\u00ba 7543, de 30 de julho de 2025<\/a> &#8211; Nomea\u00e7\u00e3o dos membros com mandato at\u00e9 2027;<\/li>\n\n\n\n<li><a href=\"https:\/\/cajamar.sp.gov.br\/decretos\/decretos-municipais\/decreto-7585-de-2025\/\" target=\"_blank\" rel=\"noreferrer noopener\">Decreto n\u00ba 7585, de 29 de setembro de 2025<\/a> &#8211; Substitui suplente da OAB e titular e suplente dos profissionais da \u00e1rea socioassitencial, da Sociedade Civil.<\/li>\n<\/ul>\n<\/details>\n\n\n\n<details class=\"wp-block-details is-layout-flow wp-block-details-is-layout-flow\"><summary>Comiss\u00f5es Tem\u00e1ticas Permanentes<\/summary>\n<figure class=\"wp-block-table\"><table class=\"has-fixed-layout\"><tbody><tr><td><\/td><td><\/td><\/tr><\/tbody><\/table><\/figure>\n\n\n\n<figure class=\"wp-block-table\"><table class=\"has-fixed-layout\"><tbody><tr><td><\/td><td><\/td><\/tr><\/tbody><\/table><\/figure>\n\n\n\n<figure class=\"wp-block-table\"><table class=\"has-fixed-layout\"><tbody><tr><td><\/td><td><\/td><\/tr><\/tbody><\/table><\/figure>\n<\/details>\n\n\n\n<hr class=\"wp-block-separator has-alpha-channel-opacity\" \/>\n\n\n\n<details class=\"wp-block-details is-layout-flow wp-block-details-is-layout-flow\"><summary>Bi\u00eanio 2023-2025<\/summary>\n<h2 class=\"wp-block-heading\"><strong>Rela\u00e7\u00e3o de Membros Titulares e Suplentes<\/strong><\/h2>\n\n\n\n<figure class=\"wp-block-table aligncenter\"><table class=\"has-fixed-layout\"><tbody><tr><td class=\"has-text-align-center\" data-align=\"center\">DESENVOLVIMENTO SOCIAL<\/td><td class=\"has-text-align-left\" data-align=\"left\">Titular &#8211;<strong> <strong>Regina C\u00e9lia Duarte<\/strong><\/strong><br>Suplente &#8211;<strong> Rosangela Jesus Batista<\/strong><\/td><\/tr><tr><td class=\"has-text-align-center\" data-align=\"center\">SA\u00daDE<\/td><td class=\"has-text-align-left\" data-align=\"left\">Titular &#8211; <strong>Rebeca Almeida Lima<\/strong><br>Suplente &#8211;<strong> Luciene de F\u00e1tima Dias da Silva<\/strong><\/td><\/tr><tr><td class=\"has-text-align-center\" data-align=\"center\">EDUCA\u00c7\u00c3O<\/td><td class=\"has-text-align-left\" data-align=\"left\">Titular &#8211; <strong><strong>Arlete Alves da Silva Salles<\/strong><\/strong><br>Suplente &#8211; <strong><strong>Monica L\u00edcia Rodrigues Lima<\/strong><\/strong><\/td><\/tr><tr><td class=\"has-text-align-center\" data-align=\"center\">CULTURA<\/td><td class=\"has-text-align-left\" data-align=\"left\">Titular &#8211;<strong> Patr\u00edcia Silva Nogueira<\/strong><br>Suplente &#8211; <strong>Sandra Gentil Amaral Luz<\/strong><\/td><\/tr><tr><td class=\"has-text-align-center\" data-align=\"center\">EMPREGABILIDADE<\/td><td class=\"has-text-align-left\" data-align=\"left\">Titular &#8211; <strong>Daniela Mota da Silveira<\/strong><br>Suplente &#8211; <strong>Roberta Bolliani<\/strong><\/td><\/tr><tr><td class=\"has-text-align-center\" data-align=\"center\">FUNDO SOCIAL DE SOLIDARIEDADE<\/td><td class=\"has-text-align-left\" data-align=\"left\">Titular &#8211;<strong> Lidiane Martins da Costa<\/strong><br>Suplente &#8211; <strong>Carine Daniela Martins<\/strong><\/td><\/tr><\/tbody><\/table><figcaption class=\"wp-element-caption\">REPRESENTANTES DO PODER P\u00daBLICO<\/figcaption><\/figure>\n\n\n\n<figure class=\"wp-block-table aligncenter\"><table class=\"has-fixed-layout\"><tbody><tr><td class=\"has-text-align-center\" data-align=\"center\">ORG\u00c3O DE ATENDIMENTO AO IDOSO<\/td><td class=\"has-text-align-left\" data-align=\"left\">Titular &#8211;<strong> Patr\u00edcia da Silva Pacanaro<\/strong><br>Suplente &#8211;<strong> Sheila Torquato Moreira<\/strong><\/td><\/tr><tr><td class=\"has-text-align-center\" data-align=\"center\">INSTITUI\u00c7\u00c3O DE ENSINO<\/td><td class=\"has-text-align-left\" data-align=\"left\">Titular &#8211; <strong>Samara Ricci<\/strong><br>Suplente &#8211;<strong> Tamar Ricci<\/strong><\/td><\/tr><tr><td class=\"has-text-align-center\" data-align=\"center\">ORDEM DOS ADVOGADOS DO BRASIL &#8211; OAB<\/td><td class=\"has-text-align-left\" data-align=\"left\">Titular &#8211; <strong>Daniele Aparecida Barboza Costa<\/strong><br>Suplente &#8211;<strong> Sandra Helena de Abreu<\/strong><\/td><\/tr><tr><td class=\"has-text-align-center\" data-align=\"center\">ORGANIZA\u00c7\u00c3O DA SOCIEDADE CIVIL DE ASSIST\u00caNCIA SOCIAL<\/td><td class=\"has-text-align-left\" data-align=\"left\">Titular &#8211; <strong>Isabel Cristina de Oliveira Silva Inoc\u00eancio<\/strong><br>Suplente &#8211; <strong>Liliam Fabiane de Oliveira Gomes<\/strong><\/td><\/tr><tr><td class=\"has-text-align-center\" data-align=\"center\">MOVIMENTOS, GRUPOS OU ORGANISMOS DE LUTA EM DEFESA DA MULHER<\/td><td class=\"has-text-align-left\" data-align=\"left\">Titular &#8211;<strong> Adriano Lucas da Silva<\/strong><br>Suplente &#8211; <strong>Leila Bezerra da Silva Junqueira<\/strong><\/td><\/tr><tr><td class=\"has-text-align-center\" data-align=\"center\">PROFISSIONAIS DA \u00c1REA SOCIOASSISTENCIAL<\/td><td class=\"has-text-align-left\" data-align=\"left\">Titular &#8211; <strong>Maria Eduarda da Silva<\/strong><br>Suplente &#8211; <strong>Karolina Assis de Oliveira Santos<\/strong><\/td><\/tr><\/tbody><\/table><figcaption class=\"wp-element-caption\">REPRESENTANTES DA SOCIEDADE CIVIL<\/figcaption><\/figure>\n\n\n\n<details class=\"wp-block-details is-layout-flow wp-block-details-is-layout-flow\"><summary>Decretos de nomea\u00e7\u00e3o do bi\u00eanio atual<\/summary>\n<ul class=\"wp-block-list\">\n<li>Decreto n\u00ba <a href=\"https:\/\/cajamar.sp.gov.br\/decretos\/decretos-municipais\/decreto-6998-de-2023\/\" target=\"_blank\" rel=\"noreferrer noopener\">6998, de 16 de junho de 2023<\/a> &#8211; Nomea\u00e7\u00e3o dos membros com mandato at\u00e9 15\/6\/25;<\/li>\n\n\n\n<li>Decreto n\u00ba <a href=\"https:\/\/cajamar.sp.gov.br\/decretos\/decretos-municipais\/decreto-7069-de-2023\/\" target=\"_blank\" rel=\"noreferrer noopener\">7034, de 16 de agosto de 2023<\/a> &#8211; Altera titular e suplente de Movimentos, Grupos ou Organismos de Luta Em Defesa da Mulher;<\/li>\n\n\n\n<li>Decreto n\u00ba <a href=\"https:\/\/cajamar.sp.gov.br\/decretos\/decretos-municipais\/decreto-7069-de-2023\/\" target=\"_blank\" rel=\"noreferrer noopener\">7069, de 25 de outubro de 2023<\/a> &#8211; Altera titular e suplente da OSC de Assist\u00eancia Social;<\/li>\n\n\n\n<li>Decreto n\u00ba <a href=\"https:\/\/cajamar.sp.gov.br\/decretos\/decretos-municipais\/decreto-7083-de-2023\/\" target=\"_blank\" rel=\"noreferrer noopener\">7083, de 29 de novembro de 2023<\/a> &#8211; Altera suplente da Empregabilidade;<\/li>\n\n\n\n<li>Decreto n\u00ba <a href=\"https:\/\/cajamar.sp.gov.br\/decretos\/decretos-municipais\/decreto-7109-de-2023\/\" target=\"_blank\" rel=\"noreferrer noopener\">7109, de 21 de dezembro de 2023<\/a> &#8211; Altera titular e suplente da Educa\u00e7\u00e3o;<\/li>\n\n\n\n<li>Decreto n\u00ba <a href=\"https:\/\/cajamar.sp.gov.br\/decretos\/decretos-municipais\/decreto-7119-de-2024\/\" target=\"_blank\" rel=\"noreferrer noopener\">7119, de 18 de janeiro de 2024<\/a> &#8211; Altera titular e suplente da Cultura e titular do Fundo Social de Solidariedade;<\/li>\n\n\n\n<li>Decreto n\u00ba <a href=\"https:\/\/cajamar.sp.gov.br\/decretos\/decretos-municipais\/decreto-7157-de-2024\/\" target=\"_blank\" rel=\"noreferrer noopener\">7145, de 15 de fevereiro de 2024<\/a> &#8211; Altera titular do \u00d3rg\u00e3o de Atendimento ao Idoso;<\/li>\n\n\n\n<li>Decreto n\u00ba <a href=\"https:\/\/cajamar.sp.gov.br\/decretos\/decretos-municipais\/decreto-7247-de-2024\/\" target=\"_blank\" rel=\"noreferrer noopener\">7247, de 1\u00ba de julho de 2024<\/a> &#8211; Altera suplente da Sa\u00fade e titular da Empregabilidade;<\/li>\n\n\n\n<li>Decreto n\u00ba <a href=\"https:\/\/cajamar.sp.gov.br\/decretos\/decretos-municipais\/decreto-7448-de-2025\/\" target=\"_blank\" rel=\"noreferrer noopener\">7448, de 25 de fevereiro de 2025<\/a> &#8211; Altera titular e suplente do Fundo Social de Solidariedade;<\/li>\n<\/ul>\n<\/details>\n\n\n\n<details class=\"wp-block-details is-layout-flow wp-block-details-is-layout-flow\"><summary>Comiss\u00f5es Tem\u00e1ticas Permanentes<\/summary>\n<figure class=\"wp-block-table\"><table class=\"has-fixed-layout\"><tbody><tr><td><\/td><td><\/td><\/tr><\/tbody><\/table><\/figure>\n\n\n\n<figure class=\"wp-block-table\"><table class=\"has-fixed-layout\"><tbody><tr><td><\/td><td><\/td><\/tr><\/tbody><\/table><\/figure>\n\n\n\n<figure class=\"wp-block-table\"><table class=\"has-fixed-layout\"><tbody><tr><td><\/td><td><\/td><\/tr><\/tbody><\/table><\/figure>\n<\/details>\n\n\n\n<p><\/p>\n<\/details>\n","protected":false},"excerpt":{"rendered":"<p>Rela\u00e7\u00e3o de Membros Titulares e Suplentes DESENVOLVIMENTO SOCIAL Titular &#8211; Elais P\u00e2mela do Prado Ara\u00fajoSuplente &#8211; Viviane da Silva Amorim SA\u00daDE Titular &#8211; Luciane de F\u00e1tima Dias da SilvaSuplente &#8211; Stefhanie de Souza Santos EDUCA\u00c7\u00c3O Titular &#8211; Jorcylene Rodrigues MateusSuplente &#8211; Renata Ribeiro Rocha CULTURA Titular &#8211; Daniela Ramos Gon\u00e7alvesSuplente &#8211; Priscila da Silva EMPREGABILIDADE [&hellip;]<\/p>\n","protected":false},"author":47,"featured_media":0,"parent":130,"menu_order":0,"comment_status":"closed","ping_status":"closed","template":"","meta":{"footnotes":""},"class_list":["post-370","page","type-page","status-publish","hentry"],"_links":{"self":[{"href":"https:\/\/cajamar.sp.gov.br\/desenvolvimento-social\/wp-json\/wp\/v2\/pages\/370","targetHints":{"allow":["GET"]}}],"collection":[{"href":"https:\/\/cajamar.sp.gov.br\/desenvolvimento-social\/wp-json\/wp\/v2\/pages"}],"about":[{"href":"https:\/\/cajamar.sp.gov.br\/desenvolvimento-social\/wp-json\/wp\/v2\/types\/page"}],"author":[{"embeddable":true,"href":"https:\/\/cajamar.sp.gov.br\/desenvolvimento-social\/wp-json\/wp\/v2\/users\/47"}],"replies":[{"embeddable":true,"href":"https:\/\/cajamar.sp.gov.br\/desenvolvimento-social\/wp-json\/wp\/v2\/comments?post=370"}],"version-history":[{"count":9,"href":"https:\/\/cajamar.sp.gov.br\/desenvolvimento-social\/wp-json\/wp\/v2\/pages\/370\/revisions"}],"predecessor-version":[{"id":920,"href":"https:\/\/cajamar.sp.gov.br\/desenvolvimento-social\/wp-json\/wp\/v2\/pages\/370\/revisions\/920"}],"up":[{"embeddable":true,"href":"https:\/\/cajamar.sp.gov.br\/desenvolvimento-social\/wp-json\/wp\/v2\/pages\/130"}],"wp:attachment":[{"href":"https:\/\/cajamar.sp.gov.br\/desenvolvimento-social\/wp-json\/wp\/v2\/media?parent=370"}],"curies":[{"name":"wp","href":"https:\/\/api.w.org\/{rel}","templated":true}]}}