{"id":384,"date":"2025-05-13T16:45:00","date_gmt":"2025-05-13T19:45:00","guid":{"rendered":"https:\/\/cajamar.sp.gov.br\/desenvolvimento-social\/?page_id=384"},"modified":"2025-06-13T11:49:57","modified_gmt":"2025-06-13T14:49:57","slug":"composicao-cmdpd","status":"publish","type":"page","link":"https:\/\/cajamar.sp.gov.br\/desenvolvimento-social\/cmdpd\/composicao-cmdpd\/","title":{"rendered":"Composi\u00e7\u00e3o do CMDPD"},"content":{"rendered":"\n<h2 class=\"wp-block-heading\"><strong>Rela\u00e7\u00e3o de Membros Titulares e Suplentes<\/strong><\/h2>\n\n\n\n<figure class=\"wp-block-table aligncenter\"><table class=\"has-fixed-layout\"><tbody><tr><td class=\"has-text-align-center\" data-align=\"center\">ASSIST\u00caNCIA SOCIAL<\/td><td class=\"has-text-align-left\" data-align=\"left\">Titular &#8211;<strong> <strong>Naz\u00e1ria Ferreira de Oliveira Souza<\/strong><\/strong><br>Suplente &#8211;<strong> Ros\u00e2ngela de Jesus Batista<\/strong><\/td><\/tr><tr><td class=\"has-text-align-center\" data-align=\"center\">EDUCA\u00c7\u00c3O<\/td><td class=\"has-text-align-left\" data-align=\"left\">Titular &#8211; <strong>La\u00e9rcio PEreira da Silva<\/strong><br>Suplente &#8211;<strong> Fl\u00e1via de Lima Palares<\/strong><\/td><\/tr><tr><td class=\"has-text-align-center\" data-align=\"center\">SA\u00daDE<\/td><td class=\"has-text-align-left\" data-align=\"left\">Titular &#8211; <strong>Juliany Vieira Sant&#8217;ana<\/strong><br>Suplente &#8211; <strong>Luciane de F\u00e1tima Dias da Silva<\/strong><\/td><\/tr><tr><td class=\"has-text-align-center\" data-align=\"center\">ESPORTE E LAZER<\/td><td class=\"has-text-align-left\" data-align=\"left\">Titular &#8211; <strong>S\u00e9rgio Braz da Silva<\/strong><br>Suplente &#8211; <strong>Renata Guilger dos Santos<\/strong><\/td><\/tr><tr><td class=\"has-text-align-center\" data-align=\"center\">MOBILIDADE URBANA<\/td><td class=\"has-text-align-left\" data-align=\"left\">Titular &#8211;<strong> Carolina Raimundo Nascimento<\/strong><br>Suplente &#8211; <strong>Luana Fernandes dos Santos<\/strong><\/td><\/tr><tr><td class=\"has-text-align-center\" data-align=\"center\">INFRAESTRUTURA E SERVI\u00c7OS P\u00daBLICOS<\/td><td class=\"has-text-align-left\" data-align=\"left\">Titular &#8211; <strong>Edson Victorelli de Oliveira<\/strong><br>Suplente &#8211; <strong>Ana Paula Miss\u00e9<\/strong><\/td><\/tr><tr><td class=\"has-text-align-center\" data-align=\"center\">EMPREGABILIDADE<\/td><td class=\"has-text-align-left\" data-align=\"left\">Titular &#8211; <strong>Eliane Gon\u00e7alves da Silva<\/strong><br>Suplente &#8211; <strong>Alessandra Panato Marazia Rossi<\/strong><\/td><\/tr><\/tbody><\/table><figcaption class=\"wp-element-caption\">REPRESENTANTES DO PODER P\u00daBLICO<\/figcaption><\/figure>\n\n\n\n<figure class=\"wp-block-table aligncenter\"><table class=\"has-fixed-layout\"><tbody><tr><td class=\"has-text-align-center\" data-align=\"center\">ORGANIZA\u00c7\u00c3O DA SOCIEDADE CIVIL &#8211; APAE<\/td><td class=\"has-text-align-left\" data-align=\"left\">Titular &#8211;<strong> Artur Moreira dos Santos Filho<\/strong><br>Suplente &#8211;<strong> Elisangela Aparecida Ribeiro<\/strong><\/td><\/tr><tr><td class=\"has-text-align-center\" data-align=\"center\">ORGANIZA\u00c7\u00c3O DA SOCIEDADE CIVIL &#8211; S\u00cdTIO AGAR<\/td><td class=\"has-text-align-left\" data-align=\"left\">Titular &#8211; <strong>Tuiza Inoc\u00eancio Rodrigues<\/strong><br>Suplente &#8211;<strong> Joelma Alves de Souza<\/strong><\/td><\/tr><tr><td class=\"has-text-align-center\" data-align=\"center\">ORDEM DOS ADVOGADOS DO BRASIL<\/td><td class=\"has-text-align-left\" data-align=\"left\">Titular &#8211; <strong>Dr\u00aa Renata Cirino Ferreira<\/strong><br>Suplente &#8211;<strong> Dr\u00aa Alexandra Leite<\/strong><\/td><\/tr><tr><td class=\"has-text-align-center\" data-align=\"center\">ORGANIZA\u00c7\u00c3O DA SOCIEDADE CIVIL &#8211; DEFICI\u00caNCIA F\u00cdSICA<\/td><td class=\"has-text-align-left\" data-align=\"left\">Titular &#8211; <strong>Jo\u00e3o Batista Fernandes<\/strong><br>Suplente &#8211; <strong>Paulo Henrique M. de L\u00e9o<\/strong><\/td><\/tr><tr><td class=\"has-text-align-center\" data-align=\"center\">ORGANIZA\u00c7\u00c3O DA SOCIEDADE CIVIL &#8211; DEFICI\u00caNCIA AUDITIVA<\/td><td class=\"has-text-align-left\" data-align=\"left\">Titular &#8211;<strong> Gabriel Cardoso dos Santos<\/strong><br>Suplente &#8211; <strong>Henrique de Souza Silva<\/strong><\/td><\/tr><tr><td class=\"has-text-align-center\" data-align=\"center\">ORGANIZA\u00c7\u00c3O DA SOCIEDADE CIVIL &#8211; DEFICI\u00caNCIA VISUAL<\/td><td class=\"has-text-align-left\" data-align=\"left\">Titular &#8211; <strong>Adriana Cristina S. Silva<\/strong><br>Suplente &#8211; <strong>Ocimar Mendon\u00e7a da Silva<\/strong><\/td><\/tr><tr><td class=\"has-text-align-center\" data-align=\"center\">ORGANIZA\u00c7\u00c3O DA SOCIEDADE CIVIL &#8211; DEFICI\u00caNCIA INTELECTUAL<\/td><td class=\"has-text-align-left\" data-align=\"left\">Titular &#8211; <strong>Matheus Mariano M. de L\u00e9o<\/strong><br>Suplente &#8211; <strong>Alua Mirelle dos Santos Firmino<\/strong><\/td><\/tr><\/tbody><\/table><figcaption class=\"wp-element-caption\">REPRESENTANTES DA SOCIEDADE CIVIL<\/figcaption><\/figure>\n\n\n\n<details class=\"wp-block-details is-layout-flow wp-block-details-is-layout-flow\"><summary>Decretos de nomea\u00e7\u00e3o do bi\u00eanio atual<\/summary>\n<ul class=\"wp-block-list\">\n<li>Decreto n\u00ba <a href=\"http:\/\/cajamar.sp.gov.br\/decretos\/decretos-municipais\/decreto-7490-de-2025\/\" target=\"_blank\" rel=\"noreferrer noopener\">7490, de 8 de maio de 2025<\/a>.<\/li>\n<\/ul>\n<\/details>\n","protected":false},"excerpt":{"rendered":"<p>Rela\u00e7\u00e3o de Membros Titulares e Suplentes ASSIST\u00caNCIA SOCIAL Titular &#8211; Naz\u00e1ria Ferreira de Oliveira SouzaSuplente &#8211; Ros\u00e2ngela de Jesus Batista EDUCA\u00c7\u00c3O Titular &#8211; La\u00e9rcio PEreira da SilvaSuplente &#8211; Fl\u00e1via de Lima Palares SA\u00daDE Titular &#8211; Juliany Vieira Sant&#8217;anaSuplente &#8211; Luciane de F\u00e1tima Dias da Silva ESPORTE E LAZER Titular &#8211; S\u00e9rgio Braz da SilvaSuplente &#8211; [&hellip;]<\/p>\n","protected":false},"author":47,"featured_media":0,"parent":132,"menu_order":0,"comment_status":"closed","ping_status":"closed","template":"","meta":{"footnotes":""},"class_list":["post-384","page","type-page","status-publish","hentry"],"_links":{"self":[{"href":"https:\/\/cajamar.sp.gov.br\/desenvolvimento-social\/wp-json\/wp\/v2\/pages\/384","targetHints":{"allow":["GET"]}}],"collection":[{"href":"https:\/\/cajamar.sp.gov.br\/desenvolvimento-social\/wp-json\/wp\/v2\/pages"}],"about":[{"href":"https:\/\/cajamar.sp.gov.br\/desenvolvimento-social\/wp-json\/wp\/v2\/types\/page"}],"author":[{"embeddable":true,"href":"https:\/\/cajamar.sp.gov.br\/desenvolvimento-social\/wp-json\/wp\/v2\/users\/47"}],"replies":[{"embeddable":true,"href":"https:\/\/cajamar.sp.gov.br\/desenvolvimento-social\/wp-json\/wp\/v2\/comments?post=384"}],"version-history":[{"count":5,"href":"https:\/\/cajamar.sp.gov.br\/desenvolvimento-social\/wp-json\/wp\/v2\/pages\/384\/revisions"}],"predecessor-version":[{"id":690,"href":"https:\/\/cajamar.sp.gov.br\/desenvolvimento-social\/wp-json\/wp\/v2\/pages\/384\/revisions\/690"}],"up":[{"embeddable":true,"href":"https:\/\/cajamar.sp.gov.br\/desenvolvimento-social\/wp-json\/wp\/v2\/pages\/132"}],"wp:attachment":[{"href":"https:\/\/cajamar.sp.gov.br\/desenvolvimento-social\/wp-json\/wp\/v2\/media?parent=384"}],"curies":[{"name":"wp","href":"https:\/\/api.w.org\/{rel}","templated":true}]}}