{"id":67,"date":"2022-10-17T17:22:50","date_gmt":"2022-10-17T20:22:50","guid":{"rendered":"https:\/\/cajamar.sp.gov.br\/desenvolvimento-social\/?page_id=67"},"modified":"2025-10-16T15:39:10","modified_gmt":"2025-10-16T18:39:10","slug":"cmdca","status":"publish","type":"page","link":"https:\/\/cajamar.sp.gov.br\/desenvolvimento-social\/cmdca\/","title":{"rendered":"Conselho Municipal dos Direitos da Crian\u00e7a e do Adolescente"},"content":{"rendered":"\n<p><strong><u>BEM VINDO AO CMDCA<\/u><\/strong><\/p>\n\n\n\n<div class=\"wp-block-buttons is-content-justification-center is-layout-flex wp-container-core-buttons-is-layout-5e6b19ed wp-block-buttons-is-layout-flex\">\n<div class=\"wp-block-button is-style-outline is-style-outline--1\"><a class=\"wp-block-button__link wp-element-button\" href=\"https:\/\/cajamar.sp.gov.br\/desenvolvimento-social\/cmdca\/regimento-interno-cmdca\">Regimento<br>Interno<\/a><\/div>\n\n\n\n<div class=\"wp-block-button is-style-outline is-style-outline--2\"><a class=\"wp-block-button__link wp-element-button\" href=\"https:\/\/cajamar.sp.gov.br\/desenvolvimento-social\/cmdca\/composicao-cmdca\">Composi\u00e7\u00e3o<\/a><\/div>\n\n\n\n<div class=\"wp-block-button is-style-outline is-style-outline--3\"><a class=\"wp-block-button__link wp-element-button\" href=\"https:\/\/cajamar.sp.gov.br\/desenvolvimento-social\/cmdca\/reunioes-cmdca\">Reuni\u00f5es<\/a><\/div>\n\n\n\n<div class=\"wp-block-button is-style-outline is-style-outline--4\"><a class=\"wp-block-button__link wp-element-button\" href=\"https:\/\/cajamar.sp.gov.br\/desenvolvimento-social\/cmdca\/resolucoes-cmdca\">Resolu\u00e7\u00f5es<\/a><\/div>\n\n\n\n<div class=\"wp-block-button is-style-outline is-style-outline--5\"><a class=\"wp-block-button__link wp-element-button\" href=\"https:\/\/cajamar.sp.gov.br\/desenvolvimento-social\/cmdca\/conferencias-cmdca\">Confer\u00eancias<\/a><\/div>\n<\/div>\n\n\n\n<p><\/p>\n\n\n\n<p>O Conselho Municipal dos Direitos da Crian\u00e7a e do Adolescente (CMDCA) tem como responsabilidade deliberar e fiscalizar, as a\u00e7\u00f5es governamentais e n\u00e3o governamentais, da Pol\u00edtica de Atendimento \u00e0 Crian\u00e7a e ao Adolescente no Munic\u00edpio de Cajamar, segundo preconiza o Estatuto da Crian\u00e7a e do Adolescente \u2013 ECA. \u00c9 composto paritariamente por representantes do poder p\u00fablico e da sociedade civil.<\/p>\n\n\n\n<p><\/p>\n\n\n\n<p><strong>Endere\u00e7o:<\/strong><br>Av. Antonieta Pasquarelli Penteado, n\u00ba 187 \u2013 Bairro: Altos de Jordan\u00e9sia,\u00a0\u00a0\u00a0\u00a0\u00a0\u00a0\u00a0\u00a0\u00a0 CEP: 07786-515<br><strong>Telefone<\/strong>: (11) 4446-0013<br><strong>E-mail<\/strong>:\u00a0<a href=\"mailto:cmdca@cajamar.sp.gov.br\"><strong>cmdca@cajamar.sp.gov.br<\/strong><\/a><\/p>\n\n\n\n<div class=\"wp-block-group\"><div class=\"wp-block-group__inner-container is-layout-constrained wp-block-group-is-layout-constrained\">\n<p><\/p>\n\n\n\n<h2 class=\"wp-block-heading\">Conselho Tutelar<\/h2>\n\n\n\n<ul class=\"wp-block-list\">\n<li>Regimento Interno, <a href=\"https:\/\/cajamar.sp.gov.br\/decretos\/decretos-municipais\/decreto-numero-5713-de-2017\/\">Decreto n\u00ba 5.713 de 06 de setembro de 2017<\/a><\/li>\n\n\n\n<li>Estatuto da Crian\u00e7a e do Adolescente \u2013 ECA &#8211; <a href=\"https:\/\/www.planalto.gov.br\/ccivil_03\/leis\/l8069.htm\">Lei 8.069 de 13 de Julho de 1990<\/a>.&nbsp;<\/li>\n<\/ul>\n\n\n\n<p><strong><u>CONSELHEIROS TUTELARES:<\/u><\/strong> <br>Jose Gilson Pereira Silva<br>Kleber Jos\u00e9 Ara\u00fajo<br>Mauricio Moura da Silva<br>Rodrigo dos Santos Ara\u00fajo Leite<br>Valquiria Correia de Oliveira Soares<\/p>\n\n\n\n<p><strong>Endere\u00e7o:<\/strong> Rua Ja\u00fa, n\u00ba 568 \u2013 Bairro: Altos de Jordan\u00e9sia,\u00a0\u00a0\u00a0\u00a0\u00a0\u00a0\u00a0\u00a0 CEP: 07.786-555<br><strong>Telefone:<\/strong> (11) 4446-0033<br><strong><u>Telefone do Plant\u00e3o<\/u><\/strong> (noturno e finais de semana): (11) 93048-1797<br><strong>E-mail<\/strong>: conselhotutelar@cajamar.sp.gov.br<\/p>\n\n\n\n<p><\/p>\n<\/div><\/div>\n\n\n\n<div class=\"wp-block-group\"><div class=\"wp-block-group__inner-container is-layout-constrained wp-block-group-is-layout-constrained\">\n<h2 class=\"wp-block-heading\">Leis<\/h2>\n\n\n\n<ul class=\"wp-block-list\">\n<li>\u2013 CMDCA \u2013 <a href=\"https:\/\/cajamar.sp.gov.br\/desenvolvimento-social\/wp-content\/uploads\/sites\/12\/2022\/10\/lei-1325-de-27-de-marco-de-2009.pdf\">Lei n\u00ba 1.325 de 27 de mar\u00e7o de 2009<\/a>;<\/li>\n\n\n\n<li>Lei de Cria\u00e7\u00e3o do Conselho Tutelar \u2013 <a href=\"https:\/\/cajamar.sp.gov.br\/desenvolvimento-social\/wp-content\/uploads\/sites\/12\/2022\/10\/lei-no-1506-de-22-de-novembro-de-2012.pdf\">Lei n\u00ba 1.506 de 22 de novembro de 2012<\/a>;<\/li>\n\n\n\n<li>Regimento Interno do Conselho Tutelar, <a href=\"https:\/\/cajamar.sp.gov.br\/desenvolvimento-social\/wp-content\/uploads\/sites\/12\/2022\/10\/decreto-municipal-5713-17-regimento-interno-do-conselho-tutelar.pdf\">Decreto n\u00ba 5.713 de 06 de setembro de 2017<\/a>;<\/li>\n\n\n\n<li>Estatuto da Crian\u00e7a e do Adolescente \u2013 ECA &#8211; <a href=\"https:\/\/cajamar.sp.gov.br\/desenvolvimento-social\/wp-content\/uploads\/sites\/12\/2022\/10\/lei-8-069-estatuto-da-crianca-e-do-adolescente-eca.pdf\">Lei 8.069 de 13 de Julho de 1990<\/a>.<\/li>\n<\/ul>\n<\/div><\/div>\n","protected":false},"excerpt":{"rendered":"<p>BEM VINDO AO CMDCA O Conselho Municipal dos Direitos da Crian\u00e7a e do Adolescente (CMDCA) tem como responsabilidade deliberar e fiscalizar, as a\u00e7\u00f5es governamentais e n\u00e3o governamentais, da Pol\u00edtica de Atendimento \u00e0 Crian\u00e7a e ao Adolescente no Munic\u00edpio de Cajamar, segundo preconiza o Estatuto da Crian\u00e7a e do Adolescente \u2013 ECA. \u00c9 composto paritariamente por [&hellip;]<\/p>\n","protected":false},"author":34,"featured_media":0,"parent":0,"menu_order":0,"comment_status":"closed","ping_status":"closed","template":"","meta":{"footnotes":""},"class_list":["post-67","page","type-page","status-publish","hentry"],"_links":{"self":[{"href":"https:\/\/cajamar.sp.gov.br\/desenvolvimento-social\/wp-json\/wp\/v2\/pages\/67","targetHints":{"allow":["GET"]}}],"collection":[{"href":"https:\/\/cajamar.sp.gov.br\/desenvolvimento-social\/wp-json\/wp\/v2\/pages"}],"about":[{"href":"https:\/\/cajamar.sp.gov.br\/desenvolvimento-social\/wp-json\/wp\/v2\/types\/page"}],"author":[{"embeddable":true,"href":"https:\/\/cajamar.sp.gov.br\/desenvolvimento-social\/wp-json\/wp\/v2\/users\/34"}],"replies":[{"embeddable":true,"href":"https:\/\/cajamar.sp.gov.br\/desenvolvimento-social\/wp-json\/wp\/v2\/comments?post=67"}],"version-history":[{"count":32,"href":"https:\/\/cajamar.sp.gov.br\/desenvolvimento-social\/wp-json\/wp\/v2\/pages\/67\/revisions"}],"predecessor-version":[{"id":851,"href":"https:\/\/cajamar.sp.gov.br\/desenvolvimento-social\/wp-json\/wp\/v2\/pages\/67\/revisions\/851"}],"wp:attachment":[{"href":"https:\/\/cajamar.sp.gov.br\/desenvolvimento-social\/wp-json\/wp\/v2\/media?parent=67"}],"curies":[{"name":"wp","href":"https:\/\/api.w.org\/{rel}","templated":true}]}}