{"id":670,"date":"2025-04-28T10:05:08","date_gmt":"2025-04-28T13:05:08","guid":{"rendered":"https:\/\/cajamar.sp.gov.br\/desenvolvimento-social\/?page_id=670"},"modified":"2025-04-28T10:05:54","modified_gmt":"2025-04-28T13:05:54","slug":"casa-da-mulher","status":"publish","type":"page","link":"https:\/\/cajamar.sp.gov.br\/desenvolvimento-social\/casa-da-mulher\/","title":{"rendered":"Casa de Acolhimento da Mulher"},"content":{"rendered":"\n<p><strong>Compete \u00e0 Divis\u00e3o de Gest\u00e3o da Casa de Acolhimento da Mulher de Cajamar:<\/strong><\/p>\n\n\n\n<ul class=\"wp-block-list\">\n<li>prestar atendimento adequado as mulheres em situa\u00e7\u00e3o de viol\u00eancia dom\u00e9stica e familiar, atendendo e elucidando suas d\u00favidas sobre o servi\u00e7o prestado;<\/li>\n\n\n\n<li>realizar o recolhimento da documenta\u00e7\u00e3o necess\u00e1ria da atendida para a presta\u00e7\u00e3o do servi\u00e7o e a concess\u00e3o de benef\u00edcios, quando o caso;<\/li>\n\n\n\n<li>apoiar na presta\u00e7\u00e3o dos servi\u00e7os socioassistenciais no \u00e2mbito Municipal;<\/li>\n\n\n\n<li>prevenir a ocorr\u00eancia de situa\u00e7\u00f5es de vulnerabilidade e risco social e\/ou pessoal de mulheres no \u00e2mbito Municipal;<\/li>\n\n\n\n<li>promover a cidadania e a amplia\u00e7\u00e3o do acesso aos direitos socioassistenciais no Munic\u00edpio;<\/li>\n\n\n\n<li>realizar o acompanhamento t\u00e9cnico \u00e0s mulheres atendidas pelo Servi\u00e7o Especializado \u00e0 Mulher V\u00edtima de Viol\u00eancia, nos termos da <a href=\"https:\/\/cajamar.sp.gov.br\/leiscomplementares\/leis-complementares\/lei-complementar-numero-197-de-2021\/\" target=\"_blank\" rel=\"noreferrer noopener\">Lei Complementar n\u00ba 197<\/a>, de 03 de maio de 2021;<\/li>\n\n\n\n<li>promover e executar campanhas socioeducativas de combate \u00e0 viol\u00eancia contra a mulher;<\/li>\n\n\n\n<li>gerir a equipe de trabalho vinculada \u00e0 Casa de Acolhimento da Mulher de Cajamar.<\/li>\n<\/ul>\n","protected":false},"excerpt":{"rendered":"<p>Compete \u00e0 Divis\u00e3o de Gest\u00e3o da Casa de Acolhimento da Mulher de Cajamar:<\/p>\n","protected":false},"author":47,"featured_media":0,"parent":0,"menu_order":0,"comment_status":"closed","ping_status":"closed","template":"","meta":{"footnotes":""},"class_list":["post-670","page","type-page","status-publish","hentry"],"_links":{"self":[{"href":"https:\/\/cajamar.sp.gov.br\/desenvolvimento-social\/wp-json\/wp\/v2\/pages\/670","targetHints":{"allow":["GET"]}}],"collection":[{"href":"https:\/\/cajamar.sp.gov.br\/desenvolvimento-social\/wp-json\/wp\/v2\/pages"}],"about":[{"href":"https:\/\/cajamar.sp.gov.br\/desenvolvimento-social\/wp-json\/wp\/v2\/types\/page"}],"author":[{"embeddable":true,"href":"https:\/\/cajamar.sp.gov.br\/desenvolvimento-social\/wp-json\/wp\/v2\/users\/47"}],"replies":[{"embeddable":true,"href":"https:\/\/cajamar.sp.gov.br\/desenvolvimento-social\/wp-json\/wp\/v2\/comments?post=670"}],"version-history":[{"count":2,"href":"https:\/\/cajamar.sp.gov.br\/desenvolvimento-social\/wp-json\/wp\/v2\/pages\/670\/revisions"}],"predecessor-version":[{"id":672,"href":"https:\/\/cajamar.sp.gov.br\/desenvolvimento-social\/wp-json\/wp\/v2\/pages\/670\/revisions\/672"}],"wp:attachment":[{"href":"https:\/\/cajamar.sp.gov.br\/desenvolvimento-social\/wp-json\/wp\/v2\/media?parent=670"}],"curies":[{"name":"wp","href":"https:\/\/api.w.org\/{rel}","templated":true}]}}