{"id":713,"date":"2025-06-18T15:19:11","date_gmt":"2025-06-18T18:19:11","guid":{"rendered":"https:\/\/cajamar.sp.gov.br\/desenvolvimento-social\/?page_id=713"},"modified":"2025-06-18T15:20:58","modified_gmt":"2025-06-18T18:20:58","slug":"familia-cajamar","status":"publish","type":"page","link":"https:\/\/cajamar.sp.gov.br\/desenvolvimento-social\/familia-cajamar\/","title":{"rendered":"Fam\u00edlia Cajamar"},"content":{"rendered":"\n<p><strong>Lan\u00e7ado em:&nbsp;<\/strong>agosto de 2021<br><strong>Secretaria respons\u00e1vel pelo Program<\/strong>a: <a href=\"https:\/\/cajamar.sp.gov.br\/desenvolvimento-social\/\">Desenvolvimento Social<br><\/a><strong>Fase do Programa:&nbsp;<\/strong>em andamento<\/p>\n\n\n\n<p>O programa ir\u00e1 entregar para cerca de 2.500 fam\u00edlias um cart\u00e3o magn\u00e9tico contendo um cr\u00e9dito no valor de R$ 150,00 mensais. Para as fam\u00edlias que possuem pessoas com defici\u00eancia em sua composi\u00e7\u00e3o, o benef\u00edcio ter\u00e1 acr\u00e9scimo de R$ 100,00 por m\u00eas.<\/p>\n\n\n\n<p>Al\u00e9m de contribuir com a renda familiar, a proposta tem como objetivo fomentar o com\u00e9rcio local e a gera\u00e7\u00e3o de renda, visto que, o valor ser\u00e1 destinado exclusivamente para aquisi\u00e7\u00e3o de g\u00eaneros aliment\u00edcios, g\u00e1s de cozinha, material escolar, vestu\u00e1rio, cal\u00e7ados, rem\u00e9dios e afins, nos estabelecimentos comerciais do munic\u00edpio de Cajamar.<\/p>\n\n\n\n<p>Ser\u00e3o eleg\u00edveis as fam\u00edlias que atendam as seguintes condicionalidades:<\/p>\n\n\n\n<ul class=\"wp-block-list\">\n<li>estar inscrita no Cad\u00danico, com renda familiar per capita equivalente aos perfis de pobreza e extrema pobreza (renda mensal de at\u00e9 R$ 178,00 por pessoa);<\/li>\n\n\n\n<li>prioritariamente n\u00e3o ser benefici\u00e1ria do Programa Bolsa Fam\u00edlia e\/ou outro benef\u00edcio socioassistencial equivalente;<\/li>\n\n\n\n<li>possuir, prioritariamente, maior n\u00famero de membros na composi\u00e7\u00e3o familiar;<\/li>\n\n\n\n<li>prioritariamente residir a mais de 02 (dois) anos no Munic\u00edpio de Cajamar;<\/li>\n\n\n\n<li>ter a carteira de vacina\u00e7\u00e3o atualizada, no caso de possuir em sua composi\u00e7\u00e3o crian\u00e7as com at\u00e9 12 (doze) anos incompletos;<\/li>\n\n\n\n<li>no caso de possuir filhos, a frequ\u00eancia escolar dever\u00e1 ser de no m\u00ednimo 85% (oitenta e cinco por cento), para crian\u00e7as e\/ou adolescentes de 06 (seis) a 15 (quinze) anos e frequ\u00eancia escolar de no m\u00ednimo 75% (setenta e cinco por cento), para adolescentes de 16 (dezesseis) e 17 (dezessete) anos;<\/li>\n\n\n\n<li>no caso de gestantes na fam\u00edlia, comprovar regularidade em rela\u00e7\u00e3o aos exames de pr\u00e9-natal;<\/li>\n\n\n\n<li>participar de atividades e atendimentos propostos pela equipe t\u00e9cnica no \u00e2mbito dos servi\u00e7os socioassistenciais tipificados e participar de cursos e oficinas, inclusive profissionalizantes, indicadas pelo munic\u00edpio, quando o caso.<\/li>\n<\/ul>\n\n\n\n<figure class=\"wp-block-image size-large\"><img decoding=\"async\" src=\"https:\/\/cajamar.sp.gov.br\/wp-content\/uploads\/2022\/01\/rede-credenciada-prime-municipio-de-cajamar-05-01-2022_page-0001-1280x905.jpg\" alt=\"\" class=\"wp-image-1800\"\/><\/figure>\n\n\n\n<figure class=\"wp-block-image size-large\"><img decoding=\"async\" src=\"https:\/\/cajamar.sp.gov.br\/wp-content\/uploads\/2022\/01\/rede-credenciada-prime-municipio-de-cajamar-05-01-2022_page-0002-1280x905.jpg\" alt=\"\" class=\"wp-image-1801\"\/><\/figure>\n","protected":false},"excerpt":{"rendered":"<p>Lan\u00e7ado em:&nbsp;agosto de 2021Secretaria respons\u00e1vel pelo Programa: Desenvolvimento SocialFase do Programa:&nbsp;em andamento O programa ir\u00e1 entregar para cerca de 2.500 fam\u00edlias um cart\u00e3o magn\u00e9tico contendo um cr\u00e9dito no valor de R$ 150,00 mensais. Para as fam\u00edlias que possuem pessoas com defici\u00eancia em sua composi\u00e7\u00e3o, o benef\u00edcio ter\u00e1 acr\u00e9scimo de R$ 100,00 por m\u00eas. Al\u00e9m de [&hellip;]<\/p>\n","protected":false},"author":10,"featured_media":0,"parent":0,"menu_order":0,"comment_status":"closed","ping_status":"closed","template":"","meta":{"footnotes":""},"class_list":["post-713","page","type-page","status-publish","hentry"],"_links":{"self":[{"href":"https:\/\/cajamar.sp.gov.br\/desenvolvimento-social\/wp-json\/wp\/v2\/pages\/713","targetHints":{"allow":["GET"]}}],"collection":[{"href":"https:\/\/cajamar.sp.gov.br\/desenvolvimento-social\/wp-json\/wp\/v2\/pages"}],"about":[{"href":"https:\/\/cajamar.sp.gov.br\/desenvolvimento-social\/wp-json\/wp\/v2\/types\/page"}],"author":[{"embeddable":true,"href":"https:\/\/cajamar.sp.gov.br\/desenvolvimento-social\/wp-json\/wp\/v2\/users\/10"}],"replies":[{"embeddable":true,"href":"https:\/\/cajamar.sp.gov.br\/desenvolvimento-social\/wp-json\/wp\/v2\/comments?post=713"}],"version-history":[{"count":2,"href":"https:\/\/cajamar.sp.gov.br\/desenvolvimento-social\/wp-json\/wp\/v2\/pages\/713\/revisions"}],"predecessor-version":[{"id":715,"href":"https:\/\/cajamar.sp.gov.br\/desenvolvimento-social\/wp-json\/wp\/v2\/pages\/713\/revisions\/715"}],"wp:attachment":[{"href":"https:\/\/cajamar.sp.gov.br\/desenvolvimento-social\/wp-json\/wp\/v2\/media?parent=713"}],"curies":[{"name":"wp","href":"https:\/\/api.w.org\/{rel}","templated":true}]}}