{"id":6,"date":"2019-10-30T16:37:31","date_gmt":"2019-10-30T18:37:31","guid":{"rendered":"https:\/\/cajamar.sp.gov.br\/mobilidade\/?page_id=6"},"modified":"2025-05-15T14:49:08","modified_gmt":"2025-05-15T17:49:08","slug":"mobilidade","status":"publish","type":"page","link":"https:\/\/cajamar.sp.gov.br\/desenvolvimento-urbano-e-economico\/","title":{"rendered":"Secretaria Municipal de Desenvolvimento Urbano e Econ\u00f4mico"},"content":{"rendered":"\n<p>Secretaria Municipal de Desenvolvimento Urbano e Econ\u00f4mico, identificada pela sigla SMDUE, como \u00f3rg\u00e3o de perfil de final\u00edstico, est\u00e1 organizada da seguinte forma:<\/p>\n\n\n\n<ul class=\"wp-block-list\">\n<li>Expediente;<\/li>\n\n\n\n<li>Departamento de Planejamento Urbano, composto por:<br>a) Divis\u00e3o de Desenvolvimento Urbano.<\/li>\n\n\n\n<li>Departamento de An\u00e1lises e Aprova\u00e7\u00e3o, composto por:<br>a) Divis\u00e3o de Aprova\u00e7\u00e3o de Obras.<\/li>\n\n\n\n<li>Departamento de Fiscaliza\u00e7\u00e3o de Obras e Posturas Municipais;<\/li>\n\n\n\n<li>Departamento de Desenvolvimento Econ\u00f4mico e Empresarial.<\/li>\n<\/ul>\n\n\n\n<p><strong>Compete \u00e0 Secretaria Municipal de Desenvolvimento Urbano e Econ\u00f4mico:<\/strong><\/p>\n\n\n\n<ul class=\"wp-block-list\">\n<li>Promover o Plano Diretor de Desenvolvimento Urbano de forma integrada com as demais Secretarias;<\/li>\n\n\n\n<li>Promover a fiscaliza\u00e7\u00e3o de obras de particulares e posturas;<\/li>\n\n\n\n<li>Promover an\u00e1lise de autoriza\u00e7\u00e3o de obras e parcelamento do solo;<\/li>\n\n\n\n<li>Promover pol\u00edticas e a\u00e7\u00f5es de desenvolvimento econ\u00f4mico das empresas, contribuindo para o aumento da arrecada\u00e7\u00e3o do Munic\u00edpio e melhoria dos indicadores sociais;<\/li>\n\n\n\n<li>Propor, desenvolver, executar e acompanhar pol\u00edticas de incentivo ao empreendedorismo e \u00e0 inova\u00e7\u00e3o, com o prop\u00f3sito de ampliar a atratividade do Munic\u00edpio para o setor produtivo e de servi\u00e7os, gerando emprego, renda e recursos aos mun\u00edcipes;<\/li>\n\n\n\n<li>Promover parcerias com entes federativos, sociedade civil, sistema S, ag\u00eancias de fomento e de concess\u00e3o de cr\u00e9dito, em prol do desenvolvimento econ\u00f4mico do Munic\u00edpio de Cajamar.<\/li>\n\n\n\n<li>Promover a implementa\u00e7\u00e3o, acompanhamento e revis\u00e3o do Plano Diretor de Desenvolvimento Urbano e Ambiental e os planos, programas e projetos dele decorrentes;<\/li>\n\n\n\n<li>Promover o Sistema de Georreferenciamento Municipal;<\/li>\n\n\n\n<li>Assegurar a organiza\u00e7\u00e3o dos Conselhos Municipais afetos a sua \u00e1rea de organiza\u00e7\u00e3o, nos termos da legisla\u00e7\u00e3o Municipal vigente, fornecendo os meios necess\u00e1rios para sua instala\u00e7\u00e3o e funcionamento;<\/li>\n\n\n\n<li>Gerir os Fundos Municipais afetos a sua \u00e1rea de organiza\u00e7\u00e3o, nos termos da legisla\u00e7\u00e3o Municipal vigente;<\/li>\n\n\n\n<li>Implementar programas e projetos, monitorar prazos e a\u00e7\u00f5es;<\/li>\n\n\n\n<li>Verificar os procedimentos, as normas e legisla\u00e7\u00f5es aplicadas;<\/li>\n\n\n\n<li>Identificar n\u00e3o conformidades e propor adequadas medidas corretivas e preventivas;<\/li>\n\n\n\n<li>Exercer outras atribui\u00e7\u00f5es correlatas e complementares em sua \u00e1rea de atua\u00e7\u00e3o.<\/li>\n<\/ul>\n\n\n\n<p><strong>Compete ao Expediente:<\/strong><\/p>\n\n\n\n<ul class=\"wp-block-list\">\n<li>Receber e registrar adequadamente os documentos oficiais, correspond\u00eancias e processos administrativos, como of\u00edcios, memorandos, peti\u00e7\u00f5es, e-mails e outros documentos de interesse da Secretaria;<\/li>\n\n\n\n<li>Distribuir documentos registrados para os setores respons\u00e1veis dentre os departamentos e unidades da Secretaria, assegurando que as demandas sejam tratadas de maneira eficiente e tempestiva;<\/li>\n\n\n\n<li>Controlar prazos de resposta mantendo um sistema de controle para garantir que os documentos sejam processados dentro dos prazos estabelecidos, evitando atrasos e preju\u00edzos \u00e0 Administra\u00e7\u00e3o P\u00fablica;<\/li>\n\n\n\n<li>Zelar pela integridade e confidencialidade assegurando a guarda dos documentos confidenciais, garantindo que informa\u00e7\u00f5es sens\u00edveis sejam acessadas apenas por pessoas autorizadas;<\/li>\n\n\n\n<li>Gerenciar a movimenta\u00e7\u00e3o de servidores da Secretaria, incluindo nomea\u00e7\u00f5es, transfer\u00eancias, f\u00e9rias, licen\u00e7as, ocorr\u00eancias de ponto e outros aspectos da gest\u00e3o de pessoal;<\/li>\n\n\n\n<li>Elaborar o planejamento or\u00e7ament\u00e1rio da Secretaria, assegurando que os recursos financeiros sejam alocados de acordo com as prioridades e as necessidades da gest\u00e3o p\u00fablica;<\/li>\n\n\n\n<li>Acompanhar a execu\u00e7\u00e3o or\u00e7ament\u00e1ria da Secretaria, garantindo que as despesas sejam realizadas dentro dos limites e conforme as diretrizes estabelecidas;<\/li>\n\n\n\n<li>Gerenciar a manuten\u00e7\u00e3o predial e de infraestrutura, manuten\u00e7\u00e3o e conserva\u00e7\u00e3o das unidades da Secretaria, incluindo reparos de equipamentos, instala\u00e7\u00f5es e sistemas, garantindo que as condi\u00e7\u00f5es de trabalho sejam adequadas para os servidores e visitantes;<\/li>\n\n\n\n<li>Gerenciar os contratos da Secretaria assegurando que sejam cumpridos de acordo com as cl\u00e1usulas contratuais;<\/li>\n\n\n\n<li>Gerenciar aditivos e prorroga\u00e7\u00f5es contratuais da Secretaria, garantindo a formaliza\u00e7\u00e3o adequada e o cumprimento das disposi\u00e7\u00f5es legais e regulamentares;<\/li>\n\n\n\n<li>Realizar outras atividades afins.<\/li>\n<\/ul>\n\n\n\n<p><strong>Compete ao Departamento de Planejamento Urbano:<\/strong><\/p>\n\n\n\n<ul class=\"wp-block-list\">\n<li>Formular, implementar, monitorar e avaliar as Pol\u00edticas P\u00fablicas de Planejamento Urbano;<\/li>\n\n\n\n<li>Implementar e acompanhar o Plano Diretor Municipal e os planos, programas e projetos decorrentes dele;<\/li>\n\n\n\n<li>Promover a capta\u00e7\u00e3o de recursos estaduais e federais para a Prefeitura e efetuar a gest\u00e3o dos conv\u00eanios celebrados com a Municipalidade em sua \u00e1rea de atua\u00e7\u00e3o;<\/li>\n\n\n\n<li>Monitorar o Sistema de Georreferenciamento Municipal;<\/li>\n\n\n\n<li>Controlar as \u00e1reas no per\u00edmetro urbano definida no Plano Diretor;<\/li>\n\n\n\n<li>Formular, executar e avaliar a Pol\u00edtica Municipal de Desenvolvimento da Infraestrutura Urbana, em conson\u00e2ncia com as diretrizes gerais do Governo Municipal, com o Plano Diretor e com a legisla\u00e7\u00e3o vigente;<\/li>\n\n\n\n<li>Coordenar e prestar apoio t\u00e9cnico-administrativo aos \u00f3rg\u00e3os colegiados afins a \u00e1rea de atua\u00e7\u00e3o da Secretaria;<\/li>\n\n\n\n<li>Acompanhar e apoiar as atividades dos \u00f3rg\u00e3os colegiados afins, com vistas a colher subs\u00eddios para a defini\u00e7\u00e3o de pol\u00edticas, diretrizes e estrat\u00e9gias para o desenvolvimento da gest\u00e3o urbana;<\/li>\n\n\n\n<li>Acompanhar os procedimentos relacionados as declara\u00e7\u00f5es de utilidade p\u00fablica para fins de desapropria\u00e7\u00f5es articulando-se, se necess\u00e1rio \u00e0s unidades correlatas;<\/li>\n\n\n\n<li>Promover ou aprovar a denomina\u00e7\u00e3o de logradouros e\/ou equipamentos p\u00fablicos, de maneira adequada ao contexto urbano respeitando as normativas de funcionalidade<\/li>\n\n\n\n<li>Planejar, organizar, controlar e assessorar a gest\u00e3o Municipal, bem como executar a\u00e7\u00f5es e tarefas pertinentes a \u00e1rea de atua\u00e7\u00e3o;<\/li>\n\n\n\n<li>Implementar programas e projetos, monitorar prazos e a\u00e7\u00f5es;<\/li>\n\n\n\n<li>Verificar os procedimentos, as normas e legisla\u00e7\u00f5es aplicadas;<\/li>\n\n\n\n<li>Identificar n\u00e3o conformidades e propor adequadas medidas corretivas e preventivas;<\/li>\n\n\n\n<li>Realizar outras atividades afins.<\/li>\n<\/ul>\n\n\n\n<p><strong>Compete \u00e0 Divis\u00e3o de Desenvolvimento Urbano:<\/strong><\/p>\n\n\n\n<ul class=\"wp-block-list\">\n<li>Executar e avaliar a Pol\u00edtica Municipal de Desenvolvimento da Infraestrutura Urbana, em conson\u00e2ncia com as diretrizes gerais do Governo Municipal, com o Plano Diretor e com a legisla\u00e7\u00e3o vigente;<\/li>\n\n\n\n<li>Gerir o sistema de georreferenciamento Municipal;<\/li>\n\n\n\n<li>Executar os procedimentos destinados \u00e0 efetiva\u00e7\u00e3o das declara\u00e7\u00f5es de utilidade p\u00fablica para fins de desapropria\u00e7\u00f5es, articulando-se, se necess\u00e1rio, \u00e0s unidades correlatas;<\/li>\n\n\n\n<li>Definir e monitorar as \u00e1reas destinadas aos diferentes tipos de uso, tais como residencial, comercial, industrial, dentre outros, a fim de promover a distribui\u00e7\u00e3o equilibrada dos espa\u00e7os urbano;<\/li>\n\n\n\n<li>Monitorar e avaliar o crescimento urbano promovendo ajustes nos Planos Municipais de acordo com as mudan\u00e7as demogr\u00e1ficas do Munic\u00edpio;<\/li>\n\n\n\n<li>Promover \u00e0s an\u00e1lises de projetos urban\u00edsticos para indica\u00e7\u00e3o das \u00e1reas destinadas \u00e0 equipamentos p\u00fablicos;<\/li>\n\n\n\n<li>Identificar e propor interven\u00e7\u00f5es para requalifica\u00e7\u00e3o de \u00e1reas urbanas que necessitem de revitaliza\u00e7\u00e3o, bem como \u00e0quelas que estejam subutilizadas;<\/li>\n\n\n\n<li>Realizar outras atividades afins.<\/li>\n<\/ul>\n\n\n\n<p><strong>Compete ao Departamento de An\u00e1lises e Aprova\u00e7\u00e3o:<\/strong><\/p>\n\n\n\n<ul class=\"wp-block-list\">\n<li>Formular, implementar, monitorar e avaliar as Pol\u00edticas P\u00fablicas de Controle Urbano;<\/li>\n\n\n\n<li>Promover a orienta\u00e7\u00e3o ao mun\u00edcipe quanto aos projetos para constru\u00e7\u00e3o de obras particulares \u2013 residenciais, comerciais e industriais &#8211; conforme leis municipais de Uso e Ocupa\u00e7\u00e3o do Solo, C\u00f3digo de Obras e demais normas legais pertinentes;<\/li>\n\n\n\n<li>Controlar constru\u00e7\u00f5es e loteamentos urbanos para que sejam realizados com a observ\u00e2ncia das disposi\u00e7\u00f5es legais vigentes, adotando as medidas administrativas de sua compet\u00eancia para corre\u00e7\u00e3o, solicitando, se necess\u00e1rio, a propositura das medidas judiciais cab\u00edveis, visando o resguardo do interesse p\u00fablico;<\/li>\n\n\n\n<li>Expedir atos de parcelamento do solo urbano;<\/li>\n\n\n\n<li>Coordenar e supervisionar o recebimento das solicita\u00e7\u00f5es e processar a concess\u00e3o de Habite-se, Alvar\u00e1s e outros documentos de emiss\u00e3o no Munic\u00edpio;<\/li>\n\n\n\n<li>Coordenar a vistoria de edifica\u00e7\u00f5es, analisando os prazos da documenta\u00e7\u00e3o dos propriet\u00e1rios de im\u00f3veis;<\/li>\n\n\n\n<li>Promover a expedi\u00e7\u00e3o de licen\u00e7as e alvar\u00e1s para a execu\u00e7\u00e3o de obras particulares e p\u00fablicas no Munic\u00edpio;<\/li>\n\n\n\n<li>Aprova\u00e7\u00e3o de Obras e parcelamento do Solo;<\/li>\n\n\n\n<li>Articular-se com o Departamento de Fiscaliza\u00e7\u00e3o para acompanhamento e vistoria de execu\u00e7\u00e3o do projeto aprovado;<\/li>\n\n\n\n<li>Implementar programas e projetos, monitorar prazos e a\u00e7\u00f5es;<\/li>\n\n\n\n<li>Verificar os procedimentos, as normas e legisla\u00e7\u00f5es aplicadas;<\/li>\n\n\n\n<li>Identificar n\u00e3o conformidades e propor adequadas medidas corretivas e preventivas; e<\/li>\n\n\n\n<li>Realizar outras atividades afins.<\/li>\n<\/ul>\n\n\n\n<p><strong>Compete \u00e0 Divis\u00e3o de Aprova\u00e7\u00e3o de Obras:<\/strong><\/p>\n\n\n\n<ul class=\"wp-block-list\">\n<li>Promover a an\u00e1lise e aprova\u00e7\u00e3o de projetos de obras particulares e p\u00fablicas bem como desdobros, unifica\u00e7\u00f5es, reformas, dentre outros;<\/li>\n\n\n\n<li>Cumprir as prescri\u00e7\u00f5es do C\u00f3digo de Obras, sob pena de responsabilidade, inclusive pela aprova\u00e7\u00e3o de projetos e expedi\u00e7\u00e3o de alvar\u00e1s com viola\u00e7\u00e3o das normas estabelecidas;<\/li>\n\n\n\n<li>Promover a aprova\u00e7\u00e3o dos Projetos Urban\u00edsticos referente Loteamentos, Condom\u00ednios e Condom\u00ednios de Lotes;<\/li>\n\n\n\n<li>Expedir licen\u00e7as e alvar\u00e1s para a execu\u00e7\u00e3o de obras particulares e p\u00fablicas no Munic\u00edpio;<\/li>\n\n\n\n<li>Gerir as vistorias de edifica\u00e7\u00f5es, analisando os prazos da documenta\u00e7\u00e3o dos propriet\u00e1rios de im\u00f3veis;<\/li>\n\n\n\n<li>Gerir o recebimento das solicita\u00e7\u00f5es e processar a concess\u00e3o de Habite-se, Alvar\u00e1s e outros documentos de emiss\u00e3o no Munic\u00edpio;<\/li>\n\n\n\n<li>Verificar os procedimentos, as normas e legisla\u00e7\u00f5es aplicadas;<\/li>\n\n\n\n<li>Identificar n\u00e3o conformidades e propor adequadas medidas corretivas e preventivas; e<\/li>\n\n\n\n<li>Realizar outras atividades afins.<\/li>\n<\/ul>\n\n\n\n<p><strong>Compete ao Departamento de Fiscaliza\u00e7\u00e3o de Obras e Posturas Municipais:<\/strong><\/p>\n\n\n\n<ul class=\"wp-block-list\">\n<li>Expedir, monitorar, fiscalizar e fazer cumprir as normas referentes ao ordenamento territorial e urbano do Munic\u00edpio de Cajamar, podendo, para tanto, aplicar multas estabelecidas na legisla\u00e7\u00e3o espec\u00edfica;<\/li>\n\n\n\n<li>Controlar, vistoriar e fiscalizar o parcelamento, uso e ocupa\u00e7\u00e3o do solo urbano, em conson\u00e2ncia com a legisla\u00e7\u00e3o vigente;<\/li>\n\n\n\n<li>Fiscalizar a aplica\u00e7\u00e3o das normas concernentes ao C\u00f3digo de Posturas, C\u00f3digo de Obras e Plano Diretor do Munic\u00edpio;<\/li>\n\n\n\n<li>Supervisionar a fiscaliza\u00e7\u00e3o de obras p\u00fablicas e privadas no Munic\u00edpio de qualquer natureza, incluindo reformas e amplia\u00e7\u00e3o da \u00e1rea constru\u00edda, verificando se h\u00e1 cumprimento das normas t\u00e9cnicas de engenharia, de seguran\u00e7a da obra e do trabalho;<\/li>\n\n\n\n<li>Supervisionar o trabalho de autua\u00e7\u00e3o e suas revis\u00f5es;<\/li>\n\n\n\n<li>Monitorar e fiscalizar as \u00e1reas desocupadas e ocupadas irregularmente, a fim de coibir a expans\u00e3o de ocupa\u00e7\u00f5es irregulares;<\/li>\n\n\n\n<li>Efetuar e operacionalizar a fiscaliza\u00e7\u00e3o de obras e posturas municipais;<\/li>\n\n\n\n<li>Planejar as opera\u00e7\u00f5es de fiscaliza\u00e7\u00e3o das obras, fazendo sua distribui\u00e7\u00e3o pela cidade e sua respectiva escala de trabalho;<\/li>\n\n\n\n<li>Planejar, coordenar e organizar as equipes de fiscaliza\u00e7\u00e3o;<\/li>\n\n\n\n<li>Monitorar e avaliar o trabalho e a produtividade das equipes de fiscaliza\u00e7\u00e3o;<\/li>\n\n\n\n<li>Analisar e avaliar os documentos de regulamenta\u00e7\u00e3o dos im\u00f3veis, como habite-se, alvar\u00e1s, quita\u00e7\u00e3o dos tributos municipais dentre outros;<\/li>\n\n\n\n<li>Planejar e promover a avalia\u00e7\u00e3o e observa\u00e7\u00e3o das condi\u00e7\u00f5es f\u00edsicas das obras e edifica\u00e7\u00f5es, prevendo as vistorias e trabalho de campo, processando as advert\u00eancias e multas decorrentes de irregularidades;<\/li>\n\n\n\n<li>Mapear, gerir e manter atualizada a rela\u00e7\u00e3o de edifica\u00e7\u00f5es do Munic\u00edpio para vistorias;<\/li>\n\n\n\n<li>Promover o treinamento, capacita\u00e7\u00e3o e constante atualiza\u00e7\u00e3o das equipes de trabalho;<\/li>\n\n\n\n<li>Monitorar as \u00e1reas desocupadas e ocupadas irregularmente, a fim de coibir a expans\u00e3o de ocupa\u00e7\u00f5es irregulares;<\/li>\n\n\n\n<li>Implementar programas e projetos, monitorar prazos e a\u00e7\u00f5es;<\/li>\n\n\n\n<li>Verificar os procedimentos, as normas e legisla\u00e7\u00f5es aplicadas;<\/li>\n\n\n\n<li>Identificar n\u00e3o conformidades e propor adequadas medidas corretivas e preventivas; e<\/li>\n\n\n\n<li>Realizar outras atividades afins<\/li>\n<\/ul>\n\n\n\n<p><strong>Compete ao Departamento de Desenvolvimento Econ\u00f4mico e Empresarial:<\/strong><\/p>\n\n\n\n<ul class=\"wp-block-list\">\n<li>Formular, implementar, monitorar e avaliar a pol\u00edtica de desenvolvimento empresarial do Munic\u00edpio;<\/li>\n\n\n\n<li>Promover pol\u00edticas p\u00fablicas a fim de atrair, criar e manter empreendimentos que gerem empregos, renda e recursos, al\u00e9m de investimentos que promovam a melhoria da qualidade de vida e da autoestima do cidad\u00e3o;<\/li>\n\n\n\n<li>Desenvolver e introduzir processos simplificados a fim de desburocratizar e agilizar a instala\u00e7\u00e3o dos estabelecimentos empresariais de diversos setores;<\/li>\n\n\n\n<li>Formular pol\u00edticas p\u00fablicas de fomento e desenvolvimento econ\u00f4mico, em conformidade com os diretrizes da gest\u00e3o Municipal, que buscam incrementar e dinamizar a atividade econ\u00f4mica Municipal, por interm\u00e9dio de parcerias com a iniciativa privada e organismos financeiros;<\/li>\n\n\n\n<li>Elaborar e implementar, anualmente, o Calend\u00e1rio de Eventos Municipal, direcionado para os setores de com\u00e9rcio e ind\u00fastria, definindo e coordenando a\u00e7\u00f5es, metas e objetivos a serem seguidos pelos \u00f3rg\u00e3os da administra\u00e7\u00e3o direta e indireta;<\/li>\n\n\n\n<li>Criar programas e projetos voltados ao incentivo do empreendedorismo no Munic\u00edpio, viabilizando a pol\u00edtica de gera\u00e7\u00e3o de investimento e empregos;<\/li>\n\n\n\n<li>Prestar atendimento ao mun\u00edcipe que busca informa\u00e7\u00f5es e servi\u00e7os especializados sobre os temas de sua compet\u00eancia;<\/li>\n\n\n\n<li>Gerir as pol\u00edticas de microcr\u00e9dito atrav\u00e9s do Banco do Povo;<\/li>\n\n\n\n<li>Celebrar e estabelecer parcerias com o Sistema S, entes federativos, \u00f3rg\u00e3os p\u00fablicos, sociedade civil, ag\u00eancias de fomento e de concess\u00e3o de cr\u00e9dito com o prop\u00f3sito de atrair investimentos e recursos para o desenvolvimento econ\u00f4mico Municipal;<\/li>\n\n\n\n<li>Promover a gest\u00e3o da Expo Empreendedorismo e do Pr\u00eamio QualiCajamar;<\/li>\n\n\n\n<li>Promover a coordena\u00e7\u00e3o do Programa Cajamar Empreendedora;<\/li>\n\n\n\n<li>Promover a gest\u00e3o do Banco do Povo Paulista, facilitando o acesso ao microcr\u00e9dito;<\/li>\n\n\n\n<li>Promover o apoio a MEI\u2019s e microempreendedores em processos de formaliza\u00e7\u00e3o;<\/li>\n\n\n\n<li>Capta\u00e7\u00e3o de recursos via editais estaduais, federais e internacionais;<\/li>\n\n\n\n<li>Gest\u00e3o de contratos e articula\u00e7\u00e3o com parceiros estrat\u00e9gicos para desenvolvimento econ\u00f4mico.<\/li>\n\n\n\n<li>Realizar outras atividades afins.<\/li>\n<\/ul>\n\n\n\n<p><strong>A estrutura organizacional da Secretaria Municipal de Desenvolvimento Urbano e Econ\u00f4mico \u00e9 dividida em:<\/strong><\/p>\n\n\n\n<ul class=\"wp-block-list\">\n<li>Subsecret\u00e1rio<\/li>\n\n\n\n<li>Diretor de Departamento<\/li>\n\n\n\n<li>Chefe de Divis\u00e3o<\/li>\n\n\n\n<li>Apoio Or\u00e7ament\u00e1rio<\/li>\n\n\n\n<li>Apoio de Gest\u00e3o de Recursos Humanos<\/li>\n\n\n\n<li>Apoio Operacional<\/li>\n<\/ul>\n","protected":false},"excerpt":{"rendered":"<p>A SMMDU tem por finalidade planejar, or\u00e7ar, coordenar, controlar, executar e fiscalizar obras e servi\u00e7os vi\u00e1rios, h\u00eddricos, civis e urban\u00edsticos.<\/p>\n","protected":false},"author":2,"featured_media":0,"parent":0,"menu_order":0,"comment_status":"closed","ping_status":"closed","template":"","meta":{"footnotes":""},"class_list":["post-6","page","type-page","status-publish","hentry"],"_links":{"self":[{"href":"https:\/\/cajamar.sp.gov.br\/desenvolvimento-urbano-e-economico\/wp-json\/wp\/v2\/pages\/6","targetHints":{"allow":["GET"]}}],"collection":[{"href":"https:\/\/cajamar.sp.gov.br\/desenvolvimento-urbano-e-economico\/wp-json\/wp\/v2\/pages"}],"about":[{"href":"https:\/\/cajamar.sp.gov.br\/desenvolvimento-urbano-e-economico\/wp-json\/wp\/v2\/types\/page"}],"author":[{"embeddable":true,"href":"https:\/\/cajamar.sp.gov.br\/desenvolvimento-urbano-e-economico\/wp-json\/wp\/v2\/users\/2"}],"replies":[{"embeddable":true,"href":"https:\/\/cajamar.sp.gov.br\/desenvolvimento-urbano-e-economico\/wp-json\/wp\/v2\/comments?post=6"}],"version-history":[{"count":39,"href":"https:\/\/cajamar.sp.gov.br\/desenvolvimento-urbano-e-economico\/wp-json\/wp\/v2\/pages\/6\/revisions"}],"predecessor-version":[{"id":11229,"href":"https:\/\/cajamar.sp.gov.br\/desenvolvimento-urbano-e-economico\/wp-json\/wp\/v2\/pages\/6\/revisions\/11229"}],"wp:attachment":[{"href":"https:\/\/cajamar.sp.gov.br\/desenvolvimento-urbano-e-economico\/wp-json\/wp\/v2\/media?parent=6"}],"curies":[{"name":"wp","href":"https:\/\/api.w.org\/{rel}","templated":true}]}}