{"id":64,"date":"2021-01-12T23:12:43","date_gmt":"2021-01-13T02:12:43","guid":{"rendered":"https:\/\/cajamar.sp.gov.br\/mobilidade\/?page_id=64"},"modified":"2024-10-17T11:17:45","modified_gmt":"2024-10-17T14:17:45","slug":"casa-legal","status":"publish","type":"page","link":"https:\/\/cajamar.sp.gov.br\/desenvolvimento-urbano-e-economico\/departamento-de-controle-urbano\/casa-legal\/","title":{"rendered":"Casa legal"},"content":{"rendered":"\n<figure class=\"wp-block-image size-full is-resized is-style-rounded\"><img fetchpriority=\"high\" decoding=\"async\" src=\"https:\/\/cajamar.sp.gov.br\/mobilidade\/wp-content\/uploads\/sites\/19\/2021\/01\/fundiaria.jpeg\" alt=\"\" class=\"wp-image-68\" width=\"995\" height=\"120\" srcset=\"https:\/\/cajamar.sp.gov.br\/desenvolvimento-urbano-e-economico\/wp-content\/uploads\/sites\/19\/2021\/01\/fundiaria.jpeg 1200w, https:\/\/cajamar.sp.gov.br\/desenvolvimento-urbano-e-economico\/wp-content\/uploads\/sites\/19\/2021\/01\/fundiaria-768x93.jpeg 768w\" sizes=\"(max-width: 995px) 100vw, 995px\" \/><\/figure>\n\n\n\n<p>O Programa tem como objetivo realizar a regulariza\u00e7\u00e3o fundi\u00e1ria dos loteamentos irregulares de Cajamar com a entrega do t\u00edtulo de propriedade definitivo do im\u00f3vel.<\/p>\n\n\n\n<div class=\"wp-block-contact-form-7-contact-form-selector\">\n<div class=\"wpcf7 no-js\" id=\"wpcf7-f63-o1\" lang=\"pt-BR\" dir=\"ltr\" data-wpcf7-id=\"63\">\n<div class=\"screen-reader-response\"><p role=\"status\" aria-live=\"polite\" aria-atomic=\"true\"><\/p> <ul><\/ul><\/div>\n<form action=\"\/desenvolvimento-urbano-e-economico\/wp-json\/wp\/v2\/pages\/64#wpcf7-f63-o1\" method=\"post\" class=\"wpcf7-form init\" aria-label=\"Formul\u00e1rios de contato\" enctype=\"multipart\/form-data\" novalidate=\"novalidate\" data-status=\"init\">\n<fieldset class=\"hidden-fields-container\"><input type=\"hidden\" name=\"_wpcf7\" value=\"63\" \/><input type=\"hidden\" name=\"_wpcf7_version\" value=\"6.1.5\" \/><input type=\"hidden\" name=\"_wpcf7_locale\" value=\"pt_BR\" \/><input type=\"hidden\" name=\"_wpcf7_unit_tag\" value=\"wpcf7-f63-o1\" \/><input type=\"hidden\" name=\"_wpcf7_container_post\" value=\"0\" \/><input type=\"hidden\" name=\"_wpcf7_posted_data_hash\" value=\"\" \/><input type=\"hidden\" name=\"_wpcf7_recaptcha_response\" value=\"\" \/>\n<\/fieldset>\n<style>\ninput[type=\"text\"],\ninput[type=\"email\"],\ninput[type=\"url\"],\ninput[type=\"tel\"],\ninput[type=\"number\"],\ninput[type=\"date\"],\ninput[type=\"password\"],\ninput[type=\"search\"],\nselect[multiple],\ntextarea {\nwidth:100%;\n}\n<\/style>\n<p><label> Quadra<br \/>\n<span class=\"wpcf7-form-control-wrap\" data-name=\"quadra\"><input size=\"40\" maxlength=\"400\" class=\"wpcf7-form-control wpcf7-text wpcf7-validates-as-required\" aria-required=\"true\" aria-invalid=\"false\" value=\"\" type=\"text\" name=\"quadra\" \/><\/span> <\/label>\n<\/p>\n<p><label> Lote<br \/>\n<span class=\"wpcf7-form-control-wrap\" data-name=\"lote\"><input size=\"40\" maxlength=\"400\" class=\"wpcf7-form-control wpcf7-text wpcf7-validates-as-required\" aria-required=\"true\" aria-invalid=\"false\" value=\"\" type=\"text\" name=\"lote\" \/><\/span> <\/label>\n<\/p>\n<p><label> Endere\u00e7o<br \/>\n<span class=\"wpcf7-form-control-wrap\" data-name=\"endereco\"><input size=\"40\" maxlength=\"400\" class=\"wpcf7-form-control wpcf7-text wpcf7-validates-as-required\" aria-required=\"true\" aria-invalid=\"false\" value=\"\" type=\"text\" name=\"endereco\" \/><\/span> <\/label>\n<\/p>\n<p><label> Nome (Titular)<br \/>\n<span class=\"wpcf7-form-control-wrap\" data-name=\"nome-titular\"><input size=\"40\" maxlength=\"400\" class=\"wpcf7-form-control wpcf7-text wpcf7-validates-as-required\" aria-required=\"true\" aria-invalid=\"false\" value=\"\" type=\"text\" name=\"nome-titular\" \/><\/span> <\/label>\n<\/p>\n<p><label> CPF (Titular)<br \/>\n<span class=\"wpcf7-form-control-wrap cpf-titular\"><input size=\"40\" class=\"wpcf7-form-control wpcf7-cpf wpcf7-validates-as-required\" aria-required=\"true\" aria-invalid=\"false\" placeholder=\"\" type=\"tel\" name=\"cpf-titular\" \/><\/span> <\/label>\n<\/p>\n<p><label> Celular<br \/>\n<span class=\"wpcf7-form-control-wrap\" data-name=\"celular\"><input size=\"40\" maxlength=\"400\" class=\"wpcf7-form-control wpcf7-tel wpcf7-validates-as-required wpcf7-text wpcf7-validates-as-tel phone_with_ddd\" aria-required=\"true\" aria-invalid=\"false\" value=\"\" type=\"tel\" name=\"celular\" \/><\/span> <\/label>\n<\/p>\n<p><label> Nome (C\u00f4njuge, se houver)<br \/>\n<span class=\"wpcf7-form-control-wrap\" data-name=\"nome-conjuge\"><input size=\"40\" maxlength=\"400\" class=\"wpcf7-form-control wpcf7-text\" aria-invalid=\"false\" value=\"\" type=\"text\" name=\"nome-conjuge\" \/><\/span> <\/label>\n<\/p>\n<p><label> CPF (C\u00f4njuge, se houver)<br \/>\n<span class=\"wpcf7-form-control-wrap cpf-conjuge\"><input size=\"40\" class=\"wpcf7-form-control wpcf7-cpf\" aria-invalid=\"false\" placeholder=\"\" type=\"tel\" name=\"cpf-conjuge\" \/><\/span> <\/label>\n<\/p>\n<div style=\"text-align:center;\">\n\t<h4>Documenta\u00e7\u00e3o\n\t<\/h4>\n<\/div>\n<p><label> Foto do protocolo de selagem<br \/>\n<span class=\"wpcf7-form-control-wrap\" data-name=\"file-protocolo-selagem\"><input size=\"40\" class=\"wpcf7-form-control wpcf7-file wpcf7-validates-as-required\" accept=\".png,.jpg,.jpeg,.pdf\" aria-required=\"true\" aria-invalid=\"false\" type=\"file\" name=\"file-protocolo-selagem\" \/><\/span><br \/>\n<\/label>\n<\/p>\n<p><label> RG (Titular e C\u00f4njuge)<br \/>\n<span class=\"wpcf7-form-control-wrap\" data-name=\"file-rg\"><input size=\"40\" class=\"wpcf7-form-control wpcf7-file wpcf7-validates-as-required\" accept=\".png,.jpg,.jpeg,.pdf\" aria-required=\"true\" aria-invalid=\"false\" type=\"file\" name=\"file-rg\" \/><\/span><br \/>\n<\/label>\n<\/p>\n<p><label> CPF (Titular e C\u00f4njuge)<br \/>\n<span class=\"wpcf7-form-control-wrap\" data-name=\"file-cpf\"><input size=\"40\" class=\"wpcf7-form-control wpcf7-file wpcf7-validates-as-required\" accept=\".png,.jpg,.jpeg,.pdf\" aria-required=\"true\" aria-invalid=\"false\" type=\"file\" name=\"file-cpf\" \/><\/span><br \/>\n<\/label>\n<\/p>\n<p><label> Comprovante de Estado Civil (Certid\u00e3o de Nascimento\/Casamento\/\u00d3bito)<br \/>\n<span class=\"wpcf7-form-control-wrap\" data-name=\"file-estado-civil\"><input size=\"40\" class=\"wpcf7-form-control wpcf7-file wpcf7-validates-as-required\" accept=\".png,.jpg,.jpeg,.pdf\" aria-required=\"true\" aria-invalid=\"false\" type=\"file\" name=\"file-estado-civil\" \/><\/span><br \/>\n<\/label>\n<\/p>\n<p><label> Comprovante de resid\u00eancia<br \/>\n<span class=\"wpcf7-form-control-wrap\" data-name=\"file-comprovante-residencia\"><input size=\"40\" class=\"wpcf7-form-control wpcf7-file wpcf7-validates-as-required\" accept=\".png,.jpg,.jpeg,.pdf\" aria-required=\"true\" aria-invalid=\"false\" type=\"file\" name=\"file-comprovante-residencia\" \/><\/span><br \/>\n<\/label>\n<\/p>\n<p><label> Contratos relacionados ao im\u00f3vel<br \/>\n<span class=\"wpcf7-form-control-wrap\" data-name=\"file-contrato-imovel\"><input size=\"40\" class=\"wpcf7-form-control wpcf7-file wpcf7-validates-as-required\" accept=\".png,.jpg,.jpeg,.pdf\" aria-required=\"true\" aria-invalid=\"false\" type=\"file\" name=\"file-contrato-imovel\" \/><\/span><br \/>\n<\/label>\n<\/p>\n<p><input class=\"wpcf7-form-control wpcf7-submit has-spinner\" type=\"submit\" value=\"Enviar\" \/>\n<\/p><div class=\"wpcf7-response-output\" aria-hidden=\"true\"><\/div>\n<\/form>\n<\/div>\n<\/div>\n","protected":false},"excerpt":{"rendered":"<p>O Programa tem como objetivo realizar a regulariza\u00e7\u00e3o fundi\u00e1ria dos loteamentos irregulares de Cajamar com a entrega do t\u00edtulo de propriedade definitivo do im\u00f3vel.<\/p>\n","protected":false},"author":6,"featured_media":0,"parent":76,"menu_order":0,"comment_status":"closed","ping_status":"closed","template":"","meta":{"footnotes":""},"class_list":["post-64","page","type-page","status-publish","hentry"],"_links":{"self":[{"href":"https:\/\/cajamar.sp.gov.br\/desenvolvimento-urbano-e-economico\/wp-json\/wp\/v2\/pages\/64","targetHints":{"allow":["GET"]}}],"collection":[{"href":"https:\/\/cajamar.sp.gov.br\/desenvolvimento-urbano-e-economico\/wp-json\/wp\/v2\/pages"}],"about":[{"href":"https:\/\/cajamar.sp.gov.br\/desenvolvimento-urbano-e-economico\/wp-json\/wp\/v2\/types\/page"}],"author":[{"embeddable":true,"href":"https:\/\/cajamar.sp.gov.br\/desenvolvimento-urbano-e-economico\/wp-json\/wp\/v2\/users\/6"}],"replies":[{"embeddable":true,"href":"https:\/\/cajamar.sp.gov.br\/desenvolvimento-urbano-e-economico\/wp-json\/wp\/v2\/comments?post=64"}],"version-history":[{"count":10,"href":"https:\/\/cajamar.sp.gov.br\/desenvolvimento-urbano-e-economico\/wp-json\/wp\/v2\/pages\/64\/revisions"}],"predecessor-version":[{"id":9107,"href":"https:\/\/cajamar.sp.gov.br\/desenvolvimento-urbano-e-economico\/wp-json\/wp\/v2\/pages\/64\/revisions\/9107"}],"up":[{"embeddable":true,"href":"https:\/\/cajamar.sp.gov.br\/desenvolvimento-urbano-e-economico\/wp-json\/wp\/v2\/pages\/76"}],"wp:attachment":[{"href":"https:\/\/cajamar.sp.gov.br\/desenvolvimento-urbano-e-economico\/wp-json\/wp\/v2\/media?parent=64"}],"curies":[{"name":"wp","href":"https:\/\/api.w.org\/{rel}","templated":true}]}}