{"id":76,"date":"2021-02-08T11:54:13","date_gmt":"2021-02-08T14:54:13","guid":{"rendered":"https:\/\/cajamar.sp.gov.br\/mobilidade\/?page_id=76"},"modified":"2024-10-17T11:17:58","modified_gmt":"2024-10-17T14:17:58","slug":"departamento-de-controle-urbano","status":"publish","type":"page","link":"https:\/\/cajamar.sp.gov.br\/desenvolvimento-urbano-e-economico\/departamento-de-controle-urbano\/","title":{"rendered":"Departamento de Controle Urbano"},"content":{"rendered":"\n<p><a rel=\"noreferrer noopener\" href=\"https:\/\/cajamar.sp.gov.br\/leiscomplementares\/wp-content\/uploads\/sites\/31\/2020\/12\/lei-complementar-179-19-revisao-plano-diretor.pdf\" target=\"_blank\">Plano Diretor <\/a> &#8211; <strong>Lei Complementar 179\/2019<\/strong><\/p>\n\n\n\n<p><a href=\"https:\/\/cajamar.sp.gov.br\/diariooficial\/wp-content\/uploads\/sites\/4\/Lei%201780-19.pdf\">Instrumentos Urban\u00edsticos do Plano <\/a><a rel=\"noreferrer noopener\" href=\"https:\/\/cajamar.sp.gov.br\/diariooficial\/wp-content\/uploads\/sites\/4\/Lei%201780-19.pdf\" target=\"_blank\">Diretor<\/a><a href=\"https:\/\/cajamar.sp.gov.br\/diariooficial\/wp-content\/uploads\/sites\/4\/Lei%201780-19.pdf\"> <\/a> &#8211; <strong>Lei n\u00b0 1.780\/2019<\/strong><\/p>\n\n\n\n<p><a href=\"https:\/\/cajamar.sp.gov.br\/leiscomplementares\/wp-content\/uploads\/sites\/31\/2021\/02\/lei-complementar-181-19-implantacao-uso-e-ocupacao-do-solo.pdf\">Implanta\u00e7\u00e3o do uso e ocupa\u00e7\u00e3o do solo<\/a> &#8211; <strong>Lei Complementar 181\/2019<\/strong><\/p>\n\n\n\n<p><a href=\"https:\/\/cajamar.sp.gov.br\/leiscomplementares\/wp-content\/uploads\/sites\/31\/2021\/02\/lei-complementar-182-19-implantacao-parcelamento-do-solo.pdf\">Implanta\u00e7\u00e3o Parcelamento do solo<\/a> &#8211; <strong>Lei Complementar 182\/2019<\/strong><\/p>\n\n\n\n<p><a href=\"https:\/\/cajamar.sp.gov.br\/leiscomplementares\/wp-content\/uploads\/sites\/31\/2021\/02\/lei-complementar-183-19-codigo-de-obras-de-cajamar-1.pdf\">C\u00f3digo de obras<\/a> &#8211; <strong>Lei Complementar 183\/2019<\/strong><\/p>\n\n\n\n<p><a rel=\"noreferrer noopener\" href=\"https:\/\/cajamar.sp.gov.br\/legislacao\/wp-content\/uploads\/sites\/4\/lei-complementar-186-20.pdf\" target=\"_blank\">Instala\u00e7\u00e3o de Sistemas de Capta\u00e7\u00e3o e Reten\u00e7\u00e3o de \u00c1guas Pluviais<\/a> &#8211; <strong>Lei Complementar 186\/2020<\/strong><\/p>\n\n\n\n<p><a href=\"https:\/\/cajamar.sp.gov.br\/diariooficial\/wp-content\/uploads\/sites\/4\/Lei%20Complementar%20175-19.pdf\">Instrumento Jur\u00eddico Urban\u00edstico da Contrapartida <\/a> &#8211; <strong>Lei Complementar 175\/2019<\/strong><\/p>\n\n\n\n<p><a href=\"https:\/\/cajamar.sp.gov.br\/legislacao\/wp-content\/uploads\/sites\/4\/decreto-6131-19.pdf\">Regulamenta\u00e7\u00e3o do Instrumento Jur\u00eddico Urban\u00edstico da Contrapartida<\/a> &#8211; Decreto 6131\/2019<\/p>\n\n\n\n<p><a href=\"https:\/\/cajamar.sp.gov.br\/mobilidade\/wp-content\/uploads\/sites\/19\/2021\/02\/macrozoneamento-cajamar.pdf\">Mapa de Macrozoneamento <\/a><\/p>\n\n\n\n<p><\/p>\n","protected":false},"excerpt":{"rendered":"<p>Plano Diretor &#8211; Lei Complementar 179\/2019 Instrumentos Urban\u00edsticos do Plano Diretor &#8211; Lei n\u00b0 1.780\/2019 Implanta\u00e7\u00e3o do uso e ocupa\u00e7\u00e3o do solo &#8211; Lei Complementar 181\/2019 Implanta\u00e7\u00e3o Parcelamento do solo &#8211; Lei Complementar 182\/2019 C\u00f3digo de obras &#8211; Lei Complementar 183\/2019 Instala\u00e7\u00e3o de Sistemas de Capta\u00e7\u00e3o e Reten\u00e7\u00e3o de \u00c1guas Pluviais &#8211; Lei Complementar 186\/2020 [&hellip;]<\/p>\n","protected":false},"author":7,"featured_media":0,"parent":0,"menu_order":0,"comment_status":"closed","ping_status":"closed","template":"","meta":{"footnotes":""},"class_list":["post-76","page","type-page","status-publish","hentry"],"_links":{"self":[{"href":"https:\/\/cajamar.sp.gov.br\/desenvolvimento-urbano-e-economico\/wp-json\/wp\/v2\/pages\/76","targetHints":{"allow":["GET"]}}],"collection":[{"href":"https:\/\/cajamar.sp.gov.br\/desenvolvimento-urbano-e-economico\/wp-json\/wp\/v2\/pages"}],"about":[{"href":"https:\/\/cajamar.sp.gov.br\/desenvolvimento-urbano-e-economico\/wp-json\/wp\/v2\/types\/page"}],"author":[{"embeddable":true,"href":"https:\/\/cajamar.sp.gov.br\/desenvolvimento-urbano-e-economico\/wp-json\/wp\/v2\/users\/7"}],"replies":[{"embeddable":true,"href":"https:\/\/cajamar.sp.gov.br\/desenvolvimento-urbano-e-economico\/wp-json\/wp\/v2\/comments?post=76"}],"version-history":[{"count":6,"href":"https:\/\/cajamar.sp.gov.br\/desenvolvimento-urbano-e-economico\/wp-json\/wp\/v2\/pages\/76\/revisions"}],"predecessor-version":[{"id":92,"href":"https:\/\/cajamar.sp.gov.br\/desenvolvimento-urbano-e-economico\/wp-json\/wp\/v2\/pages\/76\/revisions\/92"}],"wp:attachment":[{"href":"https:\/\/cajamar.sp.gov.br\/desenvolvimento-urbano-e-economico\/wp-json\/wp\/v2\/media?parent=76"}],"curies":[{"name":"wp","href":"https:\/\/api.w.org\/{rel}","templated":true}]}}