{"id":6,"date":"2019-10-30T19:17:02","date_gmt":"2019-10-30T21:17:02","guid":{"rendered":"https:\/\/cajamar.sp.gov.br\/e-sic\/?page_id=6"},"modified":"2023-08-15T09:17:13","modified_gmt":"2023-08-15T12:17:13","slug":"servico-eletronico-de-informacao-ao-cidadao-e-sic","status":"publish","type":"page","link":"https:\/\/cajamar.sp.gov.br\/e-sic\/","title":{"rendered":"Servi\u00e7o de Informa\u00e7\u00e3o ao Cidad\u00e3o (SIC &#8211; e-SIC)"},"content":{"rendered":"\n<figure class=\"wp-block-image size-full\"><img fetchpriority=\"high\" decoding=\"async\" width=\"1023\" height=\"394\" src=\"https:\/\/cajamar.sp.gov.br\/e-sic\/wp-content\/uploads\/sites\/26\/2023\/08\/e-sic.png\" alt=\"\" class=\"wp-image-64\" srcset=\"https:\/\/cajamar.sp.gov.br\/e-sic\/wp-content\/uploads\/sites\/26\/2023\/08\/e-sic.png 1023w, https:\/\/cajamar.sp.gov.br\/e-sic\/wp-content\/uploads\/sites\/26\/2023\/08\/e-sic-768x296.png 768w\" sizes=\"(max-width: 1023px) 100vw, 1023px\" \/><\/figure>\n\n\n\n<p>Criado pela Lei de Acesso \u00e0 Informa\u00e7\u00e3o n\u00ba <a href=\"http:\/\/www.planalto.gov.br\/ccivil_03\/_ato2011-2014\/2011\/lei\/l12527.htm\" target=\"_blank\" rel=\"noreferrer noopener\">12.527\/2011<\/a> e regulamentado pelo Decreto Municipal n\u00ba <a href=\"https:\/\/cajamar.sp.gov.br\/diariooficial\/wp-content\/uploads\/sites\/4\/Decreto%204864-13.pdf\">4.864\/13<\/a>, o Servi\u00e7o de Informa\u00e7\u00f5es ao Cidad\u00e3o &#8211; SIC \u00e9 respons\u00e1vel pela busca e fornecimento de informa\u00e7\u00f5es no \u00e2mbito do Poder Executivo Municipal de Cajamar.<\/p>\n\n\n\n<p>O Servi\u00e7o de Informa\u00e7\u00f5es ao Cidad\u00e3o &#8211; SIC \u00e9 gerido pela Ouvidora Geral do Munic\u00edpio, que recebe pedidos de acesso \u00e0 informa\u00e7\u00e3o atrav\u00e9s dos seguintes canais de atendimento:<\/p>\n\n\n\n<ul class=\"wp-block-list\">\n<li><strong>Presencial<\/strong>: Pa\u00e7o Municipal &#8211; End.: Pra\u00e7a Jos\u00e9 Rodrigues do Nascimento, 30 \u2013 Bairro \u00c1gua Fria &#8211; Distrito Sede &#8211; Cajamar\/SP \u2013 CEP 07752-060 (expediente: das 8 \u00e0s 17h de Segunda \u00e0 Sexta-feira &#8211; exceto feriados)<\/li>\n\n\n\n<li><strong>Telefone<\/strong>: 0800 771 1223 (expediente: das 8 \u00e0s 17h de Segunda \u00e0 Sexta-feira &#8211; exceto feriados)- <\/li>\n\n\n\n<li><strong>E-mail<\/strong>: <a href=\"mailto:ouvidoria@cajamar.sp.gov.br\">ouvidoria@cajamar.sp.gov.br<\/a><\/li>\n\n\n\n<li><strong>Sistema e-SIC<\/strong>: <a href=\"https:\/\/e-ouvidoria.cajamar.sp.gov.br\/index.php?a=add\">https:\/\/e-ouvidoria.cajamar.sp.gov.br\/index.php?a=add<\/a><\/li>\n\n\n\n<li><strong>Aplicativo da Prefeitura de Cajama<\/strong>r: dispon\u00edvel no GooglePlay &#8211; <a href=\"https:\/\/play.google.com\/store\/apps\/details?id=br.gov.sp.cijun.appsol.cajamar\">Playstore<\/a> e no <a href=\"https:\/\/apps.apple.com\/br\/app\/prefeitura-de-cajamar\/id1497554782\">APPstore<\/a><\/li>\n<\/ul>\n\n\n\n<p>O site da Prefeitura de Cajamar disponibiliza outros canais para a consulta de informa\u00e7\u00e3o p\u00fablica, como por exemplo:<\/p>\n\n\n\n<ul class=\"wp-block-list\">\n<li><a href=\"https:\/\/transparencia.cajamar.sp.gov.br\/\" target=\"_blank\" rel=\"noreferrer noopener\"><strong>Portal da Transpar\u00eancia<\/strong><\/a><\/li>\n\n\n\n<li><a href=\"https:\/\/cajamar.sp.gov.br\/diariooficial\/\" target=\"_blank\" rel=\"noreferrer noopener\"><strong>Di\u00e1rio Oficial<\/strong><\/a><\/li>\n\n\n\n<li><a href=\"https:\/\/cajamar.sp.gov.br\/legislacao\/categoria\/atas-de-posse-dos-prefeitos\/\" target=\"_blank\" rel=\"noreferrer noopener\"><strong>Ata de Posse de Prefeitos<\/strong><\/a><\/li>\n\n\n\n<li><a href=\"https:\/\/licitacao.cajamar.sp.gov.br\/\" target=\"_blank\" rel=\"noreferrer noopener\"><strong>Licita\u00e7\u00f5es<\/strong><\/a><\/li>\n\n\n\n<li><a href=\"https:\/\/cajamar.sp.gov.br\/decretos\/\" target=\"_blank\" rel=\"noreferrer noopener\"><strong>Decretos<\/strong><\/a><\/li>\n\n\n\n<li><a href=\"https:\/\/cajamar.sp.gov.br\/legislacao\/\" target=\"_blank\" rel=\"noreferrer noopener\"><strong>Leis Municipais<\/strong><\/a><\/li>\n\n\n\n<li><a href=\"https:\/\/cajamar.sp.gov.br\/portarias\/\" target=\"_blank\" rel=\"noreferrer noopener\"><strong>Portarias<\/strong><\/a><\/li>\n\n\n\n<li><a href=\"https:\/\/protocolo.cajamar.sp.gov.br\/\" target=\"_blank\" rel=\"noreferrer noopener\"><strong>Protocolo\/Processos<\/strong><\/a><\/li>\n\n\n\n<li><a href=\"https:\/\/cajamar.sp.gov.br\/concursos\/\" target=\"_blank\" rel=\"noreferrer noopener\"><strong>Concursos e Processos Seletivos<\/strong><\/a><\/li>\n\n\n\n<li><a href=\"https:\/\/cajamar.sp.gov.br\/editais\/\" target=\"_blank\" rel=\"noreferrer noopener\"><strong>Editais<\/strong><\/a><\/li>\n\n\n\n<li><a href=\"https:\/\/cajamar.sp.gov.br\/secretarias\/\" target=\"_blank\" rel=\"noreferrer noopener\"><strong>Secretarias<\/strong><\/a><\/li>\n<\/ul>\n\n\n\n<p><br><\/p>\n","protected":false},"excerpt":{"rendered":"<p>Criado pela Lei de Acesso \u00e0 Informa\u00e7\u00e3o n\u00ba 12.527\/2011 e regulamentado pelo Decreto Municipal n\u00ba 4.864\/13, o Servi\u00e7o de Informa\u00e7\u00f5es ao Cidad\u00e3o &#8211; SIC \u00e9 respons\u00e1vel pela busca e fornecimento de informa\u00e7\u00f5es no \u00e2mbito do Poder Executivo Municipal de Cajamar. O Servi\u00e7o de Informa\u00e7\u00f5es ao Cidad\u00e3o &#8211; SIC \u00e9 gerido pela Ouvidora Geral do Munic\u00edpio, [&hellip;]<\/p>\n","protected":false},"author":2,"featured_media":0,"parent":0,"menu_order":0,"comment_status":"closed","ping_status":"closed","template":"page-servicos-online.php","meta":{"footnotes":""},"class_list":["post-6","page","type-page","status-publish","hentry"],"_links":{"self":[{"href":"https:\/\/cajamar.sp.gov.br\/e-sic\/wp-json\/wp\/v2\/pages\/6","targetHints":{"allow":["GET"]}}],"collection":[{"href":"https:\/\/cajamar.sp.gov.br\/e-sic\/wp-json\/wp\/v2\/pages"}],"about":[{"href":"https:\/\/cajamar.sp.gov.br\/e-sic\/wp-json\/wp\/v2\/types\/page"}],"author":[{"embeddable":true,"href":"https:\/\/cajamar.sp.gov.br\/e-sic\/wp-json\/wp\/v2\/users\/2"}],"replies":[{"embeddable":true,"href":"https:\/\/cajamar.sp.gov.br\/e-sic\/wp-json\/wp\/v2\/comments?post=6"}],"version-history":[{"count":24,"href":"https:\/\/cajamar.sp.gov.br\/e-sic\/wp-json\/wp\/v2\/pages\/6\/revisions"}],"predecessor-version":[{"id":73,"href":"https:\/\/cajamar.sp.gov.br\/e-sic\/wp-json\/wp\/v2\/pages\/6\/revisions\/73"}],"wp:attachment":[{"href":"https:\/\/cajamar.sp.gov.br\/e-sic\/wp-json\/wp\/v2\/media?parent=6"}],"curies":[{"name":"wp","href":"https:\/\/api.w.org\/{rel}","templated":true}]}}