{"id":11755,"date":"2021-06-15T16:49:09","date_gmt":"2021-06-15T19:49:09","guid":{"rendered":"https:\/\/cajamar.sp.gov.br\/educacao\/?page_id=11755"},"modified":"2025-02-13T16:19:26","modified_gmt":"2025-02-13T19:19:26","slug":"plano-municipal-de-educacao","status":"publish","type":"page","link":"https:\/\/cajamar.sp.gov.br\/educacao\/plano-municipal-de-educacao\/","title":{"rendered":"Plano Municipal de Educa\u00e7\u00e3o"},"content":{"rendered":"\n<p><a href=\"https:\/\/cajamar.sp.gov.br\/legislacao\/legislacao\/lei-numero-1910-de-2022\/\">Lei Numero 1910 de 2022<\/a><\/p>\n\n\n\n<p>\u201cDisp\u00f5e sobre a aprova\u00e7\u00e3o do Relat\u00f3rio de Avalia\u00e7\u00e3o do Plano Municipal de Educa\u00e7\u00e3o referente ao 2\u00ba Bi\u00eanio \u2013 2017 a 2019 que altera as metas e as estrat\u00e9gias para o Plano Municipal de Educa\u00e7\u00e3o de 2015 a 2025 e d\u00e1 outras provid\u00eancias\u201d. <a href=\"https:\/\/cajamar.sp.gov.br\/diariooficial\/wp-content\/uploads\/sites\/3\/anexo-da-lei-1910-22-plano-municipal-de-educacao-pme-compactado.pdf\">Plano Municipal de Educa\u00e7\u00e3o &#8211; 2\u00ba Bi\u00eanio 2017 \u00e0 2019 &#8211; Relat\u00f3rio<\/a><\/p>\n\n\n\n<p><a href=\"https:\/\/cajamar.sp.gov.br\/legislacao\/legislacao\/lei-numero-1726-de-2018\/\">Lei Numero 1726 de 2018<\/a><\/p>\n\n\n\n<p>\u201cDisp\u00f5e sobre a aprova\u00e7\u00e3o do Relat\u00f3rio de Avalia\u00e7\u00e3o do Plano Municipal de Educa\u00e7\u00e3o referente ao 1\u00ba Bi\u00eanio \u2013 2015 a 2017 que altera as metas e as estrat\u00e9gias para o Plano Municipal de Educa\u00e7\u00e3o de 2015 a 2025 e d\u00e1 outras provid\u00eancias\u201d.<\/p>\n\n\n\n<p><a href=\"https:\/\/cajamar.sp.gov.br\/legislacao\/leis-municipais\/leis-2015\/lei-numero-1631-de-2015\/\">Lei N\u00famero 1631 de 2015<\/a><\/p>\n\n\n\n<p>\u201cDisp\u00f5e sobre aprova\u00e7\u00e3o do Plano Municipal de Educa\u00e7\u00e3o do Munic\u00edpio de Cajamar, para o per\u00edodo de 2015 a 2025 e d\u00e1 outras provid\u00eancias\u201d.<\/p>\n\n\n\n<p><\/p>\n","protected":false},"excerpt":{"rendered":"<p>Lei Numero 1910 de 2022 \u201cDisp\u00f5e sobre a aprova\u00e7\u00e3o do Relat\u00f3rio de Avalia\u00e7\u00e3o do Plano Municipal de Educa\u00e7\u00e3o referente ao 2\u00ba Bi\u00eanio \u2013 2017 a 2019 que altera as metas e as estrat\u00e9gias para o Plano Municipal de Educa\u00e7\u00e3o de 2015 a 2025 e d\u00e1 outras provid\u00eancias\u201d. Plano Municipal de Educa\u00e7\u00e3o &#8211; 2\u00ba Bi\u00eanio 2017 [&hellip;]<\/p>\n","protected":false},"author":7,"featured_media":0,"parent":0,"menu_order":0,"comment_status":"closed","ping_status":"closed","template":"","meta":{"footnotes":""},"class_list":["post-11755","page","type-page","status-publish","hentry"],"_links":{"self":[{"href":"https:\/\/cajamar.sp.gov.br\/educacao\/wp-json\/wp\/v2\/pages\/11755","targetHints":{"allow":["GET"]}}],"collection":[{"href":"https:\/\/cajamar.sp.gov.br\/educacao\/wp-json\/wp\/v2\/pages"}],"about":[{"href":"https:\/\/cajamar.sp.gov.br\/educacao\/wp-json\/wp\/v2\/types\/page"}],"author":[{"embeddable":true,"href":"https:\/\/cajamar.sp.gov.br\/educacao\/wp-json\/wp\/v2\/users\/7"}],"replies":[{"embeddable":true,"href":"https:\/\/cajamar.sp.gov.br\/educacao\/wp-json\/wp\/v2\/comments?post=11755"}],"version-history":[{"count":8,"href":"https:\/\/cajamar.sp.gov.br\/educacao\/wp-json\/wp\/v2\/pages\/11755\/revisions"}],"predecessor-version":[{"id":13327,"href":"https:\/\/cajamar.sp.gov.br\/educacao\/wp-json\/wp\/v2\/pages\/11755\/revisions\/13327"}],"wp:attachment":[{"href":"https:\/\/cajamar.sp.gov.br\/educacao\/wp-json\/wp\/v2\/media?parent=11755"}],"curies":[{"name":"wp","href":"https:\/\/api.w.org\/{rel}","templated":true}]}}