{"id":12495,"date":"2022-06-24T16:07:26","date_gmt":"2022-06-24T19:07:26","guid":{"rendered":"https:\/\/cajamar.sp.gov.br\/educacao\/?page_id=12495"},"modified":"2025-03-11T14:30:43","modified_gmt":"2025-03-11T17:30:43","slug":"conselho-municipal-de-educacao-cmec","status":"publish","type":"page","link":"https:\/\/cajamar.sp.gov.br\/educacao\/conselho-municipal-de-educacao-cmec\/","title":{"rendered":"Conselho Municipal de Educa\u00e7\u00e3o de Cajamar &#8211; CMEC"},"content":{"rendered":"\n<div class=\"wp-block-group\"><div class=\"wp-block-group__inner-container is-layout-constrained wp-block-group-is-layout-constrained\">\n<p>ATA 1\u00aa REUNI\u00c3O EXTRAORDIN\u00c1RIA 2025 CME &#8211; <a href=\"https:\/\/cajamar.sp.gov.br\/educacao\/wp-content\/uploads\/sites\/14\/2025\/03\/ata-1a-reuniao-extraordinaria-2025.pdf\">ATA 1\u00aa REUNI\u00c3O EXTRAORDIN\u00c1RIA 2025 CME<\/a><\/p>\n\n\n\n<p>EDITAL DE CONVOCA\u00c7\u00c3O 1\u00aa REUNI\u00c3O EXTRAORDIN\u00c1RIA 2025 CME &#8211; <a href=\"https:\/\/cajamar.sp.gov.br\/educacao\/wp-content\/uploads\/sites\/14\/2025\/03\/edital-de-convocacao-1a-reuniao-extraordinaria.pdf\">EDITAL DE CONVOCA\u00c7\u00c3O 1\u00aa REUNI\u00c3O EXTRAORDIN\u00c1RIA 2025 CME<\/a><\/p>\n\n\n\n<p>Ata 1\u00aa Reuni\u00e3o Ordin\u00e1ria 2024 CME &#8211; <a href=\"https:\/\/cajamar.sp.gov.br\/educacao\/wp-content\/uploads\/sites\/14\/2025\/03\/ata-1a-reuniao-ordinaria-2025.pdf\">Ata 1\u00aa Reuni\u00e3o Ordin\u00e1ria 2025 CME<\/a><\/p>\n\n\n\n<p>Edital Convoca\u00e7\u00e3o 1\u00aa Reuni\u00e3o Ordin\u00e1ria 2025 CME &#8211; <a href=\"https:\/\/cajamar.sp.gov.br\/educacao\/wp-content\/uploads\/sites\/14\/2025\/03\/edital-de-convocacao-1a-reuniao-ordinaria.pdf\">EDITAL DE CONVOCA\u00c7\u00c3O 1\u00aa REUNI\u00c3O ORDIN\u00c1RIA 2025<\/a><\/p>\n\n\n\n<p>DELIBERA\u00c7\u00c3O CME n\u00ba 01\/2024 &#8211; Fixa Normas para Autoriza\u00e7\u00e3o de unidades educacionais privadas de Educa\u00e7\u00e3o Infantil &#8211; <a href=\"https:\/\/cajamar.sp.gov.br\/educacao\/wp-content\/uploads\/sites\/14\/2025\/03\/deliberacao-01-2024.pdf\">DELIBERA\u00c7\u00c3O CME n\u00ba 01\/2024 &#8211; Fixa Normas para Autoriza\u00e7\u00e3o de unidades educacionais privadas de Educa\u00e7\u00e3o Infantil<\/a><\/p>\n\n\n\n<p>Ata 10\u00aa Reuni\u00e3o Ordin\u00e1ria 2024 CME &#8211; <a href=\"https:\/\/cajamar.sp.gov.br\/educacao\/wp-content\/uploads\/sites\/14\/2024\/12\/ata-10-reuniao-ordinaria-2024.pdf\">Ata 10\u00aa Reuni\u00e3o Ordin\u00e1ria 2024 CME<\/a><\/p>\n\n\n\n<p>Edital Convoca\u00e7\u00e3o 10\u00aa Reuni\u00e3o Ordin\u00e1ria 2024<\/p>\n\n\n\n<p>Ata 9\u00aa Reuni\u00e3o Ordin\u00e1ria 2024 CME &#8211; <a href=\"https:\/\/cajamar.sp.gov.br\/educacao\/wp-content\/uploads\/sites\/14\/2024\/12\/ata-9-reuniao-ordinaria-2024.pdf\">Ata 9\u00aa Reuni\u00e3o Ordin\u00e1ria 2024 CME<\/a><\/p>\n\n\n\n<p>Edital Convoca\u00e7\u00e3o 9\u00aa Reuni\u00e3o Ordin\u00e1ria 2024 &#8211; <a href=\"https:\/\/cajamar.sp.gov.br\/educacao\/wp-content\/uploads\/sites\/14\/2024\/12\/edital-de-convocacao-9a-ordinaria.pdf\">Edital Convoca\u00e7\u00e3o 9\u00aa Reuni\u00e3o Ordin\u00e1ria 2024<\/a><\/p>\n\n\n\n<p>Ata 8\u00aa Reuni\u00e3o Ordin\u00e1ria 2024 CME &#8211; <a href=\"https:\/\/cajamar.sp.gov.br\/educacao\/wp-content\/uploads\/sites\/14\/2024\/12\/ata-8-reuniao-ordinaria-2024.pdf\">Ata 8\u00aa Reuni\u00e3o Ordin\u00e1ria 2024 CME<\/a><\/p>\n\n\n\n<p>Edital Convoca\u00e7\u00e3o 8\u00aa Reuni\u00e3o Ordin\u00e1ria 2024 &#8211; <a href=\"https:\/\/cajamar.sp.gov.br\/educacao\/wp-content\/uploads\/sites\/14\/2024\/12\/edital-de-convocacao-8a-ordinaria.pdf\">Edital Convoca\u00e7\u00e3o 8\u00aa Reuni\u00e3o Ordin\u00e1ria 2024<\/a><\/p>\n\n\n\n<p>Ata 7\u00aa Reuni\u00e3o Ordin\u00e1ria 2024 CME &#8211; <a href=\"https:\/\/cajamar.sp.gov.br\/educacao\/wp-content\/uploads\/sites\/14\/2024\/12\/ata-7-reuniao-ordinaria-2024.pdf\">Ata 7\u00aa Reuni\u00e3o Ordin\u00e1ria 2024 CME<\/a><\/p>\n\n\n\n<p>Edital Convoca\u00e7\u00e3o 7\u00aa Reuni\u00e3o Ordin\u00e1ria 2024 &#8211; <a href=\"https:\/\/cajamar.sp.gov.br\/educacao\/wp-content\/uploads\/sites\/14\/2024\/12\/edital-de-convocacao-7a-ordinaria.pdf\">Edital Convoca\u00e7\u00e3o 7\u00aa Reuni\u00e3o Ordin\u00e1ria 2024<\/a><\/p>\n\n\n\n<p>Ata 6\u00aa Reuni\u00e3o Ordin\u00e1ria 2024 CME &#8211; <a href=\"https:\/\/cajamar.sp.gov.br\/educacao\/wp-content\/uploads\/sites\/14\/2024\/12\/ata-6-reuniao-ordinaria-2024.pdf\">Ata 6\u00aa Reuni\u00e3o Ordin\u00e1ria 2024 CME<\/a><\/p>\n\n\n\n<p>Edital Convoca\u00e7\u00e3o 6\u00aa Reuni\u00e3o Ordin\u00e1ria 2024 &#8211; <a href=\"https:\/\/cajamar.sp.gov.br\/educacao\/wp-content\/uploads\/sites\/14\/2024\/12\/edital-de-convocacao-6a-ordinaria.pdf\">Edital Convoca\u00e7\u00e3o 6\u00aa Reuni\u00e3o Ordin\u00e1ria 2024<\/a><\/p>\n\n\n\n<p>Ata 5\u00aa Reuni\u00e3o Ordin\u00e1ria 2024 CME &#8211; <a href=\"https:\/\/cajamar.sp.gov.br\/educacao\/wp-content\/uploads\/sites\/14\/2024\/12\/ata-5-reuniao-ordinaria-2024.pdf\">Ata 5\u00aa Reuni\u00e3o Ordin\u00e1ria 2024 CME<\/a><\/p>\n\n\n\n<p>Edital Convoca\u00e7\u00e3o 5\u00aa Reuni\u00e3o Ordin\u00e1ria 2024&nbsp;&#8211; <a href=\"https:\/\/cajamar.sp.gov.br\/educacao\/wp-content\/uploads\/sites\/14\/2024\/06\/edital-convocacao-5a-reuniao-ordinaria-2024.pdf\">Edital Convoca\u00e7\u00e3o 5\u00aa Reuni\u00e3o Ordin\u00e1ria 2024<\/a><\/p>\n\n\n\n<p>Ata 1\u00aa Reuni\u00e3o Extraordin\u00e1ria 2024 CME &#8211; <a href=\"https:\/\/cajamar.sp.gov.br\/educacao\/wp-content\/uploads\/sites\/14\/2024\/06\/ata-1a-reuniao-extraordinaria-2024-cme.pdf\">Ata 1\u00aa Reuni\u00e3o Extraordin\u00e1ria 2024 CME<\/a><\/p>\n\n\n\n<p>Ata 4\u00aa Reuni\u00e3o Ordin\u00e1ria 2024 CME &#8211; <a href=\"https:\/\/cajamar.sp.gov.br\/educacao\/wp-content\/uploads\/sites\/14\/2024\/06\/ata-4a-reuniao-ordinaria-2024-cme.pdf\">Ata 4\u00aa Reuni\u00e3o Ordin\u00e1ria 2024 CME<\/a><\/p>\n\n\n\n<p>Edital de Convoca\u00e7\u00e3o 1\u00aa Reuni\u00e3o Extraordin\u00e1ria 2024 CME &#8211; <a href=\"https:\/\/cajamar.sp.gov.br\/educacao\/wp-content\/uploads\/sites\/14\/2024\/05\/edital-de-convocacao-1a-reuniao-extraordinaria-cme-2024.pdf\">Edital de Convoca\u00e7\u00e3o 1\u00aa Reuni\u00e3o Extraordin\u00e1ria 2024 CME<\/a><\/p>\n\n\n\n<p>Ata 3\u00aa Reuni\u00e3o Ordin\u00e1ria 2024 CME &#8211; <a href=\"https:\/\/cajamar.sp.gov.br\/educacao\/wp-content\/uploads\/sites\/14\/2024\/05\/ata-3a-reuniao-ordinaria-2024-cme.pdf\">Ata 3\u00aa Reuni\u00e3o Ordin\u00e1ria 2024 CME<\/a><\/p>\n\n\n\n<p>Edital Convoca\u00e7\u00e3o 4\u00aa Reuni\u00e3o Ordin\u00e1ria 2024 &#8211; <a href=\"https:\/\/cajamar.sp.gov.br\/educacao\/wp-content\/uploads\/sites\/14\/2024\/05\/edital-convocacao-4a-reuniao-ordinaria-2024.pdf\">Edital Convoca\u00e7\u00e3o 4\u00aa Reuni\u00e3o Ordin\u00e1ria 2024<\/a><\/p>\n\n\n\n<p>Ata Resultado Final da Elei\u00e7\u00e3o CME &#8211; <a href=\"https:\/\/cajamar.sp.gov.br\/educacao\/wp-content\/uploads\/sites\/14\/2024\/04\/ata-do-resultado-final-eleicao-do-cme-bienio-2024-2026.pdf\">Ata Resultado Final da Elei\u00e7\u00e3o CME<\/a><\/p>\n\n\n\n<p>Ata Resultado Parcial da Elei\u00e7\u00e3o CME &#8211; <a href=\"https:\/\/cajamar.sp.gov.br\/educacao\/wp-content\/uploads\/sites\/14\/2024\/04\/ata-resultado-parcial-da-eleicao-cme.pdf\">Ata Resultado Parcial da Elei\u00e7\u00e3o CME<\/a><\/p>\n\n\n\n<p>Edital Convoca\u00e7\u00e3o 3\u00aa Reuni\u00e3o Ordin\u00e1ria 2024 &#8211; <a href=\"https:\/\/cajamar.sp.gov.br\/educacao\/wp-content\/uploads\/sites\/14\/2024\/04\/edital-convocacao-3a-reuniao-ordinaria-2024.pdf\">Edital Convoca\u00e7\u00e3o 3\u00aa Reuni\u00e3o Ordin\u00e1ria 2024<\/a><\/p>\n\n\n\n<p>Elei\u00e7\u00e3o CMEC &#8211; 2024 &#8211; Inscri\u00e7\u00f5es &#8211; Resultado Final &#8211; <a href=\"https:\/\/cajamar.sp.gov.br\/educacao\/wp-content\/uploads\/sites\/14\/2024\/04\/eleicao-cmec-2024-inscricoes-resultado-final.pdf\">Elei\u00e7\u00e3o CMEC &#8211; 2024 &#8211; Inscri\u00e7\u00f5es &#8211; Resultado Final<\/a><\/p>\n\n\n\n<p>Elei\u00e7\u00e3o CMEC &#8211; 2024 &#8211; Inscri\u00e7\u00f5es &#8211; <a href=\"https:\/\/cajamar.sp.gov.br\/educacao\/wp-content\/uploads\/sites\/14\/2024\/04\/eleicao-cme.pdf\">Elei\u00e7\u00e3o CMEC &#8211; 2024 &#8211; Inscri\u00e7\u00f5es<\/a><\/p>\n\n\n\n<p>Edital Elei\u00e7\u00e3o CMEC &#8211; 2024 &#8211; <a href=\"https:\/\/cajamar.sp.gov.br\/educacao\/wp-content\/uploads\/sites\/14\/2024\/03\/edital-eleicao-cmec-2024.pdf\">Edital Elei\u00e7\u00e3o CMEC &#8211; 2024<\/a> &#8211; <a href=\"https:\/\/docs.google.com\/forms\/d\/e\/1FAIpQLScEOytYvOySomd2Rt8nR0b_4OPr_e5vm5AKWfsYfSZItBZrkA\/closedform\">Link para inscri\u00e7\u00e3o<\/a><\/p>\n\n\n\n<p>Ata 2\u00aa Reuni\u00e3o Ordin\u00e1ria 2024 &#8211; <a href=\"https:\/\/cajamar.sp.gov.br\/educacao\/wp-content\/uploads\/sites\/14\/2024\/03\/ata-2a-reuniao-ordinaria-2024.pdf\">Ata 2\u00aa Reuni\u00e3o Ordin\u00e1ria 2024<\/a><\/p>\n\n\n\n<p>Edital Convoca\u00e7\u00e3o 2\u00aa Reuni\u00e3o Ordin\u00e1ria 2024 &#8211; <a href=\"https:\/\/cajamar.sp.gov.br\/educacao\/wp-content\/uploads\/sites\/14\/2024\/03\/edital-convocacao-2a-reuniao-ordinaria-2024.pdf\">Convoca\u00e7\u00e3o 2\u00aa Reuni\u00e3o Ordin\u00e1ria 2024<\/a><\/p>\n\n\n\n<p>Ata 1\u00aa Reuni\u00e3o Ordin\u00e1ria 2024 &#8211; <a href=\"https:\/\/cajamar.sp.gov.br\/educacao\/wp-content\/uploads\/sites\/14\/2024\/02\/ata-1a-reuniao-ordinaria-2024.pdf\">Ata 1\u00aa Reuni\u00e3o Ordin\u00e1ria 2024<\/a><\/p>\n\n\n\n<p>Edital de Convoca\u00e7\u00e3o 1\u00aa Reuni\u00e3o Ordin\u00e1ria 2024 &#8211; <a href=\"https:\/\/cajamar.sp.gov.br\/educacao\/wp-content\/uploads\/sites\/14\/2024\/02\/convocacao-1a-reuniao-ordinaria-2024.pdf\">Convoca\u00e7\u00e3o 1\u00aa Reuni\u00e3o Ordin\u00e1ria 2024<\/a><\/p>\n\n\n\n<p>Ata 3\u00aa Reuni\u00e3o Extraordin\u00e1ria CME &#8211; <a href=\"https:\/\/cajamar.sp.gov.br\/educacao\/wp-content\/uploads\/sites\/14\/2023\/12\/ata-3a-reuniao-extraordinaria-cme.pdf\">Ata 3\u00aa Reuni\u00e3o Extraordin\u00e1ria CME<\/a><\/p>\n\n\n\n<p><\/p>\n\n\n\n<p>Edital de Convoca\u00e7\u00e3o 3\u00aa Reuni\u00e3o Extraordin\u00e1ria CME &#8211; <a href=\"https:\/\/cajamar.sp.gov.br\/educacao\/wp-content\/uploads\/sites\/14\/2023\/12\/convocacao-3a-reuniao-extraordinaria-cme.pdf\">Convoca\u00e7\u00e3o 3\u00aa Reuni\u00e3o Extraordin\u00e1ria CME<\/a><\/p>\n\n\n\n<p>Ata 11\u00aa Reuni\u00e3o Ordin\u00e1ria 2023 &#8211; <a href=\"https:\/\/cajamar.sp.gov.br\/educacao\/wp-content\/uploads\/sites\/14\/2023\/12\/ata-11a-reuniao-ordinaria-2023.pdf\">Ata 11\u00aa Reuni\u00e3o Ordin\u00e1ria 2023<\/a><\/p>\n\n\n\n<p>Edital Convoca\u00e7\u00e3o 11\u00aa Reuni\u00e3o Ordin\u00e1ria 2023 &#8211; <a href=\"https:\/\/cajamar.sp.gov.br\/educacao\/wp-content\/uploads\/sites\/14\/2023\/11\/convocacao-11a-reuniao-ordinaria-2023.pdf\">Convoca\u00e7\u00e3o 11\u00aa Reuni\u00e3o Ordin\u00e1ria 2023<\/a><\/p>\n\n\n\n<p>Ata 10\u00aa Reuni\u00e3o Ordin\u00e1ria 2023 &#8211; <a href=\"https:\/\/cajamar.sp.gov.br\/educacao\/wp-content\/uploads\/sites\/14\/2023\/11\/ata-10a-reuniao-ordinaria-2023.pdf\">Ata 10\u00aa Reuni\u00e3o Ordin\u00e1ria 2023<\/a><\/p>\n\n\n\n<p>Edital de Convoca\u00e7\u00e3o 10\u00aa Reuni\u00e3o Ordin\u00e1ria 2023 &#8211; <a href=\"https:\/\/cajamar.sp.gov.br\/educacao\/wp-content\/uploads\/sites\/14\/2023\/11\/convocacao-10a-reuniao-ordinaria-2023.pdf\">Convoca\u00e7\u00e3o 10\u00aa Reuni\u00e3o Ordin\u00e1ria 2023<\/a><\/p>\n\n\n\n<p>Ata 9\u00aa Reuni\u00e3o Ordin\u00e1ria 2023 &#8211; <a href=\"https:\/\/cajamar.sp.gov.br\/educacao\/wp-content\/uploads\/sites\/14\/2023\/10\/ata.pdf\">Ata 9\u00aa Reuni\u00e3o Ordin\u00e1ria 2023<\/a><\/p>\n\n\n\n<p>Edital de Convoca\u00e7\u00e3o 9\u00aa Reuni\u00e3o Ordin\u00e1ria 2023 &#8211; <a href=\"https:\/\/cajamar.sp.gov.br\/educacao\/wp-content\/uploads\/sites\/14\/2023\/09\/convocacao-9a-reuniao-ordinaria-2023.pdf\">Convoca\u00e7\u00e3o 9\u00aa Reuni\u00e3o Ordin\u00e1ria 2023<\/a><\/p>\n\n\n\n<p>Ata 8\u00aa Reuni\u00e3o Ordin\u00e1ria 2023 &#8211; <a href=\"https:\/\/cajamar.sp.gov.br\/educacao\/wp-content\/uploads\/sites\/14\/2023\/09\/ata-7a-reuniao-ordinaria-2023.pdf\">Ata 8\u00aa Reuni\u00e3o Ordin\u00e1ria 2023<\/a><\/p>\n\n\n\n<p>Edital de Convoca\u00e7\u00e3o 8\u00aa Reuni\u00e3o Ordin\u00e1ria 2023 &#8211; <a href=\"https:\/\/cajamar.sp.gov.br\/educacao\/wp-content\/uploads\/sites\/14\/2023\/08\/convocacao-8a-reuniao-ordinaria.pdf\">Convoca\u00e7\u00e3o 8\u00aa Reuni\u00e3o Ordin\u00e1ria 2023<\/a><\/p>\n\n\n\n<p>Ata 7\u00aa Reuni\u00e3o Ordin\u00e1ria 2023 &#8211;<a href=\"https:\/\/cajamar.sp.gov.br\/educacao\/wp-content\/uploads\/sites\/14\/2023\/08\/ata-7a-reuniao-ordinaria-2.pdf\">Ata 7\u00aa Reuni\u00e3o Ordin\u00e1ria 2023<\/a><\/p>\n\n\n\n<p>Edital de Convoca\u00e7\u00e3o 7\u00aa Reuni\u00e3o Ordin\u00e1ria 2023 &#8211; <a href=\"https:\/\/cajamar.sp.gov.br\/educacao\/wp-content\/uploads\/sites\/14\/2023\/07\/convocacao-7a-reuniao-ordinaria.pdf\">Convoca\u00e7\u00e3o 7\u00aa Reuni\u00e3o Ordin\u00e1ria 2023<\/a><\/p>\n\n\n\n<p>Parecer n\u00ba 03\/2023 &#8211; Conselho Pleno 2023 &#8211; <a href=\"https:\/\/cajamar.sp.gov.br\/educacao\/wp-content\/uploads\/sites\/14\/2023\/07\/parecer-cme-n-03-2023-conselho-pleno.pdf\">Parecer n\u00ba 03\/2023 &#8211; Conselho Pleno 2023<\/a><\/p>\n\n\n\n<p>Ata 6\u00aa Reuni\u00e3o Ordin\u00e1ria 2023 &#8211; <a href=\"https:\/\/cajamar.sp.gov.br\/educacao\/wp-content\/uploads\/sites\/14\/2023\/07\/ata-da-6-reuniao-ordinaria-cme.pdf\">Ata 6\u00aa Reuni\u00e3o Ordin\u00e1ria 2023<\/a><\/p>\n\n\n\n<p>Edital de Convoca\u00e7\u00e3o 6\u00aa Reuni\u00e3o Ordin\u00e1ria &#8211; <a href=\"https:\/\/cajamar.sp.gov.br\/educacao\/wp-content\/uploads\/sites\/14\/2023\/06\/convocacao-6a-reuniao-ordinaria.pdf\">Convoca\u00e7\u00e3o 6\u00aa Reuni\u00e3o Ordin\u00e1ria<\/a><\/p>\n\n\n\n<p>Ata 2\u00aa Reuni\u00e3o Extraordin\u00e1ria CME &#8211; <a href=\"https:\/\/cajamar.sp.gov.br\/educacao\/wp-content\/uploads\/sites\/14\/2023\/06\/ata-2a-reuniao-extraordinaria-cme-1.pdf\">Ata 2\u00aa Reuni\u00e3o Extraordin\u00e1ria CME<\/a><\/p>\n\n\n\n<p>Edital de Convoca\u00e7\u00e3o 2\u00aa Reuni\u00e3o Extraordin\u00e1ria CME &#8211; <a href=\"https:\/\/cajamar.sp.gov.br\/educacao\/wp-content\/uploads\/sites\/14\/2023\/06\/convocacao-2a-reuniao-extraordinaria-cme.pdf\">Convoca\u00e7\u00e3o 2\u00aa Reuni\u00e3o Extraordin\u00e1ria CME<\/a><\/p>\n\n\n\n<p>Ata 5\u00aa Reuni\u00e3o Ordin\u00e1ria 2023 &#8211; <a href=\"https:\/\/cajamar.sp.gov.br\/educacao\/wp-content\/uploads\/sites\/14\/2023\/06\/ata-2a-reuniao-ordinaria-do-cmec.pdf\">Ata 5\u00aa Reuni\u00e3o Ordin\u00e1ria 2023<\/a><\/p>\n\n\n\n<p>Edital de Convoca\u00e7\u00e3o 5\u00aa Reuni\u00e3o Ordin\u00e1ria 2023 &#8211; <a href=\"https:\/\/cajamar.sp.gov.br\/educacao\/wp-content\/uploads\/sites\/14\/2023\/06\/convocacao-5a-reuniao-ordinaria-cme.pdf\">Edital de Convoca\u00e7\u00e3o 5\u00aa Reuni\u00e3o Ordin\u00e1ria 2023<\/a><\/p>\n\n\n\n<p>Parecer n\u00ba 02\/2023 &#8211; Conselho Pleno 2023 &#8211; <a href=\"https:\/\/cajamar.sp.gov.br\/educacao\/wp-content\/uploads\/sites\/14\/2023\/05\/parecer-no-02-2023-cme.pdf\">Parecer 02\/2023 &#8211; Conselho Pleno<\/a><\/p>\n\n\n\n<p>Parecer n\u00ba 01\/2023 &#8211; Conselho Pleno 2023 &#8211; <a href=\"https:\/\/cajamar.sp.gov.br\/educacao\/wp-content\/uploads\/sites\/14\/2023\/05\/parecer-no-01-2023-cme.pdf\">Parecer 01\/2023 &#8211; Conselho Pleno<\/a><\/p>\n\n\n\n<p>Ata 1\u00aa Reuni\u00e3o Extraordin\u00e1ria 2023 &#8211; <a href=\"https:\/\/cajamar.sp.gov.br\/educacao\/wp-content\/uploads\/sites\/14\/2023\/05\/ata-1a-reuniao-extraordinaria-cmec.pdf\">Ata 1\u00aa Reuni\u00e3o Extraordin\u00e1ria 2023<\/a><\/p>\n\n\n\n<p><\/p>\n\n\n\n<p>Edital de Convoca\u00e7\u00e3o 1\u00aa Reuni\u00e3o Extraordin\u00e1ria &#8211; <a href=\"https:\/\/cajamar.sp.gov.br\/educacao\/wp-content\/uploads\/sites\/14\/2023\/05\/convocacacao-1a-reuniao-extraordinaria-cmec-1.pdf\">CONVOCACACAO 1\u00aa REUNIAO EXTRAORDINARIA CMEC<\/a><\/p>\n\n\n\n<p><\/p>\n\n\n\n<p>Ata 4\u00aa Reuni\u00e3o Ordin\u00e1ria 2023 &#8211; <a href=\"https:\/\/cajamar.sp.gov.br\/educacao\/wp-content\/uploads\/sites\/14\/2023\/05\/ata-da-4a-reuniao-ordinaria-cmec.pdf\">ATA DA 4\u00aa REUNIAO ORDINARIA CMEC<\/a><\/p>\n\n\n\n<p>Edital de Convoca\u00e7\u00e3o 4\u00aa Reuni\u00e3o Ordin\u00e1ria 2023 &#8211; <a href=\"https:\/\/cajamar.sp.gov.br\/educacao\/wp-content\/uploads\/sites\/14\/2023\/05\/convocacao-4a-reuniao-ordinaria-cmec.pdf\">Edital de Convoca\u00e7\u00e3o 4\u00aa Reuni\u00e3o Ordin\u00e1ria 2023<\/a><\/p>\n\n\n\n<p><\/p>\n\n\n\n<p>Ata 3\u00aa Reuni\u00e3o Ordin\u00e1ria 2023 &#8211; <a href=\"https:\/\/cajamar.sp.gov.br\/educacao\/wp-content\/uploads\/sites\/14\/2023\/04\/ata-3a-reuniao-ordinaria.pdf\">Ata 3\u00aa Reuni\u00e3o Ordin\u00e1ria<\/a><\/p>\n\n\n\n<blockquote class=\"wp-block-quote is-layout-flow wp-block-quote-is-layout-flow\">\n<p>Edital de Convoca\u00e7\u00e3o 3\u00aa Reuni\u00e3o Ordin\u00e1ria &#8211; <a href=\"https:\/\/cajamar.sp.gov.br\/educacao\/wp-content\/uploads\/sites\/14\/2023\/03\/convocacao-3a-reuniao-ordinaria.pdf\">Edital de Convoca\u00e7\u00e3o 3\u00aa Reuni\u00e3o Ordin\u00e1ria CMEC<\/a><\/p>\n\n\n\n<p><\/p>\n\n\n\n<p>Relat\u00f3rio Bianual CME &#8211; <a href=\"https:\/\/cajamar.sp.gov.br\/educacao\/wp-content\/uploads\/sites\/14\/2023\/03\/relatorio-bianual-cme.pdf\">Relat\u00f3rio Bianual CME<\/a><\/p>\n<\/blockquote>\n\n\n\n<blockquote class=\"wp-block-quote is-layout-flow wp-block-quote-is-layout-flow\">\n<p>Ata 2\u00aa Reuni\u00e3o Ordin\u00e1ria 2023 &#8211; <a href=\"https:\/\/cajamar.sp.gov.br\/educacao\/wp-content\/uploads\/sites\/14\/2023\/03\/ata-cme-2a-reuniao-ordinaria-2023.pdf\">Ata CME 2\u00aa Reuni\u00e3o Ordin\u00e1ria 2023<\/a><\/p>\n<\/blockquote>\n\n\n\n<p>Oficio 07-2023 CME &#8211; Calend\u00e1rio Escolar &#8211; <a href=\"https:\/\/cajamar.sp.gov.br\/educacao\/wp-content\/uploads\/sites\/14\/2023\/03\/oficio-07-2023-cme-calendario-escolar.pdf\">Oficio 07-2023 CME &#8211; Calend\u00e1rio Escolar<\/a><\/p>\n\n\n\n<p><\/p>\n\n\n\n<blockquote class=\"wp-block-quote is-layout-flow wp-block-quote-is-layout-flow\">\n<p>Edital de Convoca\u00e7\u00e3o 2\u00aa Reuni\u00e3o Ordin\u00e1ria 2023 &#8211; <a href=\"https:\/\/cajamar.sp.gov.br\/educacao\/wp-content\/uploads\/sites\/14\/2023\/03\/convocacao-2a-reuniao-ordinaria.pdf\">Convoca\u00e7\u00e3o 2\u00aa Reuni\u00e3o Ordin\u00e1ria<\/a><\/p>\n<\/blockquote>\n\n\n\n<p><\/p>\n\n\n\n<blockquote class=\"wp-block-quote is-layout-flow wp-block-quote-is-layout-flow\">\n<p>Ata de Posse realizada em 30 de janeiro de 2023 &#8211; <a href=\"https:\/\/cajamar.sp.gov.br\/educacao\/wp-content\/uploads\/sites\/14\/2023\/01\/conselho-municipal-de-educacao.pdf\">Ata de Posse realizada em 30-01-2023<\/a><\/p>\n<\/blockquote>\n\n\n\n<p><\/p>\n\n\n\n<blockquote class=\"wp-block-quote is-layout-flow wp-block-quote-is-layout-flow\">\n<p>Edital de Convoca\u00e7\u00e3o 1\u00aa Reuni\u00e3o Ordin\u00e1ria 2023 &#8211; <a href=\"https:\/\/cajamar.sp.gov.br\/educacao\/wp-content\/uploads\/sites\/14\/2023\/01\/edital-de-convocacao-1a-reuniao-ordinaria-cmec.pdf\">Edital de Convoca\u00e7\u00e3o 1\u00aa Reuni\u00e3o Ordin\u00e1ria CMEC<\/a><\/p>\n<\/blockquote>\n\n\n\n<p><\/p>\n\n\n\n<blockquote class=\"wp-block-quote is-layout-flow wp-block-quote-is-layout-flow\">\n<p>Ata Reuni\u00e3o Ordin\u00e1ria realizada em 06\/12\/2022 &#8211; <a href=\"https:\/\/cajamar.sp.gov.br\/educacao\/wp-content\/uploads\/sites\/14\/2022\/12\/ata-9a-reuniao-ordinaria.pdf\">ATA DA 9\u00aa REUNI\u00c3O ORDIN\u00c1RIA<\/a><\/p>\n<\/blockquote>\n\n\n\n<p><\/p>\n\n\n\n<blockquote class=\"wp-block-quote is-layout-flow wp-block-quote-is-layout-flow\">\n<p>Parecer 06\/2022 &#8211; Conselho Pleno &#8211; <a href=\"https:\/\/cajamar.sp.gov.br\/educacao\/wp-content\/uploads\/sites\/14\/2022\/12\/parecer-06-2022-conselho-pleno.pdf\">PARECER 06-2022- CONSELHO PLENO<\/a><\/p>\n<\/blockquote>\n\n\n\n<blockquote class=\"wp-block-quote is-layout-flow wp-block-quote-is-layout-flow\">\n<p>Parecer 05\/2022 &#8211; Conselho Pleno &#8211; <a href=\"https:\/\/cajamar.sp.gov.br\/educacao\/wp-content\/uploads\/sites\/14\/2022\/12\/parecer-05-2022-conselho-pleno.pdf\">PARECER 05-2022 &#8211; CONSELHO PLENO<\/a><\/p>\n<\/blockquote>\n\n\n\n<p><\/p>\n\n\n\n<blockquote class=\"wp-block-quote is-layout-flow wp-block-quote-is-layout-flow\">\n<p>Edital de Convoca\u00e7\u00e3o 9\u00aa Reuni\u00e3o Ordin\u00e1ria &#8211; <a href=\"https:\/\/cajamar.sp.gov.br\/educacao\/wp-content\/uploads\/sites\/14\/2022\/12\/convocacao-9a-reuniao-ordinaria.pdf\">Convoca\u00e7\u00e3o 9\u00aa Reuni\u00e3o Ordin\u00e1ria<\/a><\/p>\n<\/blockquote>\n\n\n\n<p>Edital de Convoca\u00e7\u00e3o Comiss\u00e3o Eleitoral &#8211; <a href=\"https:\/\/cajamar.sp.gov.br\/educacao\/wp-content\/uploads\/sites\/14\/2022\/11\/conselho-municipal-de-educacao-edital-de-convocacao.pdf\">CONSELHO MUNICIPAL DE EDUCACAO &#8211; EDITAL DE CONVOCACAO<\/a><\/p>\n\n\n\n<p>Edital Elei\u00e7\u00e3o Suplementar CME &#8211; <a href=\"https:\/\/cajamar.sp.gov.br\/educacao\/wp-content\/uploads\/sites\/14\/2022\/10\/edital-eleicao-suplementar-cme.pdf\">Edital Elei\u00e7\u00e3o Suplementar CME<\/a><\/p>\n<\/div><\/div>\n\n\n\n<div data-wp-interactive=\"core\/file\" class=\"wp-block-file\"><object data-wp-bind--hidden=\"!state.hasPdfPreview\" hidden class=\"wp-block-file__embed\" data=\"https:\/\/cajamar.sp.gov.br\/educacao\/wp-content\/uploads\/sites\/14\/2023\/05\/ata-1a%cc%82a-reunia%cc%83_o-extraordina%cc%83_ria-cme-maio-dig-1.pdf\" type=\"application\/pdf\" style=\"width:100%;height:600px\" aria-label=\"Incorporado de ata-1a%cc%82a-reunia%cc%83_o-extraordina%cc%83_ria-cme-maio-dig-1.\"><\/object><a id=\"wp-block-file--media-37a9cf63-9784-404c-9531-7e8074e44e0f\" href=\"https:\/\/cajamar.sp.gov.br\/educacao\/wp-content\/uploads\/sites\/14\/2023\/05\/ata-1a%cc%82a-reunia%cc%83_o-extraordina%cc%83_ria-cme-maio-dig-1.pdf\">ata-1a%cc%82a-reunia%cc%83_o-extraordina%cc%83_ria-cme-maio-dig-1<\/a><a href=\"https:\/\/cajamar.sp.gov.br\/educacao\/wp-content\/uploads\/sites\/14\/2023\/05\/ata-1a%cc%82a-reunia%cc%83_o-extraordina%cc%83_ria-cme-maio-dig-1.pdf\" class=\"wp-block-file__button wp-element-button\" download aria-describedby=\"wp-block-file--media-37a9cf63-9784-404c-9531-7e8074e44e0f\">Baixar<\/a><\/div>\n\n\n\n<h2 class=\"wp-block-heading\">ATA 1\u00aa REUNI\u00c3O EXTRAORDIN\u00c1RIA CME<\/h2>\n","protected":false},"excerpt":{"rendered":"<p>ATA 1\u00aa REUNI\u00c3O EXTRAORDIN\u00c1RIA 2025 CME &#8211; ATA 1\u00aa REUNI\u00c3O EXTRAORDIN\u00c1RIA 2025 CME EDITAL DE CONVOCA\u00c7\u00c3O 1\u00aa REUNI\u00c3O EXTRAORDIN\u00c1RIA 2025 CME &#8211; EDITAL DE CONVOCA\u00c7\u00c3O 1\u00aa REUNI\u00c3O EXTRAORDIN\u00c1RIA 2025 CME Ata 1\u00aa Reuni\u00e3o Ordin\u00e1ria 2024 CME &#8211; Ata 1\u00aa Reuni\u00e3o Ordin\u00e1ria 2025 CME Edital Convoca\u00e7\u00e3o 1\u00aa Reuni\u00e3o Ordin\u00e1ria 2025 CME &#8211; EDITAL DE CONVOCA\u00c7\u00c3O 1\u00aa [&hellip;]<\/p>\n","protected":false},"author":29,"featured_media":0,"parent":0,"menu_order":0,"comment_status":"closed","ping_status":"closed","template":"","meta":{"footnotes":""},"class_list":["post-12495","page","type-page","status-publish","hentry"],"_links":{"self":[{"href":"https:\/\/cajamar.sp.gov.br\/educacao\/wp-json\/wp\/v2\/pages\/12495","targetHints":{"allow":["GET"]}}],"collection":[{"href":"https:\/\/cajamar.sp.gov.br\/educacao\/wp-json\/wp\/v2\/pages"}],"about":[{"href":"https:\/\/cajamar.sp.gov.br\/educacao\/wp-json\/wp\/v2\/types\/page"}],"author":[{"embeddable":true,"href":"https:\/\/cajamar.sp.gov.br\/educacao\/wp-json\/wp\/v2\/users\/29"}],"replies":[{"embeddable":true,"href":"https:\/\/cajamar.sp.gov.br\/educacao\/wp-json\/wp\/v2\/comments?post=12495"}],"version-history":[{"count":77,"href":"https:\/\/cajamar.sp.gov.br\/educacao\/wp-json\/wp\/v2\/pages\/12495\/revisions"}],"predecessor-version":[{"id":13353,"href":"https:\/\/cajamar.sp.gov.br\/educacao\/wp-json\/wp\/v2\/pages\/12495\/revisions\/13353"}],"wp:attachment":[{"href":"https:\/\/cajamar.sp.gov.br\/educacao\/wp-json\/wp\/v2\/media?parent=12495"}],"curies":[{"name":"wp","href":"https:\/\/api.w.org\/{rel}","templated":true}]}}