{"id":13378,"date":"2025-03-31T14:52:01","date_gmt":"2025-03-31T17:52:01","guid":{"rendered":"https:\/\/cajamar.sp.gov.br\/educacao\/?page_id=13378"},"modified":"2025-07-11T08:21:39","modified_gmt":"2025-07-11T11:21:39","slug":"plano-municipal-pela-primeira-infancia","status":"publish","type":"page","link":"https:\/\/cajamar.sp.gov.br\/educacao\/plano-municipal-pela-primeira-infancia\/","title":{"rendered":"Plano Municipal pela Primeira Inf\u00e2ncia"},"content":{"rendered":"\t\t<div data-elementor-type=\"wp-page\" data-elementor-id=\"13378\" class=\"elementor elementor-13378\">\n\t\t\t\t\t\t<section class=\"elementor-section elementor-top-section elementor-element elementor-element-d1ee10f elementor-section-content-middle elementor-section-boxed elementor-section-height-default elementor-section-height-default\" data-id=\"d1ee10f\" data-element_type=\"section\" data-e-type=\"section\">\n\t\t\t\t\t\t<div class=\"elementor-container elementor-column-gap-default\">\n\t\t\t\t\t<div class=\"elementor-column elementor-col-25 elementor-top-column elementor-element elementor-element-20df4c0\" data-id=\"20df4c0\" data-element_type=\"column\" data-e-type=\"column\">\n\t\t\t<div class=\"elementor-widget-wrap elementor-element-populated\">\n\t\t\t\t\t\t<div class=\"elementor-element elementor-element-c938707 elementor-widget elementor-widget-text-editor\" data-id=\"c938707\" data-element_type=\"widget\" data-e-type=\"widget\" data-widget_type=\"text-editor.default\">\n\t\t\t\t<div class=\"elementor-widget-container\">\n\t\t\t\t\t\t\t\t\t<div class=\"wp-block-buttons\" style=\"display: flex; flex-wrap: wrap; gap: 1rem;\">\n  <h1\n    class=\"wp-block-button has-custom-font-size is-style-fill\"\n    style=\"font-size: 20px; font-style: normal; font-weight: bold; flex: 1 1 15rem;\"\n  >\n    <strong>\n      <a\n        class=\"wp-block-button__link has-white-color has-text-color has-background has-link-color wp-element-button\"\n        style=\"\n          border-radius: 5px;\n          background-color: #003366;\n          display: flex;\n          justify-content: center;\n          align-items: center;\n          width: 100%;\n          font-size: 20px;\n          text-align: center;\n          text-decoration: none;\n        \"\n        href=\"https:\/\/cajamar.sp.gov.br\/educacao\/educacao\/atas\/\"\n        >ATAS<\/a\n      >\n    <\/strong>\n  <\/h1>\n<\/div>\n\t\t\t\t\t\t\t\t<\/div>\n\t\t\t\t<\/div>\n\t\t\t\t\t<\/div>\n\t\t<\/div>\n\t\t\t\t<div class=\"elementor-column elementor-col-25 elementor-top-column elementor-element elementor-element-14f6e1f\" data-id=\"14f6e1f\" data-element_type=\"column\" data-e-type=\"column\">\n\t\t\t<div class=\"elementor-widget-wrap elementor-element-populated\">\n\t\t\t\t\t\t<div class=\"elementor-element elementor-element-d6fa041 elementor-widget elementor-widget-text-editor\" data-id=\"d6fa041\" data-element_type=\"widget\" data-e-type=\"widget\" data-widget_type=\"text-editor.default\">\n\t\t\t\t<div class=\"elementor-widget-container\">\n\t\t\t\t\t\t\t\t\t<div class=\"wp-block-buttons\" style=\"display: flex; flex-wrap: wrap; gap: 1rem;\">\n  <h1\n    class=\"wp-block-button has-custom-font-size is-style-fill\"\n    style=\"font-size: 20px; font-style: normal; font-weight: bold; flex: 1 1 15rem;\"\n  >\n    <strong>\n      <a\n        class=\"wp-block-button__link has-white-color has-text-color has-background has-link-color wp-element-button\"\n        style=\"\n          border-radius: 5px;\n          background-color: #003366;\n          display: flex;\n          justify-content: center;\n          align-items: center;\n          width: 100%;\n          font-size: 20px;\n          text-align: center;\n          text-decoration: none;\n        \"\n        href=\"https:\/\/cajamar.sp.gov.br\/educacao\/regimentos\/\"\n        >REGIMENTOS<\/a\n      >\n    <\/strong>\n  <\/h1>\n<\/div>\n\t\t\t\t\t\t\t\t<\/div>\n\t\t\t\t<\/div>\n\t\t\t\t\t<\/div>\n\t\t<\/div>\n\t\t\t\t<div class=\"elementor-column elementor-col-25 elementor-top-column elementor-element elementor-element-077c618\" data-id=\"077c618\" data-element_type=\"column\" data-e-type=\"column\">\n\t\t\t<div class=\"elementor-widget-wrap elementor-element-populated\">\n\t\t\t\t\t\t<div class=\"elementor-element elementor-element-b99748d elementor-widget elementor-widget-text-editor\" data-id=\"b99748d\" data-element_type=\"widget\" data-e-type=\"widget\" data-widget_type=\"text-editor.default\">\n\t\t\t\t<div class=\"elementor-widget-container\">\n\t\t\t\t\t\t\t\t\t<div class=\"wp-block-buttons\" style=\"display: flex; flex-wrap: wrap; gap: 1rem;\"><h1 class=\"wp-block-button has-custom-font-size is-style-fill\" style=\"font-size: 20px; font-style: normal; font-weight: bold; flex: 1 1 15rem;\"><strong><a class=\"wp-block-button__link has-white-color has-text-color has-background has-link-color wp-element-button\" style=\"border-radius: 5px; background-color: #003366; display: flex; justify-content: center; align-items: center; width: 100%; font-size: 20px; text-align: center; text-decoration: none;\" href=\"https:\/\/cajamar.sp.gov.br\/educacao\/legislacao\/\">LEGISLA\u00c7\u00c3O<br \/><\/a><\/strong><\/h1><\/div>\t\t\t\t\t\t\t\t<\/div>\n\t\t\t\t<\/div>\n\t\t\t\t\t<\/div>\n\t\t<\/div>\n\t\t\t\t<div class=\"elementor-column elementor-col-25 elementor-top-column elementor-element elementor-element-7d47bf8\" data-id=\"7d47bf8\" data-element_type=\"column\" data-e-type=\"column\">\n\t\t\t<div class=\"elementor-widget-wrap elementor-element-populated\">\n\t\t\t\t\t\t<div class=\"elementor-element elementor-element-a48266c elementor-widget elementor-widget-text-editor\" data-id=\"a48266c\" data-element_type=\"widget\" data-e-type=\"widget\" data-widget_type=\"text-editor.default\">\n\t\t\t\t<div class=\"elementor-widget-container\">\n\t\t\t\t\t\t\t\t\t<div class=\"wp-block-buttons\" style=\"display: flex; flex-wrap: wrap; gap: 1rem;\">\n  <h1\n    class=\"wp-block-button has-custom-font-size is-style-fill\"\n    style=\"font-size: 20px; font-style: normal; font-weight: bold; flex: 1 1 15rem;\"\n  >\n    <strong>\n      <a\n        class=\"wp-block-button__link has-white-color has-text-color has-background has-link-color wp-element-button\"\n        style=\"\n          border-radius: 5px;\n          background-color: #003366;\n          display: flex;\n          justify-content: center;\n          align-items: center;\n          width: 100%;\n          font-size: 20px;\n          text-align: center;\n          text-decoration: none;\n        \"\n        href=\"https:\/\/cajamar.sp.gov.br\/educacao\/convocacoes\/\"\n        >CONVOCA\u00c7\u00d5ES<\/a\n      >\n    <\/strong>\n  <\/h1>\n<\/div>\n\t\t\t\t\t\t\t\t<\/div>\n\t\t\t\t<\/div>\n\t\t\t\t\t<\/div>\n\t\t<\/div>\n\t\t\t\t\t<\/div>\n\t\t<\/section>\n\t\t\t\t<\/div>\n\t\t","protected":false},"excerpt":{"rendered":"<p>ATAS REGIMENTOS LEGISLA\u00c7\u00c3O CONVOCA\u00c7\u00d5ES<\/p>\n","protected":false},"author":29,"featured_media":0,"parent":0,"menu_order":0,"comment_status":"closed","ping_status":"closed","template":"","meta":{"footnotes":""},"class_list":["post-13378","page","type-page","status-publish","hentry"],"_links":{"self":[{"href":"https:\/\/cajamar.sp.gov.br\/educacao\/wp-json\/wp\/v2\/pages\/13378","targetHints":{"allow":["GET"]}}],"collection":[{"href":"https:\/\/cajamar.sp.gov.br\/educacao\/wp-json\/wp\/v2\/pages"}],"about":[{"href":"https:\/\/cajamar.sp.gov.br\/educacao\/wp-json\/wp\/v2\/types\/page"}],"author":[{"embeddable":true,"href":"https:\/\/cajamar.sp.gov.br\/educacao\/wp-json\/wp\/v2\/users\/29"}],"replies":[{"embeddable":true,"href":"https:\/\/cajamar.sp.gov.br\/educacao\/wp-json\/wp\/v2\/comments?post=13378"}],"version-history":[{"count":253,"href":"https:\/\/cajamar.sp.gov.br\/educacao\/wp-json\/wp\/v2\/pages\/13378\/revisions"}],"predecessor-version":[{"id":13974,"href":"https:\/\/cajamar.sp.gov.br\/educacao\/wp-json\/wp\/v2\/pages\/13378\/revisions\/13974"}],"wp:attachment":[{"href":"https:\/\/cajamar.sp.gov.br\/educacao\/wp-json\/wp\/v2\/media?parent=13378"}],"curies":[{"name":"wp","href":"https:\/\/api.w.org\/{rel}","templated":true}]}}