{"id":28,"date":"2020-04-16T19:32:14","date_gmt":"2020-04-16T22:32:14","guid":{"rendered":"https:\/\/cajamar.sp.gov.br\/educacao\/?page_id=28"},"modified":"2026-04-09T09:57:40","modified_gmt":"2026-04-09T12:57:40","slug":"alimentacao-escolar","status":"publish","type":"page","link":"https:\/\/cajamar.sp.gov.br\/educacao\/alimentacao-escolar\/","title":{"rendered":"Alimenta\u00e7\u00e3o Escolar &#8211; Card\u00e1pio da Merenda"},"content":{"rendered":"\n<p>Oferecer uma alimenta\u00e7\u00e3o que atenda \u00e0s necessidades nutricionais do aluno durante a perman\u00eancia na escola contribuindo para o seu desenvolvimento, a sua aprendizagem e seu melhor rendimento escolar. Diariamente s\u00e3o servidas 15 mil refei\u00e7\u00f5es aos alunos das redes municipal e estadual de ensino p\u00fablico e estudantes da Educa\u00e7\u00e3o de Jovens e Adultos.<\/p>\n\n\n\n<p>Este \u00e9 o objetivo da Divis\u00e3o de Nutri\u00e7\u00e3o Escolar, \u00f3rg\u00e3o vinculado a Secretaria de Educa\u00e7\u00e3o.<\/p>\n\n\n\n<h2 class=\"wp-block-heading\"><strong>Card\u00e1pio da Merenda &#8211; Creche<\/strong><\/h2>\n\n\n\n<div data-wp-interactive=\"core\/file\" class=\"wp-block-file\"><object data-wp-bind--hidden=\"!state.hasPdfPreview\" hidden class=\"wp-block-file__embed\" data=\"https:\/\/cajamar.sp.gov.br\/educacao\/wp-content\/uploads\/sites\/14\/2026\/04\/cardapio-abril-creche.pdf\" type=\"application\/pdf\" style=\"width:100%;height:600px\" aria-label=\"Incorporado de Card\u00e1pio ABRIL creche.\"><\/object><a id=\"wp-block-file--media-4a111677-8d46-455f-b3bf-5e13e83e76a8\" href=\"https:\/\/cajamar.sp.gov.br\/educacao\/wp-content\/uploads\/sites\/14\/2026\/04\/cardapio-abril-creche.pdf\">Card\u00e1pio ABRIL creche<\/a><a href=\"https:\/\/cajamar.sp.gov.br\/educacao\/wp-content\/uploads\/sites\/14\/2026\/04\/cardapio-abril-creche.pdf\" class=\"wp-block-file__button wp-element-button\" download aria-describedby=\"wp-block-file--media-4a111677-8d46-455f-b3bf-5e13e83e76a8\">Baixar<\/a><\/div>\n\n\n\n<h2 class=\"wp-block-heading\"><strong>Card\u00e1pio da Merenda &#8211; Educa\u00e7\u00e3o Infantil <\/strong><\/h2>\n\n\n\n<div data-wp-interactive=\"core\/file\" class=\"wp-block-file\"><object data-wp-bind--hidden=\"!state.hasPdfPreview\" hidden class=\"wp-block-file__embed\" data=\"https:\/\/cajamar.sp.gov.br\/educacao\/wp-content\/uploads\/sites\/14\/2026\/04\/cardapio-abril-infantil.pdf\" type=\"application\/pdf\" style=\"width:100%;height:600px\" aria-label=\"Incorporado de Card\u00e1pio ABRIL infantil.\"><\/object><a id=\"wp-block-file--media-bf7b5407-af1b-4c91-934c-2fc7de534855\" href=\"https:\/\/cajamar.sp.gov.br\/educacao\/wp-content\/uploads\/sites\/14\/2026\/04\/cardapio-abril-infantil.pdf\">Card\u00e1pio ABRIL infantil<\/a><a href=\"https:\/\/cajamar.sp.gov.br\/educacao\/wp-content\/uploads\/sites\/14\/2026\/04\/cardapio-abril-infantil.pdf\" class=\"wp-block-file__button wp-element-button\" download aria-describedby=\"wp-block-file--media-bf7b5407-af1b-4c91-934c-2fc7de534855\">Baixar<\/a><\/div>\n\n\n\n<h2 class=\"wp-block-heading\"><strong>Card\u00e1pio da Merenda &#8211; Ensino Fundamental <\/strong><\/h2>\n\n\n\n<div data-wp-interactive=\"core\/file\" class=\"wp-block-file\"><object data-wp-bind--hidden=\"!state.hasPdfPreview\" hidden class=\"wp-block-file__embed\" data=\"https:\/\/cajamar.sp.gov.br\/educacao\/wp-content\/uploads\/sites\/14\/2026\/04\/cardapio-abril-fundamental.pdf\" type=\"application\/pdf\" style=\"width:100%;height:600px\" aria-label=\"Incorporado de Card\u00e1pio ABRIL fundamental.\"><\/object><a id=\"wp-block-file--media-6434e39e-1990-4795-be47-4d798e273f00\" href=\"https:\/\/cajamar.sp.gov.br\/educacao\/wp-content\/uploads\/sites\/14\/2026\/04\/cardapio-abril-fundamental.pdf\">Card\u00e1pio ABRIL fundamental<\/a><a href=\"https:\/\/cajamar.sp.gov.br\/educacao\/wp-content\/uploads\/sites\/14\/2026\/04\/cardapio-abril-fundamental.pdf\" class=\"wp-block-file__button wp-element-button\" download aria-describedby=\"wp-block-file--media-6434e39e-1990-4795-be47-4d798e273f00\">Baixar<\/a><\/div>\n\n\n\n<h2 class=\"wp-block-heading\"><strong>Card\u00e1pio da Merenda &#8211; EJA<\/strong><\/h2>\n\n\n\n<div data-wp-interactive=\"core\/file\" class=\"wp-block-file\"><object data-wp-bind--hidden=\"!state.hasPdfPreview\" hidden class=\"wp-block-file__embed\" data=\"https:\/\/cajamar.sp.gov.br\/educacao\/wp-content\/uploads\/sites\/14\/2026\/04\/cardapio-abril-eja.pdf\" type=\"application\/pdf\" style=\"width:100%;height:600px\" aria-label=\"Incorporado de Card\u00e1pio ABRIL eja.\"><\/object><a id=\"wp-block-file--media-919e0130-2339-4045-aa2b-0ea9b7304f39\" href=\"https:\/\/cajamar.sp.gov.br\/educacao\/wp-content\/uploads\/sites\/14\/2026\/04\/cardapio-abril-eja.pdf\">Card\u00e1pio ABRIL eja<\/a><a href=\"https:\/\/cajamar.sp.gov.br\/educacao\/wp-content\/uploads\/sites\/14\/2026\/04\/cardapio-abril-eja.pdf\" class=\"wp-block-file__button wp-element-button\" download aria-describedby=\"wp-block-file--media-919e0130-2339-4045-aa2b-0ea9b7304f39\">Baixar<\/a><\/div>\n","protected":false},"excerpt":{"rendered":"<p>Oferecer uma alimenta\u00e7\u00e3o que atenda \u00e0s necessidades nutricionais do aluno durante a perman\u00eancia na escola contribuindo para o seu desenvolvimento, a sua aprendizagem e seu melhor rendimento escolar. Diariamente s\u00e3o servidas 15 mil refei\u00e7\u00f5es aos alunos das redes municipal e estadual de ensino p\u00fablico e estudantes da Educa\u00e7\u00e3o de Jovens e Adultos. Este \u00e9 o [&hellip;]<\/p>\n","protected":false},"author":7,"featured_media":0,"parent":0,"menu_order":0,"comment_status":"closed","ping_status":"closed","template":"","meta":{"footnotes":""},"class_list":["post-28","page","type-page","status-publish","hentry"],"_links":{"self":[{"href":"https:\/\/cajamar.sp.gov.br\/educacao\/wp-json\/wp\/v2\/pages\/28","targetHints":{"allow":["GET"]}}],"collection":[{"href":"https:\/\/cajamar.sp.gov.br\/educacao\/wp-json\/wp\/v2\/pages"}],"about":[{"href":"https:\/\/cajamar.sp.gov.br\/educacao\/wp-json\/wp\/v2\/types\/page"}],"author":[{"embeddable":true,"href":"https:\/\/cajamar.sp.gov.br\/educacao\/wp-json\/wp\/v2\/users\/7"}],"replies":[{"embeddable":true,"href":"https:\/\/cajamar.sp.gov.br\/educacao\/wp-json\/wp\/v2\/comments?post=28"}],"version-history":[{"count":54,"href":"https:\/\/cajamar.sp.gov.br\/educacao\/wp-json\/wp\/v2\/pages\/28\/revisions"}],"predecessor-version":[{"id":14326,"href":"https:\/\/cajamar.sp.gov.br\/educacao\/wp-json\/wp\/v2\/pages\/28\/revisions\/14326"}],"wp:attachment":[{"href":"https:\/\/cajamar.sp.gov.br\/educacao\/wp-json\/wp\/v2\/media?parent=28"}],"curies":[{"name":"wp","href":"https:\/\/api.w.org\/{rel}","templated":true}]}}