{"id":24,"date":"2020-04-16T22:47:30","date_gmt":"2020-04-17T01:47:30","guid":{"rendered":"https:\/\/cajamar.sp.gov.br\/desenvolvimento-economico\/?page_id=24"},"modified":"2023-08-02T11:16:14","modified_gmt":"2023-08-02T14:16:14","slug":"transporte-universitario","status":"publish","type":"page","link":"https:\/\/cajamar.sp.gov.br\/emprego-relacoes-de-trabalho\/transporte-universitario\/","title":{"rendered":"Transporte Universit\u00e1rio"},"content":{"rendered":"\n<p><strong><br><\/strong>A Secretaria de Desenvolvimento Econ\u00f4mico da Prefeitura de Cajamar convoca os estudantes de n\u00edvel t\u00e9cnico, tecn\u00f3logo e universit\u00e1rio a se cadastrarem para utiliza\u00e7\u00e3o de transporte gratuito.<br><br>Se voc\u00ea reside no munic\u00edpio e est\u00e1 regularmente matriculado em um curso de gradua\u00e7\u00e3o ou \u00e9 aluno da ETEC Gino Rezaghi, poder\u00e1 acessar o formul\u00e1rio de ades\u00e3o ao servi\u00e7o para o ano de 2023 atrav\u00e9s deste <strong><a href=\"https:\/\/bit.ly\/3O8YbPj\">LINK<\/a><\/strong><br><br><strong>Novos cadastros<br><\/strong><\/p>\n\n\n\n<p>Os estudantes que est\u00e3o se cadastrando pela primeira vez precisam preencher o formul\u00e1rio do link, providenciar c\u00f3pia da documenta\u00e7\u00e3o abaixo e agendar seu atendimento <strong>exclusivamente<\/strong> por meio do n\u00famero de WhatsApp da secretaria: 4447-2030.<\/p>\n\n\n\n<p>Documentos necess\u00e1rios para o primeiro cadastro:<\/p>\n\n\n\n<ul class=\"wp-block-list\">\n<li>RG;<\/li>\n\n\n\n<li>CPF;<\/li>\n\n\n\n<li>01 foto 3&#215;4 recente;<\/li>\n\n\n\n<li>Comprovante de matr\u00edcula do semestre (atestado ou declara\u00e7\u00e3o de matr\u00edcula);<\/li>\n\n\n\n<li>Comprovante de resid\u00eancia (contas de consumo como \u00e1gua, luz, g\u00e1s ou telefone fixo, de no m\u00e1ximo tr\u00eas meses atr\u00e1s). Para comprovantes em nome de terceiros, \u00e9 necess\u00e1rio comprovar v\u00ednculo de parentesco ou loca\u00e7\u00e3o.<br><\/li>\n<\/ul>\n\n\n\n<p><strong>Renova\u00e7\u00e3o de Cadastro<\/strong><\/p>\n\n\n\n<p>Estudantes que utilizaram o transporte no ano de 2021 ou 2022 e t\u00eam interesse em continuar o uso em 2023 devem realizar a renova\u00e7\u00e3o cadastral este ano. Para isso, <strong>basta o preenchimento do formul\u00e1rio e envio dos documentos solicitados.<\/strong><\/p>\n","protected":false},"excerpt":{"rendered":"<p>A Secretaria de Desenvolvimento Econ\u00f4mico da Prefeitura de Cajamar convoca os estudantes de n\u00edvel t\u00e9cnico, tecn\u00f3logo e universit\u00e1rio a se cadastrarem para utiliza\u00e7\u00e3o de transporte gratuito. Se voc\u00ea reside no munic\u00edpio e est\u00e1 regularmente matriculado em um curso de gradua\u00e7\u00e3o ou \u00e9 aluno da ETEC Gino Rezaghi, poder\u00e1 acessar o formul\u00e1rio de ades\u00e3o ao servi\u00e7o [&hellip;]<\/p>\n","protected":false},"author":7,"featured_media":0,"parent":0,"menu_order":0,"comment_status":"closed","ping_status":"closed","template":"","meta":{"footnotes":""},"class_list":["post-24","page","type-page","status-publish","hentry"],"_links":{"self":[{"href":"https:\/\/cajamar.sp.gov.br\/emprego-relacoes-de-trabalho\/wp-json\/wp\/v2\/pages\/24","targetHints":{"allow":["GET"]}}],"collection":[{"href":"https:\/\/cajamar.sp.gov.br\/emprego-relacoes-de-trabalho\/wp-json\/wp\/v2\/pages"}],"about":[{"href":"https:\/\/cajamar.sp.gov.br\/emprego-relacoes-de-trabalho\/wp-json\/wp\/v2\/types\/page"}],"author":[{"embeddable":true,"href":"https:\/\/cajamar.sp.gov.br\/emprego-relacoes-de-trabalho\/wp-json\/wp\/v2\/users\/7"}],"replies":[{"embeddable":true,"href":"https:\/\/cajamar.sp.gov.br\/emprego-relacoes-de-trabalho\/wp-json\/wp\/v2\/comments?post=24"}],"version-history":[{"count":10,"href":"https:\/\/cajamar.sp.gov.br\/emprego-relacoes-de-trabalho\/wp-json\/wp\/v2\/pages\/24\/revisions"}],"predecessor-version":[{"id":1062,"href":"https:\/\/cajamar.sp.gov.br\/emprego-relacoes-de-trabalho\/wp-json\/wp\/v2\/pages\/24\/revisions\/1062"}],"wp:attachment":[{"href":"https:\/\/cajamar.sp.gov.br\/emprego-relacoes-de-trabalho\/wp-json\/wp\/v2\/media?parent=24"}],"curies":[{"name":"wp","href":"https:\/\/api.w.org\/{rel}","templated":true}]}}