{"id":49,"date":"2020-04-01T14:17:40","date_gmt":"2020-04-01T17:17:40","guid":{"rendered":"https:\/\/cajamar.sp.gov.br\/cultura\/?page_id=49"},"modified":"2021-11-04T10:27:51","modified_gmt":"2021-11-04T13:27:51","slug":"arquivos-da-cultura","status":"publish","type":"page","link":"https:\/\/cajamar.sp.gov.br\/esportes\/arquivos-da-cultura\/","title":{"rendered":"Arquivos da Cultura"},"content":{"rendered":"\n<p>\n\nNesta p\u00e1gina est\u00e3o armazenados alguns arquivos e documentos de interesse. Ao clicar no link o documento pode j\u00e1 ser exibido. Para salvar o documento clique com o bot\u00e3o direito do mouse e selecione a op\u00e7\u00e3o &#8220;salvar como&#8221;.<\/p>\n\n\n\n<p>Lei Org\u00e2nica Municipal.pdf<\/p>\n\n\n\n<p><a href=\"https:\/\/cajamar.sp.gov.br\/legislacao\/lei-organica\/lei-organica\/\">Nova Lei Org\u00e2nica Municipal 2006<\/a><\/p>\n\n\n\n<p><a href=\"https:\/\/cajamar.sp.gov.br\/cidade\/hino\/\">Hino de Cajamar.mp3<\/a><\/p>\n\n\n\n<p><a href=\"https:\/\/cajamar.sp.gov.br\/editais\/categoria\/cultura-esporte-lazer-e-eventos\/\">Editais<\/a><\/p>\n","protected":false},"excerpt":{"rendered":"<p>Nesta p\u00e1gina est\u00e3o armazenados alguns arquivos e documentos de interesse. Ao clicar no link o documento pode j\u00e1 ser exibido. Para salvar o documento clique com o bot\u00e3o direito do mouse e selecione a op\u00e7\u00e3o &#8220;salvar como&#8221;. Lei Org\u00e2nica Municipal.pdf Nova Lei Org\u00e2nica Municipal 2006 Hino de Cajamar.mp3 Editais<\/p>\n","protected":false},"author":7,"featured_media":0,"parent":0,"menu_order":0,"comment_status":"closed","ping_status":"closed","template":"","meta":{"footnotes":""},"class_list":["post-49","page","type-page","status-publish","hentry"],"_links":{"self":[{"href":"https:\/\/cajamar.sp.gov.br\/esportes\/wp-json\/wp\/v2\/pages\/49","targetHints":{"allow":["GET"]}}],"collection":[{"href":"https:\/\/cajamar.sp.gov.br\/esportes\/wp-json\/wp\/v2\/pages"}],"about":[{"href":"https:\/\/cajamar.sp.gov.br\/esportes\/wp-json\/wp\/v2\/types\/page"}],"author":[{"embeddable":true,"href":"https:\/\/cajamar.sp.gov.br\/esportes\/wp-json\/wp\/v2\/users\/7"}],"replies":[{"embeddable":true,"href":"https:\/\/cajamar.sp.gov.br\/esportes\/wp-json\/wp\/v2\/comments?post=49"}],"version-history":[{"count":5,"href":"https:\/\/cajamar.sp.gov.br\/esportes\/wp-json\/wp\/v2\/pages\/49\/revisions"}],"predecessor-version":[{"id":108,"href":"https:\/\/cajamar.sp.gov.br\/esportes\/wp-json\/wp\/v2\/pages\/49\/revisions\/108"}],"wp:attachment":[{"href":"https:\/\/cajamar.sp.gov.br\/esportes\/wp-json\/wp\/v2\/media?parent=49"}],"curies":[{"name":"wp","href":"https:\/\/api.w.org\/{rel}","templated":true}]}}