{"id":554,"date":"2025-03-19T15:23:23","date_gmt":"2025-03-19T18:23:23","guid":{"rendered":"https:\/\/cajamar.sp.gov.br\/esportes\/?page_id=554"},"modified":"2025-05-20T10:02:47","modified_gmt":"2025-05-20T13:02:47","slug":"copa-dos-trabalhadores-2025","status":"publish","type":"page","link":"https:\/\/cajamar.sp.gov.br\/esportes\/copa-dos-trabalhadores-2025\/","title":{"rendered":"Copa dos Trabalhadores 2025"},"content":{"rendered":"\n<div class=\"wp-block-buttons is-vertical is-content-justification-left is-layout-flex wp-container-core-buttons-is-layout-aacc3761 wp-block-buttons-is-layout-flex\">\n<div class=\"wp-block-button has-custom-width wp-block-button__width-25\"><a class=\"wp-block-button__link has-black-color has-text-color has-background has-link-color has-small-font-size has-custom-font-size wp-element-button\" href=\"https:\/\/docs.google.com\/forms\/d\/e\/1FAIpQLSe046b9fG9DAuBj9zNKw2pSquWXnUYCI6qQRpyVQN7sSbePFA\/viewform?usp=sharing\" style=\"border-radius:0px;background:linear-gradient(135deg,rgb(238,238,238) 100%,rgb(169,184,195) 100%)\"><strong>INSCRI\u00c7\u00d5ES<\/strong> <\/a><\/div>\n\n\n\n<div class=\"wp-block-button has-custom-width wp-block-button__width-25\"><a class=\"wp-block-button__link has-black-color has-text-color has-background has-link-color has-small-font-size has-custom-font-size wp-element-button\" href=\"https:\/\/drive.google.com\/file\/d\/1ChYbKsSTOBWTlemopmxJQzLyYW_HQh2m\/view?usp=sharing\" style=\"border-radius:0px;background:linear-gradient(135deg,rgb(238,238,238) 100%,rgb(169,184,195) 100%)\"><strong>REGULAMENTO<\/strong><\/a><\/div>\n<\/div>\n\n\n\n<h2 class=\"wp-block-heading has-white-color has-vivid-cyan-blue-background-color has-text-color has-background has-link-color has-medium-font-size wp-elements-6ed2d28da1d82a36fa73c5d3fb0dc506\">Calend\u00e1rio Competi\u00e7\u00f5es e Tabela de Jogos<\/h2>\n\n\n\n<div class=\"wp-block-buttons is-vertical is-content-justification-left is-layout-flex wp-container-core-buttons-is-layout-30db28d9 wp-block-buttons-is-layout-flex\">\n<div class=\"wp-block-button has-custom-width wp-block-button__width-25\"><a class=\"wp-block-button__link has-black-color has-text-color has-background has-link-color has-small-font-size has-custom-font-size wp-element-button\" href=\"https:\/\/drive.google.com\/file\/d\/19MRqKFkKDe0-HjaBNKSInUImMe7eiyvW\/view?usp=sharing\" style=\"border-radius:0px;background:linear-gradient(135deg,rgb(238,238,238) 100%,rgb(169,184,195) 100%)\"><strong>FUTEBOL<\/strong><\/a><\/div>\n\n\n\n<div class=\"wp-block-button has-custom-width wp-block-button__width-25\"><a class=\"wp-block-button__link has-black-color has-text-color has-background has-link-color has-small-font-size has-custom-font-size wp-element-button\" href=\"https:\/\/drive.google.com\/file\/d\/1Fe3s7Vd6erQT3flFPlpia4vwZwtXf4w1\/view?usp=sharing\" style=\"border-radius:0px;background:linear-gradient(135deg,rgb(238,238,238) 100%,rgb(169,184,195) 100%)\"><strong>FUTSAL LIVRE<\/strong><\/a><\/div>\n\n\n\n<div class=\"wp-block-button has-custom-width wp-block-button__width-25\"><a class=\"wp-block-button__link has-black-color has-text-color has-background has-link-color has-small-font-size has-custom-font-size wp-element-button\" href=\"https:\/\/drive.google.com\/file\/d\/1Fe3s7Vd6erQT3flFPlpia4vwZwtXf4w1\/view?usp=sharing\" style=\"border-radius:0px;background:linear-gradient(135deg,rgb(238,238,238) 100%,rgb(169,184,195) 100%)\"><strong>FUTSAL VETERANO<\/strong><\/a><\/div>\n\n\n\n<div class=\"wp-block-button has-custom-width wp-block-button__width-25\"><a class=\"wp-block-button__link has-black-color has-text-color has-background has-link-color has-small-font-size has-custom-font-size wp-element-button\" href=\"https:\/\/drive.google.com\/file\/d\/1h1HsDV4EkNBtTYcUwoCCaBpsJWPOzN7i\/view?usp=sharing\" style=\"border-radius:0px;background:linear-gradient(135deg,rgb(238,238,238) 100%,rgb(169,184,195) 100%)\"><strong>SOCIETY LIVRE<\/strong><\/a><\/div>\n\n\n\n<div class=\"wp-block-button has-custom-width wp-block-button__width-25\"><a class=\"wp-block-button__link has-black-color has-text-color has-background has-link-color has-small-font-size has-custom-font-size wp-element-button\" href=\"https:\/\/drive.google.com\/file\/d\/1h1HsDV4EkNBtTYcUwoCCaBpsJWPOzN7i\/view?usp=sharing\" style=\"border-radius:0px;background:linear-gradient(135deg,rgb(238,238,238) 100%,rgb(169,184,195) 100%)\"><strong>SOCIETY VETERANO<\/strong><\/a><\/div>\n\n\n\n<div class=\"wp-block-button has-custom-width wp-block-button__width-25\"><a class=\"wp-block-button__link has-black-color has-text-color has-background has-link-color has-small-font-size has-text-align-center has-custom-font-size wp-element-button\" href=\"https:\/\/drive.google.com\/file\/d\/1WnHzjZWgm3FtpNabNFPlNHi6qcbCu-Sb\/view?usp=sharing\" style=\"border-radius:0px;background:linear-gradient(135deg,rgb(238,238,238) 100%,rgb(169,184,195) 100%)\"><strong>VOLEIBOL MASCULINO<\/strong><\/a><\/div>\n\n\n\n<div class=\"wp-block-button has-custom-width wp-block-button__width-25\"><a class=\"wp-block-button__link has-black-color has-text-color has-background has-link-color has-small-font-size has-custom-font-size wp-element-button\" href=\"https:\/\/drive.google.com\/file\/d\/1WnHzjZWgm3FtpNabNFPlNHi6qcbCu-Sb\/view?usp=sharing\" style=\"border-radius:0px;background:linear-gradient(135deg,rgb(238,238,238) 100%,rgb(169,184,195) 100%)\"><strong>VOLEIBOL FEMININO<\/strong><\/a><\/div>\n\n\n\n<div class=\"wp-block-button has-custom-width wp-block-button__width-25\"><a class=\"wp-block-button__link has-black-color has-text-color has-background has-link-color has-small-font-size has-custom-font-size wp-element-button\" href=\"https:\/\/drive.google.com\/file\/d\/1jPWP7nXH5R2RPIQclAQ61KtEPh6dO4DJ\/view?usp=sharing\" style=\"border-radius:0px;background:linear-gradient(135deg,rgb(238,238,238) 100%,rgb(169,184,195) 100%)\"><strong>PROGRAMA\u00c7\u00c3O &#8211; FINAIS<\/strong><\/a><\/div>\n\n\n\n<div class=\"wp-block-button has-custom-width wp-block-button__width-25\"><a class=\"wp-block-button__link has-black-color has-text-color has-background has-link-color has-small-font-size has-text-align-center has-custom-font-size wp-element-button\" href=\"https:\/\/drive.google.com\/file\/d\/15RyjP8Jj8cXTtx84U1kOZ4VHRVfPJ3em\/view?usp=sharing\" style=\"border-radius:0px;background:linear-gradient(135deg,rgb(238,238,238) 100%,rgb(169,184,195) 100%)\"><strong>OUTRAS MODALIDADES <\/strong><\/a><\/div>\n<\/div>\n\n\n\n<h2 class=\"wp-block-heading has-white-color has-vivid-cyan-blue-background-color has-text-color has-background has-link-color has-medium-font-size wp-elements-3ba03bef2fa379200a1c2376f307cc43\">Resultados \/ Classifica\u00e7\u00e3o Geral<\/h2>\n\n\n\n<div class=\"wp-block-buttons is-vertical is-layout-flex wp-container-core-buttons-is-layout-8cf370e7 wp-block-buttons-is-layout-flex\">\n<div class=\"wp-block-button has-custom-width wp-block-button__width-25\"><a class=\"wp-block-button__link has-black-color has-text-color has-background has-link-color has-small-font-size has-custom-font-size wp-element-button\" href=\"https:\/\/drive.google.com\/file\/d\/1rUzHKgUxgbORgDWiBT_uOoHZUTHJj0Ix\/view?usp=drive_link\" style=\"border-radius:0px;background:linear-gradient(135deg,rgb(238,238,238) 100%,rgb(169,184,195) 100%)\"><strong>RESULTADOS MODALIDADES <\/strong><\/a><\/div>\n\n\n\n<div class=\"wp-block-button has-custom-width wp-block-button__width-25\"><a class=\"wp-block-button__link has-black-color has-text-color has-background has-link-color has-small-font-size has-custom-font-size wp-element-button\" href=\"https:\/\/drive.google.com\/file\/d\/18MuDli8oa6UArtVYReqSY2vrDDVB9aXn\/view?usp=sharing\" style=\"border-radius:0px;background:linear-gradient(135deg,rgb(238,238,238) 100%,rgb(169,184,195) 100%)\"><strong>CLASSIFICA\u00c7\u00c3O GERAL<\/strong><\/a><\/div>\n<\/div>\n\n\n\n<p><\/p>\n","protected":false},"excerpt":{"rendered":"<p>Calend\u00e1rio Competi\u00e7\u00f5es e Tabela de Jogos Resultados \/ Classifica\u00e7\u00e3o Geral<\/p>\n","protected":false},"author":38,"featured_media":555,"parent":0,"menu_order":0,"comment_status":"closed","ping_status":"closed","template":"","meta":{"footnotes":""},"class_list":["post-554","page","type-page","status-publish","has-post-thumbnail","hentry"],"_links":{"self":[{"href":"https:\/\/cajamar.sp.gov.br\/esportes\/wp-json\/wp\/v2\/pages\/554","targetHints":{"allow":["GET"]}}],"collection":[{"href":"https:\/\/cajamar.sp.gov.br\/esportes\/wp-json\/wp\/v2\/pages"}],"about":[{"href":"https:\/\/cajamar.sp.gov.br\/esportes\/wp-json\/wp\/v2\/types\/page"}],"author":[{"embeddable":true,"href":"https:\/\/cajamar.sp.gov.br\/esportes\/wp-json\/wp\/v2\/users\/38"}],"replies":[{"embeddable":true,"href":"https:\/\/cajamar.sp.gov.br\/esportes\/wp-json\/wp\/v2\/comments?post=554"}],"version-history":[{"count":66,"href":"https:\/\/cajamar.sp.gov.br\/esportes\/wp-json\/wp\/v2\/pages\/554\/revisions"}],"predecessor-version":[{"id":843,"href":"https:\/\/cajamar.sp.gov.br\/esportes\/wp-json\/wp\/v2\/pages\/554\/revisions\/843"}],"wp:featuredmedia":[{"embeddable":true,"href":"https:\/\/cajamar.sp.gov.br\/esportes\/wp-json\/wp\/v2\/media\/555"}],"wp:attachment":[{"href":"https:\/\/cajamar.sp.gov.br\/esportes\/wp-json\/wp\/v2\/media?parent=554"}],"curies":[{"name":"wp","href":"https:\/\/api.w.org\/{rel}","templated":true}]}}