{"id":10198,"date":"2025-04-16T10:56:54","date_gmt":"2025-04-16T13:56:54","guid":{"rendered":"https:\/\/cajamar.sp.gov.br\/fazenda\/?page_id=10198"},"modified":"2025-08-15T08:41:12","modified_gmt":"2025-08-15T11:41:12","slug":"ppa-2026-2029","status":"publish","type":"page","link":"https:\/\/cajamar.sp.gov.br\/fazenda\/ppa-2026-2029\/","title":{"rendered":"PPA-2026-2029"},"content":{"rendered":"<h2>Popula\u00e7\u00e3o<\/h2>\n<p style=\"margin: 12pt 0cm; font-size: 12pt; font-family: 'Times New Roman', serif; color: #000000; vertical-align: baseline;\">Entre 2010 e 2022, o n\u00famero de moradores de Cajamar aumentou <b>58%<\/b>.<\/p>\n<p style=\"margin: 12pt 0cm; font-size: 12pt; font-family: 'Times New Roman', serif; color: #000000; vertical-align: baseline; outline: none;\">das Em 2024, segundo estimativa do IBGE, a popula\u00e7\u00e3o teve um aumento de <b>5,04%<\/b> em rela\u00e7\u00e3o a 2022. Isso significa que o munic\u00edpio continua crescendo, com mais pessoas vivendo e utilizando os servi\u00e7os p\u00fablicos da cidade.<\/p>\n<p>\t\t\t\t\t\t\t\t\t\t\t\t\t\t\t<img fetchpriority=\"high\" decoding=\"async\" width=\"882\" height=\"581\" src=\"https:\/\/cajamar.sp.gov.br\/fazenda\/wp-content\/uploads\/sites\/15\/2025\/04\/image.png\" alt=\"\" srcset=\"https:\/\/cajamar.sp.gov.br\/fazenda\/wp-content\/uploads\/sites\/15\/2025\/04\/image.png 882w, https:\/\/cajamar.sp.gov.br\/fazenda\/wp-content\/uploads\/sites\/15\/2025\/04\/image-768x506.png 768w\" sizes=\"(max-width: 882px) 100vw, 882px\" \/>\t\t\t\t\t\t\t\t\t\t\t\t\t\t\t<\/p>\n<h2>\n<h2 data-elementor-setting-key=\"title\" data-pen-placeholder=\"Digite aqui...\" style=\"font-family: Roboto, sans-serif; font-weight: 600;\">Cen\u00e1rio Econ\u00f4mico<\/h2>\n<\/h2>\n<p style=\"margin-right: 0cm; margin-left: 0cm; font-size: 12pt; font-family: 'Times New Roman', serif; color: #000000; margin-bottom: 0cm;\">A reforma tribut\u00e1ria trar\u00e1 desafios significativos para os Munic\u00edpios brasileiros, exigindo um esfor\u00e7o de adapta\u00e7\u00e3o para minimizar perdas e buscar novas estrat\u00e9gias de fortalecimento econ\u00f4mico.\u00a0<\/p>\n<p style=\"margin: 0cm 0cm 8pt; font-size: 12pt; font-family: 'Times New Roman', serif; color: #000000; font-variant-numeric: normal; font-variant-east-asian: normal; font-variant-alternates: normal; font-variant-position: normal; font-variant-emoji: normal; vertical-align: baseline; outline: none;\">A atua\u00e7\u00e3o proativa da Prefeitura de Cajamar ser\u00e1 fundamental para garantir que a transi\u00e7\u00e3o seja feita de forma equilibrada, assegurando a continuidade da presta\u00e7\u00e3o de servi\u00e7os p\u00fablicos essenciais \u00e0 popula\u00e7\u00e3o.\u00a0<\/p>\n<p style=\"margin: 0cm 0cm 8pt; font-size: 12pt; font-family: 'Times New Roman', serif; color: #000000; font-variant-numeric: normal; font-variant-east-asian: normal; font-variant-alternates: normal; font-variant-position: normal; font-variant-emoji: normal; vertical-align: baseline; outline: none;\">As principais fontes de arrecada\u00e7\u00e3o municipal impactadas pela Reforma Tribut\u00e1ria s\u00e3o os repasses do ICMS, cuja Constitui\u00e7\u00e3o Federal estabelece que 25% pertencem aos munic\u00edpios, e o Imposto sobre Servi\u00e7os (ISS), que ser\u00e1 substitu\u00eddo pelo Imposto sobre Bens e Servi\u00e7os (IBS).<\/p>\n<p style=\"margin: 0cm; font-size: 12pt; font-family: 'Times New Roman', serif; color: #000000; font-variant-numeric: normal; font-variant-east-asian: normal; font-variant-alternates: normal; font-variant-position: normal; font-variant-emoji: normal; vertical-align: baseline; outline: none;\">Conforme o cronograma da Reforma, n\u00e3o haver\u00e1 altera\u00e7\u00f5es nessas importantes fontes de recursos at\u00e9 2028. A transi\u00e7\u00e3o ter\u00e1 in\u00edcio em 2029, com finaliza\u00e7\u00e3o prevista para 2033.<\/p>\n<h2>Agenda 2030 &#8211; Para o Desenvolvimento Sustent\u00e1vel (ODS) ONU<\/h2>\n<p>\u00a0 \u00a0 \u00a0A \u00a0Agenda 2030 \u00e9 um plano de a\u00e7\u00e3o global estabelecido pela Organiza\u00e7\u00e3o das Na\u00e7\u00f5es Unidas (ONU) em setembro de 2015 para erradicar a pobreza, proteger o planeta e garantir a prosperidade para todos. Ela \u00e9 composta por 17 Objetivos de Desenvolvimento Sustent\u00e1vel (ODS) e 169 metas a serem alcan\u00e7adas at\u00e9 2030.<\/p>\n<p style=\"margin: 0cm; font-size: 12pt; font-family: Calibri, sans-serif; color: #000000;\">\u00a0<\/p>\n<p>\t\t\t\t\t\t\t\t\t\t\t\t\t\t\t<img decoding=\"async\" src=\"https:\/\/cajamar.sp.gov.br\/fazenda\/wp-content\/uploads\/sites\/15\/elementor\/thumbs\/circulo-r4g3jqvlgz1bowzjcu0mss0m827znkatg9ovatkzkk.png\" title=\"Ci\u0301rculo\" alt=\"Ci\u0301rculo\" loading=\"lazy\" \/>\t\t\t\t\t\t\t\t\t\t\t\t\t\t\t<\/p>\n<h2>Ciclo de Planejamento<\/h2>\n<p>\t\t\t\t\t\t\t\t\t\t\t\t\t\t\t<img decoding=\"async\" width=\"1024\" height=\"363\" src=\"https:\/\/cajamar.sp.gov.br\/fazenda\/wp-content\/uploads\/sites\/15\/2025\/04\/ciclo-do-planejamento.png\" alt=\"\" srcset=\"https:\/\/cajamar.sp.gov.br\/fazenda\/wp-content\/uploads\/sites\/15\/2025\/04\/ciclo-do-planejamento.png 1280w, https:\/\/cajamar.sp.gov.br\/fazenda\/wp-content\/uploads\/sites\/15\/2025\/04\/ciclo-do-planejamento-768x272.png 768w\" sizes=\"(max-width: 1024px) 100vw, 1024px\" \/>\t\t\t\t\t\t\t\t\t\t\t\t\t\t\t<\/p>\n<h2>Elabora\u00e7\u00e3o do Plano Plurianual&nbsp; 2026 &#8211; 2029&nbsp; e da Lei de Diretrizes Or\u00e7ament\u00e1rias.<\/h2>\n<p style=\"margin: 0cm 0cm 8pt; font-size: 12pt; font-family: &quot;Times New Roman&quot;, serif; color: rgb(0, 0, 0); vertical-align: baseline;\">A gest\u00e3o p\u00fablica tem o papel de conduzir a elabora\u00e7\u00e3o das<b>&nbsp;Pe\u00e7as Or\u00e7ament\u00e1rias&nbsp;<\/b>de forma participativa e transparente, os estudos abrangem a an\u00e1lise do cen\u00e1rio econ\u00f4mico, as metas estabelecidas no Plano de Governo e nos Planos Setoriais, com a participa\u00e7\u00e3o da popula\u00e7\u00e3o na defini\u00e7\u00e3o das prioridades.<\/p>\n<p style=\"margin: 0cm 0cm 8pt; font-size: 12pt; font-family: &quot;Times New Roman&quot;, serif; color: rgb(0, 0, 0); vertical-align: baseline; outline: none;\">Dessa forma, \u00e9 poss\u00edvel garantir que os recursos p\u00fablicos sejam aplicados de forma eficiente e que as pol\u00edticas p\u00fablicas atendam \u00e0s necessidades e demandas da sociedade.<o:p><\/o:p><\/p>\n<p style=\"margin: 0cm 0cm 8pt; font-size: 12pt; font-family: &quot;Times New Roman&quot;, serif; color: rgb(0, 0, 0); vertical-align: baseline; outline: none;\">Neste processo, a sua sugest\u00e3o \u00e9 importante para aprimorar o PPA que ser\u00e1 encaminhado para a C\u00e2mara Municipal. Em seguida, o projeto de lei ser\u00e1 analisado, debatido e se necess\u00e1rio modificado. Por fim, ap\u00f3s ser aprovado pelos vereadores, seguir\u00e1 para a san\u00e7\u00e3o do Prefeito.<o:p><\/o:p><\/p>\n<p>\t\t\t\t\t<a href=\"https:\/\/sites.google.com\/view\/ppa26-29\/participe\" target=\"_blank\"><br \/>\n\t\t\t\t\t\t\t\t\tParticipe<br \/>\n\t\t\t\t\t<\/a><br \/>\n\t\tPLANO DE GOVERNO<br \/>\nKAUAN BERTO (PSD) &amp; R\u00c9GIS SOUZA (NOVO)<\/p>\n<p dir=\"ltr\" style=\"font-variant-numeric: normal; font-variant-east-asian: normal; font-variant-alternates: normal; font-variant-position: normal; font-variant-emoji: normal; margin: 12pt 0pt; outline: none; position: relative; color: #1c1c1c; font-size: 16px; font-family: Montserrat; vertical-align: baseline; line-height: 1.38; padding: 0pt; text-indent: 0pt; border: initial none initial;\">&#8220;Mais Trabalho, Mais Futuro<\/p>\n<p>\t\t\t\t\t<a href=\"https:\/\/cajamar.sp.gov.br\/fazenda\/wp-content\/uploads\/sites\/15\/2025\/04\/planodegovernoajustado.pdf\" target=\"_blank\"><br \/>\n\t\t\t\t\t\t\t\t\tAcesse aqui o conte\u00fado na \u00edntegra<br \/>\n\t\t\t\t\t<\/a><\/p>\n<p style=\"margin: 18pt 0cm 4pt; font-size: 12pt; font-family: Calibri, sans-serif; color: #000000; vertical-align: baseline;\">1. Introdu\u00e7\u00e3o<\/p>\n<p style=\"margin: 12pt 0cm; font-size: 12pt; font-family: Calibri, sans-serif; color: #000000; vertical-align: baseline;\">O Plano de Governo 2025-2028 prop\u00f5e uma continuidade no desenvolvimento de Cajamar, com base nos avan\u00e7os das \u00faltimas gest\u00f5es. Nosso compromisso \u00e9 promover crescimento, bem-estar e qualidade de vida para todos os mun\u00edcipes.<\/p>\n<p style=\"margin: 0cm; font-size: 12pt; font-family: Calibri, sans-serif; color: #000000;\">2. Eixos Estrat\u00e9gicos<\/p>\n<p style=\"margin: 0cm; font-size: 12pt; font-family: Calibri, sans-serif; color: #000000;\">2.1. Sa\u00fade<\/p>\n<ul style=\"margin-bottom: 0cm; color: #000000;\" type=\"disc\">\n<li style=\"margin: 0cm; font-size: 12pt; font-family: Calibri, sans-serif;\">Continuidade e expans\u00e3o do programa &#8220;Consulta em Dia&#8221;<\/li>\n<li style=\"margin: 0cm; font-size: 12pt; font-family: Calibri, sans-serif;\">Implanta\u00e7\u00e3o do Complexo de Sa\u00fade de Cajamar no bairro Jordan\u00e9sia<\/li>\n<li style=\"margin: 0cm; font-size: 12pt; font-family: Calibri, sans-serif;\">Manuten\u00e7\u00e3o e fortalecimento do programa &#8220;Sa\u00fade em Casa&#8221; com atendimento estendido a Polvilho e Ponunduva<\/li>\n<li style=\"margin: 0cm; font-size: 12pt; font-family: Calibri, sans-serif;\">Continuidade do programa &#8220;Farm\u00e1cia 24 Horas&#8221; com unidade no Centro<b>\u00a0\n<p><\/b><\/li>\n<\/ul>\n<p style=\"margin: 0cm; font-size: 12pt; font-family: Calibri, sans-serif; color: #000000; vertical-align: baseline;\">2.2. Educa\u00e7\u00e3o<\/p>\n<ul style=\"margin-bottom: 0cm; color: #000000;\" type=\"disc\">\n<li style=\"margin: 0cm; font-size: 12pt; font-family: Calibri, sans-serif;\">Continuidade do programa &#8220;Col\u00e9gio do Futuro&#8221;<\/li>\n<li style=\"margin: 0cm; font-size: 12pt; font-family: Calibri, sans-serif;\">Amplia\u00e7\u00e3o do acesso \u00e0 educa\u00e7\u00e3o integral<\/li>\n<li style=\"margin: 0cm; font-size: 12pt; font-family: Calibri, sans-serif;\">Cria\u00e7\u00e3o do Centro de Atendimento Educacional Especializado (CAEE) em Jordan\u00e9sia<\/li>\n<li style=\"margin: 0cm; font-size: 12pt; font-family: Calibri, sans-serif;\">Programa &#8220;Aprova Cajamar&#8221; para apoio a vestibulandos\n<\/li>\n<\/ul>\n<p style=\"margin: 0cm; font-size: 12pt; font-family: Calibri, sans-serif; color: #000000; vertical-align: baseline;\">2.3. Desenvolvimento Econ\u00f4mico e Emprego<\/p>\n<ul style=\"margin-bottom: 0cm; color: #000000;\" type=\"disc\">\n<li style=\"margin: 0cm; font-size: 12pt; font-family: Calibri, sans-serif;\">Cria\u00e7\u00e3o do Pr\u00eamio QualiCajamar para micro e pequenas empresas<\/li>\n<li style=\"margin: 0cm; font-size: 12pt; font-family: Calibri, sans-serif;\">Expans\u00e3o do Programa Municipal de Capacita\u00e7\u00e3o Profissional (PROCAP) com polos em Jordan\u00e9sia e Polvilho<\/li>\n<li style=\"margin: 0cm; font-size: 12pt; font-family: Calibri, sans-serif;\">Implanta\u00e7\u00e3o de novos Centros de Empreendedorismo Social no Polvilho e Cajamar Centro\n<\/li>\n<\/ul>\n<p style=\"margin: 0cm; font-size: 12pt; font-family: Calibri, sans-serif; color: #000000; vertical-align: baseline;\">2.4. Infraestrutura e Mobilidade Urbana<\/p>\n<ul style=\"margin-bottom: 0cm; color: #000000;\" type=\"disc\">\n<li style=\"margin: 0cm; font-size: 12pt; font-family: Calibri, sans-serif;\">Duplica\u00e7\u00e3o da Avenida Tenente Marques em Polvilho<\/li>\n<li style=\"margin: 0cm; font-size: 12pt; font-family: Calibri, sans-serif;\">Implanta\u00e7\u00e3o de corredores exclusivos para \u00f4nibus na Avenida Jos\u00e9 Marques Ribeiro<\/li>\n<li style=\"margin: 0cm; font-size: 12pt; font-family: Calibri, sans-serif;\">Constru\u00e7\u00e3o do primeiro terminal rodovi\u00e1rio municipal em Jordan\u00e9sia<\/li>\n<li style=\"margin: 0cm; font-size: 12pt; font-family: Calibri, sans-serif;\">Moderniza\u00e7\u00e3o da ilumina\u00e7\u00e3o p\u00fablica com l\u00e2mpadas LED em todos os bairros<b>\u00a0\n<p><\/b><\/li>\n<\/ul>\n<p style=\"margin: 0cm; font-size: 12pt; font-family: Calibri, sans-serif; color: #000000; vertical-align: baseline;\">2.5. Seguran\u00e7a P\u00fablica<\/p>\n<ul style=\"margin-bottom: 0cm; color: #000000;\" type=\"disc\">\n<li style=\"margin: 0cm; font-size: 12pt; font-family: Calibri, sans-serif;\">Amplia\u00e7\u00e3o do programa &#8220;Muito + Seguran\u00e7a&#8221; com bases avan\u00e7adas em S\u00e3o Benedito e Guaturinho<\/li>\n<li style=\"margin: 0cm; font-size: 12pt; font-family: Calibri, sans-serif;\">Cria\u00e7\u00e3o da Base e Centro de Treinamento para Bombeiros Volunt\u00e1rios em Ponunduva<\/li>\n<li style=\"margin: 0cm; font-size: 12pt; font-family: Calibri, sans-serif;\">Investimento na Guarda Civil Municipal e monitoramento por c\u00e2meras em todas as regi\u00f5es<b>\u00a0\n<p><\/b><\/li>\n<\/ul>\n<p style=\"margin: 0cm; font-size: 12pt; font-family: Calibri, sans-serif; color: #000000; vertical-align: baseline;\">2.6. Meio Ambiente e Sustentabilidade<\/p>\n<ul style=\"margin-bottom: 0cm; color: #000000;\" type=\"disc\">\n<li style=\"margin: 0cm; font-size: 12pt; font-family: Calibri, sans-serif;\">Implanta\u00e7\u00e3o do programa de coleta seletiva em Jordan\u00e9sia, Polvilho e Cajamar Centro<\/li>\n<li style=\"margin: 0cm; font-size: 12pt; font-family: Calibri, sans-serif;\">Amplia\u00e7\u00e3o das \u00e1reas verdes e arboriza\u00e7\u00e3o urbana com novos parques em Ponunduva e Polvilho<\/li>\n<li style=\"margin: 0cm; font-size: 12pt; font-family: Calibri, sans-serif;\">Incentivo \u00e0 agricultura org\u00e2nica e familiar com apoio a produtores locais\n<\/li>\n<\/ul>\n<p style=\"margin: 0cm; font-size: 12pt; font-family: Calibri, sans-serif; color: #000000; vertical-align: baseline;\">2.7. Assist\u00eancia Social e Inclus\u00e3o<\/p>\n<ul style=\"margin-bottom: 0cm; color: #000000;\" type=\"disc\">\n<li style=\"margin: 0cm; font-size: 12pt; font-family: Calibri, sans-serif;\">Expans\u00e3o dos Centros de Refer\u00eancia de Assist\u00eancia Social (CRAS) com novas unidades em Polvilho e Ponunduva<\/li>\n<li style=\"margin: 0cm; font-size: 12pt; font-family: Calibri, sans-serif;\">Fortalecimento das pol\u00edticas de prote\u00e7\u00e3o \u00e0 mulher com atendimento especializado em Jordan\u00e9sia<\/li>\n<li style=\"margin: 0cm; font-size: 12pt; font-family: Calibri, sans-serif;\">Cria\u00e7\u00e3o de programas de apoio aos idosos com novos centros de conviv\u00eancia no Centro e Jordan\u00e9sia\n<\/li>\n<\/ul>\n<p style=\"margin: 0cm; font-size: 12pt; font-family: Calibri, sans-serif; color: #000000;\">3. Considera\u00e7\u00f5es Finais<\/p>\n<p style=\"margin: 12pt 0cm; font-size: 12pt; font-family: Calibri, sans-serif; color: #000000; vertical-align: baseline;\">Nosso compromisso \u00e9 manter Cajamar no caminho do progresso, com pol\u00edticas p\u00fablicas eficientes, participa\u00e7\u00e3o cidad\u00e3 e inova\u00e7\u00e3o. Contamos com a confian\u00e7a dos cidad\u00e3os para construir um futuro melhor!<\/p>\n<p style=\"margin: 12pt 0cm; font-size: 12pt; font-family: Calibri, sans-serif; color: #000000; vertical-align: baseline;\">&#8220;Cuidar de Pessoas!&#8221;<\/p>\n<p style=\"margin: 0cm; font-size: 12pt; font-family: Calibri, sans-serif; color: #000000;\">\u00a0<\/p>\n","protected":false},"excerpt":{"rendered":"<p>Popula\u00e7\u00e3o Entre 2010 e 2022, o n\u00famero de moradores de Cajamar aumentou 58%. das Em 2024, segundo estimativa do IBGE, a popula\u00e7\u00e3o teve um aumento de 5,04% em rela\u00e7\u00e3o a 2022. Isso significa que o munic\u00edpio continua crescendo, com mais pessoas vivendo e utilizando os servi\u00e7os p\u00fablicos da cidade. Cen\u00e1rio Econ\u00f4mico A reforma tribut\u00e1ria trar\u00e1 [&hellip;]<\/p>\n","protected":false},"author":23,"featured_media":0,"parent":0,"menu_order":0,"comment_status":"closed","ping_status":"closed","template":"","meta":{"footnotes":""},"class_list":["post-10198","page","type-page","status-publish","hentry"],"_links":{"self":[{"href":"https:\/\/cajamar.sp.gov.br\/fazenda\/wp-json\/wp\/v2\/pages\/10198","targetHints":{"allow":["GET"]}}],"collection":[{"href":"https:\/\/cajamar.sp.gov.br\/fazenda\/wp-json\/wp\/v2\/pages"}],"about":[{"href":"https:\/\/cajamar.sp.gov.br\/fazenda\/wp-json\/wp\/v2\/types\/page"}],"author":[{"embeddable":true,"href":"https:\/\/cajamar.sp.gov.br\/fazenda\/wp-json\/wp\/v2\/users\/23"}],"replies":[{"embeddable":true,"href":"https:\/\/cajamar.sp.gov.br\/fazenda\/wp-json\/wp\/v2\/comments?post=10198"}],"version-history":[{"count":46,"href":"https:\/\/cajamar.sp.gov.br\/fazenda\/wp-json\/wp\/v2\/pages\/10198\/revisions"}],"predecessor-version":[{"id":10263,"href":"https:\/\/cajamar.sp.gov.br\/fazenda\/wp-json\/wp\/v2\/pages\/10198\/revisions\/10263"}],"wp:attachment":[{"href":"https:\/\/cajamar.sp.gov.br\/fazenda\/wp-json\/wp\/v2\/media?parent=10198"}],"curies":[{"name":"wp","href":"https:\/\/api.w.org\/{rel}","templated":true}]}}