{"id":10265,"date":"2025-04-28T15:29:16","date_gmt":"2025-04-28T18:29:16","guid":{"rendered":"https:\/\/cajamar.sp.gov.br\/fazenda\/?page_id=10265"},"modified":"2026-02-11T11:14:03","modified_gmt":"2026-02-11T14:14:03","slug":"setor-de-divida-ativa","status":"publish","type":"page","link":"https:\/\/cajamar.sp.gov.br\/fazenda\/setor-de-divida-ativa\/","title":{"rendered":"Setor de D\u00edvida Ativa"},"content":{"rendered":"\n<p>Emiss\u00e3o da <strong>2\u00aa via de parcelamento<\/strong> de <strong>IPTU<\/strong> e <strong>ISS<\/strong><\/p>\n\n\n\n<ul class=\"wp-block-list\">\n<li><a href=\"https:\/\/tributos.cajamar.sp.gov.br\/EMISSOES\/boldvatparcelamento.aspx?SISTEMA=ISS\" data-type=\"link\" data-id=\"https:\/\/tributos.cajamar.sp.gov.br\/EMISSOES\/boldvatparcelamento.aspx?SISTEMA=ISS\">Inscri\u00e7\u00e3o Mobili\u00e1ria<\/a><\/li>\n\n\n\n<li><a href=\"https:\/\/tributos.cajamar.sp.gov.br\/EMISSOES\/boldvatparcelamento.aspx?SISTEMA=IPTU\">Inscri\u00e7\u00e3o Imobili\u00e1ria<\/a><\/li>\n<\/ul>\n\n\n\n<p>Cart\u00f3rio de Protesto de <strong>Jundia\u00ed<\/strong><\/p>\n\n\n\n<ul class=\"wp-block-list\">\n<li><a href=\"https:\/\/protestojundiai.com.br\/Pagina\/Exibir\/792cc13c-0b2b-4eff-b465-7546291a6006\" data-type=\"link\" data-id=\"https:\/\/protestojundiai.com.br\/Pagina\/Exibir\/792cc13c-0b2b-4eff-b465-7546291a6006\">Consulta de Protestos<\/a><\/li>\n<\/ul>\n\n\n\n<p>Consulta de <strong>D\u00edvida Ativa<\/strong><\/p>\n\n\n\n<ul class=\"wp-block-list\">\n<li> <a href=\"https:\/\/tributos.cajamar.sp.gov.br\/EMISSOES\/boldvatIPTU.aspx\">Imobili\u00e1rios<\/a><\/li>\n\n\n\n<li> <a href=\"https:\/\/tributos.cajamar.sp.gov.br\/EMISSOES\/boldvatISS.aspx\">Mobili\u00e1rios<\/a><\/li>\n<\/ul>\n\n\n\n<p>Emiss\u00e3o da <strong>Certid\u00e3o negativa de tributos<\/strong> <\/p>\n\n\n\n<ul class=\"wp-block-list\">\n<li><a href=\"https:\/\/tributos.cajamar.sp.gov.br\/EMISSOES\/certidaoprincipaliss.aspx\" data-type=\"link\" data-id=\"https:\/\/tributos.cajamar.sp.gov.br\/EMISSOES\/boldvatparcelamento.aspx?SISTEMA=ISS\">Tributos Mobili\u00e1rio<\/a><\/li>\n\n\n\n<li><a href=\"https:\/\/tributos.cajamar.sp.gov.br\/EMISSOES\/certidaoprincipaliptu.aspx\">Tributos Imobili\u00e1rio<\/a><\/li>\n<\/ul>\n\n\n\n<p>Validar <strong>Certid\u00e3o negativa de tributos<\/strong><\/p>\n\n\n\n<ul class=\"wp-block-list\">\n<li><a href=\"https:\/\/tributos.cajamar.sp.gov.br\/EMISSOES\/validarcertidaoiss.aspx\" data-type=\"link\" data-id=\"https:\/\/tributos.cajamar.sp.gov.br\/EMISSOES\/boldvatparcelamento.aspx?SISTEMA=ISS\">Validar certid\u00e3o de Tributos Mobili\u00e1rio<\/a><\/li>\n\n\n\n<li><a href=\"https:\/\/tributos.cajamar.sp.gov.br\/EMISSOES\/validarcertidaoiptu.aspx\">Validar certid\u00e3o de Tributos Imobili\u00e1rio<\/a><\/li>\n<\/ul>\n\n\n\n<p><\/p>\n","protected":false},"excerpt":{"rendered":"<p>Emiss\u00e3o da 2\u00aa via de parcelamento de IPTU e ISS<\/p>\n","protected":false},"author":23,"featured_media":0,"parent":0,"menu_order":0,"comment_status":"closed","ping_status":"closed","template":"","meta":{"footnotes":""},"class_list":["post-10265","page","type-page","status-publish","hentry"],"_links":{"self":[{"href":"https:\/\/cajamar.sp.gov.br\/fazenda\/wp-json\/wp\/v2\/pages\/10265","targetHints":{"allow":["GET"]}}],"collection":[{"href":"https:\/\/cajamar.sp.gov.br\/fazenda\/wp-json\/wp\/v2\/pages"}],"about":[{"href":"https:\/\/cajamar.sp.gov.br\/fazenda\/wp-json\/wp\/v2\/types\/page"}],"author":[{"embeddable":true,"href":"https:\/\/cajamar.sp.gov.br\/fazenda\/wp-json\/wp\/v2\/users\/23"}],"replies":[{"embeddable":true,"href":"https:\/\/cajamar.sp.gov.br\/fazenda\/wp-json\/wp\/v2\/comments?post=10265"}],"version-history":[{"count":17,"href":"https:\/\/cajamar.sp.gov.br\/fazenda\/wp-json\/wp\/v2\/pages\/10265\/revisions"}],"predecessor-version":[{"id":10386,"href":"https:\/\/cajamar.sp.gov.br\/fazenda\/wp-json\/wp\/v2\/pages\/10265\/revisions\/10386"}],"wp:attachment":[{"href":"https:\/\/cajamar.sp.gov.br\/fazenda\/wp-json\/wp\/v2\/media?parent=10265"}],"curies":[{"name":"wp","href":"https:\/\/api.w.org\/{rel}","templated":true}]}}