{"id":10491,"date":"2026-04-08T17:59:42","date_gmt":"2026-04-08T20:59:42","guid":{"rendered":"https:\/\/cajamar.sp.gov.br\/fazenda\/?page_id=10491"},"modified":"2026-04-10T17:18:56","modified_gmt":"2026-04-10T20:18:56","slug":"atas","status":"publish","type":"page","link":"https:\/\/cajamar.sp.gov.br\/fazenda\/atas\/","title":{"rendered":"Atas e Reolu\u00e7\u00f5es"},"content":{"rendered":"\n<p><a href=\"https:\/\/cajamar.sp.gov.br\/fazenda\/wp-content\/uploads\/sites\/15\/2026\/04\/ata-1a-reuniao-do-conselho-gestor.pdf\">Ata &#8211;  1\u00aa Reuni\u00e3o do Conselho Gestor<\/a><\/p>\n\n\n\n<p><a href=\"https:\/\/cajamar.sp.gov.br\/fazenda\/wp-content\/uploads\/sites\/15\/2026\/04\/resolucao-no-1.pdf\" data-type=\"link\" data-id=\"https:\/\/cajamar.sp.gov.br\/fazenda\/wp-content\/uploads\/sites\/15\/2026\/04\/resolucao-no-1.pdf\">Resolu\u00e7\u00e3o n\u00ba 1<\/a><\/p>\n\n\n\n<p><a href=\"https:\/\/cajamar.sp.gov.br\/fazenda\/wp-content\/uploads\/sites\/15\/2026\/04\/resolucao-no-2.pdf\" data-type=\"link\" data-id=\"https:\/\/cajamar.sp.gov.br\/fazenda\/wp-content\/uploads\/sites\/15\/2026\/04\/resolucao-no-2.pdf\">Resolu\u00e7\u00e3o n\u00ba 2<\/a><\/p>\n\n\n\n<p><a href=\"https:\/\/cajamar.sp.gov.br\/fazenda\/wp-content\/uploads\/sites\/15\/2026\/04\/resolucao-no-3.pdf\">Resolu\u00e7\u00e3o n\u00ba 3<\/a><\/p>\n\n\n\n<p><\/p>\n","protected":false},"excerpt":{"rendered":"<p>Ata &#8211; 1\u00aa Reuni\u00e3o do Conselho Gestor Resolu\u00e7\u00e3o n\u00ba 1 Resolu\u00e7\u00e3o n\u00ba 2 Resolu\u00e7\u00e3o n\u00ba 3<\/p>\n","protected":false},"author":24,"featured_media":0,"parent":0,"menu_order":0,"comment_status":"closed","ping_status":"closed","template":"","meta":{"footnotes":""},"class_list":["post-10491","page","type-page","status-publish","hentry"],"_links":{"self":[{"href":"https:\/\/cajamar.sp.gov.br\/fazenda\/wp-json\/wp\/v2\/pages\/10491","targetHints":{"allow":["GET"]}}],"collection":[{"href":"https:\/\/cajamar.sp.gov.br\/fazenda\/wp-json\/wp\/v2\/pages"}],"about":[{"href":"https:\/\/cajamar.sp.gov.br\/fazenda\/wp-json\/wp\/v2\/types\/page"}],"author":[{"embeddable":true,"href":"https:\/\/cajamar.sp.gov.br\/fazenda\/wp-json\/wp\/v2\/users\/24"}],"replies":[{"embeddable":true,"href":"https:\/\/cajamar.sp.gov.br\/fazenda\/wp-json\/wp\/v2\/comments?post=10491"}],"version-history":[{"count":6,"href":"https:\/\/cajamar.sp.gov.br\/fazenda\/wp-json\/wp\/v2\/pages\/10491\/revisions"}],"predecessor-version":[{"id":10521,"href":"https:\/\/cajamar.sp.gov.br\/fazenda\/wp-json\/wp\/v2\/pages\/10491\/revisions\/10521"}],"wp:attachment":[{"href":"https:\/\/cajamar.sp.gov.br\/fazenda\/wp-json\/wp\/v2\/media?parent=10491"}],"curies":[{"name":"wp","href":"https:\/\/api.w.org\/{rel}","templated":true}]}}