{"id":22,"date":"2020-04-16T23:17:43","date_gmt":"2020-04-17T02:17:43","guid":{"rendered":"https:\/\/cajamar.sp.gov.br\/governo\/?page_id=22"},"modified":"2022-10-07T12:08:59","modified_gmt":"2022-10-07T15:08:59","slug":"defesa-civil","status":"publish","type":"page","link":"https:\/\/cajamar.sp.gov.br\/governo\/defesa-civil\/","title":{"rendered":"Defesa Civil"},"content":{"rendered":"\n<p>A Defesa Civil, \u00f3rg\u00e3o do Munic\u00edpio preocupado na integra\u00e7\u00e3o com os outros seguimentos municipais, dentre outras atribui\u00e7\u00f5es, tem o de articular, coordenar as a\u00e7\u00f5es do sistema nacional de Defesa Civil \u2013 SINDEC.<\/p>\n\n\n\n<p>Reconhecendo a necessidade de padronizar a nomenclatura, relacionada com o Sistema Nacional de Defesa Civil, elaboramos o presente manual na certeza de estar prestando uma grande contribui\u00e7\u00e3o as entidades e aos profissionais da \u00e1rea, bem como as institui\u00e7\u00f5es de ensino e parceiros em todo munic\u00edpio, uniformizando assim, conceitos e defini\u00e7\u00f5es neste campo.<\/p>\n\n\n\n<p>O Atual manual de Defesa Civil \u00e9 com estudo de riscos e medicina de desastre, constitui-se numa obra municipal do sistema Defesa Civil, vinculado ao SINDEC.<\/p>\n\n\n\n<p>A equipe t\u00e9cnica da Defesa Civil Municipal de Cajamar agradece a todos que colaboraram direto e indiretamente para que este manual, instrumento importante para o conhecimento geral em rela\u00e7\u00e3o a Defesa Civil fosse executada.<\/p>\n\n\n\n<h2 class=\"wp-block-heading\"><strong>Telefone<\/strong><\/h2>\n\n\n\n<p>(11) 4446-0199<\/p>\n\n\n\n<h2 class=\"wp-block-heading\"><strong>O que significa Defesa Civil?<\/strong><\/h2>\n\n\n\n<p>Conjunto de a\u00e7\u00f5es preventivas, de socorro, assistenciais e reconstrutivas destinadas \u00e1 evitar ou minimizar desastres, preservar o moral da popula\u00e7\u00e3o e restabelecer a normalidade social.<\/p>\n\n\n\n<p><br><\/p>\n","protected":false},"excerpt":{"rendered":"<p>A Defesa Civil, \u00f3rg\u00e3o do Munic\u00edpio preocupado na integra\u00e7\u00e3o com os outros seguimentos municipais, dentre outras atribui\u00e7\u00f5es, tem o de articular, coordenar as a\u00e7\u00f5es do sistema nacional de Defesa Civil \u2013 SINDEC.<\/p>\n","protected":false},"author":7,"featured_media":0,"parent":0,"menu_order":0,"comment_status":"closed","ping_status":"closed","template":"","meta":{"footnotes":""},"class_list":["post-22","page","type-page","status-publish","hentry"],"_links":{"self":[{"href":"https:\/\/cajamar.sp.gov.br\/governo\/wp-json\/wp\/v2\/pages\/22","targetHints":{"allow":["GET"]}}],"collection":[{"href":"https:\/\/cajamar.sp.gov.br\/governo\/wp-json\/wp\/v2\/pages"}],"about":[{"href":"https:\/\/cajamar.sp.gov.br\/governo\/wp-json\/wp\/v2\/types\/page"}],"author":[{"embeddable":true,"href":"https:\/\/cajamar.sp.gov.br\/governo\/wp-json\/wp\/v2\/users\/7"}],"replies":[{"embeddable":true,"href":"https:\/\/cajamar.sp.gov.br\/governo\/wp-json\/wp\/v2\/comments?post=22"}],"version-history":[{"count":7,"href":"https:\/\/cajamar.sp.gov.br\/governo\/wp-json\/wp\/v2\/pages\/22\/revisions"}],"predecessor-version":[{"id":103,"href":"https:\/\/cajamar.sp.gov.br\/governo\/wp-json\/wp\/v2\/pages\/22\/revisions\/103"}],"wp:attachment":[{"href":"https:\/\/cajamar.sp.gov.br\/governo\/wp-json\/wp\/v2\/media?parent=22"}],"curies":[{"name":"wp","href":"https:\/\/api.w.org\/{rel}","templated":true}]}}