{"id":35,"date":"2020-06-17T18:14:35","date_gmt":"2020-06-17T21:14:35","guid":{"rendered":"https:\/\/cajamar.sp.gov.br\/governo\/?page_id=35"},"modified":"2020-06-18T16:54:30","modified_gmt":"2020-06-18T19:54:30","slug":"doacoes","status":"publish","type":"page","link":"https:\/\/cajamar.sp.gov.br\/governo\/doacoes\/","title":{"rendered":"Doa\u00e7\u00f5es para o Fundo Social"},"content":{"rendered":"\n<p>Os interessados em doar ao Fundo Social de Solidariedade de Cajamar para a live solid\u00e1ria promovida pelo cantor Gustavo Mioto devem preencher o formul\u00e1rio abaixo:<\/p>\n\n\n\n<div class=\"wpcf7 no-js\" id=\"wpcf7-f34-o1\" lang=\"pt-BR\" dir=\"ltr\" data-wpcf7-id=\"34\">\n<div class=\"screen-reader-response\"><p role=\"status\" aria-live=\"polite\" aria-atomic=\"true\"><\/p> <ul><\/ul><\/div>\n<form action=\"\/governo\/wp-json\/wp\/v2\/pages\/35#wpcf7-f34-o1\" method=\"post\" class=\"wpcf7-form init\" aria-label=\"Formul\u00e1rios de contato\" novalidate=\"novalidate\" data-status=\"init\">\n<fieldset class=\"hidden-fields-container\"><input type=\"hidden\" name=\"_wpcf7\" value=\"34\" \/><input type=\"hidden\" name=\"_wpcf7_version\" value=\"6.1.5\" \/><input type=\"hidden\" name=\"_wpcf7_locale\" value=\"pt_BR\" \/><input type=\"hidden\" name=\"_wpcf7_unit_tag\" value=\"wpcf7-f34-o1\" \/><input type=\"hidden\" name=\"_wpcf7_container_post\" value=\"0\" \/><input type=\"hidden\" name=\"_wpcf7_posted_data_hash\" value=\"\" \/><input type=\"hidden\" name=\"_wpcf7_recaptcha_response\" value=\"\" \/>\n<\/fieldset>\n<style>\ninput[type=\"text\"],\ninput[type=\"email\"],\ninput[type=\"url\"],\ninput[type=\"tel\"],\ninput[type=\"number\"],\ninput[type=\"date\"],\ninput[type=\"password\"],\ninput[type=\"search\"],\nselect[multiple],\ntextarea {\nwidth:100%;\n}\n<\/style>\n<p><label> Nome completo \/ Raz\u00e3o Social (obrigat\u00f3rio)<br \/>\n<span class=\"wpcf7-form-control-wrap\" data-name=\"your-name\"><input size=\"40\" maxlength=\"400\" class=\"wpcf7-form-control wpcf7-text wpcf7-validates-as-required\" aria-required=\"true\" aria-invalid=\"false\" value=\"\" type=\"text\" name=\"your-name\" \/><\/span> <\/label>\n<\/p>\n<p><label> CPF (obrigat\u00f3rio)<br \/>\n<span class=\"wpcf7-form-control-wrap cpf-977\"><input size=\"40\" class=\"wpcf7-form-control wpcf7-cpf wpcf7-validates-as-required\" aria-required=\"true\" aria-invalid=\"false\" placeholder=\"\" type=\"tel\" name=\"cpf-977\" \/><\/span> <\/label>\n<\/p>\n<p><label> CNPJ<br \/>\n<span class=\"wpcf7-form-control-wrap cnpj-469\"><input size=\"50\" class=\"wpcf7-form-control wpcf7-cnpj\" aria-invalid=\"false\" placeholder=\"\" type=\"tel\" name=\"cnpj-469\" \/><\/span> <\/label>\n<\/p>\n<p><label> Endere\u00e7o (obrigat\u00f3rio)<br \/>\n<span class=\"wpcf7-form-control-wrap\" data-name=\"text-669\"><input size=\"40\" maxlength=\"400\" class=\"wpcf7-form-control wpcf7-text\" aria-invalid=\"false\" value=\"\" type=\"text\" name=\"text-669\" \/><\/span> <\/label>\n<\/p>\n<p><label> Telefone de contato (obrigat\u00f3rio)<br \/>\n<span class=\"wpcf7-form-control-wrap\" data-name=\"tel-581\"><input size=\"40\" maxlength=\"400\" class=\"wpcf7-form-control wpcf7-tel wpcf7-validates-as-required wpcf7-text wpcf7-validates-as-tel\" aria-required=\"true\" aria-invalid=\"false\" value=\"\" type=\"tel\" name=\"tel-581\" \/><\/span> <\/label>\n<\/p>\n<p><label> Seu e-mail (obrigat\u00f3rio)<br \/>\n<span class=\"wpcf7-form-control-wrap\" data-name=\"email-670\"><input size=\"40\" maxlength=\"400\" class=\"wpcf7-form-control wpcf7-email wpcf7-validates-as-required wpcf7-text wpcf7-validates-as-email\" aria-required=\"true\" aria-invalid=\"false\" value=\"\" type=\"email\" name=\"email-670\" \/><\/span> <\/label>\n<\/p>\n<p>Escreva quais itens ser\u00e3o doados e quantidade (m\u00e1scara facial, \u00e1lcool em gel, cesta b\u00e1sica, cobertores, entre outros):\n<\/p>\n<p><label> Item doado<br \/>\n<span class=\"wpcf7-form-control-wrap\" data-name=\"item-doado1\"><input size=\"40\" maxlength=\"400\" class=\"wpcf7-form-control wpcf7-text wpcf7-validates-as-required\" aria-required=\"true\" aria-invalid=\"false\" value=\"\" type=\"text\" name=\"item-doado1\" \/><\/span> <\/label>\n<\/p>\n<p><label> Quantidade<br \/>\n<span class=\"wpcf7-form-control-wrap\" data-name=\"number-640\"><input class=\"wpcf7-form-control wpcf7-number wpcf7-validates-as-required wpcf7-validates-as-number\" aria-required=\"true\" aria-invalid=\"false\" value=\"\" type=\"number\" name=\"number-640\" \/><\/span> <\/label>\n<\/p>\n<p><label> Item doado<br \/>\n<span class=\"wpcf7-form-control-wrap\" data-name=\"item-doado2\"><input size=\"40\" maxlength=\"400\" class=\"wpcf7-form-control wpcf7-text\" aria-invalid=\"false\" value=\"\" type=\"text\" name=\"item-doado2\" \/><\/span> <\/label>\n<\/p>\n<p><label> Quantidade<br \/>\n<span class=\"wpcf7-form-control-wrap\" data-name=\"number-641\"><input class=\"wpcf7-form-control wpcf7-number wpcf7-validates-as-number\" aria-invalid=\"false\" value=\"\" type=\"number\" name=\"number-641\" \/><\/span><\/label>\n<\/p>\n<p><label> Item doado<br \/>\n<span class=\"wpcf7-form-control-wrap\" data-name=\"item-doado3\"><input size=\"40\" maxlength=\"400\" class=\"wpcf7-form-control wpcf7-text\" aria-invalid=\"false\" value=\"\" type=\"text\" name=\"item-doado3\" \/><\/span> <\/label>\n<\/p>\n<p><label> Quantidade<br \/>\n<span class=\"wpcf7-form-control-wrap\" data-name=\"number-642\"><input class=\"wpcf7-form-control wpcf7-number wpcf7-validates-as-number\" aria-invalid=\"false\" value=\"\" type=\"number\" name=\"number-642\" \/><\/span> <\/label>\n<\/p>\n<p><label> Item doado<br \/>\n<span class=\"wpcf7-form-control-wrap\" data-name=\"item-doado4\"><input size=\"40\" maxlength=\"400\" class=\"wpcf7-form-control wpcf7-text\" aria-invalid=\"false\" value=\"\" type=\"text\" name=\"item-doado4\" \/><\/span> <\/label>\n<\/p>\n<p><label> Quantidade<br \/>\n<span class=\"wpcf7-form-control-wrap\" data-name=\"number-643\"><input class=\"wpcf7-form-control wpcf7-number wpcf7-validates-as-number\" aria-invalid=\"false\" value=\"\" type=\"number\" name=\"number-643\" \/><\/span> <\/label>\n<\/p>\n\n<p><input class=\"wpcf7-form-control wpcf7-submit has-spinner\" type=\"submit\" value=\"Enviar\" \/>\n<\/p><div class=\"wpcf7-response-output\" aria-hidden=\"true\"><\/div>\n<\/form>\n<\/div>\n\n","protected":false},"excerpt":{"rendered":"<p>Os interessados em doar ao Fundo Social de Solidariedade de Cajamar para a live solid\u00e1ria promovida pelo cantor Gustavo Mioto devem preencher o formul\u00e1rio abaixo:<\/p>\n","protected":false},"author":7,"featured_media":0,"parent":0,"menu_order":0,"comment_status":"closed","ping_status":"closed","template":"","meta":{"footnotes":""},"class_list":["post-35","page","type-page","status-publish","hentry"],"_links":{"self":[{"href":"https:\/\/cajamar.sp.gov.br\/governo\/wp-json\/wp\/v2\/pages\/35","targetHints":{"allow":["GET"]}}],"collection":[{"href":"https:\/\/cajamar.sp.gov.br\/governo\/wp-json\/wp\/v2\/pages"}],"about":[{"href":"https:\/\/cajamar.sp.gov.br\/governo\/wp-json\/wp\/v2\/types\/page"}],"author":[{"embeddable":true,"href":"https:\/\/cajamar.sp.gov.br\/governo\/wp-json\/wp\/v2\/users\/7"}],"replies":[{"embeddable":true,"href":"https:\/\/cajamar.sp.gov.br\/governo\/wp-json\/wp\/v2\/comments?post=35"}],"version-history":[{"count":4,"href":"https:\/\/cajamar.sp.gov.br\/governo\/wp-json\/wp\/v2\/pages\/35\/revisions"}],"predecessor-version":[{"id":43,"href":"https:\/\/cajamar.sp.gov.br\/governo\/wp-json\/wp\/v2\/pages\/35\/revisions\/43"}],"wp:attachment":[{"href":"https:\/\/cajamar.sp.gov.br\/governo\/wp-json\/wp\/v2\/media?parent=35"}],"curies":[{"name":"wp","href":"https:\/\/api.w.org\/{rel}","templated":true}]}}